{"id":3131,"date":"2026-04-21T14:32:28","date_gmt":"2026-04-21T13:32:28","guid":{"rendered":"https:\/\/shop.uni-pannon.hu\/?post_type=product&#038;p=3131"},"modified":"2026-04-22T09:27:31","modified_gmt":"2026-04-22T08:27:31","slug":"vizkezeles-a-hetkoznapokban","status":"publish","type":"product","link":"https:\/\/shop.uni-pannon.hu\/hu\/termek\/vizkezeles-a-hetkoznapokban\/","title":{"rendered":"V\u00edzkezel\u00e9s a h\u00e9tk\u00f6znapokban"},"content":{"rendered":"<p>A r\u00e9sztvev\u0151k megismerik a h\u00e1ztart\u00e1si v\u00edzhaszn\u00e1lat sor\u00e1n felmer\u00fcl\u0151 leggyakoribb v\u00edzmin\u0151s\u00e9gi probl\u00e9m\u00e1kat \u00e9s az ezek kezel\u00e9s\u00e9re alkalmazhat\u00f3 alapvet\u0151 v\u00edzkezel\u00e9si m\u00f3dszereket. K\u00e9pess\u00e9 v\u00e1lnak az otthoni v\u00edzkezel\u00e9si megold\u00e1sok m\u0171k\u00f6d\u00e9s\u00e9nek meg\u00e9rt\u00e9s\u00e9re \u00e9s a k\u00fcl\u00f6nb\u00f6z\u0151 berendez\u00e9sek alapvet\u0151 alkalmaz\u00e1si lehet\u0151s\u00e9geinek felismer\u00e9s\u00e9re. A gyakorlati bemutat\u00f3k r\u00e9v\u00e9n betekint\u00e9st kapnak a v\u00edzkezel\u00e9si elj\u00e1r\u00e1sok egyszer\u0171 k\u00eds\u00e9rleti szeml\u00e9ltet\u00e9s\u00e9be is.<\/p>\n\n\n\n<h3 class=\"wp-block-heading\">Kinek aj\u00e1nljuk<\/h3>\n\n\n\n<p>A k\u00e9pz\u00e9s mindazok sz\u00e1m\u00e1ra aj\u00e1nlott, akik szeretn\u00e9nek gyakorlati ismereteket szerezni az otthoni v\u00edzsz\u0171r\u0151 \u00e9s v\u00edzkezel\u0151 rendszerek m\u0171k\u00f6d\u00e9s\u00e9r\u0151l \u00e9s alkalmaz\u00e1s\u00e1r\u00f3l. K\u00fcl\u00f6n\u00f6sen hasznos csal\u00e1di h\u00e1zban \u00e9l\u0151knek, k\u00fat- vagy es\u0151vizet haszn\u00e1l\u00f3knak, illetve azoknak, akik szeretn\u00e9k jav\u00edtani az iv\u00f3v\u00edz \u00edz\u00e9t, cs\u00f6kkenteni a v\u00edzk\u0151 okozta probl\u00e9m\u00e1kat, vagy k\u00f6rnyezettudatosabb m\u00f3don kezelni v\u00edzfelhaszn\u00e1l\u00e1sukat.<\/p>\n\n\n\n<h3 class=\"wp-block-heading\">A k\u00e9pz\u00e9s tematik\u00e1ja<\/h3>\n\n\n\n<p>A kurzus k\u00e9t f\u0151 egys\u00e9gb\u0151l \u00e1ll, amelyek az elm\u00e9leti alapokt\u00f3l a gyakorlati bemutat\u00f3kig vezetik v\u00e9gig a r\u00e9sztvev\u0151ket a h\u00e1ztart\u00e1si v\u00edzkezel\u00e9s t\u00e9m\u00e1j\u00e1n.<\/p>\n\n\n\n<p>Az elm\u00e9leti r\u00e9sz h\u00e1rom tematikus blokkot tartalmaz:<\/p>\n\n\n\n<ul class=\"wp-block-list\">\n<li>Bevezet\u00e9s a h\u00e1ztart\u00e1si v\u00edzhaszn\u00e1latba: a v\u00edzforr\u00e1sokat, a v\u00edz \u00fatj\u00e1t a v\u00edzb\u00e1zist\u00f3l a csapig, valamint a legfontosabb v\u00edzmin\u0151s\u00e9gi k\u00e9rd\u00e9seket \u00e9s k\u00f6rnyezeti probl\u00e9m\u00e1kat ismerteti.<\/li>\n\n\n\n<li>Mi\u00e9rt kezelj\u00fck a vizet otthon?: a leggyakoribb v\u00edzmin\u0151s\u00e9gi probl\u00e9m\u00e1kat \u00e9s az alapvet\u0151 v\u00edzkezel\u00e9si m\u00f3dszereket mutatja be.<\/li>\n\n\n\n<li>V\u00edzkezel\u00e9si m\u00f3dszerek \u00e9s otthoni rendszerek: a h\u00e1ztart\u00e1sban alkalmazhat\u00f3 berendez\u00e9seket \u00e9s megold\u00e1sokat tekinti \u00e1t.<\/li>\n<\/ul>\n\n\n\n<p>A gyakorlati r\u00e9szben a r\u00e9sztvev\u0151k k\u00eds\u00e9rleteken \u00e9s eszk\u00f6zbemutat\u00f3kon kereszt\u00fcl ismerkednek meg az adszorpci\u00f3, az ioncsere \u00e9s egy h\u00e1ztart\u00e1si v\u00edzkezel\u0151 rendszer m\u0171k\u00f6d\u00e9s\u00e9nek alapjaival.<\/p>\n\n\n\n<h3 class=\"wp-block-heading\">A k\u00e9pz\u00e9s r\u00e9szv\u00e9teli felt\u00e9telei (szakmai el\u0151k\u00e9pzetts\u00e9g)<\/h3>\n\n\n\n<p>\u00c9retts\u00e9gi v\u00e9gzetts\u00e9g<\/p>\n\n\n\n<h3 class=\"wp-block-heading\">A k\u00e9pz\u00e9s v\u00e1rhat\u00f3 hossza\/intenzit\u00e1sa<\/h3>\n\n\n\n<p>A k\u00e9pz\u00e9s k\u00e9t egym\u00e1st k\u00f6vet\u0151 napon val\u00f3sul meg, \u00f6sszesen 8 \u00f3r\u00e1s (8&#215;45 perc) id\u0151tartamban (4 \u00f3ra elm\u00e9let \u00e9s 4 \u00f3ra gyakorlat). Az oktat\u00e1s 45 perces blokkokban, sz\u00fcnetekkel tagolva zajlik. A r\u00e9sztvev\u0151k a k\u00e9pz\u00e9s sor\u00e1n k\u00eds\u00e9rleteken \u00e9s eszk\u00f6zbemutat\u00f3kon kereszt\u00fcl ismerkednek meg az otthon alkalmazhat\u00f3 v\u00edzkezel\u00e9si m\u00f3dszerekkel. Z\u00e1r\u00f3 besz\u00e1mol\u00f3: A gyakorlati r\u00e9sz lez\u00e1r\u00e1s\u00e1t k\u00f6vet\u0151en a r\u00e9sztvev\u0151k r\u00f6vid \u00edr\u00e1sbeli teszt kit\u00f6lt\u00e9s\u00e9vel adnak sz\u00e1mot az elm\u00e9leti k\u00e9pz\u00e9si egys\u00e9gek sor\u00e1n megszerzett ismereteikr\u0151l.<\/p>","protected":false},"excerpt":{"rendered":"<p>A r\u00e9sztvev\u0151k megismerik a h\u00e1ztart\u00e1si v\u00edzhaszn\u00e1lat sor\u00e1n felmer\u00fcl\u0151 leggyakoribb v\u00edzmin\u0151s\u00e9gi probl\u00e9m\u00e1kat \u00e9s az ezek kezel\u00e9s\u00e9re alkalmazhat\u00f3 alapvet\u0151 v\u00edzkezel\u00e9si m\u00f3dszereket. K\u00e9pess\u00e9 v\u00e1lnak az otthoni v\u00edzkezel\u00e9si megold\u00e1sok m\u0171k\u00f6d\u00e9s\u00e9nek meg\u00e9rt\u00e9s\u00e9re \u00e9s a k\u00fcl\u00f6nb\u00f6z\u0151 berendez\u00e9sek alapvet\u0151 alkalmaz\u00e1si lehet\u0151s\u00e9geinek felismer\u00e9s\u00e9re. A gyakorlati bemutat\u00f3k r\u00e9v\u00e9n betekint\u00e9st kapnak a v\u00edzkezel\u00e9si elj\u00e1r\u00e1sok egyszer\u0171 k\u00eds\u00e9rleti szeml\u00e9ltet\u00e9s\u00e9be is. Recommended for A k\u00e9pz\u00e9s mindazok sz\u00e1m\u00e1ra aj\u00e1nlott, [&hellip;]<\/p>\n","protected":false},"featured_media":3132,"template":"","meta":{"_acf_changed":true},"product_brand":[],"product_cat":[56,68,63,73,46],"product_tag":[66],"class_list":{"0":"post-3131","1":"product","2":"type-product","3":"status-publish","4":"has-post-thumbnail","6":"product_cat-adult-education","7":"product_cat-hungarian","8":"product_cat-in-person","9":"product_cat-science-and-technology","10":"product_cat-university-of-pannonia-nagykanizsa","11":"product_tag-in-person","13":"first","14":"instock","15":"virtual","16":"sold-individually","17":"taxable","18":"purchasable","19":"product-type-simple"},"acf":[],"_links":{"self":[{"href":"https:\/\/shop.uni-pannon.hu\/hu\/wp-json\/wp\/v2\/product\/3131","targetHints":{"allow":["GET"]}}],"collection":[{"href":"https:\/\/shop.uni-pannon.hu\/hu\/wp-json\/wp\/v2\/product"}],"about":[{"href":"https:\/\/shop.uni-pannon.hu\/hu\/wp-json\/wp\/v2\/types\/product"}],"wp:featuredmedia":[{"embeddable":true,"href":"https:\/\/shop.uni-pannon.hu\/hu\/wp-json\/wp\/v2\/media\/3132"}],"wp:attachment":[{"href":"https:\/\/shop.uni-pannon.hu\/hu\/wp-json\/wp\/v2\/media?parent=3131"}],"wp:term":[{"taxonomy":"product_brand","embeddable":true,"href":"https:\/\/shop.uni-pannon.hu\/hu\/wp-json\/wp\/v2\/product_brand?post=3131"},{"taxonomy":"product_cat","embeddable":true,"href":"https:\/\/shop.uni-pannon.hu\/hu\/wp-json\/wp\/v2\/product_cat?post=3131"},{"taxonomy":"product_tag","embeddable":true,"href":"https:\/\/shop.uni-pannon.hu\/hu\/wp-json\/wp\/v2\/product_tag?post=3131"}],"curies":[{"name":"wp","href":"https:\/\/api.w.org\/{rel}","templated":true}]}}