{"id":3129,"date":"2026-04-21T14:30:15","date_gmt":"2026-04-21T13:30:15","guid":{"rendered":"https:\/\/shop.uni-pannon.hu\/?post_type=product&#038;p=3129"},"modified":"2026-04-29T14:01:23","modified_gmt":"2026-04-29T13:01:23","slug":"biohulladek-aerob-kezelese-es-hasznositasa-ii-vermikomposztalas-elmeletben-es-gyakorlatban","status":"publish","type":"product","link":"https:\/\/shop.uni-pannon.hu\/hu\/termek\/biohulladek-aerob-kezelese-es-hasznositasa-ii-vermikomposztalas-elmeletben-es-gyakorlatban\/","title":{"rendered":"Biohullad\u00e9k aerob kezel\u00e9se \u00e9s hasznos\u00edt\u00e1sa II. \u2013 Vermikomposzt\u00e1l\u00e1s elm\u00e9letben \u00e9s gyakorlatban"},"content":{"rendered":"<p>A r\u00e9sztvev\u0151 k\u00e9pes lesz:<\/p>\n\n\n\n<ul class=\"wp-block-list\">\n<li>vermikomposzt\u00e1l\u00f3 rendszer \u00f6n\u00e1ll\u00f3 kialak\u00edt\u00e1s\u00e1ra \u00e9s \u00fczemeltet\u00e9s\u00e9re<\/li>\n\n\n\n<li>a giliszt\u00e1k \u00e9letfelt\u00e9teleinek biztos\u00edt\u00e1s\u00e1ra \u00e9s fenntart\u00e1s\u00e1ra<\/li>\n\n\n\n<li>a megfelel\u0151 alapanyagok kiv\u00e1laszt\u00e1s\u00e1ra \u00e9s adagol\u00e1s\u00e1ra<\/li>\n\n\n\n<li>a vermikomposzt min\u0151s\u00e9g\u00e9nek \u00e9s \u00e9retts\u00e9g\u00e9nek meg\u00edt\u00e9l\u00e9s\u00e9re<\/li>\n\n\n\n<li>a vermikomposzt gyakorlati felhaszn\u00e1l\u00e1s\u00e1ra (kert\u00e9szet, pal\u00e1ntanevel\u00e9s)<\/li>\n<\/ul>\n\n\n\n<h3 class=\"wp-block-heading\">Kinek aj\u00e1nljuk<\/h3>\n\n\n\n<p>A k\u00e9pz\u00e9s els\u0151sorban mindazok sz\u00e1m\u00e1ra aj\u00e1nlott, akik \u00e9rdekl\u0151dnek a fenntarthat\u00f3 hullad\u00e9kkezel\u00e9s \u00e9s a k\u00f6rnyezetbar\u00e1t n\u00f6v\u00e9nytermeszt\u00e9s ir\u00e1nt, \u00e9s gyakorlati tud\u00e1st szeretn\u00e9nek szerezni a vermikomposzt\u00e1l\u00e1s ter\u00fclet\u00e9n.<\/p>\n\n\n\n<h3 class=\"wp-block-heading\">A k\u00e9pz\u00e9s tematik\u00e1ja<\/h3>\n\n\n\n<p>A vermikomposzt\u00e1l\u00e1s fogalma \u00e9s saj\u00e1toss\u00e1gai<\/p>\n\n\n\n<p>Komposzt\u00e1l\u00f3 gilisztafajok biol\u00f3gi\u00e1ja \u00e9s \u00f6kol\u00f3gi\u00e1ja<\/p>\n\n\n\n<p>Vermikomposzt\u00e1l\u00f3 rendszerek t\u00edpusai<\/p>\n\n\n\n<p>Takarm\u00e1nyoz\u00e1s, nedvess\u00e9g- \u00e9s h\u0151m\u00e9rs\u00e9klet-szab\u00e1lyoz\u00e1s<\/p>\n\n\n\n<p>Probl\u00e9m\u00e1k \u00e9s megold\u00e1sok (szag, elszaporod\u00e1s, pusztul\u00e1s)<\/p>\n\n\n\n<p>Vermikomposzt \u00e9s gilisztatea tulajdons\u00e1gai<\/p>\n\n\n\n<p>Vermikomposzt alkalmaz\u00e1sa a fenntarthat\u00f3 n\u00f6v\u00e9nytermeszt\u00e9sben<\/p>\n\n\n\n<h3 class=\"wp-block-heading\">A k\u00e9pz\u00e9s r\u00e9szv\u00e9teli felt\u00e9telei (szakmai el\u0151k\u00e9pzetts\u00e9g)<\/h3>\n\n\n\n<p>\u00c9retts\u00e9gi v\u00e9gzetts\u00e9g<\/p>\n\n\n\n<h3 class=\"wp-block-heading\">A k\u00e9pz\u00e9s v\u00e1rhat\u00f3 hossza\/intenzit\u00e1sa<\/h3>\n\n\n\n<p>1 alkalom (4 \u00f3ra)<\/p>","protected":false},"excerpt":{"rendered":"<p>A r\u00e9sztvev\u0151 k\u00e9pes lesz: Recommended for A k\u00e9pz\u00e9s els\u0151sorban mindazok sz\u00e1m\u00e1ra aj\u00e1nlott, akik \u00e9rdekl\u0151dnek a fenntarthat\u00f3 hullad\u00e9kkezel\u00e9s \u00e9s a k\u00f6rnyezetbar\u00e1t n\u00f6v\u00e9nytermeszt\u00e9s ir\u00e1nt, \u00e9s gyakorlati tud\u00e1st szeretn\u00e9nek szerezni a vermikomposzt\u00e1l\u00e1s ter\u00fclet\u00e9n. Training Topics A vermikomposzt\u00e1l\u00e1s fogalma \u00e9s saj\u00e1toss\u00e1gai Komposzt\u00e1l\u00f3 gilisztafajok biol\u00f3gi\u00e1ja \u00e9s \u00f6kol\u00f3gi\u00e1ja Vermikomposzt\u00e1l\u00f3 rendszerek t\u00edpusai Takarm\u00e1nyoz\u00e1s, nedvess\u00e9g- \u00e9s h\u0151m\u00e9rs\u00e9klet-szab\u00e1lyoz\u00e1s Probl\u00e9m\u00e1k \u00e9s megold\u00e1sok (szag, elszaporod\u00e1s, pusztul\u00e1s) [&hellip;]<\/p>\n","protected":false},"featured_media":3130,"template":"","meta":{"_acf_changed":true},"product_brand":[],"product_cat":[56,45,68,63,73],"product_tag":[66],"class_list":{"0":"post-3129","1":"product","2":"type-product","3":"status-publish","4":"has-post-thumbnail","6":"product_cat-adult-education","7":"product_cat-faculty-of-engineering","8":"product_cat-hungarian","9":"product_cat-in-person","10":"product_cat-science-and-technology","11":"product_tag-in-person","13":"first","14":"instock","15":"virtual","16":"sold-individually","17":"taxable","18":"purchasable","19":"product-type-simple"},"acf":[],"_links":{"self":[{"href":"https:\/\/shop.uni-pannon.hu\/hu\/wp-json\/wp\/v2\/product\/3129","targetHints":{"allow":["GET"]}}],"collection":[{"href":"https:\/\/shop.uni-pannon.hu\/hu\/wp-json\/wp\/v2\/product"}],"about":[{"href":"https:\/\/shop.uni-pannon.hu\/hu\/wp-json\/wp\/v2\/types\/product"}],"wp:featuredmedia":[{"embeddable":true,"href":"https:\/\/shop.uni-pannon.hu\/hu\/wp-json\/wp\/v2\/media\/3130"}],"wp:attachment":[{"href":"https:\/\/shop.uni-pannon.hu\/hu\/wp-json\/wp\/v2\/media?parent=3129"}],"wp:term":[{"taxonomy":"product_brand","embeddable":true,"href":"https:\/\/shop.uni-pannon.hu\/hu\/wp-json\/wp\/v2\/product_brand?post=3129"},{"taxonomy":"product_cat","embeddable":true,"href":"https:\/\/shop.uni-pannon.hu\/hu\/wp-json\/wp\/v2\/product_cat?post=3129"},{"taxonomy":"product_tag","embeddable":true,"href":"https:\/\/shop.uni-pannon.hu\/hu\/wp-json\/wp\/v2\/product_tag?post=3129"}],"curies":[{"name":"wp","href":"https:\/\/api.w.org\/{rel}","templated":true}]}}