{"id":3127,"date":"2026-04-21T14:27:42","date_gmt":"2026-04-21T13:27:42","guid":{"rendered":"https:\/\/shop.uni-pannon.hu\/?post_type=product&#038;p=3127"},"modified":"2026-04-22T09:15:52","modified_gmt":"2026-04-22T08:15:52","slug":"biohulladek-aerob-kezelese-es-hasznositasa-i-komposztalas-elmeletben-es-gyakorlatban","status":"publish","type":"product","link":"https:\/\/shop.uni-pannon.hu\/hu\/termek\/biohulladek-aerob-kezelese-es-hasznositasa-i-komposztalas-elmeletben-es-gyakorlatban\/","title":{"rendered":"Biohullad\u00e9k aerob kezel\u00e9se \u00e9s hasznos\u00edt\u00e1sa I. \u2013 Komposzt\u00e1l\u00e1s elm\u00e9letben \u00e9s gyakorlatban"},"content":{"rendered":"<p>A k\u00e9pz\u00e9sben r\u00e9sztvev\u0151 megismeri \u00e9s k\u00e9pes lesz:<\/p>\n\n\n\n<ul class=\"wp-block-list\">\n<li>a komposzt\u00e1l\u00e1si folyamatok \u00f6n\u00e1ll\u00f3 megtervez\u00e9s\u00e9re \u00e9s m\u0171k\u00f6dtet\u00e9s\u00e9re<\/li>\n\n\n\n<li>a megfelel\u0151 alapanyag-ar\u00e1nyok (C\/N) meghat\u00e1roz\u00e1s\u00e1ra<\/li>\n\n\n\n<li>a komposzt\u00e1l\u00e1s sor\u00e1n fell\u00e9p\u0151 probl\u00e9m\u00e1k (szag, rothad\u00e1s, k\u00e1rtev\u0151k) felismer\u00e9s\u00e9re \u00e9s kezel\u00e9s\u00e9re<\/li>\n\n\n\n<li>a k\u00e9sz komposzt min\u0151s\u00e9g\u00e9nek \u00e9rt\u00e9kel\u00e9s\u00e9re \u00e9s felhaszn\u00e1l\u00e1s\u00e1ra<\/li>\n\n\n\n<li>a komposzt\u00e1l\u00e1s k\u00f6rnyezeti \u00e9s jogszab\u00e1lyi vonatkoz\u00e1sainak \u00e9rtelmez\u00e9s\u00e9re<\/li>\n\n\n\n<li>a biohullad\u00e9k keletkez\u00e9s\u00e9nek, gy\u0171jt\u00e9s\u00e9nek lehet\u0151s\u00e9geit \u00e9s az aerob kezel\u00e9si elj\u00e1r\u00e1sokat. K\u00e9pes alkalmazni a megszerzett ismereteket.<\/li>\n<\/ul>\n\n\n\n<h3 class=\"wp-block-heading\">Kinek aj\u00e1nljuk<\/h3>\n\n\n\n<p>A k\u00e9pz\u00e9s mindazok sz\u00e1m\u00e1ra aj\u00e1nlott, akik szeretn\u00e9k megismerni a komposzt\u00e1l\u00e1s elm\u00e9leti alapjait \u00e9s gyakorlati alkalmaz\u00e1s\u00e1t, k\u00fcl\u00f6n\u00f6s tekintettel a fenntarthat\u00f3 hullad\u00e9kkezel\u00e9sre.<\/p>\n\n\n\n<h3 class=\"wp-block-heading\">A k\u00e9pz\u00e9s tematik\u00e1ja<\/h3>\n\n\n\n<p>A komposzt\u00e1l\u00e1s fogalma \u00e9s szerepe a fenntarthat\u00f3s\u00e1gban \/ k\u00f6rforg\u00e1sos gazdas\u00e1gban<\/p>\n\n\n\n<p>Szerves hullad\u00e9kok t\u00edpusai, gy\u0171jt\u00e9se, sz\u00e1ll\u00edt\u00e1sa<\/p>\n\n\n\n<p>Biohullad\u00e9k aerob kezel\u00e9se: a komposzt\u00e1l\u00e1s folyamat\u00e1nak szakaszai \u00e9s befoly\u00e1sol\u00f3 t\u00e9nyez\u0151i<\/p>\n\n\n\n<p>Komposzt\u00e1l\u00e1si technol\u00f3gi\u00e1k \u00e9s eszk\u00f6z\u00f6k<\/p>\n\n\n\n<p>Min\u0151s\u00e9gbiztos\u00edt\u00e1s, komposzt\u00e9retts\u00e9g vizsg\u00e1lata<\/p>\n\n\n\n<p>A komposzt felhaszn\u00e1l\u00e1sa a kertben \u00e9s a mez\u0151gazdas\u00e1gban<br><\/p>\n\n\n\n<h3 class=\"wp-block-heading\">A k\u00e9pz\u00e9s r\u00e9szv\u00e9teli felt\u00e9telei (szakmai el\u0151k\u00e9pzetts\u00e9g)<\/h3>\n\n\n\n<p>\u00c9retts\u00e9gi v\u00e9gzetts\u00e9g<\/p>\n\n\n\n<h3 class=\"wp-block-heading\">A k\u00e9pz\u00e9s v\u00e1rhat\u00f3 hossza\/intenzit\u00e1sa<\/h3>\n\n\n\n<p>1 alkalom (4 \u00f3ra)<\/p>\n\n\n\n<p><\/p>","protected":false},"excerpt":{"rendered":"<p>A k\u00e9pz\u00e9sben r\u00e9sztvev\u0151 megismeri \u00e9s k\u00e9pes lesz: Recommended for A k\u00e9pz\u00e9s mindazok sz\u00e1m\u00e1ra aj\u00e1nlott, akik szeretn\u00e9k megismerni a komposzt\u00e1l\u00e1s elm\u00e9leti alapjait \u00e9s gyakorlati alkalmaz\u00e1s\u00e1t, k\u00fcl\u00f6n\u00f6s tekintettel a fenntarthat\u00f3 hullad\u00e9kkezel\u00e9sre. Training Topics A komposzt\u00e1l\u00e1s fogalma \u00e9s szerepe a fenntarthat\u00f3s\u00e1gban \/ k\u00f6rforg\u00e1sos gazdas\u00e1gban Szerves hullad\u00e9kok t\u00edpusai, gy\u0171jt\u00e9se, sz\u00e1ll\u00edt\u00e1sa Biohullad\u00e9k aerob kezel\u00e9se: a komposzt\u00e1l\u00e1s folyamat\u00e1nak szakaszai \u00e9s befoly\u00e1sol\u00f3 [&hellip;]<\/p>\n","protected":false},"featured_media":3128,"template":"","meta":{"_acf_changed":true},"product_brand":[],"product_cat":[56,45,68,63,73],"product_tag":[66],"class_list":{"0":"post-3127","1":"product","2":"type-product","3":"status-publish","4":"has-post-thumbnail","6":"product_cat-adult-education","7":"product_cat-faculty-of-engineering","8":"product_cat-hungarian","9":"product_cat-in-person","10":"product_cat-science-and-technology","11":"product_tag-in-person","13":"first","14":"instock","15":"virtual","16":"sold-individually","17":"taxable","18":"purchasable","19":"product-type-simple"},"acf":[],"_links":{"self":[{"href":"https:\/\/shop.uni-pannon.hu\/hu\/wp-json\/wp\/v2\/product\/3127","targetHints":{"allow":["GET"]}}],"collection":[{"href":"https:\/\/shop.uni-pannon.hu\/hu\/wp-json\/wp\/v2\/product"}],"about":[{"href":"https:\/\/shop.uni-pannon.hu\/hu\/wp-json\/wp\/v2\/types\/product"}],"wp:featuredmedia":[{"embeddable":true,"href":"https:\/\/shop.uni-pannon.hu\/hu\/wp-json\/wp\/v2\/media\/3128"}],"wp:attachment":[{"href":"https:\/\/shop.uni-pannon.hu\/hu\/wp-json\/wp\/v2\/media?parent=3127"}],"wp:term":[{"taxonomy":"product_brand","embeddable":true,"href":"https:\/\/shop.uni-pannon.hu\/hu\/wp-json\/wp\/v2\/product_brand?post=3127"},{"taxonomy":"product_cat","embeddable":true,"href":"https:\/\/shop.uni-pannon.hu\/hu\/wp-json\/wp\/v2\/product_cat?post=3127"},{"taxonomy":"product_tag","embeddable":true,"href":"https:\/\/shop.uni-pannon.hu\/hu\/wp-json\/wp\/v2\/product_tag?post=3127"}],"curies":[{"name":"wp","href":"https:\/\/api.w.org\/{rel}","templated":true}]}}