{"id":2903,"date":"2025-12-11T14:37:26","date_gmt":"2025-12-11T13:37:26","guid":{"rendered":"https:\/\/shop.uni-pannon.hu\/?post_type=product&#038;p=2903"},"modified":"2026-02-16T16:04:31","modified_gmt":"2026-02-16T15:04:31","slug":"esg-tanacsado","status":"publish","type":"product","link":"https:\/\/shop.uni-pannon.hu\/hu\/termek\/esg-tanacsado\/","title":{"rendered":"ESG tan\u00e1csad\u00f3"},"content":{"rendered":"<p><strong>Szakmai kompetenci\u00e1k<\/strong><\/p>\n\n\n\n<p>A k\u00e9pz\u00e9s sor\u00e1n a r\u00e9sztvev\u0151k megismerkednek az ESG szeml\u00e9let gyakorlatba t\u00f6rt\u00e9n\u0151 \u00e1t\u00fcltet\u00e9s\u00e9nek felt\u00e9teleivel, lehet\u0151s\u00e9g\u00e9vel, valamint m\u00f3dszereivel a gazdas\u00e1g k\u00fcl\u00f6nb\u00f6z\u0151 ter\u00fcletei, \u00e1gazatai vonatkoz\u00e1s\u00e1ban, k\u00fcl\u00f6n\u00f6s figyelmet ford\u00edtva a v\u00e1llalatok \u00e9s szervezetek \u00e1ltal a fenntarthat\u00f3 m\u0171k\u00f6d\u00e9st, valamint hossz\u00fa t\u00e1v\u00fa \u00e9rt\u00e9kteremt\u00e9st c\u00e9lz\u00f3 \u00e9s egyben a piaci kih\u00edv\u00e1sokra adand\u00f3 v\u00e1laszok, illetve gyakorlatok adapt\u00e1l\u00e1si megold\u00e1saira.<\/p>\n\n\n\n<p>Kiknek aj\u00e1nljuk:<\/p>\n\n\n\n<p>A k\u00e9pz\u00e9s nemcsak a k\u00f6rnyezetv\u00e9delmi szakemberek sz\u00e1m\u00e1ra hasznos, hanem a p\u00e9nz\u00fcgy, sz\u00e1mvitel, jog, marketing \u00e9s egy\u00e9b \u00fczleti ter\u00fcleteken dolgoz\u00f3k sz\u00e1m\u00e1ra is, ez\u00e1ltal multidiszciplin\u00e1ris szeml\u00e9letet k\u00edn\u00e1l, amely sz\u00e1mos szakmai ter\u00fcleten alkalmazhat\u00f3\u200b. V\u00e1llalati \u00e9s int\u00e9zm\u00e9nyi d\u00f6nt\u00e9shoz\u00f3k, valamint menedzserek sz\u00e1m\u00e1ra \u00e1tfog\u00f3 \u00e9s gyakorlati ismereteket biztos\u00edt az ESG (k\u00f6rnyezeti, t\u00e1rsadalmi \u00e9s ir\u00e1ny\u00edt\u00e1si) jelent\u00e9st\u00e9tel \u00e9s menedzsment ter\u00e9n.<\/p>\n\n\n\n<p>A k\u00e9pz\u00e9s tematik\u00e1ja (a regisztr\u00e1ci\u00f3n\u00e1l minden t\u00e1rgyat ki kell v\u00e1lasztani):<\/p>\n\n\n\n<div class=\"wp-block-group has-global-padding is-layout-constrained wp-block-group-is-layout-constrained\">\n<ol class=\"wp-block-list\">\n<li><strong>Fenntarthat\u00f3s\u00e1gi \u00e9s ESG keretrendszer<\/strong> (T\u00e1rgyk\u00f3d: VEGTGAR326FE &#8211; 6 kredit)<\/li>\n\n\n\n<li><strong>K\u00f6rnyezeti Pill\u00e9r<\/strong> (T\u00e1rgyk\u00f3d: VEMKKVS326KP &#8211; 6 kredit)<\/li>\n\n\n\n<li><strong>T\u00e1rsadalmi Pill\u00e9r<\/strong> (T\u00e1rgyk\u00f3d: VEGTTUR323TP &#8211; 3 kredit)<\/li>\n\n\n\n<li><strong>ESG p\u00e9nz\u00fcgyi \u00e9s sz\u00e1mviteli aspektusai<\/strong> (T\u00e1rgyk\u00f3d: VEGTSPR323PS &#8211; 3 kredit)<\/li>\n\n\n\n<li><strong>Ir\u00e1ny\u00edt\u00e1si Pill\u00e9r<\/strong> (T\u00e1rgyk\u00f3d: VEGTGAR323IP &#8211; 3 kredit)<\/li>\n\n\n\n<li><strong>Adatvizualiz\u00e1ci\u00f3<\/strong> (T\u00e1rgyk\u00f3d: VEGTVER323FP &#8211; 3 kredit)<\/li>\n\n\n\n<li><strong>ESG \u00e9s a strat\u00e9gia kapcsolata<\/strong> (T\u00e1rgyk\u00f3d: VEGTITR323SK &#8211; 3 kredit)<\/li>\n\n\n\n<li><strong>ESG esettanulm\u00e1nyok<\/strong> (T\u00e1rgyk\u00f3d: VEGTITR326ET &#8211; 3 kredit)<\/li>\n\n\n\n<li><strong>ESG jelent\u00e9st\u00e9tel \u00e9s \u00edr\u00e1si gyakorlat<\/strong> (T\u00e1rgyk\u00f3d: VEGTITR346JT &#8211; 6 kredit)<\/li>\n\n\n\n<li><strong>ESG tan\u00e1csad\u00f3i ismeretek<\/strong> (T\u00e1rgyk\u00f3d: VEGTITR346TI &#8211; 6 kredit)<\/li>\n\n\n\n<li><strong>Vezet\u0151i felel\u0151ss\u00e9gv\u00e1llal\u00e1s<\/strong> (T\u00e1rgyk\u00f3d: VEGTVEM242F &#8211; 3 kredit)<\/li>\n\n\n\n<li><strong>ESG min\u0151s\u00e9gbiztos\u00edt\u00e1s \u00e9s tan\u00fas\u00edt\u00e1s<\/strong> (T\u00e1rgyk\u00f3d: VEGTSVR346MT &#8211; 6 kredit)<\/li>\n\n\n\n<li><strong>ESG adatgy\u0171jt\u00e9s \u00e9s adatelemz\u00e9s<\/strong> (T\u00e1rgyk\u00f3d: VEGTKMR343AA &#8211; 3 kredit)<\/li>\n\n\n\n<li><strong>ESG szempont\u00fa v\u00e1llalat- \u00e9s kock\u00e1zat\u00e9rt\u00e9kel\u00e9s<\/strong> (T\u00e1rgyk\u00f3d: VEGTELR343VK &#8211; 3 kredit)<\/li>\n\n\n\n<li><strong>ESG besz\u00e1ll\u00edt\u00f3i \u00e9rt\u00e9kel\u00e9s<\/strong> (T\u00e1rgyk\u00f3d: VEGTELR343BE &#8211; 3 kredit)<\/li>\n<\/ol>\n<\/div>\n\n\n\n<p>Plusz szakmai gyakorlat<\/p>\n\n\n\n<p>A k\u00e9pz\u00e9s el\u0151felt\u00e9tele: fels\u0151fok\u00fa v\u00e9gzetts\u00e9g.<\/p>","protected":false},"excerpt":{"rendered":"<p>Szakmai kompetenci\u00e1k A k\u00e9pz\u00e9s sor\u00e1n a r\u00e9sztvev\u0151k megismerkednek az ESG szeml\u00e9let gyakorlatba t\u00f6rt\u00e9n\u0151 \u00e1t\u00fcltet\u00e9s\u00e9nek felt\u00e9teleivel, lehet\u0151s\u00e9g\u00e9vel, valamint m\u00f3dszereivel a gazdas\u00e1g k\u00fcl\u00f6nb\u00f6z\u0151 ter\u00fcletei, \u00e1gazatai vonatkoz\u00e1s\u00e1ban, k\u00fcl\u00f6n\u00f6s figyelmet ford\u00edtva a v\u00e1llalatok \u00e9s szervezetek \u00e1ltal a fenntarthat\u00f3 m\u0171k\u00f6d\u00e9st, valamint hossz\u00fa t\u00e1v\u00fa \u00e9rt\u00e9kteremt\u00e9st c\u00e9lz\u00f3 \u00e9s egyben a piaci kih\u00edv\u00e1sokra adand\u00f3 v\u00e1laszok, illetve gyakorlatok adapt\u00e1l\u00e1si megold\u00e1saira. Kiknek aj\u00e1nljuk: A k\u00e9pz\u00e9s [&hellip;]<\/p>\n","protected":false},"featured_media":2286,"template":"","meta":{"_acf_changed":true},"product_brand":[],"product_cat":[62,75,42,68,63,72,54],"product_tag":[66,60],"class_list":{"0":"post-2903","1":"product","2":"type-product","3":"status-publish","4":"has-post-thumbnail","6":"product_cat-adomentes","7":"product_cat-business-and-economy","8":"product_cat-faculty-of-business-and-economics","9":"product_cat-hungarian","10":"product_cat-in-person","11":"product_cat-micro-credential-programs","12":"product_cat-moodle","13":"product_tag-in-person","14":"product_tag-online","16":"first","17":"instock","18":"virtual","19":"sold-individually","20":"purchasable","21":"product-type-simple"},"acf":[],"_links":{"self":[{"href":"https:\/\/shop.uni-pannon.hu\/hu\/wp-json\/wp\/v2\/product\/2903","targetHints":{"allow":["GET"]}}],"collection":[{"href":"https:\/\/shop.uni-pannon.hu\/hu\/wp-json\/wp\/v2\/product"}],"about":[{"href":"https:\/\/shop.uni-pannon.hu\/hu\/wp-json\/wp\/v2\/types\/product"}],"wp:featuredmedia":[{"embeddable":true,"href":"https:\/\/shop.uni-pannon.hu\/hu\/wp-json\/wp\/v2\/media\/2286"}],"wp:attachment":[{"href":"https:\/\/shop.uni-pannon.hu\/hu\/wp-json\/wp\/v2\/media?parent=2903"}],"wp:term":[{"taxonomy":"product_brand","embeddable":true,"href":"https:\/\/shop.uni-pannon.hu\/hu\/wp-json\/wp\/v2\/product_brand?post=2903"},{"taxonomy":"product_cat","embeddable":true,"href":"https:\/\/shop.uni-pannon.hu\/hu\/wp-json\/wp\/v2\/product_cat?post=2903"},{"taxonomy":"product_tag","embeddable":true,"href":"https:\/\/shop.uni-pannon.hu\/hu\/wp-json\/wp\/v2\/product_tag?post=2903"}],"curies":[{"name":"wp","href":"https:\/\/api.w.org\/{rel}","templated":true}]}}