{"id":2880,"date":"2025-12-04T21:00:29","date_gmt":"2025-12-04T20:00:29","guid":{"rendered":"https:\/\/shop.uni-pannon.hu\/?post_type=product&#038;p=2880"},"modified":"2026-03-26T09:42:52","modified_gmt":"2026-03-26T08:42:52","slug":"digitalis-tananyagfejlesztes-1-felkeszules-a-fejlesztesre","status":"publish","type":"product","link":"https:\/\/shop.uni-pannon.hu\/hu\/termek\/digitalis-tananyagfejlesztes-1-felkeszules-a-fejlesztesre\/","title":{"rendered":"Digit\u00e1lis tananyagfejleszt\u00e9s 1: Felk\u00e9sz\u00fcl\u00e9s a fejleszt\u00e9sre"},"content":{"rendered":"<p>A k\u00e9pz\u00e9sben r\u00e9sztvev\u0151 k\u00e9pes lesz<\/p>\n\n\n\n<ul class=\"wp-block-list\">\n<li>k\u00fcl\u00f6nb\u00f6z\u0151 szempontok ment\u00e9n megk\u00fcl\u00f6nb\u00f6ztetni a digit\u00e1lis tananyagokat, online kurzusokat,<\/li>\n\n\n\n<li>meg\u00e9rteni az online tanul\u00e1s fontosabb pedag\u00f3giai \u00e9s pszichol\u00f3giai alapelveit,<\/li>\n\n\n\n<li>tanul\u00e1si k\u00f6rnyezetet \u00e9s tanul\u00f3i ig\u00e9nyeket elemezni a tervez\u00e9s kiindul\u00f3pontjak\u00e9nt.<\/li>\n<\/ul>\n\n\n\n<h3 class=\"wp-block-heading\">Kiknek aj\u00e1nljuk<\/h3>\n\n\n\n<p>A k\u00e9pz\u00e9s c\u00e9lcsoportja a digit\u00e1lis tananyagfejleszt\u00e9s ir\u00e1nt \u00e9rdekl\u0151d\u0151k: oktat\u00e1si szak\u00e9rt\u0151k \u00e9s tan\u00e1csad\u00f3k, pedag\u00f3gusok, fels\u0151oktat\u00e1si oktat\u00f3k, kezd\u0151 e-learning fejleszt\u0151k, tr\u00e9nerek \u00e9s feln\u0151ttk\u00e9pz\u00e9si szak\u00e9rt\u0151k, HR szakemberek \u00e9s v\u00e1llalati oktat\u00f3k, L&amp;D szak\u00e9rt\u0151k, digit\u00e1lis tartalomfejleszt\u0151k, oktat\u00e1sfejleszt\u0151 v\u00e1llalkoz\u00f3k, mag\u00e1ntan\u00e1rok illetve b\u00e1rki, aki az instructional design szakter\u00fcleten szeretn\u00e9 kompetenci\u00e1it (tov\u00e1bb)fejleszteni.<\/p>\n\n\n\n<h3 class=\"wp-block-heading\">A k\u00e9pz\u00e9s tematik\u00e1ja<\/h3>\n\n\n\n<ul class=\"wp-block-list\">\n<li>H\u00e9tk\u00f6znapi megold\u00e1sok, j\u00f3 gyakorlatok,<\/li>\n\n\n\n<li>Online tan\u00edt\u00e1s \u00e9s tanul\u00e1s m\u00f3dszertana,<\/li>\n\n\n\n<li>Ig\u00e9ny- \u00e9s sz\u00fcks\u00e9gletelemz\u00e9s.<\/li>\n<\/ul>\n\n\n\n<h3 class=\"wp-block-heading\">A k\u00e9pz\u00e9s el\u0151felt\u00e9tele<\/h3>\n\n\n\n<p>Nem sz\u00fcks\u00e9ges el\u0151zetes k\u00e9pzetts\u00e9g.<\/p>\n\n\n\n<h3 class=\"wp-block-heading\">A k\u00e9pz\u00e9s v\u00e1rhat\u00f3 hossza\/ intenzit\u00e1sa<\/h3>\n\n\n\n<p>6 \u00f3ra (Az e-learning kurzus minden h\u00f3nap els\u0151 munkanapj\u00e1n megny\u00edlik, elv\u00e9gz\u00e9s\u00e9re 20 nap \u00e1ll rendelkez\u00e9sre.)<\/p>","protected":false},"excerpt":{"rendered":"<p>A k\u00e9pz\u00e9sben r\u00e9sztvev\u0151 k\u00e9pes lesz Kiknek aj\u00e1nljuk A k\u00e9pz\u00e9s c\u00e9lcsoportja a digit\u00e1lis tananyagfejleszt\u00e9s ir\u00e1nt \u00e9rdekl\u0151d\u0151k: oktat\u00e1si szak\u00e9rt\u0151k \u00e9s tan\u00e1csad\u00f3k, pedag\u00f3gusok, fels\u0151oktat\u00e1si oktat\u00f3k, kezd\u0151 e-learning fejleszt\u0151k, tr\u00e9nerek \u00e9s feln\u0151ttk\u00e9pz\u00e9si szak\u00e9rt\u0151k, HR szakemberek \u00e9s v\u00e1llalati oktat\u00f3k, L&amp;D szak\u00e9rt\u0151k, digit\u00e1lis tartalomfejleszt\u0151k, oktat\u00e1sfejleszt\u0151 v\u00e1llalkoz\u00f3k, mag\u00e1ntan\u00e1rok illetve b\u00e1rki, aki az instructional design szakter\u00fcleten szeretn\u00e9 kompetenci\u00e1it (tov\u00e1bb)fejleszteni. A k\u00e9pz\u00e9s tematik\u00e1ja A [&hellip;]<\/p>\n","protected":false},"featured_media":2881,"template":"","meta":{"_acf_changed":true},"product_brand":[],"product_cat":[56,43,74,68,54],"product_tag":[60],"class_list":{"0":"post-2880","1":"product","2":"type-product","3":"status-publish","4":"has-post-thumbnail","6":"product_cat-adult-education","7":"product_cat-faculty-of-humanities","8":"product_cat-humanities-and-pedagogy","9":"product_cat-hungarian","10":"product_cat-moodle","11":"product_tag-online","13":"first","14":"instock","15":"virtual","16":"sold-individually","17":"taxable","18":"purchasable","19":"product-type-simple"},"acf":[],"_links":{"self":[{"href":"https:\/\/shop.uni-pannon.hu\/hu\/wp-json\/wp\/v2\/product\/2880","targetHints":{"allow":["GET"]}}],"collection":[{"href":"https:\/\/shop.uni-pannon.hu\/hu\/wp-json\/wp\/v2\/product"}],"about":[{"href":"https:\/\/shop.uni-pannon.hu\/hu\/wp-json\/wp\/v2\/types\/product"}],"wp:featuredmedia":[{"embeddable":true,"href":"https:\/\/shop.uni-pannon.hu\/hu\/wp-json\/wp\/v2\/media\/2881"}],"wp:attachment":[{"href":"https:\/\/shop.uni-pannon.hu\/hu\/wp-json\/wp\/v2\/media?parent=2880"}],"wp:term":[{"taxonomy":"product_brand","embeddable":true,"href":"https:\/\/shop.uni-pannon.hu\/hu\/wp-json\/wp\/v2\/product_brand?post=2880"},{"taxonomy":"product_cat","embeddable":true,"href":"https:\/\/shop.uni-pannon.hu\/hu\/wp-json\/wp\/v2\/product_cat?post=2880"},{"taxonomy":"product_tag","embeddable":true,"href":"https:\/\/shop.uni-pannon.hu\/hu\/wp-json\/wp\/v2\/product_tag?post=2880"}],"curies":[{"name":"wp","href":"https:\/\/api.w.org\/{rel}","templated":true}]}}