{"id":2828,"date":"2025-10-14T13:55:21","date_gmt":"2025-10-14T12:55:21","guid":{"rendered":"https:\/\/shop.uni-pannon.hu\/?post_type=product&#038;p=2828"},"modified":"2026-01-14T10:50:21","modified_gmt":"2026-01-14T09:50:21","slug":"design-thinking-ai-tamogatassal","status":"publish","type":"product","link":"https:\/\/shop.uni-pannon.hu\/hu\/termek\/design-thinking-ai-tamogatassal\/","title":{"rendered":"Design thinking AI t\u00e1mogat\u00e1ssal"},"content":{"rendered":"<p>A k\u00e9pz\u00e9sben r\u00e9sztvev\u0151<\/p>\n\n\n\n<ul class=\"wp-block-list\">\n<li>A r\u00e9sztvev\u0151 meg\u00e9rti a Design Thinking elm\u00e9leti alapjait \u00e9s szakaszait (Double Diamond modell).<\/li>\n\n\n\n<li>K\u00e9pes empatikus kutat\u00e1si m\u00f3dszerek alkalmaz\u00e1s\u00e1ra, interj\u00fak, megfigyel\u00e9sek \u00e9s insightok k\u00e9sz\u00edt\u00e9s\u00e9re.<\/li>\n\n\n\n<li>K\u00e9pes probl\u00e9m\u00e1kat \u00fajra\u00e9rtelmezni \u00e9s c\u00e9lzott, emberk\u00f6zpont\u00fa briefet k\u00e9sz\u00edteni.<\/li>\n\n\n\n<li>Alkalmazza az \u00f6tletel\u00e9si \u00e9s koncepci\u00f3alkot\u00e1si technik\u00e1kat (brainstorming, SCAMPER, co-creation).<\/li>\n\n\n\n<li>K\u00e9pes gyors protot\u00edpusok k\u00e9sz\u00edt\u00e9s\u00e9re \u00e9s tesztel\u00e9s\u00e9re.<\/li>\n\n\n\n<li>Meg\u00e9rti, hogyan haszn\u00e1lhat\u00f3k AI-eszk\u00f6z\u00f6k a design thinking folyamat minden szakasz\u00e1ban.<\/li>\n<\/ul>\n\n\n\n<h3 class=\"wp-block-heading\">Kiknek aj\u00e1nljuk<\/h3>\n\n\n\n<p>A k\u00e9pz\u00e9s c\u00e9lcsoportja az \u00fczleti, piaci \u00e9let szerepl\u0151i, vezet\u0151k, v\u00e1llalkoz\u00f3k, projektmenedzserek, akik szeretn\u00e9nek emberk\u00f6zpont\u00fa \u00e9s rendszerszint\u0171 megk\u00f6zel\u00edt\u00e9st alkalmazni a kreat\u00edv probl\u00e9mamegold\u00e1s sor\u00e1n.<\/p>\n\n\n\n<h3 class=\"wp-block-heading\">A k\u00e9pz\u00e9s tematik\u00e1ja<\/h3>\n\n\n\n<ul class=\"wp-block-list\">\n<li>a design mindset \u00f6sszetev\u0151i<\/li>\n\n\n\n<li>design thinking elm\u00e9lete, a double diamond modell<\/li>\n\n\n\n<li>az innov\u00e1ci\u00f3s folyamat f\u0151 szakaszai (design kutat\u00e1s, probl\u00e9ma meghat\u00e1roz\u00e1s, \u00f6tletel\u00e9s, koncepci\u00f3 alkot\u00e1s, prototipiz\u00e1l\u00e1s, tesztel\u00e9s)<\/li>\n\n\n\n<li>persz\u00f3na alkot\u00e1s m\u00f3dszertana<\/li>\n\n\n\n<li>divergens gondolkod\u00e1s fejleszt\u00e9se, brainstorming gyakorlatok<\/li>\n\n\n\n<li>co-creation technik\u00e1k<\/li>\n\n\n\n<li>+ Hogyan adhat ehhez \u00e9rt\u00e9ket a mesters\u00e9ges intelligencia a folyamat sor\u00e1n?<\/li>\n<\/ul>\n\n\n\n<h3 class=\"wp-block-heading\">A k\u00e9pz\u00e9s el\u0151felt\u00e9tele<\/h3>\n\n\n\n<p>Nem sz\u00fcks\u00e9ges el\u0151zetes k\u00e9pzetts\u00e9g.<\/p>\n\n\n\n<h3 class=\"wp-block-heading\">A k\u00e9pz\u00e9s v\u00e1rhat\u00f3 hossza\/ intenzit\u00e1sa<\/h3>\n\n\n\n<p>2 alkalom (2&#215;8 \u00f3ra, cs\u00fct\u00f6rt\u00f6k-p\u00e9ntek)<\/p>","protected":false},"excerpt":{"rendered":"<p>A k\u00e9pz\u00e9sben r\u00e9sztvev\u0151 Kiknek aj\u00e1nljuk A k\u00e9pz\u00e9s c\u00e9lcsoportja az \u00fczleti, piaci \u00e9let szerepl\u0151i, vezet\u0151k, v\u00e1llalkoz\u00f3k, projektmenedzserek, akik szeretn\u00e9nek emberk\u00f6zpont\u00fa \u00e9s rendszerszint\u0171 megk\u00f6zel\u00edt\u00e9st alkalmazni a kreat\u00edv probl\u00e9mamegold\u00e1s sor\u00e1n. A k\u00e9pz\u00e9s tematik\u00e1ja A k\u00e9pz\u00e9s el\u0151felt\u00e9tele Nem sz\u00fcks\u00e9ges el\u0151zetes k\u00e9pzetts\u00e9g. A k\u00e9pz\u00e9s v\u00e1rhat\u00f3 hossza\/ intenzit\u00e1sa 2 alkalom (2&#215;8 \u00f3ra, cs\u00fct\u00f6rt\u00f6k-p\u00e9ntek)<\/p>","protected":false},"featured_media":2831,"template":"","meta":{"_acf_changed":true},"product_brand":[],"product_cat":[56,76,68],"product_tag":[66],"class_list":{"0":"post-2828","1":"product","2":"type-product","3":"status-publish","4":"has-post-thumbnail","6":"product_cat-adult-education","7":"product_cat-competence-development","8":"product_cat-hungarian","9":"product_tag-in-person","11":"first","12":"instock","13":"virtual","14":"sold-individually","15":"taxable","16":"purchasable","17":"product-type-simple"},"acf":[],"_links":{"self":[{"href":"https:\/\/shop.uni-pannon.hu\/hu\/wp-json\/wp\/v2\/product\/2828","targetHints":{"allow":["GET"]}}],"collection":[{"href":"https:\/\/shop.uni-pannon.hu\/hu\/wp-json\/wp\/v2\/product"}],"about":[{"href":"https:\/\/shop.uni-pannon.hu\/hu\/wp-json\/wp\/v2\/types\/product"}],"wp:featuredmedia":[{"embeddable":true,"href":"https:\/\/shop.uni-pannon.hu\/hu\/wp-json\/wp\/v2\/media\/2831"}],"wp:attachment":[{"href":"https:\/\/shop.uni-pannon.hu\/hu\/wp-json\/wp\/v2\/media?parent=2828"}],"wp:term":[{"taxonomy":"product_brand","embeddable":true,"href":"https:\/\/shop.uni-pannon.hu\/hu\/wp-json\/wp\/v2\/product_brand?post=2828"},{"taxonomy":"product_cat","embeddable":true,"href":"https:\/\/shop.uni-pannon.hu\/hu\/wp-json\/wp\/v2\/product_cat?post=2828"},{"taxonomy":"product_tag","embeddable":true,"href":"https:\/\/shop.uni-pannon.hu\/hu\/wp-json\/wp\/v2\/product_tag?post=2828"}],"curies":[{"name":"wp","href":"https:\/\/api.w.org\/{rel}","templated":true}]}}