{"id":2827,"date":"2025-10-14T13:54:41","date_gmt":"2025-10-14T12:54:41","guid":{"rendered":"https:\/\/shop.uni-pannon.hu\/?post_type=product&#038;p=2827"},"modified":"2026-03-04T15:43:10","modified_gmt":"2026-03-04T14:43:10","slug":"eu-palyazatiro","status":"publish","type":"product","link":"https:\/\/shop.uni-pannon.hu\/hu\/termek\/eu-palyazatiro\/","title":{"rendered":"EU p\u00e1ly\u00e1zat\u00edr\u00f3"},"content":{"rendered":"<p>A k\u00e9pz\u00e9s c\u00e9lja, hogy a r\u00e9sztvev\u0151k felk\u00e9sz\u00fcljenek az uni\u00f3s \u00e9s hazai p\u00e1ly\u00e1zati forr\u00e1sok professzion\u00e1lis kezel\u00e9s\u00e9re, a p\u00e1ly\u00e1zatok teljes folyamat\u00e1nak meg\u00e9rt\u00e9s\u00e9re \u00e9s elk\u00e9sz\u00edt\u00e9s\u00e9re.<\/p>\n\n\n\n<p>A k\u00e9pz\u00e9s sor\u00e1n elsaj\u00e1t\u00edtott kompetenci\u00e1k el\u0151seg\u00edtik:<\/p>\n\n\n\n<p><strong>Felm\u00e9rni \u00e9s meg\u00e9rteni az Eur\u00f3pai Uni\u00f3 t\u00e1mogat\u00e1si rendszer\u00e9t<\/strong><\/p>\n\n\n\n<ul class=\"wp-block-list\">\n<li>Ismerni az EU int\u00e9zm\u00e9nyrendszer\u00e9t, d\u00f6nt\u00e9shozatali mechanizmusait \u00e9s t\u00e1mogat\u00e1si alapjait<\/li>\n\n\n\n<li>\u00c1tl\u00e1tni a hazai \u00e9s k\u00f6z\u00f6ss\u00e9gi t\u00e1mogat\u00e1si programokat (pl. Sz\u00e9chenyi 2020, \u00daj Sz\u00e9chenyi Terv)<\/li>\n<\/ul>\n\n\n\n<p><strong>Forr\u00e1sokat felkutatni \u00e9s p\u00e1ly\u00e1zati lehet\u0151s\u00e9geket azonos\u00edtani<\/strong><\/p>\n\n\n\n<ul class=\"wp-block-list\">\n<li>Megtanulni, hogyan keress\u00fck meg a megfelel\u0151 ki\u00edr\u00e1sokat, hogyan \u00e9rtelmezz\u00fck a p\u00e1ly\u00e1zati \u00fatmutat\u00f3kat \u00e9s felt\u00e9telrendszereket<\/li>\n<\/ul>\n\n\n\n<p><strong>P\u00e1ly\u00e1zati dokument\u00e1ci\u00f3t k\u00e9sz\u00edteni<\/strong><\/p>\n\n\n\n<ul class=\"wp-block-list\">\n<li>\u00d6n\u00e1ll\u00f3an \u00f6ssze\u00e1ll\u00edtani a p\u00e1ly\u00e1zati anyagokat, beny\u00fajt\u00e1si \u00e9s jogosults\u00e1gi vizsg\u00e1latnak megfelel\u0151 form\u00e1ban<\/li>\n\n\n\n<li>Elsaj\u00e1t\u00edtani a k\u00f6lts\u00e9gvet\u00e9si t\u00e1bl\u00e1k \u00f6ssze\u00e1ll\u00edt\u00e1s\u00e1t, p\u00e9nz\u00fcgyi tervez\u00e9si alapokat<\/li>\n\n\n\n<li>Kezelni a nyilv\u00e1noss\u00e1gra vonatkoz\u00f3 el\u0151\u00edr\u00e1sokat<\/li>\n<\/ul>\n\n\n\n<p><strong>\u00c9rt\u00e9kelni a p\u00e1ly\u00e1zati megfelel\u0151s\u00e9get \u00e9s a b\u00edr\u00e1lati szempontokat<\/strong><\/p>\n\n\n\n<ul class=\"wp-block-list\">\n<li>Megtanulni, hogyan zajlik a p\u00e1ly\u00e1zatok tartalmi \u00e9s szakmai \u00e9rt\u00e9kel\u00e9se, milyen krit\u00e9riumok alapj\u00e1n b\u00edr\u00e1lj\u00e1k el a beny\u00fajtott dokumentumokat<\/li>\n<\/ul>\n\n\n\n<p><strong>Gyakorlati tapasztalatot szerezni<\/strong> <\/p>\n\n\n\n<p>A k\u00e9pz\u00e9s sor\u00e1n&nbsp;egy <strong>gyakorlati p\u00e9ld\u00e1n kereszt\u00fcl<\/strong>&nbsp;k\u00e9sz\u00edt\u00fcnk el egy p\u00e1ly\u00e1zati dokument\u00e1ci\u00f3t, \u00edgy&nbsp;<strong>val\u00f3di tapasztalatot<\/strong>&nbsp;szerezhetnek a p\u00e1ly\u00e1zatk\u00e9sz\u00edt\u00e9s folyamat\u00e1r\u00f3l.<\/p>\n\n\n\n<h3 class=\"wp-block-heading\">Kiknek aj\u00e1nljuk<\/h3>\n\n\n\n<ul class=\"wp-block-list\">\n<li>V\u00e1llalkoz\u00f3knak, akik p\u00e1ly\u00e1zati forr\u00e1sok bevon\u00e1s\u00e1val szeretn\u00e9k fejleszteni c\u00e9g\u00fcket<\/li>\n\n\n\n<li>Civil szervezetek \u00e9s alap\u00edtv\u00e1nyok munkat\u00e1rsainak, akik t\u00e1mogat\u00e1sokb\u00f3l biztos\u00edtj\u00e1k a m\u0171k\u00f6d\u00e9s\u00fcket<\/li>\n\n\n\n<li>\u00d6nkorm\u00e1nyzati \u00e9s k\u00f6zszf\u00e9r\u00e1ban dolgoz\u00f3knak, akik p\u00e1ly\u00e1zati lehet\u0151s\u00e9gek menedzsel\u00e9s\u00e9\u00e9rt felelnek<\/li>\n<\/ul>\n\n\n\n<h3 class=\"wp-block-heading\">A k\u00e9pz\u00e9s tematik\u00e1ja<\/h3>\n\n\n\n<ul class=\"wp-block-list\">\n<li>Az EU t\u00e1mogat\u00e1s politik\u00e1j\u00e1nak megismer\u00e9se, T\u00e1mogat\u00e1sok t\u00edpusai,<\/li>\n\n\n\n<li>Region\u00e1lis \u00e9s operat\u00edv programoz\u00e1s. Strat\u00e9giai tervez\u00e9s, szintjei az EU-ban, \u00e9s nemzeti szinten.<\/li>\n\n\n\n<li>Nemzeti fejleszt\u00e9si tervek, Sz\u00e9chenyi 2020., Akci\u00f3tervek \u00e9s operat\u00edv programok<\/li>\n\n\n\n<li>Vid\u00e9kfejleszt\u00e9si Program, tervek v\u00e9grehajt\u00e1sa,<\/li>\n\n\n\n<li>Projekt el\u0151k\u00e9sz\u00edt\u00e9s \u00e9s tervez\u00e9s.<\/li>\n\n\n\n<li>A PCM (projektciklus menedzsment) m\u00f3dszer, f\u00e1zisok \u00e9s alkalmaz\u00e1sa projektek esetp\u00e9ld\u00e1k alapj\u00e1n.<\/li>\n\n\n\n<li>Projekttervez\u00e9si m\u00f3dszerek \u00e9s alkalmaz\u00e1sa esetp\u00e9lda alapj\u00e1n: relevancia, megval\u00f3s\u00edthat\u00f3s\u00e1g, fenntarthat\u00f3s\u00e1g.<\/li>\n\n\n\n<li>P\u00e1ly\u00e1zati rendszer, p\u00e1ly\u00e1zati elj\u00e1r\u00e1srendek, p\u00e1ly\u00e1zatfigyel\u00e9s, p\u00e1ly\u00e1zatkeres\u00e9s esetp\u00e9lda alapj\u00e1n. P\u00e1ly\u00e1zatk\u00e9sz\u00edt\u00e9s: tartalmi \u00e9s formai k\u00f6vetelm\u00e9nyek.<\/li>\n\n\n\n<li>P\u00e1ly\u00e1zati ki\u00edr\u00e1sok \u00e9s \u00fatmutat\u00f3k \u00e9rtelmez\u00e9se.<\/li>\n\n\n\n<li>P\u00e1ly\u00e1zatk\u00e9sz\u00edt\u00e9s, p\u00e1ly\u00e1zati kit\u00f6lt\u0151-program (EPTK) haszn\u00e1lata az esetp\u00e9lda alapj\u00e1n.<\/li>\n\n\n\n<li>P\u00e1ly\u00e1zatmenedzsment.<\/li>\n\n\n\n<li>Ut\u00f3finansz\u00edroz\u00e1s, k\u00f6zbeszerz\u00e9s, megval\u00f3s\u00edt\u00e1s, k\u00f6telez\u0151 kommunik\u00e1ci\u00f3.<\/li>\n\n\n\n<li>Esettanulm\u00e1ny megold\u00e1sa p\u00e1ly\u00e1zati kit\u00f6lt\u0151 program haszn\u00e1lat\u00e1val<\/li>\n<\/ul>\n\n\n\n<h3 class=\"wp-block-heading\">A k\u00e9pz\u00e9s el\u0151felt\u00e9tele<\/h3>\n\n\n\n<p>Nem sz\u00fcks\u00e9ges el\u0151zetes k\u00e9pzetts\u00e9g.<\/p>\n\n\n\n<h3 class=\"wp-block-heading\">A k\u00e9pz\u00e9s v\u00e1rhat\u00f3 hossza\/ intenzit\u00e1sa<\/h3>\n\n\n\n<p>8 \u00f3ra t\u00e1voktat\u00e1s \u00e9s 12 \u00f3ra szinkron online (2*6 \u00f3ra)<\/p>\n\n\n\n<p>Ha a k\u00e9pz\u00e9shez alumni-kedvezm\u00e9nyt szeretne ig\u00e9nybe venni, v\u00e1s\u00e1rl\u00e1s el\u0151tt \u00edrjon e-mailt a felnottkepzes@uni-pannon.hu oldalra. (A kedvezm\u00e9nyre jogos\u00edt\u00f3 k\u00e9pz\u00e9sek list\u00e1j\u00e1t megtekintheti\u00a0<a href=\"https:\/\/felnottkepzes.uni-pannon.hu\/dokumentumtar\/220-kedvezmenyes-kepzesek-25-09-03\/file\">Itt<\/a>)<\/p>","protected":false},"excerpt":{"rendered":"<p>A k\u00e9pz\u00e9s c\u00e9lja, hogy a r\u00e9sztvev\u0151k felk\u00e9sz\u00fcljenek az uni\u00f3s \u00e9s hazai p\u00e1ly\u00e1zati forr\u00e1sok professzion\u00e1lis kezel\u00e9s\u00e9re, a p\u00e1ly\u00e1zatok teljes folyamat\u00e1nak meg\u00e9rt\u00e9s\u00e9re \u00e9s elk\u00e9sz\u00edt\u00e9s\u00e9re. A k\u00e9pz\u00e9s sor\u00e1n elsaj\u00e1t\u00edtott kompetenci\u00e1k el\u0151seg\u00edtik: Felm\u00e9rni \u00e9s meg\u00e9rteni az Eur\u00f3pai Uni\u00f3 t\u00e1mogat\u00e1si rendszer\u00e9t Forr\u00e1sokat felkutatni \u00e9s p\u00e1ly\u00e1zati lehet\u0151s\u00e9geket azonos\u00edtani P\u00e1ly\u00e1zati dokument\u00e1ci\u00f3t k\u00e9sz\u00edteni \u00c9rt\u00e9kelni a p\u00e1ly\u00e1zati megfelel\u0151s\u00e9get \u00e9s a b\u00edr\u00e1lati szempontokat Gyakorlati tapasztalatot [&hellip;]<\/p>\n","protected":false},"featured_media":2829,"template":"","meta":{"_acf_changed":true},"product_brand":[],"product_cat":[56,76,68,54,47],"product_tag":[71,60],"class_list":{"0":"post-2827","1":"product","2":"type-product","3":"status-publish","4":"has-post-thumbnail","6":"product_cat-adult-education","7":"product_cat-competence-development","8":"product_cat-hungarian","9":"product_cat-moodle","10":"product_cat-zalaegerszeg-university-center","11":"product_tag-hibrid","12":"product_tag-online","14":"first","15":"instock","16":"virtual","17":"sold-individually","18":"taxable","19":"purchasable","20":"product-type-simple"},"acf":[],"_links":{"self":[{"href":"https:\/\/shop.uni-pannon.hu\/hu\/wp-json\/wp\/v2\/product\/2827","targetHints":{"allow":["GET"]}}],"collection":[{"href":"https:\/\/shop.uni-pannon.hu\/hu\/wp-json\/wp\/v2\/product"}],"about":[{"href":"https:\/\/shop.uni-pannon.hu\/hu\/wp-json\/wp\/v2\/types\/product"}],"wp:featuredmedia":[{"embeddable":true,"href":"https:\/\/shop.uni-pannon.hu\/hu\/wp-json\/wp\/v2\/media\/2829"}],"wp:attachment":[{"href":"https:\/\/shop.uni-pannon.hu\/hu\/wp-json\/wp\/v2\/media?parent=2827"}],"wp:term":[{"taxonomy":"product_brand","embeddable":true,"href":"https:\/\/shop.uni-pannon.hu\/hu\/wp-json\/wp\/v2\/product_brand?post=2827"},{"taxonomy":"product_cat","embeddable":true,"href":"https:\/\/shop.uni-pannon.hu\/hu\/wp-json\/wp\/v2\/product_cat?post=2827"},{"taxonomy":"product_tag","embeddable":true,"href":"https:\/\/shop.uni-pannon.hu\/hu\/wp-json\/wp\/v2\/product_tag?post=2827"}],"curies":[{"name":"wp","href":"https:\/\/api.w.org\/{rel}","templated":true}]}}