{"id":2809,"date":"2025-10-10T10:19:17","date_gmt":"2025-10-10T09:19:17","guid":{"rendered":"https:\/\/shop.uni-pannon.hu\/?post_type=product&#038;p=2809"},"modified":"2026-02-16T15:28:16","modified_gmt":"2026-02-16T14:28:16","slug":"projekttervezes-ms-project-2019-szoftverrel","status":"publish","type":"product","link":"https:\/\/shop.uni-pannon.hu\/hu\/termek\/projekttervezes-ms-project-2019-szoftverrel\/","title":{"rendered":"Projekttervez\u00e9s MS Project 2019 szoftverrel"},"content":{"rendered":"<p>A k\u00e9pz\u00e9s elv\u00e9gz\u00e9se ut\u00e1n a r\u00e9sztvev\u0151k k\u00e9pesek lesznek a program alapvet\u0151 funkci\u00f3inak haszn\u00e1lat\u00e1ra, a projekt terveinek (id\u0151-, er\u0151forr\u00e1s- \u00e9s k\u00f6lts\u00e9gterv) elk\u00e9sz\u00edt\u00e9s\u00e9re \u00e9s nyomonk\u00f6vet\u00e9s\u00e9re, valamint jelent\u00e9sek k\u00e9sz\u00edt\u00e9s\u00e9re.<\/p>\n\n\n\n<p>Kiknek aj\u00e1nljuk:<\/p>\n\n\n\n<p>A k\u00e9pz\u00e9st els\u0151sorban azoknak (projektvezet\u0151k, projektcsapat tagok, projekt koordin\u00e1torok, adminisztr\u00e1torok) aj\u00e1nljuk, akik akt\u00edvan r\u00e9szt vesznek a projektek tervez\u00e9s\u00e9ben \u00e9s a teljes\u00edt\u00e9s nyomonk\u00f6vet\u00e9s\u00e9ben.<\/p>\n\n\n\n<p>A k\u00e9pz\u00e9s tematik\u00e1ja:<\/p>\n\n\n\n<ul class=\"wp-block-list\">\n<li>Bevezet\u00e9s: a projekttervez\u00e9s elm\u00e9leti alapjai<\/li>\n\n\n\n<li>A program felhaszn\u00e1l\u00e1si lehet\u0151s\u00e9geinek, fel\u00fclet\u00e9nek, be\u00e1ll\u00edt\u00e1sainak bemutat\u00e1sa<\/li>\n\n\n\n<li>Tev\u00e9kenys\u00e9gtervez\u00e9s: tev\u00e9kenys\u00e9gi strukt\u00fara, m\u00e9rf\u00f6ldk\u00f6vek, f\u00e1zisok, tev\u00e9kenys\u00e9gek k\u00f6z\u00f6tti logikai kapcsolatok<\/li>\n\n\n\n<li>A h\u00e1l\u00f3terv \u00e9s Gantt-diagram \u00e1ttekint\u00e9se, kritikus \u00fat \u00e9rtelmez\u00e9se<\/li>\n\n\n\n<li>Er\u0151forr\u00e1stervez\u00e9s: er\u0151forr\u00e1sok defini\u00e1l\u00e1sa \u00e9s hozz\u00e1rendel\u00e9se<\/li>\n\n\n\n<li>K\u00f6lts\u00e9gtervez\u00e9s: k\u00f6lts\u00e9gek megad\u00e1sa \u00e9s \u00e1ttekint\u00e9se<\/li>\n\n\n\n<li>A t\u00falterhel\u00e9sek megjelen\u00edt\u00e9se \u00e9s kezel\u00e9se<\/li>\n\n\n\n<li>Jelent\u00e9sek k\u00e9sz\u00edt\u00e9se<\/li>\n\n\n\n<li>A projektteljes\u00edt\u00e9s nyomonk\u00f6vet\u00e9se<\/li>\n<\/ul>\n\n\n\n<p>A k\u00e9pz\u00e9s el\u0151felt\u00e9tele:<\/p>\n\n\n\n<p>Nem sz\u00fcks\u00e9ges el\u0151zetes k\u00e9pzetts\u00e9g.<\/p>\n\n\n\n<p><\/p>","protected":false},"excerpt":{"rendered":"<p>A k\u00e9pz\u00e9s elv\u00e9gz\u00e9se ut\u00e1n a r\u00e9sztvev\u0151k k\u00e9pesek lesznek a program alapvet\u0151 funkci\u00f3inak haszn\u00e1lat\u00e1ra, a projekt terveinek (id\u0151-, er\u0151forr\u00e1s- \u00e9s k\u00f6lts\u00e9gterv) elk\u00e9sz\u00edt\u00e9s\u00e9re \u00e9s nyomonk\u00f6vet\u00e9s\u00e9re, valamint jelent\u00e9sek k\u00e9sz\u00edt\u00e9s\u00e9re. Kiknek aj\u00e1nljuk: A k\u00e9pz\u00e9st els\u0151sorban azoknak (projektvezet\u0151k, projektcsapat tagok, projekt koordin\u00e1torok, adminisztr\u00e1torok) aj\u00e1nljuk, akik akt\u00edvan r\u00e9szt vesznek a projektek tervez\u00e9s\u00e9ben \u00e9s a teljes\u00edt\u00e9s nyomonk\u00f6vet\u00e9s\u00e9ben. A k\u00e9pz\u00e9s tematik\u00e1ja: A k\u00e9pz\u00e9s [&hellip;]<\/p>\n","protected":false},"featured_media":2364,"template":"","meta":{"_acf_changed":true},"product_brand":[],"product_cat":[56,75,42,68],"product_tag":[66],"class_list":{"0":"post-2809","1":"product","2":"type-product","3":"status-publish","4":"has-post-thumbnail","6":"product_cat-adult-education","7":"product_cat-business-and-economy","8":"product_cat-faculty-of-business-and-economics","9":"product_cat-hungarian","10":"product_tag-in-person","12":"first","13":"instock","14":"virtual","15":"sold-individually","16":"taxable","17":"purchasable","18":"product-type-simple"},"acf":[],"_links":{"self":[{"href":"https:\/\/shop.uni-pannon.hu\/hu\/wp-json\/wp\/v2\/product\/2809","targetHints":{"allow":["GET"]}}],"collection":[{"href":"https:\/\/shop.uni-pannon.hu\/hu\/wp-json\/wp\/v2\/product"}],"about":[{"href":"https:\/\/shop.uni-pannon.hu\/hu\/wp-json\/wp\/v2\/types\/product"}],"wp:featuredmedia":[{"embeddable":true,"href":"https:\/\/shop.uni-pannon.hu\/hu\/wp-json\/wp\/v2\/media\/2364"}],"wp:attachment":[{"href":"https:\/\/shop.uni-pannon.hu\/hu\/wp-json\/wp\/v2\/media?parent=2809"}],"wp:term":[{"taxonomy":"product_brand","embeddable":true,"href":"https:\/\/shop.uni-pannon.hu\/hu\/wp-json\/wp\/v2\/product_brand?post=2809"},{"taxonomy":"product_cat","embeddable":true,"href":"https:\/\/shop.uni-pannon.hu\/hu\/wp-json\/wp\/v2\/product_cat?post=2809"},{"taxonomy":"product_tag","embeddable":true,"href":"https:\/\/shop.uni-pannon.hu\/hu\/wp-json\/wp\/v2\/product_tag?post=2809"}],"curies":[{"name":"wp","href":"https:\/\/api.w.org\/{rel}","templated":true}]}}