{"id":2671,"date":"2025-10-02T13:37:26","date_gmt":"2025-10-02T12:37:26","guid":{"rendered":"https:\/\/shop.uni-pannon.hu\/?post_type=product&#038;p=2671"},"modified":"2026-03-31T13:53:40","modified_gmt":"2026-03-31T12:53:40","slug":"biotechnologiai-folyamatok-es-alkalmazasok","status":"publish","type":"product","link":"https:\/\/shop.uni-pannon.hu\/hu\/termek\/biotechnologiai-folyamatok-es-alkalmazasok\/","title":{"rendered":"Biotechnol\u00f3giai folyamatok \u00e9s alkalmaz\u00e1sok"},"content":{"rendered":"<p><strong>Szakmai kompetenci\u00e1k<\/strong><\/p>\n\n\n\n<ul class=\"wp-block-list\">\n<li>Biotechnol\u00f3giai alapismeretek: a biotechnol\u00f3giai m\u0171veletek \u00e9s alapfolyamatok meg\u00e9rt\u00e9se.<\/li>\n\n\n\n<li>Bioreaktorok m\u0171k\u00f6dtet\u00e9se: speci\u00e1lis bioreaktorok \u00e9s ferment\u00e1ci\u00f3s rendszerek haszn\u00e1lat\u00e1nak ismerete.<\/li>\n\n\n\n<li>Enzimes technol\u00f3gi\u00e1k alkalmaz\u00e1sa: nem-vizes k\u00f6zeg\u0171 \u00e9s ipari k\u00f6rnyezetben haszn\u00e1lhat\u00f3 enzimatikus folyamatok tervez\u00e9se \u00e9s \u00e9rt\u00e9kel\u00e9se.<\/li>\n\n\n\n<li>Ipar\u00e1gi ismeretek: a gy\u00f3gyszeripar, \u00e9lelmiszeripar \u00e9s k\u00f6rnyezetv\u00e9delem biotechnol\u00f3giai alkalmaz\u00e1sainak \u00e1ttekint\u00e9se.<\/li>\n\n\n\n<li>Probl\u00e9mamegold\u00e1s: biotechnol\u00f3giai folyamatok sor\u00e1n felmer\u00fcl\u0151 gyakorlati kih\u00edv\u00e1sok felismer\u00e9se \u00e9s megold\u00e1si strat\u00e9gi\u00e1k kidolgoz\u00e1sa.<\/li>\n<\/ul>\n\n\n\n<p>Kiknek aj\u00e1nljuk:<\/p>\n\n\n\n<p>A k\u00e9pz\u00e9s ide\u00e1lis v\u00e1laszt\u00e1s a gy\u00f3gyszeriparban, \u00e9lelmiszeriparban \u00e9s k\u00f6rnyezetv\u00e9delmi \u00e1gazatokban dolgoz\u00f3 kutat\u00f3knak, fejleszt\u0151knek, ipari szakembereknek, valamint mindazoknak, akik nemzetk\u00f6zileg is keresett, gyakorlati kompetenci\u00e1kat akarnak szerezni a biotechnol\u00f3gia ter\u00fclet\u00e9n.<\/p>\n\n\n\n<p>A kurzus elv\u00e9gz\u00e9s\u00e9vel megszerezhet\u0151 13 kredit besz\u00e1m\u00edthat\u00f3 a Vegy\u00e9szm\u00e9rn\u00f6k BSc alapszakba.<\/p>\n\n\n\n<p>A k\u00e9pz\u00e9s tematik\u00e1ja:<\/p>\n\n\n\n<p><strong>1. Biotechnol\u00f3giai m\u0171veletek <\/strong>(T\u00e1rgyk\u00f3d: VEMKBVM213BT\u2013 3 kredit)<\/p>\n\n\n\n<p><strong>2. K\u00fcl\u00f6nleges bioreaktorok <\/strong>(T\u00e1rgyk\u00f3d: VEMKBMM256KB\u2013 6 kredit)<\/p>\n\n\n\n<p><strong>3. Nem vizes k\u00f6zeg\u0171 enzimes technol\u00f3gi\u00e1k <\/strong>(T\u00e1rgyk\u00f3d: VEMKBMM454E\u2013 6 kredit)<\/p>\n\n\n\n<p>A k\u00e9pz\u00e9s el\u0151felt\u00e9tele:<\/p>\n\n\n\n<p>\u00c9retts\u00e9gi v\u00e9gzetts\u00e9g.<\/p>\n\n\n\n<p><\/p>","protected":false},"excerpt":{"rendered":"<p>Szakmai kompetenci\u00e1k Kiknek aj\u00e1nljuk: A k\u00e9pz\u00e9s ide\u00e1lis v\u00e1laszt\u00e1s a gy\u00f3gyszeriparban, \u00e9lelmiszeriparban \u00e9s k\u00f6rnyezetv\u00e9delmi \u00e1gazatokban dolgoz\u00f3 kutat\u00f3knak, fejleszt\u0151knek, ipari szakembereknek, valamint mindazoknak, akik nemzetk\u00f6zileg is keresett, gyakorlati kompetenci\u00e1kat akarnak szerezni a biotechnol\u00f3gia ter\u00fclet\u00e9n. A kurzus elv\u00e9gz\u00e9s\u00e9vel megszerezhet\u0151 13 kredit besz\u00e1m\u00edthat\u00f3 a Vegy\u00e9szm\u00e9rn\u00f6k BSc alapszakba. A k\u00e9pz\u00e9s tematik\u00e1ja: 1. Biotechnol\u00f3giai m\u0171veletek (T\u00e1rgyk\u00f3d: VEMKBVM213BT\u2013 3 kredit) 2. K\u00fcl\u00f6nleges [&hellip;]<\/p>\n","protected":false},"featured_media":2697,"template":"","meta":{"_acf_changed":true},"product_brand":[],"product_cat":[62,45,68,63,72,73],"product_tag":[64],"class_list":{"0":"post-2671","1":"product","2":"type-product","3":"status-publish","4":"has-post-thumbnail","6":"product_cat-adomentes","7":"product_cat-faculty-of-engineering","8":"product_cat-hungarian","9":"product_cat-in-person","10":"product_cat-micro-credential-programs","11":"product_cat-science-and-technology","12":"product_tag-hybrid","14":"first","15":"instock","16":"virtual","17":"sold-individually","18":"purchasable","19":"product-type-simple"},"acf":[],"_links":{"self":[{"href":"https:\/\/shop.uni-pannon.hu\/hu\/wp-json\/wp\/v2\/product\/2671","targetHints":{"allow":["GET"]}}],"collection":[{"href":"https:\/\/shop.uni-pannon.hu\/hu\/wp-json\/wp\/v2\/product"}],"about":[{"href":"https:\/\/shop.uni-pannon.hu\/hu\/wp-json\/wp\/v2\/types\/product"}],"wp:featuredmedia":[{"embeddable":true,"href":"https:\/\/shop.uni-pannon.hu\/hu\/wp-json\/wp\/v2\/media\/2697"}],"wp:attachment":[{"href":"https:\/\/shop.uni-pannon.hu\/hu\/wp-json\/wp\/v2\/media?parent=2671"}],"wp:term":[{"taxonomy":"product_brand","embeddable":true,"href":"https:\/\/shop.uni-pannon.hu\/hu\/wp-json\/wp\/v2\/product_brand?post=2671"},{"taxonomy":"product_cat","embeddable":true,"href":"https:\/\/shop.uni-pannon.hu\/hu\/wp-json\/wp\/v2\/product_cat?post=2671"},{"taxonomy":"product_tag","embeddable":true,"href":"https:\/\/shop.uni-pannon.hu\/hu\/wp-json\/wp\/v2\/product_tag?post=2671"}],"curies":[{"name":"wp","href":"https:\/\/api.w.org\/{rel}","templated":true}]}}