{"id":2670,"date":"2025-10-02T13:36:28","date_gmt":"2025-10-02T12:36:28","guid":{"rendered":"https:\/\/shop.uni-pannon.hu\/?post_type=product&#038;p=2670"},"modified":"2025-12-03T11:48:20","modified_gmt":"2025-12-03T10:48:20","slug":"digitalis-es-korforgasos-gazdasag","status":"publish","type":"product","link":"https:\/\/shop.uni-pannon.hu\/hu\/termek\/digitalis-es-korforgasos-gazdasag\/","title":{"rendered":"Digit\u00e1lis \u00e9s k\u00f6rforg\u00e1sos gazdas\u00e1g"},"content":{"rendered":"<p><strong>Szakmai kompetenci\u00e1k<\/strong><\/p>\n\n\n\n<p>A k\u00e9pz\u00e9s c\u00e9lja, hogy a r\u00e9sztvev\u0151k k\u00e9pesek legyenek hat\u00e9konyan \u00f6tv\u00f6zni a digit\u00e1lis innov\u00e1ci\u00f3t a k\u00f6rforg\u00e1sos gazdas\u00e1g alapelveivel, \u00e9s \u00edgy hozz\u00e1j\u00e1ruljanak egy fenntarthat\u00f3bb j\u00f6v\u0151 \u00e9p\u00edt\u00e9s\u00e9hez.<\/p>\n\n\n\n<p>A k\u00e9pz\u00e9s sor\u00e1n a r\u00e9sztvev\u0151k:<\/p>\n\n\n\n<ul class=\"wp-block-list\">\n<li>Meg\u00e9rtik a k\u00f6rforg\u00e1sos gazdas\u00e1g alapelveit, \u00e9s k\u00e9pesek lesznek azokat a gyakorlatban alkalmazni,<\/li>\n\n\n\n<li>Elsaj\u00e1t\u00edtj\u00e1k a modern ipari IT megold\u00e1sok (pl. IoT, digital twin, okosgy\u00e1rt\u00e1s) haszn\u00e1lat\u00e1t,<\/li>\n\n\n\n<li>Fejlesztik a fenntarthat\u00f3 energiagazd\u00e1lkod\u00e1si k\u00e9szs\u00e9geiket, k\u00fcl\u00f6n\u00f6s tekintettel a k\u00f6rforg\u00e1sos szeml\u00e9let\u0171 rendszerekre,<\/li>\n\n\n\n<li>K\u00e9pess\u00e9 v\u00e1lnak innovat\u00edv projektek tervez\u00e9s\u00e9re \u00e9s megval\u00f3s\u00edt\u00e1s\u00e1ra, amelyek a digit\u00e1lis technol\u00f3gi\u00e1kat fenntarthat\u00f3s\u00e1gi c\u00e9lokkal kapcsolj\u00e1k \u00f6ssze,<\/li>\n\n\n\n<li>Strat\u00e9giai gondolkod\u00e1sm\u00f3dot alak\u00edtanak ki a hossz\u00fa t\u00e1v\u00fa, fenntarthat\u00f3 gazdas\u00e1gi m\u0171k\u00f6d\u00e9s \u00e9rdek\u00e9ben.<\/li>\n<\/ul>\n\n\n\n<p>Kiknek aj\u00e1nljuk:<\/p>\n\n\n\n<p>A k\u00e9pz\u00e9st aj\u00e1nljuk: <\/p>\n\n\n\n<p>D\u00f6nt\u00e9shoz\u00f3knak, vezet\u0151knek, valamint a t\u00e9mak\u00f6rben \u00e9rintett olyan szakembereknek, akik szeretn\u00e9k magabiztos tud\u00e1st szerezni a t\u00e9mak\u00f6rben, azokat a mindennapi gyakorlatba, saj\u00e1t ter\u00fclet\u00fckre \u00e1t\u00fcltetni.<\/p>\n\n\n\n<p>A k\u00e9pz\u00e9s tematik\u00e1ja:<\/p>\n\n\n\n<p><strong>1. K\u00f6rforg\u00e1sos gazdas\u00e1g <\/strong>(T\u00e1rgyk\u00f3d: GTAGM344KG\u2013 4 kredit)<\/p>\n\n\n\n<p><strong>2. Modern ipari IT megold\u00e1sok <\/strong>(T\u00e1rgyk\u00f3d: MIAIM213I\u2013 3 kredit)<\/p>\n\n\n\n<p><strong>3. K\u00f6rforg\u00e1sos szeml\u00e9let\u0171 energiagazd\u00e1lkod\u00e1s <\/strong>(T\u00e1rgyk\u00f3d: MKSET345K \u2013 5 kredit)<\/p>\n\n\n\n<p>A k\u00e9pz\u00e9s el\u0151felt\u00e9tele:<\/p>\n\n\n\n<p>\u00c9retts\u00e9gi v\u00e9gzetts\u00e9g.<\/p>\n\n\n\n<p><\/p>","protected":false},"excerpt":{"rendered":"<p>Szakmai kompetenci\u00e1k A k\u00e9pz\u00e9s c\u00e9lja, hogy a r\u00e9sztvev\u0151k k\u00e9pesek legyenek hat\u00e9konyan \u00f6tv\u00f6zni a digit\u00e1lis innov\u00e1ci\u00f3t a k\u00f6rforg\u00e1sos gazdas\u00e1g alapelveivel, \u00e9s \u00edgy hozz\u00e1j\u00e1ruljanak egy fenntarthat\u00f3bb j\u00f6v\u0151 \u00e9p\u00edt\u00e9s\u00e9hez. A k\u00e9pz\u00e9s sor\u00e1n a r\u00e9sztvev\u0151k: Kiknek aj\u00e1nljuk: A k\u00e9pz\u00e9st aj\u00e1nljuk: D\u00f6nt\u00e9shoz\u00f3knak, vezet\u0151knek, valamint a t\u00e9mak\u00f6rben \u00e9rintett olyan szakembereknek, akik szeretn\u00e9k magabiztos tud\u00e1st szerezni a t\u00e9mak\u00f6rben, azokat a mindennapi gyakorlatba, [&hellip;]<\/p>\n","protected":false},"featured_media":2698,"template":"","meta":{"_acf_changed":true},"product_brand":[],"product_cat":[62,75,68,72,46],"product_tag":[64],"class_list":{"0":"post-2670","1":"product","2":"type-product","3":"status-publish","4":"has-post-thumbnail","6":"product_cat-adomentes","7":"product_cat-business-and-economy","8":"product_cat-hungarian","9":"product_cat-micro-credential-programs","10":"product_cat-university-of-pannonia-nagykanizsa","11":"product_tag-hybrid","13":"first","14":"instock","15":"virtual","16":"sold-individually","17":"purchasable","18":"product-type-simple"},"acf":[],"_links":{"self":[{"href":"https:\/\/shop.uni-pannon.hu\/hu\/wp-json\/wp\/v2\/product\/2670","targetHints":{"allow":["GET"]}}],"collection":[{"href":"https:\/\/shop.uni-pannon.hu\/hu\/wp-json\/wp\/v2\/product"}],"about":[{"href":"https:\/\/shop.uni-pannon.hu\/hu\/wp-json\/wp\/v2\/types\/product"}],"wp:featuredmedia":[{"embeddable":true,"href":"https:\/\/shop.uni-pannon.hu\/hu\/wp-json\/wp\/v2\/media\/2698"}],"wp:attachment":[{"href":"https:\/\/shop.uni-pannon.hu\/hu\/wp-json\/wp\/v2\/media?parent=2670"}],"wp:term":[{"taxonomy":"product_brand","embeddable":true,"href":"https:\/\/shop.uni-pannon.hu\/hu\/wp-json\/wp\/v2\/product_brand?post=2670"},{"taxonomy":"product_cat","embeddable":true,"href":"https:\/\/shop.uni-pannon.hu\/hu\/wp-json\/wp\/v2\/product_cat?post=2670"},{"taxonomy":"product_tag","embeddable":true,"href":"https:\/\/shop.uni-pannon.hu\/hu\/wp-json\/wp\/v2\/product_tag?post=2670"}],"curies":[{"name":"wp","href":"https:\/\/api.w.org\/{rel}","templated":true}]}}