{"id":2664,"date":"2025-10-02T13:30:31","date_gmt":"2025-10-02T12:30:31","guid":{"rendered":"https:\/\/shop.uni-pannon.hu\/?post_type=product&#038;p=2664"},"modified":"2026-03-31T13:56:18","modified_gmt":"2026-03-31T12:56:18","slug":"digitalis-gyartas-es-modern-termelesi-rendszerek","status":"publish","type":"product","link":"https:\/\/shop.uni-pannon.hu\/hu\/termek\/digitalis-gyartas-es-modern-termelesi-rendszerek\/","title":{"rendered":"Digit\u00e1lis gy\u00e1rt\u00e1s \u00e9s modern termel\u00e9si rendszerek"},"content":{"rendered":"<p><strong>Szakmai kompetenci\u00e1k<\/strong><\/p>\n\n\n\n<ul class=\"wp-block-list\">\n<li>Gy\u00e1rt\u00e1stervez\u00e9si alapismeretek: a digit\u00e1lis gy\u00e1rt\u00e1si folyamatok meg\u00e9rt\u00e9se \u00e9s modellez\u00e9se,<\/li>\n\n\n\n<li>Folyamatoptimaliz\u00e1l\u00e1s: termel\u00e9si hat\u00e9konys\u00e1g \u00e9s er\u0151forr\u00e1s-kihaszn\u00e1l\u00e1s jav\u00edt\u00e1sa,<\/li>\n\n\n\n<li>Digit\u00e1lis gy\u00e1rt\u00f3rendszerek kezel\u00e9se: rugalmas, h\u00e1l\u00f3zatba k\u00f6t\u00f6tt gy\u00e1rt\u00e1si megold\u00e1sok alkalmaz\u00e1sa,<\/li>\n\n\n\n<li>Modern technol\u00f3gi\u00e1k alkalmaz\u00e1sa: ipar 4.0, IoT \u00e9s szenzoralap\u00fa termel\u00e9si rendszerek megismer\u00e9se,<\/li>\n\n\n\n<li>Probl\u00e9mamegold\u00f3 k\u00e9szs\u00e9g: termel\u00e9si probl\u00e9m\u00e1k azonos\u00edt\u00e1sa \u00e9s innovat\u00edv megold\u00e1sok kidolgoz\u00e1sa.<\/li>\n<\/ul>\n\n\n\n<p>Kiknek aj\u00e1nljuk:<\/p>\n\n\n\n<p>A k\u00e9pz\u00e9s ide\u00e1lis v\u00e1laszt\u00e1s mindazoknak, akik a j\u00f6v\u0151 ipar\u00e1nak kulcster\u00fcletein szeretn\u00e9nek naprak\u00e9sz tud\u00e1st szerezni.<\/p>\n\n\n\n<p>A kurzus elv\u00e9gz\u00e9s\u00e9vel megszerezhet\u0151 15 kredit besz\u00e1m\u00edthat\u00f3 a G\u00e9p\u00e9szm\u00e9rn\u00f6k BSc alapszakba.<\/p>\n\n\n\n<p>A k\u00e9pz\u00e9s tematik\u00e1ja:<\/p>\n\n\n\n<p><strong>1. Gy\u00e1rt\u00e1stervez\u00e9s <\/strong>(T\u00e1rgyk\u00f3d: VEMKGEB256GY \u2013 6 kredit)<\/p>\n\n\n\n<p><strong>2. Digit\u00e1lis gy\u00e1rt\u00e1s \u00e9s rugalmas gy\u00e1rt\u00f3rendszerek <\/strong>(T\u00e1rgyk\u00f3d: VEMKGEB279DR \u2013 9 kredit)<\/p>\n\n\n\n<p>A k\u00e9pz\u00e9s el\u0151felt\u00e9tele:<\/p>\n\n\n\n<p>\u00c9retts\u00e9gi v\u00e9gzetts\u00e9g.<\/p>\n\n\n\n<p><\/p>","protected":false},"excerpt":{"rendered":"<p>Szakmai kompetenci\u00e1k Kiknek aj\u00e1nljuk: A k\u00e9pz\u00e9s ide\u00e1lis v\u00e1laszt\u00e1s mindazoknak, akik a j\u00f6v\u0151 ipar\u00e1nak kulcster\u00fcletein szeretn\u00e9nek naprak\u00e9sz tud\u00e1st szerezni. A kurzus elv\u00e9gz\u00e9s\u00e9vel megszerezhet\u0151 15 kredit besz\u00e1m\u00edthat\u00f3 a G\u00e9p\u00e9szm\u00e9rn\u00f6k BSc alapszakba. A k\u00e9pz\u00e9s tematik\u00e1ja: 1. Gy\u00e1rt\u00e1stervez\u00e9s (T\u00e1rgyk\u00f3d: VEMKGEB256GY \u2013 6 kredit) 2. Digit\u00e1lis gy\u00e1rt\u00e1s \u00e9s rugalmas gy\u00e1rt\u00f3rendszerek (T\u00e1rgyk\u00f3d: VEMKGEB279DR \u2013 9 kredit) A k\u00e9pz\u00e9s el\u0151felt\u00e9tele: \u00c9retts\u00e9gi v\u00e9gzetts\u00e9g.<\/p>","protected":false},"featured_media":2705,"template":"","meta":{"_acf_changed":true},"product_brand":[],"product_cat":[62,45,68,63,72,73],"product_tag":[66],"class_list":{"0":"post-2664","1":"product","2":"type-product","3":"status-publish","4":"has-post-thumbnail","6":"product_cat-adomentes","7":"product_cat-faculty-of-engineering","8":"product_cat-hungarian","9":"product_cat-in-person","10":"product_cat-micro-credential-programs","11":"product_cat-science-and-technology","12":"product_tag-in-person","14":"first","15":"instock","16":"virtual","17":"sold-individually","18":"purchasable","19":"product-type-simple"},"acf":[],"_links":{"self":[{"href":"https:\/\/shop.uni-pannon.hu\/hu\/wp-json\/wp\/v2\/product\/2664","targetHints":{"allow":["GET"]}}],"collection":[{"href":"https:\/\/shop.uni-pannon.hu\/hu\/wp-json\/wp\/v2\/product"}],"about":[{"href":"https:\/\/shop.uni-pannon.hu\/hu\/wp-json\/wp\/v2\/types\/product"}],"wp:featuredmedia":[{"embeddable":true,"href":"https:\/\/shop.uni-pannon.hu\/hu\/wp-json\/wp\/v2\/media\/2705"}],"wp:attachment":[{"href":"https:\/\/shop.uni-pannon.hu\/hu\/wp-json\/wp\/v2\/media?parent=2664"}],"wp:term":[{"taxonomy":"product_brand","embeddable":true,"href":"https:\/\/shop.uni-pannon.hu\/hu\/wp-json\/wp\/v2\/product_brand?post=2664"},{"taxonomy":"product_cat","embeddable":true,"href":"https:\/\/shop.uni-pannon.hu\/hu\/wp-json\/wp\/v2\/product_cat?post=2664"},{"taxonomy":"product_tag","embeddable":true,"href":"https:\/\/shop.uni-pannon.hu\/hu\/wp-json\/wp\/v2\/product_tag?post=2664"}],"curies":[{"name":"wp","href":"https:\/\/api.w.org\/{rel}","templated":true}]}}