{"id":2663,"date":"2025-10-02T13:29:56","date_gmt":"2025-10-02T12:29:56","guid":{"rendered":"https:\/\/shop.uni-pannon.hu\/?post_type=product&#038;p=2663"},"modified":"2026-03-31T14:06:18","modified_gmt":"2026-03-31T13:06:18","slug":"sikeres-penzugyi-elet","status":"publish","type":"product","link":"https:\/\/shop.uni-pannon.hu\/hu\/termek\/sikeres-penzugyi-elet\/","title":{"rendered":"Sikeres p\u00e9nz\u00fcgyi \u00e9let"},"content":{"rendered":"<p><strong>Szakmai kompetenci\u00e1k<\/strong><\/p>\n\n\n\n<p>A k\u00e9pz\u00e9s sor\u00e1n a r\u00e9sztvev\u0151k:<\/p>\n\n\n\n<ul class=\"wp-block-list\">\n<li>Megtanulj\u00e1k a v\u00e1llalati \u00e9s szem\u00e9lyes p\u00e9nz\u00fcgyek alapjait,<\/li>\n\n\n\n<li>K\u00e9pesek lesznek \u00f6n\u00e1ll\u00f3an p\u00e9nz\u00fcgyi sz\u00e1m\u00edt\u00e1sokat v\u00e9gezni (hitel, befektet\u00e9s, megtakar\u00edt\u00e1s),<\/li>\n\n\n\n<li>Megismerik a p\u00e9nz\u00fcgyi piacok elemz\u00e9s\u00e9nek m\u00f3dszereit,<\/li>\n\n\n\n<li>Tudatos p\u00e9nz\u00fcgyi d\u00f6nt\u00e9shozatali k\u00e9szs\u00e9geket alak\u00edtanak ki,<\/li>\n\n\n\n<li>Elsaj\u00e1t\u00edtj\u00e1k a p\u00e9nz\u00fcgyi tervez\u00e9s \u00e9s kock\u00e1zatkezel\u00e9s alapjait.<\/li>\n<\/ul>\n\n\n\n<p>Kiknek aj\u00e1nljuk:<\/p>\n\n\n\n<p>A k\u00e9pz\u00e9st aj\u00e1nljuk:<\/p>\n\n\n\n<ul class=\"wp-block-list\">\n<li>fiatal feln\u0151tteknek, akik szeretn\u00e9nek tudatosabban gazd\u00e1lkodni a p\u00e9nz\u00fckkel,<\/li>\n\n\n\n<li>p\u00e1lyakezd\u0151knek \u00e9s v\u00e1llalkoz\u00f3knak, akiknek fontos a p\u00e9nz\u00fcgyi d\u00f6nt\u00e9sek megalapoz\u00e1sa,<\/li>\n\n\n\n<li>mindazoknak, akik szeretn\u00e9k jobban meg\u00e9rteni a p\u00e9nz\u00fcgyi piacokat \u00e9s hat\u00e9konyabb\u00e1 tenni a mindennapi p\u00e9nz\u00fcgyi d\u00f6nt\u00e9seiket.<\/li>\n<\/ul>\n\n\n\n<p>A k\u00e9pz\u00e9s tematik\u00e1ja:<\/p>\n\n\n\n<p><strong>1. V\u00e1llalati p\u00e9nz\u00fcgyek I. <\/strong>(T\u00e1rgyk\u00f3d: VEGTPTB212P\u2013 3 kredit)<\/p>\n\n\n\n<p><strong>2. Gyakorlati p\u00e9nz\u00fcgyi sz\u00e1m\u00edt\u00e1sok <\/strong>(T\u00e1rgyk\u00f3d: VEGTPTB222G\u2013 3 kredit)<\/p>\n\n\n\n<p>A k\u00e9pz\u00e9s el\u0151felt\u00e9tele:<\/p>\n\n\n\n<p>\u00c9retts\u00e9gi v\u00e9gzetts\u00e9g.<\/p>","protected":false},"excerpt":{"rendered":"<p>Szakmai kompetenci\u00e1k A k\u00e9pz\u00e9s sor\u00e1n a r\u00e9sztvev\u0151k: Kiknek aj\u00e1nljuk: A k\u00e9pz\u00e9st aj\u00e1nljuk: A k\u00e9pz\u00e9s tematik\u00e1ja: 1. V\u00e1llalati p\u00e9nz\u00fcgyek I. (T\u00e1rgyk\u00f3d: VEGTPTB212P\u2013 3 kredit) 2. Gyakorlati p\u00e9nz\u00fcgyi sz\u00e1m\u00edt\u00e1sok (T\u00e1rgyk\u00f3d: VEGTPTB222G\u2013 3 kredit) A k\u00e9pz\u00e9s el\u0151felt\u00e9tele: \u00c9retts\u00e9gi v\u00e9gzetts\u00e9g.<\/p>","protected":false},"featured_media":2708,"template":"","meta":{"_acf_changed":true},"product_brand":[],"product_cat":[62,75,68,72,47],"product_tag":[64],"class_list":{"0":"post-2663","1":"product","2":"type-product","3":"status-publish","4":"has-post-thumbnail","6":"product_cat-adomentes","7":"product_cat-business-and-economy","8":"product_cat-hungarian","9":"product_cat-micro-credential-programs","10":"product_cat-zalaegerszeg-university-center","11":"product_tag-hybrid","13":"first","14":"instock","15":"virtual","16":"sold-individually","17":"purchasable","18":"product-type-simple"},"acf":[],"_links":{"self":[{"href":"https:\/\/shop.uni-pannon.hu\/hu\/wp-json\/wp\/v2\/product\/2663","targetHints":{"allow":["GET"]}}],"collection":[{"href":"https:\/\/shop.uni-pannon.hu\/hu\/wp-json\/wp\/v2\/product"}],"about":[{"href":"https:\/\/shop.uni-pannon.hu\/hu\/wp-json\/wp\/v2\/types\/product"}],"wp:featuredmedia":[{"embeddable":true,"href":"https:\/\/shop.uni-pannon.hu\/hu\/wp-json\/wp\/v2\/media\/2708"}],"wp:attachment":[{"href":"https:\/\/shop.uni-pannon.hu\/hu\/wp-json\/wp\/v2\/media?parent=2663"}],"wp:term":[{"taxonomy":"product_brand","embeddable":true,"href":"https:\/\/shop.uni-pannon.hu\/hu\/wp-json\/wp\/v2\/product_brand?post=2663"},{"taxonomy":"product_cat","embeddable":true,"href":"https:\/\/shop.uni-pannon.hu\/hu\/wp-json\/wp\/v2\/product_cat?post=2663"},{"taxonomy":"product_tag","embeddable":true,"href":"https:\/\/shop.uni-pannon.hu\/hu\/wp-json\/wp\/v2\/product_tag?post=2663"}],"curies":[{"name":"wp","href":"https:\/\/api.w.org\/{rel}","templated":true}]}}