{"id":2661,"date":"2025-10-02T13:29:02","date_gmt":"2025-10-02T12:29:02","guid":{"rendered":"https:\/\/shop.uni-pannon.hu\/?post_type=product&#038;p=2661"},"modified":"2026-02-09T13:36:50","modified_gmt":"2026-02-09T12:36:50","slug":"adatbazis-kezeles","status":"publish","type":"product","link":"https:\/\/shop.uni-pannon.hu\/hu\/termek\/adatbazis-kezeles\/","title":{"rendered":"Adatb\u00e1zis-kezel\u00e9s"},"content":{"rendered":"<p><strong>Szakmai kompetenci\u00e1k<\/strong><\/p>\n\n\n\n<ul class=\"wp-block-list\">\n<li>Rekord-orient\u00e1lt adatmodellez\u00e9s \u00e9s \u00f6sszetett lek\u00e9rdez\u00e9sek k\u00e9sz\u00edt\u00e9se<\/li>\n\n\n\n<li>T-SQL programoz\u00e1s: scriptek, hibakezel\u00e9s, \u00fczleti folyamatok t\u00e1mogat\u00e1sa<\/li>\n\n\n\n<li>Kurzorok, t\u00e1rolt elj\u00e1r\u00e1sok \u00e9s f\u00fcggv\u00e9nyek alkalmaz\u00e1sa a gyakorlatban<\/li>\n\n\n\n<li>Tranzakci\u00f3kezel\u00e9s, replik\u00e1ci\u00f3s technik\u00e1k \u00e9s migr\u00e1ci\u00f3 felh\u0151be<\/li>\n\n\n\n<li>Adatmin\u0151s\u00e9g-szolg\u00e1ltat\u00e1sok \u00e9s particion\u00e1l\u00e1si megold\u00e1sok<\/li>\n\n\n\n<li>Felh\u0151- \u00e9s in-memory adatb\u00e1zisok (SQL Server, Redis, Firestore)<\/li>\n\n\n\n<li>Gr\u00e1f- \u00e9s elosztott adatb\u00e1zisok (Neo4j, YugabyteDB)<\/li>\n<\/ul>\n\n\n\n<p>Kiknek aj\u00e1nljuk:<\/p>\n\n\n\n<p>Mindazoknak, akik naprak\u00e9sz tud\u00e1st szeretn\u00e9nek szerezni az adatmodellez\u00e9s, a tranzakci\u00f3kezel\u00e9s \u00e9s az elosztott rendszerek ter\u00fclet\u00e9n.<\/p>\n\n\n\n<p>A k\u00e9pz\u00e9s tematik\u00e1ja:<\/p>\n\n\n\n<p><strong>1. Adatb\u00e1zis-kezel\u0151 rendszerek II.<\/strong> (T\u00e1rgyk\u00f3d: VEMIVIB233FA \u2013 3 kredit)<\/p>\n\n\n\n<p><strong>2. Halad\u00f3 adatb\u00e1zis-kezel\u0151 rendszerek<\/strong> (T\u00e1rgyk\u00f3d: VEMIVIM246H \u2013 6 kredit)<\/p>\n\n\n\n<p>A k\u00e9pz\u00e9s el\u0151felt\u00e9tele:<\/p>\n\n\n\n<p>\u00c9retts\u00e9gi v\u00e9gzetts\u00e9g.<\/p>\n\n\n\n<p><\/p>","protected":false},"excerpt":{"rendered":"<p>Szakmai kompetenci\u00e1k Kiknek aj\u00e1nljuk: Mindazoknak, akik naprak\u00e9sz tud\u00e1st szeretn\u00e9nek szerezni az adatmodellez\u00e9s, a tranzakci\u00f3kezel\u00e9s \u00e9s az elosztott rendszerek ter\u00fclet\u00e9n. A k\u00e9pz\u00e9s tematik\u00e1ja: 1. Adatb\u00e1zis-kezel\u0151 rendszerek II. (T\u00e1rgyk\u00f3d: VEMIVIB233FA \u2013 3 kredit) 2. Halad\u00f3 adatb\u00e1zis-kezel\u0151 rendszerek (T\u00e1rgyk\u00f3d: VEMIVIM246H \u2013 6 kredit) A k\u00e9pz\u00e9s el\u0151felt\u00e9tele: \u00c9retts\u00e9gi v\u00e9gzetts\u00e9g.<\/p>","protected":false},"featured_media":2721,"template":"","meta":{"_acf_changed":true},"product_brand":[],"product_cat":[62,44,68,72,73],"product_tag":[64],"class_list":{"0":"post-2661","1":"product","2":"type-product","3":"status-publish","4":"has-post-thumbnail","6":"product_cat-adomentes","7":"product_cat-faculty-of-information-technology","8":"product_cat-hungarian","9":"product_cat-micro-credential-programs","10":"product_cat-science-and-technology","11":"product_tag-hybrid","13":"first","14":"instock","15":"virtual","16":"sold-individually","17":"purchasable","18":"product-type-simple"},"acf":[],"_links":{"self":[{"href":"https:\/\/shop.uni-pannon.hu\/hu\/wp-json\/wp\/v2\/product\/2661","targetHints":{"allow":["GET"]}}],"collection":[{"href":"https:\/\/shop.uni-pannon.hu\/hu\/wp-json\/wp\/v2\/product"}],"about":[{"href":"https:\/\/shop.uni-pannon.hu\/hu\/wp-json\/wp\/v2\/types\/product"}],"wp:featuredmedia":[{"embeddable":true,"href":"https:\/\/shop.uni-pannon.hu\/hu\/wp-json\/wp\/v2\/media\/2721"}],"wp:attachment":[{"href":"https:\/\/shop.uni-pannon.hu\/hu\/wp-json\/wp\/v2\/media?parent=2661"}],"wp:term":[{"taxonomy":"product_brand","embeddable":true,"href":"https:\/\/shop.uni-pannon.hu\/hu\/wp-json\/wp\/v2\/product_brand?post=2661"},{"taxonomy":"product_cat","embeddable":true,"href":"https:\/\/shop.uni-pannon.hu\/hu\/wp-json\/wp\/v2\/product_cat?post=2661"},{"taxonomy":"product_tag","embeddable":true,"href":"https:\/\/shop.uni-pannon.hu\/hu\/wp-json\/wp\/v2\/product_tag?post=2661"}],"curies":[{"name":"wp","href":"https:\/\/api.w.org\/{rel}","templated":true}]}}