{"id":2658,"date":"2025-10-02T13:24:02","date_gmt":"2025-10-02T12:24:02","guid":{"rendered":"https:\/\/shop.uni-pannon.hu\/?post_type=product&#038;p=2658"},"modified":"2026-03-31T13:57:25","modified_gmt":"2026-03-31T12:57:25","slug":"nuklearis-technologiak-es-sugarvedelem","status":"publish","type":"product","link":"https:\/\/shop.uni-pannon.hu\/hu\/termek\/nuklearis-technologiak-es-sugarvedelem\/","title":{"rendered":"Nukle\u00e1ris technol\u00f3gi\u00e1k \u00e9s sug\u00e1rv\u00e9delem"},"content":{"rendered":"<p><strong>Szakmai kompetenci\u00e1k<\/strong><\/p>\n\n\n\n<ul class=\"wp-block-list\">\n<li>Nukle\u00e1ris technol\u00f3gi\u00e1k ismerete: radioizot\u00f3pok el\u0151\u00e1ll\u00edt\u00e1sa \u00e9s felhaszn\u00e1l\u00e1sa az iparban \u00e9s az orvostudom\u00e1nyban,<\/li>\n\n\n\n<li>Sug\u00e1rv\u00e9delem alapjai: sug\u00e1rterhel\u00e9s m\u00e9r\u00e9se, kock\u00e1zatbecsl\u00e9s \u00e9s v\u00e9delmi strat\u00e9gi\u00e1k,<\/li>\n\n\n\n<li>Dozimetria gyakorlati alkalmaz\u00e1sa: sug\u00e1rd\u00f3zisok nyomon k\u00f6vet\u00e9se \u00e9s \u00e9rtelmez\u00e9se,<\/li>\n\n\n\n<li>Nukle\u00e1ris balesetek tanuls\u00e1gai: esettanulm\u00e1nyok \u00e9s gyakorlati k\u00f6vetkeztet\u00e9sek,<\/li>\n\n\n\n<li>Atomenergetika meg\u00e9rt\u00e9se: reaktorok m\u0171k\u00f6d\u00e9si alapelvei \u00e9s aktu\u00e1lis biztons\u00e1gi k\u00e9rd\u00e9sek,<\/li>\n\n\n\n<li>Probl\u00e9mamegold\u00f3 k\u00e9szs\u00e9g: nukle\u00e1ris technol\u00f3gi\u00e1khoz kapcsol\u00f3d\u00f3 komplex szitu\u00e1ci\u00f3k elemz\u00e9se.<\/li>\n<\/ul>\n\n\n\n<p>Kiknek aj\u00e1nljuk:<\/p>\n\n\n\n<p>A k\u00e9pz\u00e9s ide\u00e1lis v\u00e1laszt\u00e1s azoknak, akik a nukle\u00e1ris ipar, a kutat\u00e1s vagy a k\u00f6rnyezetbiztons\u00e1g ter\u00fclet\u00e9n szeretn\u00e9nek naprak\u00e9sz ismereteket szerezni. <\/p>\n\n\n\n<p>A kurzus elv\u00e9gz\u00e9s\u00e9vel megszerezhet\u0151 12 kredit besz\u00e1m\u00edthat\u00f3 a Vegy\u00e9szm\u00e9rn\u00f6k MSc mesterszakba.<\/p>\n\n\n\n<p>A k\u00e9pz\u00e9s tematik\u00e1ja:<\/p>\n\n\n\n<p><strong>1. Radioizot\u00f3p alkalmaz\u00e1sok <\/strong>(T\u00e1rgyk\u00f3d: VEMKRKB113RI \u2013 3 kredit)<\/p>\n\n\n\n<p><strong>2. Sugaras \u00e9s nukle\u00e1ris balesetek tapasztalatai<\/strong> (T\u00e1rgyk\u00f3d: VEMKRAM223NB \u2013 3 kredit)<\/p>\n\n\n\n<p><strong>3. Dozimetria \u00e9s sug\u00e1rv\u00e9delem <\/strong>(T\u00e1rgyk\u00f3d: VEMKRKB213DS \u2013 3 kredit)<\/p>\n\n\n\n<p><strong>4. Atomenergetika <\/strong>(T\u00e1rgyk\u00f3d: VEMKRKM313AE\u2013 3 kredit)<\/p>\n\n\n\n<p><\/p>\n\n\n\n<p>A k\u00e9pz\u00e9s el\u0151felt\u00e9tele:<\/p>\n\n\n\n<p>\u00c9retts\u00e9gi v\u00e9gzetts\u00e9g.<\/p>\n\n\n\n<p><\/p>","protected":false},"excerpt":{"rendered":"<p>Szakmai kompetenci\u00e1k Kiknek aj\u00e1nljuk: A k\u00e9pz\u00e9s ide\u00e1lis v\u00e1laszt\u00e1s azoknak, akik a nukle\u00e1ris ipar, a kutat\u00e1s vagy a k\u00f6rnyezetbiztons\u00e1g ter\u00fclet\u00e9n szeretn\u00e9nek naprak\u00e9sz ismereteket szerezni. A kurzus elv\u00e9gz\u00e9s\u00e9vel megszerezhet\u0151 12 kredit besz\u00e1m\u00edthat\u00f3 a Vegy\u00e9szm\u00e9rn\u00f6k MSc mesterszakba. A k\u00e9pz\u00e9s tematik\u00e1ja: 1. Radioizot\u00f3p alkalmaz\u00e1sok (T\u00e1rgyk\u00f3d: VEMKRKB113RI \u2013 3 kredit) 2. Sugaras \u00e9s nukle\u00e1ris balesetek tapasztalatai (T\u00e1rgyk\u00f3d: VEMKRAM223NB \u2013 3 [&hellip;]<\/p>\n","protected":false},"featured_media":2711,"template":"","meta":{"_acf_changed":true},"product_brand":[],"product_cat":[62,45,68,63,72,73],"product_tag":[66],"class_list":{"0":"post-2658","1":"product","2":"type-product","3":"status-publish","4":"has-post-thumbnail","6":"product_cat-adomentes","7":"product_cat-faculty-of-engineering","8":"product_cat-hungarian","9":"product_cat-in-person","10":"product_cat-micro-credential-programs","11":"product_cat-science-and-technology","12":"product_tag-in-person","14":"first","15":"instock","16":"virtual","17":"sold-individually","18":"purchasable","19":"product-type-simple"},"acf":[],"_links":{"self":[{"href":"https:\/\/shop.uni-pannon.hu\/hu\/wp-json\/wp\/v2\/product\/2658","targetHints":{"allow":["GET"]}}],"collection":[{"href":"https:\/\/shop.uni-pannon.hu\/hu\/wp-json\/wp\/v2\/product"}],"about":[{"href":"https:\/\/shop.uni-pannon.hu\/hu\/wp-json\/wp\/v2\/types\/product"}],"wp:featuredmedia":[{"embeddable":true,"href":"https:\/\/shop.uni-pannon.hu\/hu\/wp-json\/wp\/v2\/media\/2711"}],"wp:attachment":[{"href":"https:\/\/shop.uni-pannon.hu\/hu\/wp-json\/wp\/v2\/media?parent=2658"}],"wp:term":[{"taxonomy":"product_brand","embeddable":true,"href":"https:\/\/shop.uni-pannon.hu\/hu\/wp-json\/wp\/v2\/product_brand?post=2658"},{"taxonomy":"product_cat","embeddable":true,"href":"https:\/\/shop.uni-pannon.hu\/hu\/wp-json\/wp\/v2\/product_cat?post=2658"},{"taxonomy":"product_tag","embeddable":true,"href":"https:\/\/shop.uni-pannon.hu\/hu\/wp-json\/wp\/v2\/product_tag?post=2658"}],"curies":[{"name":"wp","href":"https:\/\/api.w.org\/{rel}","templated":true}]}}