{"id":2600,"date":"2025-09-01T08:22:07","date_gmt":"2025-09-01T07:22:07","guid":{"rendered":"https:\/\/shop.uni-pannon.hu\/?post_type=product&#038;p=2600"},"modified":"2026-03-31T14:04:24","modified_gmt":"2026-03-31T13:04:24","slug":"adattudomany-es-gepi-tanulas","status":"publish","type":"product","link":"https:\/\/shop.uni-pannon.hu\/hu\/termek\/adattudomany-es-gepi-tanulas\/","title":{"rendered":"Adattudom\u00e1ny \u00e9s g\u00e9pi tanul\u00e1s"},"content":{"rendered":"<p>A k\u00e9pz\u00e9s sor\u00e1n megszerezhet\u0151 kompetenci\u00e1k:<\/p>\n\n\n\n<ul class=\"wp-block-list\">\n<li><strong>Adattudom\u00e1nyi k\u00e9szs\u00e9gek: <\/strong>adatfeldolgoz\u00e1s, -t\u00e1rol\u00e1s, el\u0151feldolgoz\u00e1s modern eszk\u00f6z\u00f6k seg\u00edts\u00e9g\u00e9vel (Python, felh\u0151, GPU-programoz\u00e1s stb.)<\/li>\n\n\n\n<li><strong>G\u00e9pi tanul\u00e1si m\u00f3dszerek:<\/strong> fel\u00fcgyelt \u00e9s nem fel\u00fcgyelt tanul\u00e1s, m\u00e9lytanul\u00e1s, modell\u00e9p\u00edt\u00e9s, ki\u00e9rt\u00e9kel\u00e9s<\/li>\n\n\n\n<li><strong>Projektalap\u00fa gyakorlati alkalmaz\u00e1s: <\/strong>val\u00f3s ipari vagy kutat\u00e1si p\u00e9ld\u00e1k alapj\u00e1n<\/li>\n\n\n\n<li><strong>Analitikus gondolkod\u00e1s \u00e9s \u00f6n\u00e1ll\u00f3 probl\u00e9mamegold\u00e1s, <\/strong>valamint az \u00faj technol\u00f3gi\u00e1k adapt\u00e1l\u00e1s\u00e1nak k\u00e9pess\u00e9ge.<\/li>\n<\/ul>\n\n\n\n<p>Kiknek aj\u00e1nljuk:<\/p>\n\n\n\n<p>A k\u00e9pz\u00e9st aj\u00e1nljuk<\/p>\n\n\n\n<ul class=\"wp-block-list\">\n<li>informatikai, m\u00e9rn\u00f6ki vagy adattudom\u00e1ny ter\u00fcleten dolgoz\u00f3knak, akik szeretn\u00e9nek g\u00e9pi tanul\u00e1sban elm\u00e9ly\u00fclni,<\/li>\n\n\n\n<li>p\u00e1lyakezd\u0151knek vagy szakv\u00e1lt\u00f3knak, akik a Data Science ter\u00fclet\u00e9n akarnak elindulni,<\/li>\n\n\n\n<li>Mindenkinek, aki \u00e9rdekl\u0151dik az MI \u00e9s az adattudom\u00e1ny ir\u00e1nt.<\/li>\n<\/ul>\n\n\n\n<p>A kurzus elv\u00e9gz\u00e9s\u00e9vel megszerezhet\u0151 15 kredit besz\u00e1m\u00edthat\u00f3 a \u2019Mesters\u00e9ges intelligencia megold\u00e1sokat fejleszt\u0151 adat- \u00e9s rendszertudom\u00e1nyi szakm\u00e9rn\u00f6k\/ szakember\u2019 k\u00e9pz\u00e9sbe.<\/p>\n\n\n\n<p>A k\u00e9pz\u00e9s tematik\u00e1ja:<\/p>\n\n\n\n<p><strong>Adattudom\u00e1ny \u00e9s g\u00e9pi tanul\u00e1s <\/strong>(T\u00e1rgyk\u00f3d: VEMKFOT13XA \u2013 15 kredit)<\/p>\n\n\n\n<p>A k\u00e9pz\u00e9s el\u0151felt\u00e9tele:<\/p>\n\n\n\n<p>\u00c9retts\u00e9gi v\u00e9gzetts\u00e9g.<\/p>\n\n\n\n<p><\/p>","protected":false},"excerpt":{"rendered":"<p>A k\u00e9pz\u00e9s sor\u00e1n megszerezhet\u0151 kompetenci\u00e1k: Kiknek aj\u00e1nljuk: A k\u00e9pz\u00e9st aj\u00e1nljuk A kurzus elv\u00e9gz\u00e9s\u00e9vel megszerezhet\u0151 15 kredit besz\u00e1m\u00edthat\u00f3 a \u2019Mesters\u00e9ges intelligencia megold\u00e1sokat fejleszt\u0151 adat- \u00e9s rendszertudom\u00e1nyi szakm\u00e9rn\u00f6k\/ szakember\u2019 k\u00e9pz\u00e9sbe. A k\u00e9pz\u00e9s tematik\u00e1ja: Adattudom\u00e1ny \u00e9s g\u00e9pi tanul\u00e1s (T\u00e1rgyk\u00f3d: VEMKFOT13XA \u2013 15 kredit) A k\u00e9pz\u00e9s el\u0151felt\u00e9tele: \u00c9retts\u00e9gi v\u00e9gzetts\u00e9g.<\/p>","protected":false},"featured_media":2714,"template":"","meta":{"_acf_changed":true},"product_brand":[],"product_cat":[62,45,68,72,73],"product_tag":[60],"class_list":{"0":"post-2600","1":"product","2":"type-product","3":"status-publish","4":"has-post-thumbnail","6":"product_cat-adomentes","7":"product_cat-faculty-of-engineering","8":"product_cat-hungarian","9":"product_cat-micro-credential-programs","10":"product_cat-science-and-technology","11":"product_tag-online","13":"first","14":"instock","15":"virtual","16":"sold-individually","17":"purchasable","18":"product-type-simple"},"acf":[],"_links":{"self":[{"href":"https:\/\/shop.uni-pannon.hu\/hu\/wp-json\/wp\/v2\/product\/2600","targetHints":{"allow":["GET"]}}],"collection":[{"href":"https:\/\/shop.uni-pannon.hu\/hu\/wp-json\/wp\/v2\/product"}],"about":[{"href":"https:\/\/shop.uni-pannon.hu\/hu\/wp-json\/wp\/v2\/types\/product"}],"wp:featuredmedia":[{"embeddable":true,"href":"https:\/\/shop.uni-pannon.hu\/hu\/wp-json\/wp\/v2\/media\/2714"}],"wp:attachment":[{"href":"https:\/\/shop.uni-pannon.hu\/hu\/wp-json\/wp\/v2\/media?parent=2600"}],"wp:term":[{"taxonomy":"product_brand","embeddable":true,"href":"https:\/\/shop.uni-pannon.hu\/hu\/wp-json\/wp\/v2\/product_brand?post=2600"},{"taxonomy":"product_cat","embeddable":true,"href":"https:\/\/shop.uni-pannon.hu\/hu\/wp-json\/wp\/v2\/product_cat?post=2600"},{"taxonomy":"product_tag","embeddable":true,"href":"https:\/\/shop.uni-pannon.hu\/hu\/wp-json\/wp\/v2\/product_tag?post=2600"}],"curies":[{"name":"wp","href":"https:\/\/api.w.org\/{rel}","templated":true}]}}