{"id":2580,"date":"2025-08-14T12:44:25","date_gmt":"2025-08-14T11:44:25","guid":{"rendered":"https:\/\/shop.uni-pannon.hu\/?post_type=product&#038;p=2580"},"modified":"2026-02-16T15:28:57","modified_gmt":"2026-02-16T14:28:57","slug":"vallalatvezetes","status":"publish","type":"product","link":"https:\/\/shop.uni-pannon.hu\/hu\/termek\/vallalatvezetes\/","title":{"rendered":"V\u00e1llalatvezet\u00e9s"},"content":{"rendered":"<p>A k\u00e9pz\u00e9s elv\u00e9gz\u00e9se ut\u00e1n a r\u00e9sztvev\u0151k k\u00e9pesek lesznek \u00e1tfog\u00f3an felismerni, elemezni \u00e9s v\u00e9grehajtani vezet\u0151i feladatokat.<\/p>\n\n\n\n<p>Kiknek aj\u00e1nljuk:<\/p>\n\n\n\n<p>A k\u00e9pz\u00e9st jelenlegi \u00e9s leend\u0151 vezet\u0151k sz\u00e1m\u00e1ra aj\u00e1nljuk, akik k\u00fcl\u00f6n\u00f6sen fontosnak tartj\u00e1k a vezet\u0151i funkci\u00f3k elsaj\u00e1t\u00edt\u00e1s\u00e1t \u00e9s t\u00f6k\u00e9letes\u00edt\u00e9s\u00e9t gyakorlatias helyzetmegold\u00e1sokkal, bele\u00e9rtve d\u00f6nt\u00e9si helyzetekben a megfelel\u0151 d\u00f6nt\u00e9sek meghozatal\u00e1t, a motiv\u00e1l\u00e1st, a konfliktuskezel\u00e9st \u00e9s a v\u00e1ltoz\u00e1sok kezel\u00e9s\u00e9t.<\/p>\n\n\n\n<p>A k\u00e9pz\u00e9s tematik\u00e1ja:<\/p>\n\n\n\n<ul class=\"wp-block-list\">\n<li>A vezet\u0151i funkci\u00f3k mint a vezet\u00e9si tev\u00e9kenys\u00e9g \u00f6sszetev\u0151i<\/li>\n\n\n\n<li>Mai vezet\u00e9si ir\u00e1nyzatok<\/li>\n\n\n\n<li>Vezet\u00e9si st\u00edlus<\/li>\n\n\n\n<li>Vezet\u00e9si technik\u00e1k<\/li>\n\n\n\n<li>Management by Exception<\/li>\n\n\n\n<li>Management by Crisis<\/li>\n\n\n\n<li>A vezet\u00e9s tervez\u00e9si funkci\u00f3ja<\/li>\n\n\n\n<li>A vezet\u0151 d\u00f6nt\u00e9si funkci\u00f3ja<\/li>\n\n\n\n<li>A d\u00f6nt\u00e9si alapmodell<\/li>\n\n\n\n<li>A d\u00f6nt\u00e9s szerkezete<\/li>\n\n\n\n<li>Az ember mint d\u00f6nt\u00e9shoz\u00f3 korl\u00e1tai<\/li>\n\n\n\n<li>D\u00f6nt\u00e9si oszt\u00e1lyok, krit\u00e9riumok<\/li>\n\n\n\n<li>A d\u00f6nt\u00e9shozatal t\u00e1rsadalmi mot\u00edvumai<\/li>\n\n\n\n<li>Utilit\u00e1selm\u00e9let, t\u00f6bbt\u00e9nyez\u0151s d\u00f6nt\u00e9sek<\/li>\n\n\n\n<li>Motiv\u00e1l\u00e1s mint vezet\u0151i funkci\u00f3<\/li>\n\n\n\n<li>A motiv\u00e1ci\u00f3 tartalom- \u00e9s folyamatelm\u00e9letei<\/li>\n\n\n\n<li>Csoportalak\u00edt\u00e1s, hatalom a szervezetben<\/li>\n\n\n\n<li>A vezet\u0151 ellen\u0151rz\u00e9si funkci\u00f3ja<\/li>\n\n\n\n<li>Konfliktusok kezel\u00e9se<\/li>\n\n\n\n<li>V\u00e1ltoz\u00e1sok vezet\u00e9se<\/li>\n<\/ul>\n\n\n\n<p>A k\u00e9pz\u00e9s el\u0151felt\u00e9tele:<\/p>\n\n\n\n<p>Nem sz\u00fcks\u00e9ges el\u0151zetes k\u00e9pzetts\u00e9g.<\/p>\n\n\n\n<p><\/p>","protected":false},"excerpt":{"rendered":"<p>A k\u00e9pz\u00e9s elv\u00e9gz\u00e9se ut\u00e1n a r\u00e9sztvev\u0151k k\u00e9pesek lesznek \u00e1tfog\u00f3an felismerni, elemezni \u00e9s v\u00e9grehajtani vezet\u0151i feladatokat. Kiknek aj\u00e1nljuk: A k\u00e9pz\u00e9st jelenlegi \u00e9s leend\u0151 vezet\u0151k sz\u00e1m\u00e1ra aj\u00e1nljuk, akik k\u00fcl\u00f6n\u00f6sen fontosnak tartj\u00e1k a vezet\u0151i funkci\u00f3k elsaj\u00e1t\u00edt\u00e1s\u00e1t \u00e9s t\u00f6k\u00e9letes\u00edt\u00e9s\u00e9t gyakorlatias helyzetmegold\u00e1sokkal, bele\u00e9rtve d\u00f6nt\u00e9si helyzetekben a megfelel\u0151 d\u00f6nt\u00e9sek meghozatal\u00e1t, a motiv\u00e1l\u00e1st, a konfliktuskezel\u00e9st \u00e9s a v\u00e1ltoz\u00e1sok kezel\u00e9s\u00e9t. A k\u00e9pz\u00e9s tematik\u00e1ja: [&hellip;]<\/p>\n","protected":false},"featured_media":2588,"template":"","meta":{"_acf_changed":false},"product_brand":[],"product_cat":[56,75,42,68],"product_tag":[66,60],"class_list":{"0":"post-2580","1":"product","2":"type-product","3":"status-publish","4":"has-post-thumbnail","6":"product_cat-adult-education","7":"product_cat-business-and-economy","8":"product_cat-faculty-of-business-and-economics","9":"product_cat-hungarian","10":"product_tag-in-person","11":"product_tag-online","13":"first","14":"instock","15":"virtual","16":"sold-individually","17":"taxable","18":"purchasable","19":"product-type-simple"},"acf":[],"_links":{"self":[{"href":"https:\/\/shop.uni-pannon.hu\/hu\/wp-json\/wp\/v2\/product\/2580","targetHints":{"allow":["GET"]}}],"collection":[{"href":"https:\/\/shop.uni-pannon.hu\/hu\/wp-json\/wp\/v2\/product"}],"about":[{"href":"https:\/\/shop.uni-pannon.hu\/hu\/wp-json\/wp\/v2\/types\/product"}],"wp:featuredmedia":[{"embeddable":true,"href":"https:\/\/shop.uni-pannon.hu\/hu\/wp-json\/wp\/v2\/media\/2588"}],"wp:attachment":[{"href":"https:\/\/shop.uni-pannon.hu\/hu\/wp-json\/wp\/v2\/media?parent=2580"}],"wp:term":[{"taxonomy":"product_brand","embeddable":true,"href":"https:\/\/shop.uni-pannon.hu\/hu\/wp-json\/wp\/v2\/product_brand?post=2580"},{"taxonomy":"product_cat","embeddable":true,"href":"https:\/\/shop.uni-pannon.hu\/hu\/wp-json\/wp\/v2\/product_cat?post=2580"},{"taxonomy":"product_tag","embeddable":true,"href":"https:\/\/shop.uni-pannon.hu\/hu\/wp-json\/wp\/v2\/product_tag?post=2580"}],"curies":[{"name":"wp","href":"https:\/\/api.w.org\/{rel}","templated":true}]}}