{"id":2578,"date":"2025-08-14T12:42:52","date_gmt":"2025-08-14T11:42:52","guid":{"rendered":"https:\/\/shop.uni-pannon.hu\/?post_type=product&#038;p=2578"},"modified":"2026-02-16T15:33:27","modified_gmt":"2026-02-16T14:33:27","slug":"korforgasos-gazdasag-menedzser","status":"publish","type":"product","link":"https:\/\/shop.uni-pannon.hu\/hu\/termek\/korforgasos-gazdasag-menedzser\/","title":{"rendered":"K\u00f6rforg\u00e1sos gazdas\u00e1g menedzser"},"content":{"rendered":"<p>A k\u00e9pz\u00e9sben r\u00e9szt vev\u0151 gyakorlati tud\u00e1st szerez a k\u00f6rforg\u00e1sos gazdas\u00e1g szakter\u00fclet\u00e9hez kapcsol\u00f3d\u00f3 alapvet\u0151 \u00f6sszef\u00fcgg\u00e9sek, eszk\u00f6z\u00f6k \u00e9s m\u00f3dszerek meg\u00e9rt\u00e9s\u00e9hez. Az interakt\u00edv k\u00e9pz\u00e9s sor\u00e1n megtanulja, hogyan kell hat\u00e9konyan alkalmazni az \u00fczleti modelleket a v\u00e1llalati \u00e9letben. K\u00e9pes lesz hitelesen \u00e9s szakszer\u0171en k\u00f6zvet\u00edteni a k\u00f6rforg\u00e1sos gazdas\u00e1ggal kapcsolatos probl\u00e9mak\u00f6r\u00f6ket \u00e9s megold\u00e1si javaslatokat.<\/p>\n\n\n\n<p>Kiknek aj\u00e1nljuk:<\/p>\n\n\n\n<p>V\u00e1llalati vezet\u0151k, szakemberek, az \u00fczleti \u00e9let szerepl\u0151i, akik szeretn\u00e9nek megismerkedni a k\u00f6rforg\u00e1sos gazdas\u00e1g alapjaival.<\/p>\n\n\n\n<p>A k\u00e9pz\u00e9s tematik\u00e1ja:<\/p>\n\n\n\n<ul class=\"wp-block-list\">\n<li>A k\u00f6rforg\u00e1sos gazdas\u00e1g alapjai<\/li>\n\n\n\n<li>Az \u00fajrahasznos\u00edt\u00e1s \u00e9s a szelekt\u00edv hullad\u00e9kgy\u0171jt\u00e9s szab\u00e1lyai<\/li>\n\n\n\n<li>Tanulm\u00e1nyi kir\u00e1ndul\u00e1s<\/li>\n\n\n\n<li>A pazarl\u00e1smentes \u00e9tkez\u00e9s bemutat\u00e1sa<\/li>\n\n\n\n<li>A j\u00f6v\u0151 fenntarthat\u00f3 v\u00e1ros\u00e1nak bemutat\u00e1sa<\/li>\n\n\n\n<li>A k\u00f6rforg\u00e1sos gazdas\u00e1g \u00e9s a t\u00e1rsadalom szerepv\u00e1llal\u00e1s\u00e1nak bemutat\u00e1sa<\/li>\n\n\n\n<li>Fenntarthat\u00f3 energiagazd\u00e1lkod\u00e1s bemutat\u00e1sa<\/li>\n\n\n\n<li>Hogyan lehetek r\u00e9szese a k\u00f6rforg\u00e1sos gazdas\u00e1gnak?<\/li>\n<\/ul>\n\n\n\n<p>A k\u00e9pz\u00e9s el\u0151felt\u00e9tele:<\/p>\n\n\n\n<p>B\u00e1rmely k\u00e9pz\u00e9si ter\u00fcleten legal\u00e1bb alapk\u00e9pz\u00e9sben, illet\u0151leg egyetemi k\u00e9pz\u00e9sben szerzett oklev\u00e9l.<\/p>\n\n\n\n<p><\/p>","protected":false},"excerpt":{"rendered":"<p>A k\u00e9pz\u00e9sben r\u00e9szt vev\u0151 gyakorlati tud\u00e1st szerez a k\u00f6rforg\u00e1sos gazdas\u00e1g szakter\u00fclet\u00e9hez kapcsol\u00f3d\u00f3 alapvet\u0151 \u00f6sszef\u00fcgg\u00e9sek, eszk\u00f6z\u00f6k \u00e9s m\u00f3dszerek meg\u00e9rt\u00e9s\u00e9hez. Az interakt\u00edv k\u00e9pz\u00e9s sor\u00e1n megtanulja, hogyan kell hat\u00e9konyan alkalmazni az \u00fczleti modelleket a v\u00e1llalati \u00e9letben. K\u00e9pes lesz hitelesen \u00e9s szakszer\u0171en k\u00f6zvet\u00edteni a k\u00f6rforg\u00e1sos gazdas\u00e1ggal kapcsolatos probl\u00e9mak\u00f6r\u00f6ket \u00e9s megold\u00e1si javaslatokat. Kiknek aj\u00e1nljuk: V\u00e1llalati vezet\u0151k, szakemberek, az \u00fczleti \u00e9let [&hellip;]<\/p>\n","protected":false},"featured_media":2585,"template":"","meta":{"_acf_changed":true},"product_brand":[],"product_cat":[56,75,42,68],"product_tag":[71],"class_list":{"0":"post-2578","1":"product","2":"type-product","3":"status-publish","4":"has-post-thumbnail","6":"product_cat-adult-education","7":"product_cat-business-and-economy","8":"product_cat-faculty-of-business-and-economics","9":"product_cat-hungarian","10":"product_tag-hibrid","12":"first","13":"instock","14":"virtual","15":"sold-individually","16":"taxable","17":"purchasable","18":"product-type-simple"},"acf":[],"_links":{"self":[{"href":"https:\/\/shop.uni-pannon.hu\/hu\/wp-json\/wp\/v2\/product\/2578","targetHints":{"allow":["GET"]}}],"collection":[{"href":"https:\/\/shop.uni-pannon.hu\/hu\/wp-json\/wp\/v2\/product"}],"about":[{"href":"https:\/\/shop.uni-pannon.hu\/hu\/wp-json\/wp\/v2\/types\/product"}],"wp:featuredmedia":[{"embeddable":true,"href":"https:\/\/shop.uni-pannon.hu\/hu\/wp-json\/wp\/v2\/media\/2585"}],"wp:attachment":[{"href":"https:\/\/shop.uni-pannon.hu\/hu\/wp-json\/wp\/v2\/media?parent=2578"}],"wp:term":[{"taxonomy":"product_brand","embeddable":true,"href":"https:\/\/shop.uni-pannon.hu\/hu\/wp-json\/wp\/v2\/product_brand?post=2578"},{"taxonomy":"product_cat","embeddable":true,"href":"https:\/\/shop.uni-pannon.hu\/hu\/wp-json\/wp\/v2\/product_cat?post=2578"},{"taxonomy":"product_tag","embeddable":true,"href":"https:\/\/shop.uni-pannon.hu\/hu\/wp-json\/wp\/v2\/product_tag?post=2578"}],"curies":[{"name":"wp","href":"https:\/\/api.w.org\/{rel}","templated":true}]}}