{"id":2471,"date":"2025-05-13T14:58:47","date_gmt":"2025-05-13T13:58:47","guid":{"rendered":"https:\/\/shop.uni-pannon.hu\/?post_type=product&#038;p=2471"},"modified":"2025-10-06T09:20:22","modified_gmt":"2025-10-06T08:20:22","slug":"veszprem-on-foot-optional-program-offer","status":"publish","type":"product","link":"https:\/\/shop.uni-pannon.hu\/hu\/termek\/veszprem-on-foot-optional-program-offer\/","title":{"rendered":"Veszpr\u00e9m on foot \u2013 fakultat\u00edv programaj\u00e1nlat"},"content":{"rendered":"<h2 class=\"wp-block-heading\">Kinek aj\u00e1nljuk<\/h2>\n\n\n\n<p>A programot k\u00e9pz\u00e9seinkhez kieg\u00e9sz\u00edt\u0151 aj\u00e1nlatk\u00e9nt megv\u00e1s\u00e1rolhatja b\u00e1rmely r\u00e9sztvev\u0151. K\u00fcl\u00f6n\u00f6sen aj\u00e1nljuk a t\u00f6bbnapos egybef\u00fcgg\u0151 kurzusok r\u00e9sztvev\u0151inek, akik szeretn\u00e9nek megismerkedni a balatoni r\u00e9gi\u00f3 sz\u00e9ps\u00e9geivel.<\/p>\n\n\n\n<h2 class=\"wp-block-heading\">A program tartalma<\/h2>\n\n\n\n<ul class=\"wp-block-list\">\n<li>Angol nyelv\u0171 vezet\u00e9s<\/li>\n\n\n\n<li>Gyalogos s\u00e9ta szakavatott idegenvezet\u0151vel<\/li>\n\n\n\n<li>Bel\u00e9p\u0151jegy a CODE Digit\u00e1lis \u00c9lm\u00e9nyk\u00f6zpontba (4.000 Ft) \u2013 egy\u00e9nileg fizetend\u0151<\/li>\n<\/ul>\n\n\n\n<p><\/p>\n\n\n\n<h2 class=\"wp-block-heading\">A program id\u0151tartama<\/h2>\n\n\n\n<p>Egynapos program<\/p>\n\n\n\n<p><\/p>","protected":false},"excerpt":{"rendered":"<p>Recommended for The program can be purchased as an additional offer to our training courses by any participant. We especially recommend it to participants of multy-day courses who would like to get acquainted with the beauties of the Balaton region. The program includes Time frame One day<\/p>","protected":false},"featured_media":2472,"template":"","meta":{"_acf_changed":true},"product_brand":[],"product_cat":[67,68,70],"product_tag":[],"class_list":{"0":"post-2471","1":"product","2":"type-product","3":"status-publish","4":"has-post-thumbnail","6":"product_cat-english","7":"product_cat-hungarian","8":"product_cat-program","10":"first","11":"instock","12":"virtual","13":"sold-individually","14":"taxable","15":"purchasable","16":"product-type-simple"},"acf":[],"_links":{"self":[{"href":"https:\/\/shop.uni-pannon.hu\/hu\/wp-json\/wp\/v2\/product\/2471","targetHints":{"allow":["GET"]}}],"collection":[{"href":"https:\/\/shop.uni-pannon.hu\/hu\/wp-json\/wp\/v2\/product"}],"about":[{"href":"https:\/\/shop.uni-pannon.hu\/hu\/wp-json\/wp\/v2\/types\/product"}],"wp:featuredmedia":[{"embeddable":true,"href":"https:\/\/shop.uni-pannon.hu\/hu\/wp-json\/wp\/v2\/media\/2472"}],"wp:attachment":[{"href":"https:\/\/shop.uni-pannon.hu\/hu\/wp-json\/wp\/v2\/media?parent=2471"}],"wp:term":[{"taxonomy":"product_brand","embeddable":true,"href":"https:\/\/shop.uni-pannon.hu\/hu\/wp-json\/wp\/v2\/product_brand?post=2471"},{"taxonomy":"product_cat","embeddable":true,"href":"https:\/\/shop.uni-pannon.hu\/hu\/wp-json\/wp\/v2\/product_cat?post=2471"},{"taxonomy":"product_tag","embeddable":true,"href":"https:\/\/shop.uni-pannon.hu\/hu\/wp-json\/wp\/v2\/product_tag?post=2471"}],"curies":[{"name":"wp","href":"https:\/\/api.w.org\/{rel}","templated":true}]}}