{"id":2362,"date":"2025-04-04T10:59:59","date_gmt":"2025-04-04T09:59:59","guid":{"rendered":"https:\/\/shop.uni-pannon.hu\/?post_type=product&#038;p=2362"},"modified":"2026-02-18T22:12:58","modified_gmt":"2026-02-18T21:12:58","slug":"ai-trener-magyar-nyelven","status":"publish","type":"product","link":"https:\/\/shop.uni-pannon.hu\/hu\/termek\/ai-trener-magyar-nyelven\/","title":{"rendered":"AI tr\u00e9ner magyar nyelven"},"content":{"rendered":"<p>A k\u00e9pz\u00e9s sikeresen elv\u00e9gz\u0151 \u2013 magyar nyelvr\u0151l szerzett explicit tud\u00e1sa \u00e9s \u00e1tlagosn\u00e1l nagyobb tudatoss\u00e1ga r\u00e9v\u00e9n \u2013 k\u00e9pes magyar nyelv\u0171 sz\u00f6vegek k\u00fcl\u00f6nf\u00e9le szint\u0171 \u00e9s szempont\u00fa nyelvi elemz\u00e9s\u00e9re \u00e9s szerkeszt\u00e9s\u00e9re, helyes\u00edr\u00e1s\u00e1nak, nyelvhelyess\u00e9g\u00e9nek \u00e9s egy\u00e9b stil\u00e1ris jegyeinek jav\u00edt\u00e1s\u00e1ra.<\/p>\n\n\n\n<h2 class=\"wp-block-heading\">Kinek aj\u00e1nljuk<\/h2>\n\n\n\n<p>A k\u00e9pz\u00e9s b\u00e1rmilyen egyetemi vagy f\u0151iskolai el\u0151k\u00e9pzetts\u00e9ggel v\u00e9gezhet\u0151, szakter\u00fclett\u0151l \u00e9s nyelvtud\u00e1st\u00f3l f\u00fcggetlen\u00fcl. V\u00e1rjuk mindazok jelentkez\u00e9s\u00e9t, akik az \u00e1tlagosn\u00e1l nagyobb \u00e9rdekl\u0151d\u00e9ssel b\u00edrnak a nyelv strukt\u00far\u00e1j\u00e1t \u00e9s haszn\u00e1lat\u00e1t illet\u0151en, valamint nyitottak mindezek szerep\u00e9nek megismer\u00e9s\u00e9re \u00e9s alkalmaz\u00e1s\u00e1ra a mesters\u00e9ges intelligencia \u00e1ltal gener\u00e1lt sz\u00f6vegek gondoz\u00e1sa \u00e9s\/vagy az AI magyar nyelvi tr\u00e9ningez\u00e9se sor\u00e1n. <\/p>\n\n\n\n<h2 class=\"wp-block-heading\">A k\u00e9pz\u00e9s tematik\u00e1ja<\/h2>\n\n\n\n<ul class=\"wp-block-list\">\n<li>Grammatikai ismeretek \u00e9s probl\u00e9m\u00e1k<\/li>\n\n\n\n<li>Helyes\u00edr\u00e1s \u00e9s nyelvhelyess\u00e9g I. Elm\u00e9leti \u00e1ttekint\u00e9s<\/li>\n\n\n\n<li>Stilisztikai \u00e9s sz\u00f6vegtani alapismeretek<\/li>\n\n\n\n<li>Nyelvi variabilit\u00e1s \u00e9s nyelvi tudatoss\u00e1g<\/li>\n\n\n\n<li>Kultur\u00e1lis nyelv\u00e9szet<\/li>\n\n\n\n<li>Helyes\u00edr\u00e1s \u00e9s nyelvhelyess\u00e9g II. Gyakorlatok<\/li>\n\n\n\n<li>Stilisztikai \u00e9s sz\u00f6vegalkot\u00e1si gyakorlatok<\/li>\n\n\n\n<li>Szerkeszt\u00e9si gyakorlatok<\/li>\n<\/ul>\n\n\n\n<h2 class=\"wp-block-heading\">A k\u00e9pz\u00e9s r\u00e9szv\u00e9teli felt\u00e9telei (szakmai el\u0151k\u00e9pzetts\u00e9g)<\/h2>\n\n\n\n<p>Fels\u0151fok\u00fa v\u00e9gzetts\u00e9g (fels\u0151oktat\u00e1si szakk\u00e9pz\u00e9s is) vagy folyamatban l\u00e9v\u0151 fels\u0151fok\u00fa tanulm\u00e1nyok<\/p>\n\n\n\n<h2 class=\"wp-block-heading\">A k\u00e9pz\u00e9s v\u00e1rhat\u00f3 hossza\/intenzit\u00e1sa<\/h2>\n\n\n\n<p>K\u00e9t egym\u00e1st k\u00f6vet\u0151 nap 5 \u2013 5 tan\u00f3ra<\/p>\n\n\n\n<p><\/p>","protected":false},"excerpt":{"rendered":"<p>A k\u00e9pz\u00e9s sikeresen elv\u00e9gz\u0151 \u2013 magyar nyelvr\u0151l szerzett explicit tud\u00e1sa \u00e9s \u00e1tlagosn\u00e1l nagyobb tudatoss\u00e1ga r\u00e9v\u00e9n \u2013 k\u00e9pes magyar nyelv\u0171 sz\u00f6vegek k\u00fcl\u00f6nf\u00e9le szint\u0171 \u00e9s szempont\u00fa nyelvi elemz\u00e9s\u00e9re \u00e9s szerkeszt\u00e9s\u00e9re, helyes\u00edr\u00e1s\u00e1nak, nyelvhelyess\u00e9g\u00e9nek \u00e9s egy\u00e9b stil\u00e1ris jegyeinek jav\u00edt\u00e1s\u00e1ra. Recommended for A k\u00e9pz\u00e9s b\u00e1rmilyen egyetemi vagy f\u0151iskolai el\u0151k\u00e9pzetts\u00e9ggel v\u00e9gezhet\u0151, szakter\u00fclett\u0151l \u00e9s nyelvtud\u00e1st\u00f3l f\u00fcggetlen\u00fcl. V\u00e1rjuk mindazok jelentkez\u00e9s\u00e9t, akik az \u00e1tlagosn\u00e1l [&hellip;]<\/p>\n","protected":false},"featured_media":2363,"template":"","meta":{"_acf_changed":false},"product_brand":[],"product_cat":[56,43,74,68,63],"product_tag":[66,60],"class_list":{"0":"post-2362","1":"product","2":"type-product","3":"status-publish","4":"has-post-thumbnail","6":"product_cat-adult-education","7":"product_cat-faculty-of-humanities","8":"product_cat-humanities-and-pedagogy","9":"product_cat-hungarian","10":"product_cat-in-person","11":"product_tag-in-person","12":"product_tag-online","14":"first","15":"instock","16":"virtual","17":"sold-individually","18":"taxable","19":"purchasable","20":"product-type-simple"},"acf":[],"_links":{"self":[{"href":"https:\/\/shop.uni-pannon.hu\/hu\/wp-json\/wp\/v2\/product\/2362","targetHints":{"allow":["GET"]}}],"collection":[{"href":"https:\/\/shop.uni-pannon.hu\/hu\/wp-json\/wp\/v2\/product"}],"about":[{"href":"https:\/\/shop.uni-pannon.hu\/hu\/wp-json\/wp\/v2\/types\/product"}],"wp:featuredmedia":[{"embeddable":true,"href":"https:\/\/shop.uni-pannon.hu\/hu\/wp-json\/wp\/v2\/media\/2363"}],"wp:attachment":[{"href":"https:\/\/shop.uni-pannon.hu\/hu\/wp-json\/wp\/v2\/media?parent=2362"}],"wp:term":[{"taxonomy":"product_brand","embeddable":true,"href":"https:\/\/shop.uni-pannon.hu\/hu\/wp-json\/wp\/v2\/product_brand?post=2362"},{"taxonomy":"product_cat","embeddable":true,"href":"https:\/\/shop.uni-pannon.hu\/hu\/wp-json\/wp\/v2\/product_cat?post=2362"},{"taxonomy":"product_tag","embeddable":true,"href":"https:\/\/shop.uni-pannon.hu\/hu\/wp-json\/wp\/v2\/product_tag?post=2362"}],"curies":[{"name":"wp","href":"https:\/\/api.w.org\/{rel}","templated":true}]}}