{"id":2325,"date":"2025-03-27T08:58:44","date_gmt":"2025-03-27T07:58:44","guid":{"rendered":"https:\/\/shop.uni-pannon.hu\/?post_type=product&#038;p=2325"},"modified":"2026-01-14T10:47:58","modified_gmt":"2026-01-14T09:47:58","slug":"cad-cam-programozo","status":"publish","type":"product","link":"https:\/\/shop.uni-pannon.hu\/hu\/termek\/cad-cam-programozo\/","title":{"rendered":"CAD-CAM programoz\u00f3"},"content":{"rendered":"<p>A k\u00e9pz\u00e9sben r\u00e9sztvev\u0151 k\u00e9pess\u00e9 v\u00e1lik sz\u00e1m\u00edt\u00f3g\u00e9ppel seg\u00edtett konstrukci\u00f3s tervez\u0151rendszerrel tengelyszimmetrikus \u00e9s szekr\u00e9nyszer\u0171 alkatr\u00e9szek testmodellj\u00e9nek megalkot\u00e1s\u00e1ra. K\u00e9pess\u00e9 v\u00e1lik a CAD modell alapj\u00e1n, CAM rendszer seg\u00edts\u00e9g\u00e9vel digit\u00e1lis alapokon nyugv\u00f3 gy\u00e1rt\u00e1sterveket l\u00e9trehozni. Alkalmazni tudja a CAM alap\u00fa CNC programoz\u00f3i strukt\u00far\u00e1kat.<\/p>\n\n\n\n<h3 class=\"wp-block-heading\">Kinek aj\u00e1nljuk<\/h3>\n\n\n\n<p>Aki szeretne hat\u00e9konyan dolgozni CAD rendszerekkel \u00e9s CAM szoftverekkel. Aki szeretn\u00e9 hat\u00e9konyan alkalmazni a sz\u00e1m\u00edt\u00f3g\u00e9ppel seg\u00edtett konstrukci\u00f3s- \u00e9s gy\u00e1rt\u00e1stervez\u0151 strukt\u00far\u00e1kat.<\/p>\n\n\n\n<h3 class=\"wp-block-heading\">A k\u00e9pz\u00e9s tematik\u00e1ja<\/h3>\n\n\n\n<p>Vev\u0151i ig\u00e9nyek felm\u00e9r\u00e9s\u00e9hez sz\u00fcks\u00e9ges m\u0171szaki \u00e9s gazdas\u00e1gi ismeretek, strat\u00e9gi\u00e1k; alkatr\u00e9szek gy\u00e1rt\u00e1shelyes konstrukci\u00f3s tervez\u00e9se; geometriai szerkeszt\u00e9sek elm\u00e9lete, s\u00edkm\u00e9rtani szerkeszt\u00e9sek m\u0171szaki h\u00e1ttere, megval\u00f3sul\u00e1si formul\u00e1i; Fel\u00fcletmodellez\u00e9s elm\u00e9leti h\u00e1ttere, megold\u00e1sai; m\u0171helyrajzok, \u00f6ssze\u00e1ll\u00edt\u00e1si rajzok, l\u00e1tv\u00e1nytervek, robbantott \u00e1br\u00e1k alkalmaz\u00e1si ter\u00fcletei, elk\u00e9sz\u00edt\u00e9si m\u00f3dj\u00e1nak elm\u00e9leti h\u00e1ttere; CAD alap\u00fa konstrukci\u00f3s tervez\u00e9s l\u00e9p\u00e9sei, megval\u00f3s\u00edt\u00e1si folyamata; egyszer\u0171 projekt gener\u00e1l\u00e1sa, layerek k\u00e9sz\u00edt\u00e9se, egym\u00e1sra \u00e9p\u00fcl\u00e9s\u00e9nek demonstr\u00e1l\u00e1sa; CAD szoftverben egyszer\u0171 (henger, g\u00f6mb, t\u00e9glatest, stb.) geometri\u00e1k el\u0151\u00e1ll\u00edt\u00e1sa; t\u00fckr\u00f6z\u00e9s, forgat\u00e1s, kicsiny\u00edt\u00e9s \u00e9s nagy\u00edt\u00e1s transzform\u00e1ci\u00f3k begyakorl\u00e1sa; h\u00e1romdimenzi\u00f3s testmodellb\u0151l k\u00e9tdimenzi\u00f3s rajzok elk\u00e9sz\u00edt\u00e9s\u00e9nek gyakorlata; t\u0171r\u00e9sek \u00e9s fel\u00fcleti \u00e9rdess\u00e9gi \u00e9rt\u00e9kek be\u00e1ll\u00edt\u00e1si lehet\u0151s\u00e9geinek ismertet\u00e9se, begyakorl\u00e1sa; a munkadarabok szabatos r\u00f6gz\u00edt\u00e9s\u00e9hez haszn\u00e1lt befog\u00f3 k\u00e9sz\u00fcl\u00e9kek megrajzol\u00e1s\u00e1nak gyakorlati h\u00e1ttere; CAM alap\u00fa CNC programoz\u00e1s elm\u00e9leti alapjainak \u00f6sszefoglal\u00e1sa;&nbsp; CAM alapokon nyugv\u00f3 gy\u00e1rt\u00e1stervez\u00e9si folyamat ismertet\u00e9se; eszterg\u00e1l\u00e1si alapm\u0171veletek CAM alapokon t\u00f6rt\u00e9n\u0151 ismertet\u00e9se; CAD szoftverben megtervezett, tengelyszimmetrikus alkatr\u00e9sz gy\u00e1rt\u00e1stervi folyamat\u00e1nak el\u0151\u00e1ll\u00edt\u00e1sa; 2,5 tengelyes mar\u00e1si technol\u00f3gia r\u00e9szletes ismertet\u00e9se; 3 tengelyes, jellegzetes fel\u00fcletelemekkel rendelkez\u0151 alkatr\u00e9szek CAM alap\u00fa programoz\u00e1s\u00e1hoz haszn\u00e1lt ciklusok \u00e9s a ciklusokhoz tartoz\u00f3 f\u0151 param\u00e9terek ismertet\u00e9se; 4 \u00e9s 5 tengelyes, szoborform\u00e1j\u00fa fel\u00fcletekkel rendelkez\u0151 alkatr\u00e9szek CAM programoz\u00e1s\u00e1nak alapjai; NC program automatikus el\u0151\u00e1ll\u00edt\u00e1si lehet\u0151s\u00e9geinek, posztprocessz\u00e1l\u00e1si eseteinek gyakorlata.<\/p>\n\n\n\n<h3 class=\"wp-block-heading\">A k\u00e9pz\u00e9s r\u00e9szv\u00e9teli felt\u00e9telei (szakmai el\u0151k\u00e9pzetts\u00e9g)<\/h3>\n\n\n\n<p>\u00c9retts\u00e9gi v\u00e9gzetts\u00e9g \u00e9s legal\u00e1bb CNC g\u00e9pkezel\u0151i OKJ v\u00e9gzetts\u00e9g, vagy G\u00e9pi \u00e9s CNC forg\u00e1csol\u00f3 szakk\u00e9pes\u00edt\u00e9s, vagy a Pannon Egyetem \u00e1ltal ki\u00e1ll\u00edtott CNC programoz\u00f3i tan\u00fas\u00edtv\u00e1ny megl\u00e9te<\/p>\n\n\n\n<h3 class=\"wp-block-heading\">A k\u00e9pz\u00e9s v\u00e1rhat\u00f3 hossza\/intenzit\u00e1sa<\/h3>\n\n\n\n<p>20 h\u00e9t, heti 6 \u00f3ra, p\u00e9ntek d\u00e9lut\u00e1nonk\u00e9nt<\/p>","protected":false},"excerpt":{"rendered":"<p>A k\u00e9pz\u00e9sben r\u00e9sztvev\u0151 k\u00e9pess\u00e9 v\u00e1lik sz\u00e1m\u00edt\u00f3g\u00e9ppel seg\u00edtett konstrukci\u00f3s tervez\u0151rendszerrel tengelyszimmetrikus \u00e9s szekr\u00e9nyszer\u0171 alkatr\u00e9szek testmodellj\u00e9nek megalkot\u00e1s\u00e1ra. K\u00e9pess\u00e9 v\u00e1lik a CAD modell alapj\u00e1n, CAM rendszer seg\u00edts\u00e9g\u00e9vel digit\u00e1lis alapokon nyugv\u00f3 gy\u00e1rt\u00e1sterveket l\u00e9trehozni. Alkalmazni tudja a CAM alap\u00fa CNC programoz\u00f3i strukt\u00far\u00e1kat. Recommended for Aki szeretne hat\u00e9konyan dolgozni CAD rendszerekkel \u00e9s CAM szoftverekkel. Aki szeretn\u00e9 hat\u00e9konyan alkalmazni a sz\u00e1m\u00edt\u00f3g\u00e9ppel seg\u00edtett [&hellip;]<\/p>\n","protected":false},"featured_media":2326,"template":"","meta":{"_acf_changed":true},"product_brand":[],"product_cat":[56,45,68,63,73],"product_tag":[66],"class_list":{"0":"post-2325","1":"product","2":"type-product","3":"status-publish","4":"has-post-thumbnail","6":"product_cat-adult-education","7":"product_cat-faculty-of-engineering","8":"product_cat-hungarian","9":"product_cat-in-person","10":"product_cat-science-and-technology","11":"product_tag-in-person","13":"first","14":"instock","15":"virtual","16":"sold-individually","17":"taxable","18":"purchasable","19":"product-type-simple"},"acf":[],"_links":{"self":[{"href":"https:\/\/shop.uni-pannon.hu\/hu\/wp-json\/wp\/v2\/product\/2325","targetHints":{"allow":["GET"]}}],"collection":[{"href":"https:\/\/shop.uni-pannon.hu\/hu\/wp-json\/wp\/v2\/product"}],"about":[{"href":"https:\/\/shop.uni-pannon.hu\/hu\/wp-json\/wp\/v2\/types\/product"}],"wp:featuredmedia":[{"embeddable":true,"href":"https:\/\/shop.uni-pannon.hu\/hu\/wp-json\/wp\/v2\/media\/2326"}],"wp:attachment":[{"href":"https:\/\/shop.uni-pannon.hu\/hu\/wp-json\/wp\/v2\/media?parent=2325"}],"wp:term":[{"taxonomy":"product_brand","embeddable":true,"href":"https:\/\/shop.uni-pannon.hu\/hu\/wp-json\/wp\/v2\/product_brand?post=2325"},{"taxonomy":"product_cat","embeddable":true,"href":"https:\/\/shop.uni-pannon.hu\/hu\/wp-json\/wp\/v2\/product_cat?post=2325"},{"taxonomy":"product_tag","embeddable":true,"href":"https:\/\/shop.uni-pannon.hu\/hu\/wp-json\/wp\/v2\/product_tag?post=2325"}],"curies":[{"name":"wp","href":"https:\/\/api.w.org\/{rel}","templated":true}]}}