{"id":2323,"date":"2025-03-27T08:53:31","date_gmt":"2025-03-27T07:53:31","guid":{"rendered":"https:\/\/shop.uni-pannon.hu\/?post_type=product&#038;p=2323"},"modified":"2026-02-18T22:11:04","modified_gmt":"2026-02-18T21:11:04","slug":"a-magyar-kultura-kepviselete","status":"publish","type":"product","link":"https:\/\/shop.uni-pannon.hu\/hu\/termek\/a-magyar-kultura-kepviselete\/","title":{"rendered":"A magyar kult\u00fara k\u00e9pviselete"},"content":{"rendered":"<p>M\u0171vel\u0151d\u00e9st\u00f6rt\u00e9neti, kultur\u00e1lis, irodalomt\u00f6rt\u00e9neti, nyelvt\u00f6rt\u00e9neti \u00e9s nyelvhaszn\u00e1lati ismeretek; t\u00e1j\u00e9kozotts\u00e1g int\u00e9zm\u00e9nyi felt\u00e9telrendszerr\u0151l \u00e9s h\u00e1l\u00f3zatr\u00f3l; pedag\u00f3giai, csoportvezet\u0151i \u00e9s kommunik\u00e1ci\u00f3s k\u00e9szs\u00e9gek.<\/p>\n\n\n\n<h2 class=\"wp-block-heading\">Kinek aj\u00e1nljuk<\/h2>\n\n\n\n<p>A k\u00e9pz\u00e9s b\u00e1rmilyen egyetemi vagy f\u0151iskolai el\u0151k\u00e9pzetts\u00e9ggel v\u00e9gezhet\u0151, szakter\u00fclett\u0151l \u00e9s nyelvtud\u00e1st\u00f3l f\u00fcggetlen\u00fcl. A k\u00e9pz\u00e9s c\u00e9lcsoportj\u00e1ba tartoznak a magyar kult\u00far\u00e1val \u00e9s terjeszt\u00e9s\u00e9vel foglalkoz\u00f3 int\u00e9zm\u00e9nyek hazai, hat\u00e1ron t\u00fali \u00e9s k\u00fclf\u00f6ldi magyar szervezetek, h\u00e9tv\u00e9gi magyar iskol\u00e1k munkat\u00e1rsai, k\u00fclhoni magyar kultur\u00e1lis szervezetekhez, csoportokhoz csatlakozni v\u00e1gy\u00f3 leend\u0151 kiutaz\u00f3k, a kult\u00fardiplom\u00e1cia ir\u00e1nt \u00e9rdekl\u0151d\u0151k.<\/p>\n\n\n\n<h2 class=\"wp-block-heading\">A k\u00e9pz\u00e9s tematik\u00e1ja<\/h2>\n\n\n\n<ul class=\"wp-block-list\">\n<li>Magyar m\u0171vel\u0151d\u00e9st\u00f6rt\u00e9net<\/li>\n\n\n\n<li>Kultur\u00e1lis vil\u00e1gn\u00e9zet \u00e9s folkl\u00f3r<\/li>\n\n\n\n<li>A magyar irodalom t\u00f6rt\u00e9nete: a legf\u0151bb szerz\u0151k \u00e9s m\u00e9rf\u00f6ldk\u00f6vek<\/li>\n\n\n\n<li>A magyar kultur\u00e1lis \u00f6r\u00f6ks\u00e9g \u00e9s nemzetk\u00f6zi be\u00e1gyazotts\u00e1ga<\/li>\n\n\n\n<li>A magyar emigr\u00e1ci\u00f3 kultur\u00e1lis \u00e9rt\u00e9kei<\/li>\n\n\n\n<li>Kisebbs\u00e9gtudom\u00e1ny<\/li>\n\n\n\n<li>Anyanyelvi kult\u00fara I. Magyar nyelvhelyess\u00e9g<\/li>\n\n\n\n<li>Anyanyelvi kult\u00fara II. A magyar nyelv t\u00f6rt\u00e9nete \u00e9s rokons\u00e1ga<\/li>\n\n\n\n<li>A magyar mint sz\u00e1rmaz\u00e1si nyelv megtart\u00e1s\u00e1nak lehet\u0151s\u00e9gei<\/li>\n\n\n\n<li>A magyar kult\u00fara k\u00e9pviselete: int\u00e9zm\u00e9nyek, lehet\u0151s\u00e9gek, gyakorlat<\/li>\n\n\n\n<li>Tan\u00edt\u00e1sm\u00f3dszertan \u00e9s csoportvezet\u0151i k\u00e9szs\u00e9gfejleszt\u00e9s<\/li>\n<\/ul>\n\n\n\n<h2 class=\"wp-block-heading\">A k\u00e9pz\u00e9s r\u00e9szv\u00e9teli felt\u00e9telei (szakmai el\u0151k\u00e9pzetts\u00e9g)<\/h2>\n\n\n\n<p>Legal\u00e1bb alapszakos egyetemi diploma, vagy folyamatban l\u00e9v\u0151 egyetemi tanulm\u00e1nyok.<\/p>\n\n\n\n<h2 class=\"wp-block-heading\">A k\u00e9pz\u00e9s v\u00e1rhat\u00f3 hossza\/intenzit\u00e1sa<\/h2>\n\n\n\n<p>N\u00e9gy alkalom <\/p>\n\n\n\n<p><\/p>","protected":false},"excerpt":{"rendered":"<p>M\u0171vel\u0151d\u00e9st\u00f6rt\u00e9neti, kultur\u00e1lis, irodalomt\u00f6rt\u00e9neti, nyelvt\u00f6rt\u00e9neti \u00e9s nyelvhaszn\u00e1lati ismeretek; t\u00e1j\u00e9kozotts\u00e1g int\u00e9zm\u00e9nyi felt\u00e9telrendszerr\u0151l \u00e9s h\u00e1l\u00f3zatr\u00f3l; pedag\u00f3giai, csoportvezet\u0151i \u00e9s kommunik\u00e1ci\u00f3s k\u00e9szs\u00e9gek. Recommended for A k\u00e9pz\u00e9s b\u00e1rmilyen egyetemi vagy f\u0151iskolai el\u0151k\u00e9pzetts\u00e9ggel v\u00e9gezhet\u0151, szakter\u00fclett\u0151l \u00e9s nyelvtud\u00e1st\u00f3l f\u00fcggetlen\u00fcl. A k\u00e9pz\u00e9s c\u00e9lcsoportj\u00e1ba tartoznak a magyar kult\u00far\u00e1val \u00e9s terjeszt\u00e9s\u00e9vel foglalkoz\u00f3 int\u00e9zm\u00e9nyek hazai, hat\u00e1ron t\u00fali \u00e9s k\u00fclf\u00f6ldi magyar szervezetek, h\u00e9tv\u00e9gi magyar iskol\u00e1k munkat\u00e1rsai, k\u00fclhoni magyar [&hellip;]<\/p>\n","protected":false},"featured_media":2337,"template":"","meta":{"_acf_changed":false},"product_brand":[],"product_cat":[56,43,74,68],"product_tag":[60],"class_list":{"0":"post-2323","1":"product","2":"type-product","3":"status-publish","4":"has-post-thumbnail","6":"product_cat-adult-education","7":"product_cat-faculty-of-humanities","8":"product_cat-humanities-and-pedagogy","9":"product_cat-hungarian","10":"product_tag-online","12":"first","13":"instock","14":"virtual","15":"sold-individually","16":"taxable","17":"purchasable","18":"product-type-simple"},"acf":[],"_links":{"self":[{"href":"https:\/\/shop.uni-pannon.hu\/hu\/wp-json\/wp\/v2\/product\/2323","targetHints":{"allow":["GET"]}}],"collection":[{"href":"https:\/\/shop.uni-pannon.hu\/hu\/wp-json\/wp\/v2\/product"}],"about":[{"href":"https:\/\/shop.uni-pannon.hu\/hu\/wp-json\/wp\/v2\/types\/product"}],"wp:featuredmedia":[{"embeddable":true,"href":"https:\/\/shop.uni-pannon.hu\/hu\/wp-json\/wp\/v2\/media\/2337"}],"wp:attachment":[{"href":"https:\/\/shop.uni-pannon.hu\/hu\/wp-json\/wp\/v2\/media?parent=2323"}],"wp:term":[{"taxonomy":"product_brand","embeddable":true,"href":"https:\/\/shop.uni-pannon.hu\/hu\/wp-json\/wp\/v2\/product_brand?post=2323"},{"taxonomy":"product_cat","embeddable":true,"href":"https:\/\/shop.uni-pannon.hu\/hu\/wp-json\/wp\/v2\/product_cat?post=2323"},{"taxonomy":"product_tag","embeddable":true,"href":"https:\/\/shop.uni-pannon.hu\/hu\/wp-json\/wp\/v2\/product_tag?post=2323"}],"curies":[{"name":"wp","href":"https:\/\/api.w.org\/{rel}","templated":true}]}}