{"id":2314,"date":"2025-03-26T14:06:33","date_gmt":"2025-03-26T13:06:33","guid":{"rendered":"https:\/\/shop.uni-pannon.hu\/?post_type=product&#038;p=2314"},"modified":"2025-10-06T08:06:11","modified_gmt":"2025-10-06T07:06:11","slug":"fenntarthato-gumiipari-technologiak","status":"publish","type":"product","link":"https:\/\/shop.uni-pannon.hu\/hu\/termek\/fenntarthato-gumiipari-technologiak\/","title":{"rendered":"Fenntarthat\u00f3 gumiipari technol\u00f3gi\u00e1k"},"content":{"rendered":"<p>A k\u00e9pz\u00e9sben r\u00e9sztvev\u0151 megismeri a gumiipari technol\u00f3giai alapm\u0171veleteket \u00e9s alapanyagokat, azok k\u00f6z\u00f6tti \u00f6sszef\u00fcgg\u00e9seket, \u00e9s k\u00e9pes alkalmazni a megszerzett ismereteket a felmer\u00fcl\u0151 probl\u00e9m\u00e1k megold\u00e1s\u00e1ban.<\/p>\n\n\n\n<h3 class=\"wp-block-heading\">Kinek aj\u00e1nljuk<\/h3>\n\n\n\n<p>Elm\u00e9leti szakembereknek, akik a gyakorlatban szeretn\u00e9nek tapasztaltot szerezni, illetve a gyakorlatban g\u00e9pek mellett dolgoz\u00f3knak, akik elm\u00e9leti ismereteiket szeretn\u00e9k b\u0151v\u00edteni.<\/p>\n\n\n\n<h3 class=\"wp-block-heading\">A k\u00e9pz\u00e9s tematik\u00e1ja<\/h3>\n\n\n\n<p>A k\u00e9pz\u00e9s sor\u00e1n ismertetj\u00fck a gumiipar alapanyagait \u00e9s a gumiipari technol\u00f3giai alapm\u0171veleteket, kit\u00e9r\u00fcnk az elasztomerek \u00e9s termoplasztikus elasztomerek ter\u00fclet\u00e9re is. Ismertetj\u00fck a gy\u00e1rt\u00e1si folyamat dokument\u00e1l\u00e1s\u00e1hoz kapcsol\u00f3d\u00f3 megold\u00e1sokat, valamint a komponensek, a gy\u00e1rt\u00e1si param\u00e9terek \u00e9s a f\u0151bb tulajdons\u00e1gok k\u00f6z\u00f6tti \u00f6sszef\u00fcgg\u00e9seket.<\/p>\n\n\n\n<h3 class=\"wp-block-heading\">A k\u00e9pz\u00e9s r\u00e9szv\u00e9teli felt\u00e9telei (szakmai el\u0151k\u00e9pzetts\u00e9g)<\/h3>\n\n\n\n<p>\u00c9retts\u00e9gi v\u00e9gzetts\u00e9g<\/p>\n\n\n\n<h3 class=\"wp-block-heading\">A k\u00e9pz\u00e9s v\u00e1rhat\u00f3 hossza\/intenzit\u00e1sa<\/h3>\n\n\n\n<p>1 f\u00e9l\u00e9v, heti 6 \u00f3ra, jellemz\u0151en p\u00e9nteki napokon<\/p>","protected":false},"excerpt":{"rendered":"<p>A k\u00e9pz\u00e9sben r\u00e9sztvev\u0151 megismeri a gumiipari technol\u00f3giai alapm\u0171veleteket \u00e9s alapanyagokat, azok k\u00f6z\u00f6tti \u00f6sszef\u00fcgg\u00e9seket, \u00e9s k\u00e9pes alkalmazni a megszerzett ismereteket a felmer\u00fcl\u0151 probl\u00e9m\u00e1k megold\u00e1s\u00e1ban. Recommended for Elm\u00e9leti szakembereknek, akik a gyakorlatban szeretn\u00e9nek tapasztaltot szerezni, illetve a gyakorlatban g\u00e9pek mellett dolgoz\u00f3knak, akik elm\u00e9leti ismereteiket szeretn\u00e9k b\u0151v\u00edteni. Training Topics A k\u00e9pz\u00e9s sor\u00e1n ismertetj\u00fck a gumiipar alapanyagait \u00e9s a [&hellip;]<\/p>\n","protected":false},"featured_media":2316,"template":"","meta":{"_acf_changed":true},"product_brand":[],"product_cat":[56,45,68,73],"product_tag":[64,66],"class_list":{"0":"post-2314","1":"product","2":"type-product","3":"status-publish","4":"has-post-thumbnail","6":"product_cat-adult-education","7":"product_cat-faculty-of-engineering","8":"product_cat-hungarian","9":"product_cat-science-and-technology","10":"product_tag-hybrid","11":"product_tag-in-person","13":"first","14":"instock","15":"virtual","16":"sold-individually","17":"taxable","18":"purchasable","19":"product-type-simple"},"acf":[],"_links":{"self":[{"href":"https:\/\/shop.uni-pannon.hu\/hu\/wp-json\/wp\/v2\/product\/2314","targetHints":{"allow":["GET"]}}],"collection":[{"href":"https:\/\/shop.uni-pannon.hu\/hu\/wp-json\/wp\/v2\/product"}],"about":[{"href":"https:\/\/shop.uni-pannon.hu\/hu\/wp-json\/wp\/v2\/types\/product"}],"wp:featuredmedia":[{"embeddable":true,"href":"https:\/\/shop.uni-pannon.hu\/hu\/wp-json\/wp\/v2\/media\/2316"}],"wp:attachment":[{"href":"https:\/\/shop.uni-pannon.hu\/hu\/wp-json\/wp\/v2\/media?parent=2314"}],"wp:term":[{"taxonomy":"product_brand","embeddable":true,"href":"https:\/\/shop.uni-pannon.hu\/hu\/wp-json\/wp\/v2\/product_brand?post=2314"},{"taxonomy":"product_cat","embeddable":true,"href":"https:\/\/shop.uni-pannon.hu\/hu\/wp-json\/wp\/v2\/product_cat?post=2314"},{"taxonomy":"product_tag","embeddable":true,"href":"https:\/\/shop.uni-pannon.hu\/hu\/wp-json\/wp\/v2\/product_tag?post=2314"}],"curies":[{"name":"wp","href":"https:\/\/api.w.org\/{rel}","templated":true}]}}