{"id":2310,"date":"2025-03-26T13:03:47","date_gmt":"2025-03-26T12:03:47","guid":{"rendered":"https:\/\/shop.uni-pannon.hu\/?post_type=product&#038;p=2310"},"modified":"2025-10-06T08:11:04","modified_gmt":"2025-10-06T07:11:04","slug":"plc-programozas","status":"publish","type":"product","link":"https:\/\/shop.uni-pannon.hu\/hu\/termek\/plc-programozas\/","title":{"rendered":"PLC programoz\u00e1s"},"content":{"rendered":"<p>A k\u00e9pz\u00e9sben r\u00e9sztvev\u0151 megismeri \u00e9s alkalmazni tudja a PLC-k hardver- \u00e9s szoftverm\u0171k\u00f6dtet\u00e9s\u00e9t, k\u00e9pess\u00e9 v\u00e1lik konkr\u00e9t tervez\u00e9si feladatok megold\u00e1s\u00e1ra.<\/p>\n\n\n\n<h3 class=\"wp-block-heading\">Kinek aj\u00e1nljuk<\/h3>\n\n\n\n<p>Technikusok \u00e9s m\u00e9rn\u00f6k\u00f6k sz\u00e1m\u00e1ra aj\u00e1nlott k\u00e9pz\u00e9s.<\/p>\n\n\n\n<h3 class=\"wp-block-heading\">A k\u00e9pz\u00e9s tematik\u00e1ja<\/h3>\n\n\n\n<p>PLC-k fel\u00e9p\u00edt\u00e9se, kieg\u00e9sz\u00edt\u0151 egys\u00e9gek. <br>L\u00e9tra-diagram programoz\u00e1si nyelv \u00e9s alkalmaz\u00e1sai. <br>Digit\u00e1lis I\/O portok programoz\u00e1sa. <br>Soros kommunik\u00e1ci\u00f3 programoz\u00e1sa.&nbsp; <br>A\/D \u00e9s D\/A egys\u00e9gek programoz\u00e1sa. <br>Szenzorok illeszt\u00e9se PLC-khez. <br>Aktu\u00e1torok illeszt\u00e9se PLC-khez. <br>Konkr\u00e9t tervez\u00e9si feladatok megold\u00e1sa<\/p>\n\n\n\n<h3 class=\"wp-block-heading\">A k\u00e9pz\u00e9s r\u00e9szv\u00e9teli felt\u00e9telei (szakmai el\u0151k\u00e9pzetts\u00e9g)<\/h3>\n\n\n\n<p>\u00c9retts\u00e9gi v\u00e9gzetts\u00e9g<\/p>\n\n\n\n<h3 class=\"wp-block-heading\">A k\u00e9pz\u00e9s v\u00e1rhat\u00f3 hossza\/intenzit\u00e1sa<\/h3>\n\n\n\n<p>1 f\u00e9l\u00e9v, heti 10 \u00f3ra, jellemz\u0151en p\u00e9ntek, szombat napokon.<\/p>","protected":false},"excerpt":{"rendered":"<p>A k\u00e9pz\u00e9sben r\u00e9sztvev\u0151 megismeri \u00e9s alkalmazni tudja a PLC-k hardver- \u00e9s szoftverm\u0171k\u00f6dtet\u00e9s\u00e9t, k\u00e9pess\u00e9 v\u00e1lik konkr\u00e9t tervez\u00e9si feladatok megold\u00e1s\u00e1ra. Recommended for Technikusok \u00e9s m\u00e9rn\u00f6k\u00f6k sz\u00e1m\u00e1ra aj\u00e1nlott k\u00e9pz\u00e9s. Training Topics PLC-k fel\u00e9p\u00edt\u00e9se, kieg\u00e9sz\u00edt\u0151 egys\u00e9gek. L\u00e9tra-diagram programoz\u00e1si nyelv \u00e9s alkalmaz\u00e1sai. Digit\u00e1lis I\/O portok programoz\u00e1sa. Soros kommunik\u00e1ci\u00f3 programoz\u00e1sa.&nbsp; A\/D \u00e9s D\/A egys\u00e9gek programoz\u00e1sa. Szenzorok illeszt\u00e9se PLC-khez. Aktu\u00e1torok illeszt\u00e9se PLC-khez. [&hellip;]<\/p>\n","protected":false},"featured_media":2293,"template":"","meta":{"_acf_changed":true},"product_brand":[],"product_cat":[56,45,68,63,73],"product_tag":[66],"class_list":{"0":"post-2310","1":"product","2":"type-product","3":"status-publish","4":"has-post-thumbnail","6":"product_cat-adult-education","7":"product_cat-faculty-of-engineering","8":"product_cat-hungarian","9":"product_cat-in-person","10":"product_cat-science-and-technology","11":"product_tag-in-person","13":"first","14":"instock","15":"virtual","16":"sold-individually","17":"taxable","18":"purchasable","19":"product-type-simple"},"acf":[],"_links":{"self":[{"href":"https:\/\/shop.uni-pannon.hu\/hu\/wp-json\/wp\/v2\/product\/2310","targetHints":{"allow":["GET"]}}],"collection":[{"href":"https:\/\/shop.uni-pannon.hu\/hu\/wp-json\/wp\/v2\/product"}],"about":[{"href":"https:\/\/shop.uni-pannon.hu\/hu\/wp-json\/wp\/v2\/types\/product"}],"wp:featuredmedia":[{"embeddable":true,"href":"https:\/\/shop.uni-pannon.hu\/hu\/wp-json\/wp\/v2\/media\/2293"}],"wp:attachment":[{"href":"https:\/\/shop.uni-pannon.hu\/hu\/wp-json\/wp\/v2\/media?parent=2310"}],"wp:term":[{"taxonomy":"product_brand","embeddable":true,"href":"https:\/\/shop.uni-pannon.hu\/hu\/wp-json\/wp\/v2\/product_brand?post=2310"},{"taxonomy":"product_cat","embeddable":true,"href":"https:\/\/shop.uni-pannon.hu\/hu\/wp-json\/wp\/v2\/product_cat?post=2310"},{"taxonomy":"product_tag","embeddable":true,"href":"https:\/\/shop.uni-pannon.hu\/hu\/wp-json\/wp\/v2\/product_tag?post=2310"}],"curies":[{"name":"wp","href":"https:\/\/api.w.org\/{rel}","templated":true}]}}