{"id":2283,"date":"2025-03-25T15:31:20","date_gmt":"2025-03-25T14:31:20","guid":{"rendered":"https:\/\/shop.uni-pannon.hu\/?post_type=product&#038;p=2283"},"modified":"2026-02-18T22:14:44","modified_gmt":"2026-02-18T21:14:44","slug":"a-nyugat-es-kora","status":"publish","type":"product","link":"https:\/\/shop.uni-pannon.hu\/hu\/termek\/a-nyugat-es-kora\/","title":{"rendered":"A Nyugat \u00e9s kora"},"content":{"rendered":"<p>Ismeretek a Nyugat foly\u00f3irat \u00e9s korszak\u00e1nak kult\u00fart\u00f6rt\u00e9nete k\u00f6r\u00e9b\u0151l, Kosztol\u00e1nyi Dezs\u0151 \u00e9s Cs\u00e1th G\u00e9za munk\u00e1ss\u00e1g\u00e1r\u00f3l.<\/p>\n\n\n\n<h2 class=\"wp-block-heading\">Kinek aj\u00e1nljuk<\/h2>\n\n\n\n<p>A magyar irodalom \u00e9s 20. sz\u00e1zad eleji t\u00f6rt\u00e9nelem ir\u00e1nt \u00e9rdekl\u0151d\u0151 nagyk\u00f6z\u00f6ns\u00e9g; magyar \u00e9s t\u00f6rt\u00e9nelem szakos tan\u00e1rok; \u00fajs\u00e1g\u00edr\u00f3k, szerkeszt\u0151k; b\u00f6lcs\u00e9szek.<\/p>\n\n\n\n<h2 class=\"wp-block-heading\">A k\u00e9pz\u00e9s tematik\u00e1ja<\/h2>\n\n\n\n<ul class=\"wp-block-list\">\n<li>K\u00e1v\u00e9h\u00e1zak \u00e9s szerkeszt\u0151s\u00e9gek<\/li>\n\n\n\n<li>Szabadk\u0151m\u0171vess\u00e9g<\/li>\n\n\n\n<li>Irodalmi t\u00e1rsas\u00e1gok<\/li>\n\n\n\n<li>Eszmet\u00f6rt\u00e9neti kitekint\u00e9s<\/li>\n\n\n\n<li>\u201eA r\u00fat varangyot v\u00e9resen meg\u00f6lt\u00fck\u201d: Cs\u00e1th \u00e9s Kosztol\u00e1nyi szabadkai \u00e9vei<\/li>\n\n\n\n<li>K\u00eds\u00e9rletek a drogf\u00fcgg\u0151 Cs\u00e1th megment\u00e9s\u00e9re <\/li>\n\n\n\n<li>Cs\u00e1th G\u00e9za v\u00e9grendelete \u00e9s Kosztol\u00e1nyi Mostoha c\u00edm\u0171 reg\u00e9nyt\u00f6red\u00e9ke.<\/li>\n<\/ul>\n\n\n\n<h2 class=\"wp-block-heading\">A k\u00e9pz\u00e9s r\u00e9szv\u00e9teli felt\u00e9telei (szakmai el\u0151k\u00e9pzetts\u00e9g)<\/h2>\n\n\n\n<p>Nem sz\u00fcks\u00e9ges el\u0151zetes k\u00e9pzetts\u00e9g.<\/p>\n\n\n\n<h2 class=\"wp-block-heading\">A k\u00e9pz\u00e9s v\u00e1rhat\u00f3 hossza\/intenzit\u00e1sa<\/h2>\n\n\n\n<p>Egy nap (7 \u00f3ra)<\/p>","protected":false},"excerpt":{"rendered":"<p>Ismeretek a Nyugat foly\u00f3irat \u00e9s korszak\u00e1nak kult\u00fart\u00f6rt\u00e9nete k\u00f6r\u00e9b\u0151l, Kosztol\u00e1nyi Dezs\u0151 \u00e9s Cs\u00e1th G\u00e9za munk\u00e1ss\u00e1g\u00e1r\u00f3l. Recommended for A magyar irodalom \u00e9s 20. sz\u00e1zad eleji t\u00f6rt\u00e9nelem ir\u00e1nt \u00e9rdekl\u0151d\u0151 nagyk\u00f6z\u00f6ns\u00e9g; magyar \u00e9s t\u00f6rt\u00e9nelem szakos tan\u00e1rok; \u00fajs\u00e1g\u00edr\u00f3k, szerkeszt\u0151k; b\u00f6lcs\u00e9szek. Training topics Entry requirements Nem sz\u00fcks\u00e9ges el\u0151zetes k\u00e9pzetts\u00e9g. Expected Duration\/Intensity of the training Egy nap (7 \u00f3ra)<\/p>","protected":false},"featured_media":2291,"template":"","meta":{"_acf_changed":true},"product_brand":[],"product_cat":[56,43,74,68,63],"product_tag":[66,60],"class_list":{"0":"post-2283","1":"product","2":"type-product","3":"status-publish","4":"has-post-thumbnail","6":"product_cat-adult-education","7":"product_cat-faculty-of-humanities","8":"product_cat-humanities-and-pedagogy","9":"product_cat-hungarian","10":"product_cat-in-person","11":"product_tag-in-person","12":"product_tag-online","14":"first","15":"instock","16":"virtual","17":"sold-individually","18":"taxable","19":"purchasable","20":"product-type-simple"},"acf":[],"_links":{"self":[{"href":"https:\/\/shop.uni-pannon.hu\/hu\/wp-json\/wp\/v2\/product\/2283","targetHints":{"allow":["GET"]}}],"collection":[{"href":"https:\/\/shop.uni-pannon.hu\/hu\/wp-json\/wp\/v2\/product"}],"about":[{"href":"https:\/\/shop.uni-pannon.hu\/hu\/wp-json\/wp\/v2\/types\/product"}],"wp:featuredmedia":[{"embeddable":true,"href":"https:\/\/shop.uni-pannon.hu\/hu\/wp-json\/wp\/v2\/media\/2291"}],"wp:attachment":[{"href":"https:\/\/shop.uni-pannon.hu\/hu\/wp-json\/wp\/v2\/media?parent=2283"}],"wp:term":[{"taxonomy":"product_brand","embeddable":true,"href":"https:\/\/shop.uni-pannon.hu\/hu\/wp-json\/wp\/v2\/product_brand?post=2283"},{"taxonomy":"product_cat","embeddable":true,"href":"https:\/\/shop.uni-pannon.hu\/hu\/wp-json\/wp\/v2\/product_cat?post=2283"},{"taxonomy":"product_tag","embeddable":true,"href":"https:\/\/shop.uni-pannon.hu\/hu\/wp-json\/wp\/v2\/product_tag?post=2283"}],"curies":[{"name":"wp","href":"https:\/\/api.w.org\/{rel}","templated":true}]}}