{"id":2215,"date":"2025-03-11T14:05:28","date_gmt":"2025-03-11T13:05:28","guid":{"rendered":"https:\/\/shop.uni-pannon.hu\/?post_type=product&#038;p=2215"},"modified":"2026-02-09T13:43:51","modified_gmt":"2026-02-09T12:43:51","slug":"korforgasos-turizmus","status":"publish","type":"product","link":"https:\/\/shop.uni-pannon.hu\/hu\/termek\/korforgasos-turizmus\/","title":{"rendered":"Bevezet\u00e9s a k\u00f6rforg\u00e1sos gazdas\u00e1gba &#8211; a k\u00f6rforg\u00e1sos gazdas\u00e1g jelent\u0151s\u00e9ge a turizmusban"},"content":{"rendered":"<p>A k\u00e9pz\u00e9sben r\u00e9sztvev\u0151 ismeri a k\u00f6rforg\u00e1sos gazdas\u00e1g gondolatk\u00f6r\u00e9t, tiszt\u00e1ban van annak fogalmi kereteivel.<\/p>\n\n\n\n<p>Ismeri a k\u00f6rforg\u00e1sos gazdas\u00e1g al\u00e1bbi elemeinek gyakorlati vonatkoz\u00e1sait:<\/p>\n\n\n\n<ul class=\"wp-block-list\">\n<li>k\u00f6rforg\u00e1sos anyag- \u00e9s energiagazd\u00e1lkod\u00e1s,<\/li>\n\n\n\n<li>a k\u00f6rforg\u00e1sos gazdas\u00e1gi modell r\u00e9szter\u00fcletei, technol\u00f3giai k\u00f6r, biol\u00f3giai k\u00f6r, meg\u00fajul\u00f3 energiaforr\u00e1sok,<\/li>\n\n\n\n<li>a k\u00f6rforg\u00e1sos gazdas\u00e1g eszk\u00f6zt\u00e1ra, kulcster\u00fcletei (pl. \u00e9lelmiszer, v\u00edz, energia),<\/li>\n\n\n\n<li>a k\u00f6rforg\u00e1sos gazdas\u00e1g \u00e9s a t\u00e1rsadalmi szerepv\u00e1llal\u00e1s.<\/li>\n\n\n\n<li>Ismeri a k\u00f6rforg\u00e1sos gazdas\u00e1g t\u00e9mak\u00f6r\u00e9t \u00e9rint\u0151 menedzsment \u00e9s egy\u00e9b kih\u00edv\u00e1sokat, k\u00fcl\u00f6n\u00f6s tekintettel a turizmus \u00e1gazatra.<\/li>\n\n\n\n<li>K\u00e9pess\u00e9 v\u00e1lik a k\u00f6rforg\u00e1sos gazdas\u00e1gi modell \u00e9rtelmez\u00e9s\u00e9re, egyes vonatkoz\u00e1sainak gyakorlati alkalmaz\u00e1s\u00e1ra a v\u00e1llalati, int\u00e9zm\u00e9nyi k\u00f6rnyezetben<\/li>\n<\/ul>\n\n\n\n<p>Kiknek aj\u00e1nljuk:<\/p>\n\n\n\n<p>V\u00e1llalati vezet\u0151k, szakemberek, az \u00fczleti \u00e9let szerepl\u0151i, a turizmus \u00e9s m\u00e1s kapcsol\u00f3d\u00f3 \u00e1gazatok ter\u00fclet\u00e9n, akik szeretn\u00e9nek megismerkedni a k\u00f6rforg\u00e1sos gazdas\u00e1g alapjaival.<\/p>\n\n\n\n<p>A k\u00e9pz\u00e9s tematik\u00e1ja:<\/p>\n\n\n\n<ul class=\"wp-block-list\">\n<li>Bevezet\u00e9s a k\u00f6rforg\u00e1sos gazdas\u00e1g elm\u00e9let\u00e9be (4 \u00f3ra): a k\u00f6rforg\u00e1sos gazdas\u00e1g alapelvei, jellemz\u0151i, a t\u00e1gabb t\u00e9mak\u00f6rt \u00e9rint\u0151 glob\u00e1lis kih\u00edv\u00e1sok. A tananyagegys\u00e9g r\u00e1mutat a t\u00e9mak\u00f6r jelent\u0151s\u00e9g\u00e9re, fejl\u0151d\u00e9s\u00e9re, ismerteti a kapcsol\u00f3d\u00f3 fogalmakat. <\/li>\n\n\n\n<li>K\u00f6rforg\u00e1sos gazdas\u00e1g a turizmusban (4 \u00f3ra): a k\u00f6rforg\u00e1sos gazdas\u00e1gi modell \u00e9rtelmez\u00e9se a turizmus ter\u00fclet\u00e9n, v\u00e1llalati\/ int\u00e9zm\u00e9nyi\/ telep\u00fcl\u00e9si k\u00f6rnyezetben. A r\u00e9sztvev\u0151k saj\u00e1t tapasztalataira \u00e9s a kor\u00e1bbi modulok tananyagegys\u00e9geire alapozva kontextusba helyezi a k\u00f6rforg\u00e1sos gazdas\u00e1gi modellt.<\/li>\n<\/ul>\n\n\n\n<p>A k\u00e9pz\u00e9s el\u0151felt\u00e9tele:<\/p>\n\n\n\n<p>Nem sz\u00fcks\u00e9ges el\u0151zetes k\u00e9pzetts\u00e9g.<\/p>","protected":false},"excerpt":{"rendered":"<p>A k\u00e9pz\u00e9sben r\u00e9sztvev\u0151 ismeri a k\u00f6rforg\u00e1sos gazdas\u00e1g gondolatk\u00f6r\u00e9t, tiszt\u00e1ban van annak fogalmi kereteivel. Ismeri a k\u00f6rforg\u00e1sos gazdas\u00e1g al\u00e1bbi elemeinek gyakorlati vonatkoz\u00e1sait: Kiknek aj\u00e1nljuk: V\u00e1llalati vezet\u0151k, szakemberek, az \u00fczleti \u00e9let szerepl\u0151i, a turizmus \u00e9s m\u00e1s kapcsol\u00f3d\u00f3 \u00e1gazatok ter\u00fclet\u00e9n, akik szeretn\u00e9nek megismerkedni a k\u00f6rforg\u00e1sos gazdas\u00e1g alapjaival. A k\u00e9pz\u00e9s tematik\u00e1ja: A k\u00e9pz\u00e9s el\u0151felt\u00e9tele: Nem sz\u00fcks\u00e9ges el\u0151zetes k\u00e9pzetts\u00e9g.<\/p>","protected":false},"featured_media":2219,"template":"","meta":{"_acf_changed":true},"product_brand":[],"product_cat":[56,75,68,46],"product_tag":[66],"class_list":{"0":"post-2215","1":"product","2":"type-product","3":"status-publish","4":"has-post-thumbnail","6":"product_cat-adult-education","7":"product_cat-business-and-economy","8":"product_cat-hungarian","9":"product_cat-university-of-pannonia-nagykanizsa","10":"product_tag-in-person","12":"first","13":"instock","14":"virtual","15":"sold-individually","16":"taxable","17":"purchasable","18":"product-type-simple"},"acf":[],"_links":{"self":[{"href":"https:\/\/shop.uni-pannon.hu\/hu\/wp-json\/wp\/v2\/product\/2215","targetHints":{"allow":["GET"]}}],"collection":[{"href":"https:\/\/shop.uni-pannon.hu\/hu\/wp-json\/wp\/v2\/product"}],"about":[{"href":"https:\/\/shop.uni-pannon.hu\/hu\/wp-json\/wp\/v2\/types\/product"}],"wp:featuredmedia":[{"embeddable":true,"href":"https:\/\/shop.uni-pannon.hu\/hu\/wp-json\/wp\/v2\/media\/2219"}],"wp:attachment":[{"href":"https:\/\/shop.uni-pannon.hu\/hu\/wp-json\/wp\/v2\/media?parent=2215"}],"wp:term":[{"taxonomy":"product_brand","embeddable":true,"href":"https:\/\/shop.uni-pannon.hu\/hu\/wp-json\/wp\/v2\/product_brand?post=2215"},{"taxonomy":"product_cat","embeddable":true,"href":"https:\/\/shop.uni-pannon.hu\/hu\/wp-json\/wp\/v2\/product_cat?post=2215"},{"taxonomy":"product_tag","embeddable":true,"href":"https:\/\/shop.uni-pannon.hu\/hu\/wp-json\/wp\/v2\/product_tag?post=2215"}],"curies":[{"name":"wp","href":"https:\/\/api.w.org\/{rel}","templated":true}]}}