{"id":1684,"date":"2024-12-03T09:48:15","date_gmt":"2024-12-03T08:48:15","guid":{"rendered":"https:\/\/shop.uni-pannon.hu\/?post_type=product&#038;p=1684"},"modified":"2026-02-09T12:53:19","modified_gmt":"2026-02-09T11:53:19","slug":"network-security","status":"publish","type":"product","link":"https:\/\/shop.uni-pannon.hu\/hu\/termek\/network-security\/","title":{"rendered":"Network Security - H\u00e1l\u00f3zatbiztons\u00e1gi alapismeretek"},"content":{"rendered":"<p>A hallgat\u00f3k ismerj\u00e9k meg az informatikai biztons\u00e1g alapt\u00e9mak\u00f6reit: a h\u00e1l\u00f3zatbiztons\u00e1got, k\u00fcl\u00f6nf\u00e9le k\u00e1rtev\u0151ellenes megold\u00e1sokat \u00e9s fenyegetetts\u00e9geket, valamint a kriptogr\u00e1fia alapjait.<\/p>\n\n\n\n<p>Az elsaj\u00e1t\u00edtott ismereteket legyenek k\u00e9pesek a gyakorlati tev\u00e9kenys\u00e9g\u00fck sor\u00e1n alkalmazni.<\/p>\n\n\n\n<h3 class=\"wp-block-heading\">Kinek aj\u00e1nljuk<\/h3>\n\n\n\n<p>A k\u00e9pz\u00e9s c\u00e9lcsoportj\u00e1t els\u0151sorban olyan IT-alapismeretekkel rendelkez\u0151 szem\u00e9lyek adj\u00e1k, akik \u00e9rdekl\u0151dnek a h\u00e1l\u00f3zati \u00e9s m\u0171szaki t\u00e9m\u00e1k ir\u00e1nt.<\/p>\n\n\n\n<h3 class=\"wp-block-heading\">A k\u00e9pz\u00e9s tematik\u00e1ja<\/h3>\n\n\n\n<ul class=\"wp-block-list\">\n<li>Modern biztons\u00e1gi vesz\u00e9lyek<\/li>\n\n\n\n<li>T\u00e1mad\u00e1si technik\u00e1k<\/li>\n\n\n\n<li>Hozz\u00e1f\u00e9r\u00e9si szintek kialak\u00edt\u00e1sa<\/li>\n\n\n\n<li>Eszk\u00f6z-monitoroz\u00e1s \u00e9s menedzsel\u00e9s (SNMP, Syslog)<\/li>\n\n\n\n<li>Hiteles\u00edt\u00e9s, jogosults\u00e1g- \u00e9s fi\u00f3kkezel\u00e9s (AAA, RADIUS, TACACS+)<\/li>\n\n\n\n<li>T\u0171zfal-technol\u00f3gi\u00e1k<\/li>\n\n\n\n<li>\u00c1llapot-alap\u00fa t\u0171zfalak (DMZ, CABC)<\/li>\n\n\n\n<li>Behatol\u00e1s-\u00e9rz\u00e9kel\u00e9s \u00e9s megel\u0151z\u00e9s (IDS, IPS)<\/li>\n\n\n\n<li>Helyi h\u00e1l\u00f3zatok v\u00e9delme (MAC Address Spoofing, Flooding, VLAN Attack)<\/li>\n\n\n\n<li>Kriptogr\u00e1fiai alapok<\/li>\n\n\n\n<li>Virtu\u00e1lis mag\u00e1nh\u00e1l\u00f3zatok (VPN)<\/li>\n\n\n\n<li>Alag\u00fattechnik\u00e1k, IPsec, SSL be\u00e1ll\u00edt\u00e1sa<\/li>\n\n\n\n<li>V\u00e9dett h\u00e1l\u00f3zatok fel\u00fcgyelete<\/li>\n\n\n\n<li>Biztons\u00e1g tesztel\u00e9se<\/li>\n<\/ul>\n\n\n\n<h3 class=\"wp-block-heading\">A k\u00e9pz\u00e9s r\u00e9szv\u00e9teli felt\u00e9telei (szakmai el\u0151k\u00e9pzetts\u00e9g)<\/h3>\n\n\n\n<p>El\u0151zetesen elv\u00e1rt tud\u00e1s: informatikai alapismeretek<\/p>\n\n\n\n<h3 class=\"wp-block-heading\">A k\u00e9pz\u00e9s v\u00e1rhat\u00f3 hossza\/intenzit\u00e1sa<\/h3>\n\n\n\n<p>Egy f\u00e9l\u00e9v, 5 x 8 \u00f3r\u00e1s blokkokban<\/p>\n\n\n\n<p><\/p>","protected":false},"excerpt":{"rendered":"<p>Students will learn the basics of IT security: network security, various anti-malware solutions and threats, and the basics of cryptography. They should be able to apply the knowledge acquired in their practical work. Recommended for The target group for this course is mainly people with basic IT skills who are interested in networking and technical [&hellip;]<\/p>\n","protected":false},"featured_media":2289,"template":"","meta":{"_acf_changed":false},"product_brand":[],"product_cat":[56,67,44,68,73],"product_tag":[64,66],"class_list":{"0":"post-1684","1":"product","2":"type-product","3":"status-publish","4":"has-post-thumbnail","6":"product_cat-adult-education","7":"product_cat-english","8":"product_cat-faculty-of-information-technology","9":"product_cat-hungarian","10":"product_cat-science-and-technology","11":"product_tag-hybrid","12":"product_tag-in-person","14":"first","15":"instock","16":"virtual","17":"sold-individually","18":"taxable","19":"purchasable","20":"product-type-simple"},"acf":[],"_links":{"self":[{"href":"https:\/\/shop.uni-pannon.hu\/hu\/wp-json\/wp\/v2\/product\/1684","targetHints":{"allow":["GET"]}}],"collection":[{"href":"https:\/\/shop.uni-pannon.hu\/hu\/wp-json\/wp\/v2\/product"}],"about":[{"href":"https:\/\/shop.uni-pannon.hu\/hu\/wp-json\/wp\/v2\/types\/product"}],"wp:featuredmedia":[{"embeddable":true,"href":"https:\/\/shop.uni-pannon.hu\/hu\/wp-json\/wp\/v2\/media\/2289"}],"wp:attachment":[{"href":"https:\/\/shop.uni-pannon.hu\/hu\/wp-json\/wp\/v2\/media?parent=1684"}],"wp:term":[{"taxonomy":"product_brand","embeddable":true,"href":"https:\/\/shop.uni-pannon.hu\/hu\/wp-json\/wp\/v2\/product_brand?post=1684"},{"taxonomy":"product_cat","embeddable":true,"href":"https:\/\/shop.uni-pannon.hu\/hu\/wp-json\/wp\/v2\/product_cat?post=1684"},{"taxonomy":"product_tag","embeddable":true,"href":"https:\/\/shop.uni-pannon.hu\/hu\/wp-json\/wp\/v2\/product_tag?post=1684"}],"curies":[{"name":"wp","href":"https:\/\/api.w.org\/{rel}","templated":true}]}}