{"id":1675,"date":"2024-12-02T13:21:56","date_gmt":"2024-12-02T12:21:56","guid":{"rendered":"https:\/\/shop.uni-pannon.hu\/?post_type=product&#038;p=1675"},"modified":"2026-01-14T10:51:10","modified_gmt":"2026-01-14T09:51:10","slug":"szemelyes-brandepites","status":"publish","type":"product","link":"https:\/\/shop.uni-pannon.hu\/hu\/termek\/szemelyes-brandepites\/","title":{"rendered":"Szem\u00e9lyes brand\u00e9p\u00edt\u00e9s"},"content":{"rendered":"<p>A k\u00e9pz\u00e9sben r\u00e9sztvev\u0151<\/p>\n\n\n\n<ul class=\"wp-block-list\">\n<li>jobban megismeri a sikeres \u00f6nmenedzsmenthez sz\u00fcks\u00e9ges ismereteket, a szem\u00e9lyes brand\u00e9p\u00edt\u00e9si m\u00f3dszereket<\/li>\n\n\n\n<li>k\u00e9pess\u00e9 v\u00e1lik a hat\u00e9konyabb kommunik\u00e1ci\u00f3ra, konfliktuskezel\u00e9sre<\/li>\n\n\n\n<li>megismeri az id\u0151menedzsment fort\u00e9lyait<\/li>\n\n\n\n<li>k\u00e9pess\u00e9 v\u00e1lik az eredm\u00e9nyesebb karrier\u00e9p\u00edt\u00e9sre, az \u00f6nm\u00e1rka\u00e9p\u00edt\u00e9sre.<\/li>\n<\/ul>\n\n\n\n<h3 class=\"wp-block-heading\">Kiknek aj\u00e1nljuk<\/h3>\n\n\n\n<p>A k\u00e9pz\u00e9st azoknak aj\u00e1nljuk, akik szeretn\u00e9k magukat jobban megismerni, kifel\u00e9 magabiztosabb\u00e1 v\u00e1lni, ez\u00e1ltal sikeress\u00e9g\u00fcket megalapozni. Azokat v\u00e1rjuk k\u00e9pz\u00e9s\u00fcnk\u00f6n, akik szeretn\u00e9k szem\u00e9lyes \u00e9let\u00fcket sikeresebb\u00e9 tenni, s mind a mag\u00e1n\u00e9let\u00fckben, mind a munkahely\u00fck\u00f6n hat\u00e9konyabban, magabiztosabban szeretn\u00e9nek mozogni.<\/p>\n\n\n\n<h3 class=\"wp-block-heading\">A k\u00e9pz\u00e9s tematik\u00e1ja<\/h3>\n\n\n\n<ul class=\"wp-block-list\">\n<li>\u00d6nismeret<\/li>\n\n\n\n<li>A brand\u00e9p\u00edt\u00e9s szerepe \u00e9s gyakorlati fort\u00e9lyai, a kreativit\u00e1s fejleszt\u00e9se<\/li>\n\n\n\n<li>A kommunik\u00e1ci\u00f3 fejleszt\u00e9se<\/li>\n\n\n\n<li>A hat\u00e9kony id\u0151gazd\u00e1lkod\u00e1s eszk\u00f6zei<\/li>\n\n\n\n<li>Probl\u00e9mamegold\u00e1si \u00e9s konfliktuskezel\u00e9si technik\u00e1k<\/li>\n\n\n\n<li>Karriermenedzsment<\/li>\n<\/ul>\n\n\n\n<h3 class=\"wp-block-heading\">A k\u00e9pz\u00e9s el\u0151felt\u00e9tele<\/h3>\n\n\n\n<p>Nem sz\u00fcks\u00e9ges el\u0151zetes k\u00e9pzetts\u00e9g.<\/p>\n\n\n\n<h3 class=\"wp-block-heading\">A k\u00e9pz\u00e9s v\u00e1rhat\u00f3 hossza\/ intenzit\u00e1sa<\/h3>\n\n\n\n<p>6 alkalom, alkalmank\u00e9nt 5 * 45 perc (p\u00e9ntek d\u00e9lut\u00e1ni id\u0151pontok).<\/p>","protected":false},"excerpt":{"rendered":"<p>A k\u00e9pz\u00e9sben r\u00e9sztvev\u0151 Kiknek aj\u00e1nljuk A k\u00e9pz\u00e9st azoknak aj\u00e1nljuk, akik szeretn\u00e9k magukat jobban megismerni, kifel\u00e9 magabiztosabb\u00e1 v\u00e1lni, ez\u00e1ltal sikeress\u00e9g\u00fcket megalapozni. Azokat v\u00e1rjuk k\u00e9pz\u00e9s\u00fcnk\u00f6n, akik szeretn\u00e9k szem\u00e9lyes \u00e9let\u00fcket sikeresebb\u00e9 tenni, s mind a mag\u00e1n\u00e9let\u00fckben, mind a munkahely\u00fck\u00f6n hat\u00e9konyabban, magabiztosabban szeretn\u00e9nek mozogni. A k\u00e9pz\u00e9s tematik\u00e1ja A k\u00e9pz\u00e9s el\u0151felt\u00e9tele Nem sz\u00fcks\u00e9ges el\u0151zetes k\u00e9pzetts\u00e9g. A k\u00e9pz\u00e9s v\u00e1rhat\u00f3 hossza\/ intenzit\u00e1sa [&hellip;]<\/p>\n","protected":false},"featured_media":2334,"template":"","meta":{"_acf_changed":true},"product_brand":[],"product_cat":[56,76,68,47],"product_tag":[66],"class_list":{"0":"post-1675","1":"product","2":"type-product","3":"status-publish","4":"has-post-thumbnail","6":"product_cat-adult-education","7":"product_cat-competence-development","8":"product_cat-hungarian","9":"product_cat-zalaegerszeg-university-center","10":"product_tag-in-person","12":"first","13":"instock","14":"virtual","15":"sold-individually","16":"taxable","17":"purchasable","18":"product-type-simple"},"acf":[],"_links":{"self":[{"href":"https:\/\/shop.uni-pannon.hu\/hu\/wp-json\/wp\/v2\/product\/1675","targetHints":{"allow":["GET"]}}],"collection":[{"href":"https:\/\/shop.uni-pannon.hu\/hu\/wp-json\/wp\/v2\/product"}],"about":[{"href":"https:\/\/shop.uni-pannon.hu\/hu\/wp-json\/wp\/v2\/types\/product"}],"wp:featuredmedia":[{"embeddable":true,"href":"https:\/\/shop.uni-pannon.hu\/hu\/wp-json\/wp\/v2\/media\/2334"}],"wp:attachment":[{"href":"https:\/\/shop.uni-pannon.hu\/hu\/wp-json\/wp\/v2\/media?parent=1675"}],"wp:term":[{"taxonomy":"product_brand","embeddable":true,"href":"https:\/\/shop.uni-pannon.hu\/hu\/wp-json\/wp\/v2\/product_brand?post=1675"},{"taxonomy":"product_cat","embeddable":true,"href":"https:\/\/shop.uni-pannon.hu\/hu\/wp-json\/wp\/v2\/product_cat?post=1675"},{"taxonomy":"product_tag","embeddable":true,"href":"https:\/\/shop.uni-pannon.hu\/hu\/wp-json\/wp\/v2\/product_tag?post=1675"}],"curies":[{"name":"wp","href":"https:\/\/api.w.org\/{rel}","templated":true}]}}