{"id":1673,"date":"2024-12-02T13:11:41","date_gmt":"2024-12-02T12:11:41","guid":{"rendered":"https:\/\/shop.uni-pannon.hu\/?post_type=product&#038;p=1673"},"modified":"2026-01-14T08:51:27","modified_gmt":"2026-01-14T07:51:27","slug":"olvass-a-merlegbol","status":"publish","type":"product","link":"https:\/\/shop.uni-pannon.hu\/hu\/termek\/olvass-a-merlegbol\/","title":{"rendered":"Olvass a m\u00e9rlegb\u0151l!"},"content":{"rendered":"<p>A k\u00e9pz\u00e9sben r\u00e9sztvev\u0151 k\u00e9pess\u00e9 v\u00e1lik \u00f6sszef\u00fcgg\u00e9s\u00e9ben vizsg\u00e1lni a besz\u00e1mol\u00f3 dokumentumainak adatait, megismeri a szakmai mutat\u00f3sz\u00e1mok rendszer\u00e9t, azok ett\u0151l elt\u00e9r\u0151 hasznos\u00edthat\u00f3s\u00e1g\u00e1t, \u00e9s ezeket alkalmazni tudja a d\u00f6nt\u00e9shozatali folyamatokban, tov\u00e1bb\u00e1 saj\u00e1t besz\u00e1mol\u00f3j\u00e1b\u00f3l k\u00f6vetkeztet\u00e9seket vonhat le a r\u00f6vid \u00e9s esetleges k\u00f6z\u00e9pt\u00e1v\u00fa tendenci\u00e1ira.<\/p>\n\n\n\n<h3 class=\"wp-block-heading\">Kinek aj\u00e1nljuk<\/h3>\n\n\n\n<p>A KKV szektorban m\u0171k\u00f6d\u0151 jellemz\u0151en kicsi v\u00e1llalkoz\u00e1sok, c\u00e9gek tulajdonosai r\u00e9sz\u00e9re aj\u00e1nlott.<\/p>\n\n\n\n<h3 class=\"wp-block-heading\">A k\u00e9pz\u00e9s tematik\u00e1ja<\/h3>\n\n\n\n<ul class=\"wp-block-list\">\n<li>A besz\u00e1mol\u00f3 fajt\u00e1i, azok r\u00e9szei.<\/li>\n\n\n\n<li>Az \u00e1ltal\u00e1nos elemz\u00e9si mutat\u00f3sz\u00e1m rendszer.<\/li>\n\n\n\n<li>Vagyoni helyzet vizsg\u00e1lat.<\/li>\n\n\n\n<li>P\u00e9nz\u00fcgyi helyzet vizsg\u00e1lat.<\/li>\n\n\n\n<li>J\u00f6vedelmi, j\u00f6vedelmez\u0151s\u00e9gi helyzet vizsg\u00e1lat<\/li>\n\n\n\n<li>Hat\u00e9konys\u00e1gvizsg\u00e1lat.<\/li>\n\n\n\n<li>A besz\u00e1mol\u00f3 szinergi\u00e1i.<\/li>\n<\/ul>\n\n\n\n<h3 class=\"wp-block-heading\">A k\u00e9pz\u00e9s r\u00e9szv\u00e9teli felt\u00e9telei (szakmai el\u0151k\u00e9pzetts\u00e9g)<\/h3>\n\n\n\n<p>Nincs bemeneti felt\u00e9tel.<\/p>\n\n\n\n<h3 class=\"wp-block-heading\">A k\u00e9pz\u00e9s v\u00e1rhat\u00f3 hossza\/intenzit\u00e1sa<\/h3>\n\n\n\n<p>\u00d6t alkalom, egy alkalom 3 *45 perc<\/p>\n\n\n\n<p><\/p>","protected":false},"excerpt":{"rendered":"<p>Participants in the training will be able to examine the data in the context of the financial statement documents, familiarize themselves with the system of professional indicators, understand their alternative uses, and apply them in decision-making processes. Additionally, they will be able to draw conclusions from their own financial statement regarding short-term and potentially medium-term [&hellip;]<\/p>\n","protected":false},"featured_media":2292,"template":"","meta":{"_acf_changed":true},"product_brand":[],"product_cat":[56,75,68,47],"product_tag":[60],"class_list":{"0":"post-1673","1":"product","2":"type-product","3":"status-publish","4":"has-post-thumbnail","6":"product_cat-adult-education","7":"product_cat-business-and-economy","8":"product_cat-hungarian","9":"product_cat-zalaegerszeg-university-center","10":"product_tag-online","12":"first","13":"instock","14":"virtual","15":"sold-individually","16":"taxable","17":"purchasable","18":"product-type-simple"},"acf":[],"_links":{"self":[{"href":"https:\/\/shop.uni-pannon.hu\/hu\/wp-json\/wp\/v2\/product\/1673","targetHints":{"allow":["GET"]}}],"collection":[{"href":"https:\/\/shop.uni-pannon.hu\/hu\/wp-json\/wp\/v2\/product"}],"about":[{"href":"https:\/\/shop.uni-pannon.hu\/hu\/wp-json\/wp\/v2\/types\/product"}],"wp:featuredmedia":[{"embeddable":true,"href":"https:\/\/shop.uni-pannon.hu\/hu\/wp-json\/wp\/v2\/media\/2292"}],"wp:attachment":[{"href":"https:\/\/shop.uni-pannon.hu\/hu\/wp-json\/wp\/v2\/media?parent=1673"}],"wp:term":[{"taxonomy":"product_brand","embeddable":true,"href":"https:\/\/shop.uni-pannon.hu\/hu\/wp-json\/wp\/v2\/product_brand?post=1673"},{"taxonomy":"product_cat","embeddable":true,"href":"https:\/\/shop.uni-pannon.hu\/hu\/wp-json\/wp\/v2\/product_cat?post=1673"},{"taxonomy":"product_tag","embeddable":true,"href":"https:\/\/shop.uni-pannon.hu\/hu\/wp-json\/wp\/v2\/product_tag?post=1673"}],"curies":[{"name":"wp","href":"https:\/\/api.w.org\/{rel}","templated":true}]}}