{"id":1669,"date":"2024-12-02T11:41:24","date_gmt":"2024-12-02T10:41:24","guid":{"rendered":"https:\/\/shop.uni-pannon.hu\/?post_type=product&#038;p=1669"},"modified":"2026-02-09T13:39:48","modified_gmt":"2026-02-09T12:39:48","slug":"bevezetes-a-korforgasos-gazdasagba","status":"publish","type":"product","link":"https:\/\/shop.uni-pannon.hu\/hu\/termek\/bevezetes-a-korforgasos-gazdasagba\/","title":{"rendered":"Bevezet\u00e9s a k\u00f6rforg\u00e1sos gazdas\u00e1gba"},"content":{"rendered":"<ul class=\"wp-block-list\">\n<li>The participants will be familiar with the concept of the circular economy and its conceptual framework.<\/li>\n\n\n\n<li>The participants will understand the practical implications of the following elements of circular economy:\n<ul class=\"wp-block-list\">\n<li>k\u00f6rforg\u00e1sos anyag- \u00e9s energiagazd\u00e1lkod\u00e1s,<\/li>\n\n\n\n<li>a k\u00f6rforg\u00e1sos gazdas\u00e1gi modell r\u00e9szter\u00fcletei, technol\u00f3giai k\u00f6r, biol\u00f3giai k\u00f6r, meg\u00fajul\u00f3 energiaforr\u00e1sok,<\/li>\n\n\n\n<li>a k\u00f6rforg\u00e1sos gazdas\u00e1g eszk\u00f6zt\u00e1ra, kulcster\u00fcletei (pl. \u00e9lelmiszer, v\u00edz, energia),<\/li>\n\n\n\n<li>a k\u00f6rforg\u00e1sos gazdas\u00e1g \u00e9s a t\u00e1rsadalmi szerepv\u00e1llal\u00e1s.<\/li>\n<\/ul>\n<\/li>\n\n\n\n<li>The participants will understand the management and other challenges related to the circular economy.<\/li>\n\n\n\n<li>The participants will be capable of interpreting the circular economy model and applying its practical aspects in a corporate or institutional environment.<\/li>\n<\/ul>\n\n\n\n<h3 class=\"wp-block-heading\">Kinek aj\u00e1nljuk<\/h3>\n\n\n\n<p>V\u00e1llalati vezet\u0151k, szakemberek, az \u00fczleti \u00e9let szerepl\u0151i, akik szeretn\u00e9nek megismerkedni a k\u00f6rforg\u00e1sos gazdas\u00e1g alapjaival.<\/p>\n\n\n\n<h3 class=\"wp-block-heading\">A k\u00e9pz\u00e9s tematik\u00e1ja<\/h3>\n\n\n\n<ul class=\"wp-block-list\">\n<li>Bevezet\u00e9s a k\u00f6rforg\u00e1sos gazdas\u00e1g elm\u00e9let\u00e9be (5 \u00f3ra): a k\u00f6rforg\u00e1sos gazdas\u00e1g alapelvei, jellemz\u0151i, a t\u00e1gabb t\u00e9mak\u00f6rt \u00e9rint\u0151 glob\u00e1lis kih\u00edv\u00e1sok. A tananyagegys\u00e9g r\u00e1mutat a t\u00e9mak\u00f6r jelent\u0151s\u00e9g\u00e9re, fejl\u0151d\u00e9s\u00e9re, ismerteti a kapcsol\u00f3d\u00f3 fogalmakat.<\/li>\n\n\n\n<li>A k\u00f6rforg\u00e1sos gazdas\u00e1g r\u00e9szter\u00fcletei (5 \u00f3ra): a k\u00f6rforg\u00e1sos gazdas\u00e1g r\u00e9szter\u00fcletei, eszk\u00f6zt\u00e1ra, priorit\u00e1si ter\u00fcleteit. A tananyagegys\u00e9g emellett r\u00e1vil\u00e1g\u00edt a k\u00f6rforg\u00e1sos gazdas\u00e1gi modell gyakorlati megval\u00f3s\u00edt\u00e1si lehet\u0151s\u00e9geire.<\/li>\n\n\n\n<li>K\u00f6rforg\u00e1sos gazdas\u00e1g a szervezeti m\u0171k\u00f6d\u00e9sben (5 \u00f3ra): a k\u00f6rforg\u00e1sos gazdas\u00e1gi modell \u00e9rtelmez\u00e9se v\u00e1llalati\/ int\u00e9zm\u00e9nyi\/telep\u00fcl\u00e9si k\u00f6rnyezetben. A r\u00e9sztvev\u0151k saj\u00e1t tapasztalataira \u00e9s a kor\u00e1bbi modulok tananyagegys\u00e9geire alapozva kontextusba helyezi a k\u00f6rforg\u00e1sos gazdas\u00e1gi modellt.<\/li>\n<\/ul>\n\n\n\n<h3 class=\"wp-block-heading\">A k\u00e9pz\u00e9s r\u00e9szv\u00e9teli felt\u00e9telei (szakmai el\u0151k\u00e9pzetts\u00e9g)<\/h3>\n\n\n\n<p>Nincs bemeneti felt\u00e9tel.<\/p>\n\n\n\n<h3 class=\"wp-block-heading\">A k\u00e9pz\u00e9s v\u00e1rhat\u00f3 hossza\/intenzit\u00e1sa<\/h3>\n\n\n\n<p>Three sessions, 5 hours each (2 sessions online, 1 session in person)<\/p>","protected":false},"excerpt":{"rendered":"<p>Recommended for Corporate leaders, professionals, and business sector participants who wish to familiarize themselves with the basics of the circular economy. Training Topics Entry requirements There are no entry requirements. Expected Duration\/Intensity of the Training Three sessions, 5 hours each (2 sessions online, 1 session in person)<\/p>","protected":false},"featured_media":2288,"template":"","meta":{"_acf_changed":true},"product_brand":[],"product_cat":[75,68,46],"product_tag":[64],"class_list":{"0":"post-1669","1":"product","2":"type-product","3":"status-publish","4":"has-post-thumbnail","6":"product_cat-business-and-economy","7":"product_cat-hungarian","8":"product_cat-university-of-pannonia-nagykanizsa","9":"product_tag-hybrid","11":"first","12":"instock","13":"virtual","14":"sold-individually","15":"taxable","16":"purchasable","17":"product-type-simple"},"acf":[],"_links":{"self":[{"href":"https:\/\/shop.uni-pannon.hu\/hu\/wp-json\/wp\/v2\/product\/1669","targetHints":{"allow":["GET"]}}],"collection":[{"href":"https:\/\/shop.uni-pannon.hu\/hu\/wp-json\/wp\/v2\/product"}],"about":[{"href":"https:\/\/shop.uni-pannon.hu\/hu\/wp-json\/wp\/v2\/types\/product"}],"wp:featuredmedia":[{"embeddable":true,"href":"https:\/\/shop.uni-pannon.hu\/hu\/wp-json\/wp\/v2\/media\/2288"}],"wp:attachment":[{"href":"https:\/\/shop.uni-pannon.hu\/hu\/wp-json\/wp\/v2\/media?parent=1669"}],"wp:term":[{"taxonomy":"product_brand","embeddable":true,"href":"https:\/\/shop.uni-pannon.hu\/hu\/wp-json\/wp\/v2\/product_brand?post=1669"},{"taxonomy":"product_cat","embeddable":true,"href":"https:\/\/shop.uni-pannon.hu\/hu\/wp-json\/wp\/v2\/product_cat?post=1669"},{"taxonomy":"product_tag","embeddable":true,"href":"https:\/\/shop.uni-pannon.hu\/hu\/wp-json\/wp\/v2\/product_tag?post=1669"}],"curies":[{"name":"wp","href":"https:\/\/api.w.org\/{rel}","templated":true}]}}