{"id":1666,"date":"2024-12-02T11:29:35","date_gmt":"2024-12-02T10:29:35","guid":{"rendered":"https:\/\/shop.uni-pannon.hu\/?post_type=product&#038;p=1666"},"modified":"2026-02-09T13:19:23","modified_gmt":"2026-02-09T12:19:23","slug":"az-informatika-alapjai-a-vallalati-strukturaban-ipar-4-0","status":"publish","type":"product","link":"https:\/\/shop.uni-pannon.hu\/hu\/termek\/az-informatika-alapjai-a-vallalati-strukturaban-ipar-4-0\/","title":{"rendered":"Az informatika alapjai a v\u00e1llalati strukt\u00far\u00e1ban (Ipar 4.0)"},"content":{"rendered":"<p>A k\u00e9pz\u00e9sben r\u00e9sztvev\u0151 megismeri a negyedik ipari forradalom koncepci\u00f3j\u00e1t, a t\u00e9m\u00e1hoz kapcsol\u00f3d\u00f3 fogalmakat, \u00e9s az egyes modulok elsaj\u00e1t\u00edt\u00e1s\u00e1val k\u00e9pes lesz alapszinten alkalmazni az al\u00e1bbi ismereteket:<\/p>\n\n\n\n<ul class=\"wp-block-list\">\n<li>A HTML, a jQuery  \u00e9s a PHP programoz\u00e1si nyelvek haszn\u00e1lat\u00e1nak alapjai.<\/li>\n\n\n\n<li>A Python programoz\u00e1si nyelv fel\u00e9p\u00edt\u00e9se, haszn\u00e1lat\u00e1val hogyan lehet struktur\u00e1ltan legy\u0171jteni adatokat a vil\u00e1gh\u00e1l\u00f3r\u00f3l \u00e9s a rendelkez\u00e9sre \u00e1ll\u00f3 inform\u00e1ci\u00f3kat felhaszn\u00e1lva, hogyan lehet programk\u00f3db\u00f3l \u00e1br\u00e1kat, kimutat\u00e1sokat l\u00e9trehozni.<\/li>\n\n\n\n<li>A termel\u00e9s hat\u00e9konys\u00e1g\u00e1nak m\u00e9r\u00e9se. A k\u00fcl\u00f6nb\u00f6z\u0151 gy\u00e1rt\u00e1si megold\u00e1sokhoz tartoz\u00f3 m\u00e9r\u00e9si m\u00f3dszerek \u00e9s azok jelent\u00e9se a gyakorlatban.<\/li>\n<\/ul>\n\n\n\n<h3 class=\"wp-block-heading\">Kinek aj\u00e1nljuk<\/h3>\n\n\n\n<p>V\u00e1llalati, int\u00e9zm\u00e9nyi d\u00f6nt\u00e9shoz\u00f3k, alkalmazottak, a t\u00e9ma ir\u00e1nt \u00e9rdekl\u0151d\u0151k.<\/p>\n\n\n\n<h3 class=\"wp-block-heading\">A k\u00e9pz\u00e9s tematik\u00e1ja<\/h3>\n\n\n\n<ul class=\"wp-block-list\">\n<li>Az Ipar 4.0 alapjai (8 \u00f3ra)<\/li>\n\n\n\n<li>Web-alapok\/HTML-alapok (16 \u00f3ra)<\/li>\n\n\n\n<li>jQuery alapok (8 \u00f3ra \u2013 2. modulra \u00e9p\u00fcl)<\/li>\n\n\n\n<li>PHP alapok (8 \u00f3ra \u2013 2. modulra \u00e9p\u00fcl)<\/li>\n\n\n\n<li>Python alapok (8 \u00f3ra)<\/li>\n\n\n\n<li>Adatelemz\u00e9s (adatgy\u0171jt\u00e9s \u00e9s -megjelen\u00edt\u00e9s) (8 \u00f3ra \u2013 5. modulra \u00e9p\u00fcl)<\/li>\n\n\n\n<li>Ipari teljes\u00edtm\u00e9nysz\u00e1m\u00edt\u00e1s (4 \u00f3ra \u2013 3, 4, 5, 6. modulra \u00e9p\u00fcl)<\/li>\n<\/ul>\n\n\n\n<h3 class=\"wp-block-heading\">A k\u00e9pz\u00e9s r\u00e9szv\u00e9teli felt\u00e9telei (szakmai el\u0151k\u00e9pzetts\u00e9g)<\/h3>\n\n\n\n<p>Nincs bemeneti k\u00f6vetelm\u00e9ny, a 3,4,6 \u00e9s 7. modulok el\u0151z\u0151 modulokra \u00e9p\u00fclnek.<\/p>\n\n\n\n<h3 class=\"wp-block-heading\">A k\u00e9pz\u00e9s v\u00e1rhat\u00f3 hossza\/intenzit\u00e1sa<\/h3>\n\n\n\n<p>Egy f\u00e9l\u00e9v, 8 \u00e9s 4 \u00f3r\u00e1s blokkokban.<\/p>","protected":false},"excerpt":{"rendered":"<p>The participants of the course will get to know the concept of the Fourth Industrial Revolution, related terminology, and with the completion of the modules, they will be able to apply the following knowledge at a basic level: Recommended for Corporate and institutional decision-makers, employees, and people interested in the topic. Training Topics Entry requirements [&hellip;]<\/p>\n","protected":false},"featured_media":2328,"template":"","meta":{"_acf_changed":true},"product_brand":[],"product_cat":[68,73,46],"product_tag":[60],"class_list":{"0":"post-1666","1":"product","2":"type-product","3":"status-publish","4":"has-post-thumbnail","6":"product_cat-hungarian","7":"product_cat-science-and-technology","8":"product_cat-university-of-pannonia-nagykanizsa","9":"product_tag-online","11":"first","12":"instock","13":"virtual","14":"sold-individually","15":"taxable","16":"purchasable","17":"product-type-simple"},"acf":[],"_links":{"self":[{"href":"https:\/\/shop.uni-pannon.hu\/hu\/wp-json\/wp\/v2\/product\/1666","targetHints":{"allow":["GET"]}}],"collection":[{"href":"https:\/\/shop.uni-pannon.hu\/hu\/wp-json\/wp\/v2\/product"}],"about":[{"href":"https:\/\/shop.uni-pannon.hu\/hu\/wp-json\/wp\/v2\/types\/product"}],"wp:featuredmedia":[{"embeddable":true,"href":"https:\/\/shop.uni-pannon.hu\/hu\/wp-json\/wp\/v2\/media\/2328"}],"wp:attachment":[{"href":"https:\/\/shop.uni-pannon.hu\/hu\/wp-json\/wp\/v2\/media?parent=1666"}],"wp:term":[{"taxonomy":"product_brand","embeddable":true,"href":"https:\/\/shop.uni-pannon.hu\/hu\/wp-json\/wp\/v2\/product_brand?post=1666"},{"taxonomy":"product_cat","embeddable":true,"href":"https:\/\/shop.uni-pannon.hu\/hu\/wp-json\/wp\/v2\/product_cat?post=1666"},{"taxonomy":"product_tag","embeddable":true,"href":"https:\/\/shop.uni-pannon.hu\/hu\/wp-json\/wp\/v2\/product_tag?post=1666"}],"curies":[{"name":"wp","href":"https:\/\/api.w.org\/{rel}","templated":true}]}}