{"id":1664,"date":"2024-12-02T11:02:12","date_gmt":"2024-12-02T10:02:12","guid":{"rendered":"https:\/\/shop.uni-pannon.hu\/?post_type=product&#038;p=1664"},"modified":"2026-01-14T10:49:06","modified_gmt":"2026-01-14T09:49:06","slug":"cnc-gepek-programozasa","status":"publish","type":"product","link":"https:\/\/shop.uni-pannon.hu\/hu\/termek\/cnc-gepek-programozasa\/","title":{"rendered":"CNC g\u00e9pek programoz\u00e1sa"},"content":{"rendered":"<p>A k\u00e9pz\u00e9sben r\u00e9sztvev\u0151 k\u00e9pess\u00e9 v\u00e1lik az ISO 6983 nemzetk\u00f6zi CNC szabv\u00e1nyon alapul\u00f3 programok meg\u00edr\u00e1s\u00e1ra, megismeri a Siemens filoz\u00f3fi\u00e1n alapul\u00f3 programoz\u00e1si strukt\u00far\u00e1k jellegzetess\u00e9geit \u00e9s hat\u00e9konyan tudja alkalmazni a m\u00e9lys\u00e9gi param\u00e9teres CNC programoz\u00f3 rendszereket.<\/p>\n\n\n\n<h3 class=\"wp-block-heading\">Kinek aj\u00e1nljuk<\/h3>\n\n\n\n<p>A k\u00e9pz\u00e9st azoknak aj\u00e1nljuk, akik m\u00e9lybehat\u00f3an szeretn\u00e9k megismerni a szabv\u00e1nyos CNC programoz\u00e1st, a Siemens filoz\u00f3fi\u00e1n alapul\u00f3 program\u00edr\u00e1si jellegzetess\u00e9geket, valamint a m\u00e9lys\u00e9gi param\u00e9teres programoz\u00e1st. Szint\u00e9n aj\u00e1nljuk a tanfolyamot azoknak, akik a k\u00e9s\u0151bbiekben szeretn\u00e9nek hat\u00e9konyan dolgozni CAM alap\u00fa CNC programtervez\u0151 \u00e9s szimul\u00e1ci\u00f3s szoftverekkel.<\/p>\n\n\n\n<h3 class=\"wp-block-heading\">A k\u00e9pz\u00e9s tematik\u00e1ja<\/h3>\n\n\n\n<ul class=\"wp-block-list\">\n<li>Forg\u00e1csol\u00e1si alapismeretek<\/li>\n\n\n\n<li>M\u00e9r\u00e9stechnika<\/li>\n\n\n\n<li>CNC g\u00e9pek kezel\u00e9si feladatai<\/li>\n\n\n\n<li>ISO 6983 szabv\u00e1nynyelv fel\u00e9p\u00edt\u00e9se<\/li>\n\n\n\n<li>CNC programoz\u00e1s alapparancsai<\/li>\n\n\n\n<li>Egyszer\u0171 p\u00e9ldaprogramok \u00edr\u00e1sa, szimul\u00e1ci\u00f3ja<\/li>\n\n\n\n<li>CNC megmunk\u00e1l\u00f3k\u00f6zpontok programoz\u00e1si jellegzetess\u00e9gei<\/li>\n\n\n\n<li>Esztergag\u00e9pek programoz\u00e1si jellegzetess\u00e9gei<\/li>\n\n\n\n<li>Koordin\u00e1ta transzform\u00e1ci\u00f3k<\/li>\n\n\n\n<li>Pol\u00e1rkoordin\u00e1t\u00e1s programoz\u00e1s<\/li>\n\n\n\n<li>Programoz\u00e1si gyakorlat CNC szersz\u00e1mg\u00e9peken<\/li>\n\n\n\n<li>Eszterg\u00e1l\u00f3 \u00e9s f\u00far\u00f3 alapciklusok megismer\u00e9sre<\/li>\n\n\n\n<li>Siemens filoz\u00f3fi\u00e1n alapul\u00f3 programoz\u00e1si strukt\u00far\u00e1k<\/li>\n\n\n\n<li>Siemens 840D esztergag\u00e9pek programoz\u00e1sa<\/li>\n\n\n\n<li>Siemens 840D mar\u00f3g\u00e9pek programoz\u00e1sa<\/li>\n\n\n\n<li>Param\u00e9teres programoz\u00e1s alapjai<\/li>\n\n\n\n<li>Param\u00e9teres programoz\u00e1si gyakorlatok, szimul\u00e1ci\u00f3k \u00e9s pr\u00f3bagy\u00e1rt\u00e1sok<\/li>\n<\/ul>\n\n\n\n<h3 class=\"wp-block-heading\">A k\u00e9pz\u00e9s r\u00e9szv\u00e9teli felt\u00e9telei (szakmai el\u0151k\u00e9pzetts\u00e9g)<\/h3>\n\n\n\n<p>\u00c9retts\u00e9gi v\u00e9gzetts\u00e9g.<\/p>\n\n\n\n<h3 class=\"wp-block-heading\">A k\u00e9pz\u00e9s v\u00e1rhat\u00f3 hossza\/intenzit\u00e1sa<\/h3>\n\n\n\n<p>20 h\u00e9t, heti 6 \u00f3ra, p\u00e9ntek d\u00e9lut\u00e1nonk\u00e9nt<\/p>","protected":false},"excerpt":{"rendered":"<p>Upon completing the course, participants will be able to write programs based on the ISO 6983 international CNC standard, understand the characteristics of programming structures based on the Siemens philosophy, and effectively apply advanced parametric CNC programming systems. Recommended for The course is recommended for those who want to gain in-depth knowledge of standard CNC [&hellip;]<\/p>\n","protected":false},"featured_media":2284,"template":"","meta":{"_acf_changed":true},"product_brand":[],"product_cat":[56,45,68,73],"product_tag":[66],"class_list":{"0":"post-1664","1":"product","2":"type-product","3":"status-publish","4":"has-post-thumbnail","6":"product_cat-adult-education","7":"product_cat-faculty-of-engineering","8":"product_cat-hungarian","9":"product_cat-science-and-technology","10":"product_tag-in-person","12":"first","13":"instock","14":"virtual","15":"sold-individually","16":"taxable","17":"purchasable","18":"product-type-simple"},"acf":[],"_links":{"self":[{"href":"https:\/\/shop.uni-pannon.hu\/hu\/wp-json\/wp\/v2\/product\/1664","targetHints":{"allow":["GET"]}}],"collection":[{"href":"https:\/\/shop.uni-pannon.hu\/hu\/wp-json\/wp\/v2\/product"}],"about":[{"href":"https:\/\/shop.uni-pannon.hu\/hu\/wp-json\/wp\/v2\/types\/product"}],"wp:featuredmedia":[{"embeddable":true,"href":"https:\/\/shop.uni-pannon.hu\/hu\/wp-json\/wp\/v2\/media\/2284"}],"wp:attachment":[{"href":"https:\/\/shop.uni-pannon.hu\/hu\/wp-json\/wp\/v2\/media?parent=1664"}],"wp:term":[{"taxonomy":"product_brand","embeddable":true,"href":"https:\/\/shop.uni-pannon.hu\/hu\/wp-json\/wp\/v2\/product_brand?post=1664"},{"taxonomy":"product_cat","embeddable":true,"href":"https:\/\/shop.uni-pannon.hu\/hu\/wp-json\/wp\/v2\/product_cat?post=1664"},{"taxonomy":"product_tag","embeddable":true,"href":"https:\/\/shop.uni-pannon.hu\/hu\/wp-json\/wp\/v2\/product_tag?post=1664"}],"curies":[{"name":"wp","href":"https:\/\/api.w.org\/{rel}","templated":true}]}}