{"id":1525,"date":"2024-11-21T10:20:11","date_gmt":"2024-11-21T09:20:11","guid":{"rendered":"https:\/\/shop.uni-pannon.hu\/?post_type=product&#038;p=1525"},"modified":"2026-02-17T11:28:34","modified_gmt":"2026-02-17T10:28:34","slug":"esg-specialista-kepzes","status":"publish","type":"product","link":"https:\/\/shop.uni-pannon.hu\/hu\/termek\/esg-specialista-kepzes\/","title":{"rendered":"ESG specialista"},"content":{"rendered":"<p>A k\u00e9pz\u00e9s c\u00e9lja a v\u00e1llalati, int\u00e9zm\u00e9nyi d\u00f6nt\u00e9shoz\u00f3k, menedzserek sz\u00e1m\u00e1ra az ESG (k\u00f6rnyezeti, t\u00e1rsadalmi, ir\u00e1ny\u00edt\u00e1si) jelent\u00e9st\u00e9tel bevezet\u00e9s\u00e9vel, menedzsel\u00e9s\u00e9vel kapcsolatos ismeretek megalapoz\u00e1sa. A kurzus komplex m\u00f3don foglalja \u00f6ssze az ESG alapjait, f\u00f3kuszter\u00fcleteit \u00e9s h\u00e1tter\u00e9t.<\/p>\n\n\n\n<h3 class=\"wp-block-heading\">Kinek aj\u00e1nljuk<\/h3>\n\n\n\n<p>V\u00e1llalati vezet\u0151k, szakemberek, az \u00fczleti \u00e9let szerepl\u0151i, akik szeretn\u00e9nek megismerkedni az ESG fogalm\u00e1val, szab\u00e1lyoz\u00f3i k\u00f6rnyezet\u00e9vel.<\/p>\n\n\n\n<h3 class=\"wp-block-heading\">A k\u00e9pz\u00e9s tematik\u00e1ja<\/h3>\n\n\n\n<ul class=\"wp-block-list\">\n<li>Fenntarthat\u00f3s\u00e1gi \u00e9s ESG keretrendszer<\/li>\n\n\n\n<li>K\u00f6rnyezeti Pill\u00e9r<\/li>\n\n\n\n<li>T\u00e1rsadalmi Pill\u00e9r<\/li>\n\n\n\n<li>Ir\u00e1ny\u00edt\u00e1si Pill\u00e9r<\/li>\n\n\n\n<li>ESG p\u00e9nz\u00fcgyi \u00e9s sz\u00e1mviteli aspektusai<\/li>\n\n\n\n<li>ESG \u00e9s a strat\u00e9gia kapcsolata<\/li>\n\n\n\n<li>Fenntarthat\u00f3 projektek<\/li>\n\n\n\n<li>ESG esettanulm\u00e1nyok<\/li>\n<\/ul>\n\n\n\n<h3 class=\"wp-block-heading\">A k\u00e9pz\u00e9s r\u00e9szv\u00e9teli felt\u00e9telei (szakmai el\u0151k\u00e9pzetts\u00e9g)<\/h3>\n\n\n\n<p>B\u00e1rmely k\u00e9pz\u00e9si ter\u00fcleten legal\u00e1bb alapk\u00e9pz\u00e9sben, illet\u0151leg egyetemi k\u00e9pz\u00e9sben szerzett oklev\u00e9l.<\/p>\n\n\n\n<h3 class=\"wp-block-heading\">A k\u00e9pz\u00e9s v\u00e1rhat\u00f3 hossza\/intenzit\u00e1sa<\/h3>\n\n\n\n<p>3 h\u00f3nap, p\u00e9nteki \u00e9s szombati napok, 5-10 \u00f3r\u00e1s alkalmak (online).<\/p>\n\n\n\n<p><\/p>","protected":false},"excerpt":{"rendered":"<p>A k\u00e9pz\u00e9s c\u00e9lja a v\u00e1llalati, int\u00e9zm\u00e9nyi d\u00f6nt\u00e9shoz\u00f3k, menedzserek sz\u00e1m\u00e1ra az ESG (k\u00f6rnyezeti, t\u00e1rsadalmi, ir\u00e1ny\u00edt\u00e1si) jelent\u00e9st\u00e9tel bevezet\u00e9s\u00e9vel, menedzsel\u00e9s\u00e9vel kapcsolatos ismeretek megalapoz\u00e1sa. A kurzus komplex m\u00f3don foglalja \u00f6ssze az ESG alapjait, f\u00f3kuszter\u00fcleteit \u00e9s h\u00e1tter\u00e9t. Kinek aj\u00e1nljuk V\u00e1llalati vezet\u0151k, szakemberek, az \u00fczleti \u00e9let szerepl\u0151i, akik szeretn\u00e9nek megismerkedni az ESG fogalm\u00e1val, szab\u00e1lyoz\u00f3i k\u00f6rnyezet\u00e9vel. A k\u00e9pz\u00e9s tematik\u00e1ja Entry requirements B\u00e1rmely [&hellip;]<\/p>\n","protected":false},"featured_media":2286,"template":"","meta":{"_acf_changed":true},"product_brand":[],"product_cat":[56,75,42,68],"product_tag":[60],"class_list":{"0":"post-1525","1":"product","2":"type-product","3":"status-publish","4":"has-post-thumbnail","6":"product_cat-adult-education","7":"product_cat-business-and-economy","8":"product_cat-faculty-of-business-and-economics","9":"product_cat-hungarian","10":"product_tag-online","12":"first","13":"instock","14":"virtual","15":"sold-individually","16":"taxable","17":"purchasable","18":"product-type-simple"},"acf":[],"_links":{"self":[{"href":"https:\/\/shop.uni-pannon.hu\/hu\/wp-json\/wp\/v2\/product\/1525","targetHints":{"allow":["GET"]}}],"collection":[{"href":"https:\/\/shop.uni-pannon.hu\/hu\/wp-json\/wp\/v2\/product"}],"about":[{"href":"https:\/\/shop.uni-pannon.hu\/hu\/wp-json\/wp\/v2\/types\/product"}],"wp:featuredmedia":[{"embeddable":true,"href":"https:\/\/shop.uni-pannon.hu\/hu\/wp-json\/wp\/v2\/media\/2286"}],"wp:attachment":[{"href":"https:\/\/shop.uni-pannon.hu\/hu\/wp-json\/wp\/v2\/media?parent=1525"}],"wp:term":[{"taxonomy":"product_brand","embeddable":true,"href":"https:\/\/shop.uni-pannon.hu\/hu\/wp-json\/wp\/v2\/product_brand?post=1525"},{"taxonomy":"product_cat","embeddable":true,"href":"https:\/\/shop.uni-pannon.hu\/hu\/wp-json\/wp\/v2\/product_cat?post=1525"},{"taxonomy":"product_tag","embeddable":true,"href":"https:\/\/shop.uni-pannon.hu\/hu\/wp-json\/wp\/v2\/product_tag?post=1525"}],"curies":[{"name":"wp","href":"https:\/\/api.w.org\/{rel}","templated":true}]}}