{"id":753,"date":"2024-08-28T14:33:40","date_gmt":"2024-08-28T13:33:40","guid":{"rendered":"https:\/\/shop.uni-pannon.hu\/?page_id=753"},"modified":"2025-04-09T10:48:22","modified_gmt":"2025-04-09T09:48:22","slug":"gyik","status":"publish","type":"page","link":"https:\/\/shop.uni-pannon.hu\/hu\/gyik\/","title":{"rendered":"GYIK"},"content":{"rendered":"<div class=\"wp-block-group has-global-padding is-layout-constrained wp-container-core-group-is-layout-02e3544c wp-block-group-is-layout-constrained\">\n    <div class=\"faq_section\">\n\n        \n                <div class=\"faq_accordion-item\">\n                    <h3 class=\"faq_accordion-title\">Mi a feln\u0151ttk\u00e9pz\u00e9s?<span class=\"dashicons dashicons-arrow-right-alt2\"><\/span><\/h3>\n                    <div class=\"faq_accordion-content\"><p>B\u00e1r t\u00e1gabb \u00e9rtelemben a feln\u0151ttek k\u00e9pz\u00e9se fel\u00f6leli a tank\u00f6telezetts\u00e9gi kort k\u00f6vet\u0151en k\u00f6znevel\u00e9si int\u00e9zm\u00e9nyben (feln\u0151ttoktat\u00e1sban*) vagy fels\u0151oktat\u00e1sban r\u00e9sztvev\u0151ket is, a 2013. \u00e9vi LXXVII. t\u00f6rv\u00e9ny (Feln\u0151ttk\u00e9pz\u00e9si t\u00f6rv\u00e9ny) szab\u00e1lyoz\u00e1si k\u00f6r\u00e9ben a t\u00f6rv\u00e9ny defin\u00edci\u00f3ja alapj\u00e1n feln\u0151ttk\u00e9pz\u00e9s minden olyan szervezett c\u00e9lir\u00e1nyos kompetenciakialak\u00edt\u00e1sra \u00e9s kompetenciafejleszt\u00e9sre ir\u00e1nyul\u00f3, szervezetten megval\u00f3sul\u00f3 oktat\u00e1s, k\u00e9pz\u00e9s, vagy egy\u00e9b feln\u0151ttk\u00e9pz\u00e9si szolg\u00e1ltat\u00e1s, melynek r\u00e9sztvev\u0151i nem \u00e1llnak a k\u00e9pz\u0151 int\u00e9zm\u00e9nnyel tanul\u00f3i vagy hallgat\u00f3i jogviszonyban.<\/p>\n<p>*Feln\u0151ttoktat\u00e1snak nevezz\u00fck az iskolai rendszer\u0171 \u2013 tanul\u00f3i jogviszonyban foly\u00f3 \u2013 feln\u0151ttoktat\u00e1st, m\u00edg a feln\u0151ttk\u00e9pz\u00e9s az iskolai rendszeren k\u00edv\u00fcl, feln\u0151ttk\u00e9pz\u00e9si jogviszonyban foly\u00f3 k\u00e9pz\u00e9s.<\/p>\n<\/div>\n                <\/div>\n\n        \n                <div class=\"faq_accordion-item\">\n                    <h3 class=\"faq_accordion-title\">Ki vehet r\u00e9szt feln\u0151ttk\u00e9pz\u00e9sben?<span class=\"dashicons dashicons-arrow-right-alt2\"><\/span><\/h3>\n                    <div class=\"faq_accordion-content\"><p>Feln\u0151ttk\u00e9pz\u00e9sben r\u00e9szt vehet minden tank\u00f6telezetts\u00e9g\u00e9t teljes\u00edtett szem\u00e9ly, de tank\u00f6teles szem\u00e9ly tank\u00f6telezetts\u00e9ge teljes\u00edt\u00e9se mellett is bekapcsol\u00f3dhat a feln\u0151ttk\u00e9pz\u00e9sbe.<\/p>\n<p>A Pannon Egyetem feln\u0151ttk\u00e9pz\u00e9si kurzusait k\u00edn\u00e1lja k\u00fcls\u0151 \u00e9s bels\u0151 munkav\u00e1llal\u00f3k sz\u00e1m\u00e1ra, saj\u00e1t \u00e9s m\u00e1s fels\u0151oktat\u00e1si int\u00e9zm\u00e9nyek hallgat\u00f3inak, c\u00e9geknek \u00e9s mag\u00e1nszem\u00e9lyeknek egyar\u00e1nt.<\/p>\n<\/div>\n                <\/div>\n\n        \n                <div class=\"faq_accordion-item\">\n                    <h3 class=\"faq_accordion-title\">Ki\/ milyen szervezet folytathat feln\u0151ttk\u00e9pz\u00e9st?<span class=\"dashicons dashicons-arrow-right-alt2\"><\/span><\/h3>\n                    <div class=\"faq_accordion-content\"><p>Feln\u0151ttk\u00e9pz\u00e9st v\u00e9gezhet a klasszikus piaci szerepl\u0151k (feln\u0151ttk\u00e9pz\u0151k) mellett szakk\u00e9pz\u0151 int\u00e9zm\u00e9ny, k\u00f6znevel\u00e9si int\u00e9zm\u00e9ny \u00e9s fels\u0151oktat\u00e1si int\u00e9zm\u00e9ny is.<\/p>\n<\/div>\n                <\/div>\n\n        \n                <div class=\"faq_accordion-item\">\n                    <h3 class=\"faq_accordion-title\">Mi sz\u00e1m\u00edt feln\u0151ttk\u00e9pz\u00e9snek, \u00e9s mi nem az?<span class=\"dashicons dashicons-arrow-right-alt2\"><\/span><\/h3>\n                    <div class=\"faq_accordion-content\"><p>A Feln\u0151ttk\u00e9pz\u00e9si t\u00f6rv\u00e9ny hat\u00e1lya kiterjed a szervezett c\u00e9lir\u00e1nyos kompetenciakialak\u00edt\u00e1sra \u00e9s kompetenciafejleszt\u00e9sre ir\u00e1nyul\u00f3, szervezetten megval\u00f3sul\u00f3 oktat\u00e1sra \u00e9s k\u00e9pz\u00e9sre. Feln\u0151ttk\u00e9pz\u00e9s teh\u00e1t minden klasszikus szakmai k\u00e9pz\u00e9s, nyelvi k\u00e9pz\u00e9s, egy\u00e9b \u2013 p\u00e9ld\u00e1ul \u00fczleti, kommunik\u00e1ci\u00f3s, stb. \u2013 k\u00e9pz\u00e9s, tr\u00e9ning, a tov\u00e1bb- \u00e9s \u00e1tk\u00e9pz\u00e9sek, v\u00e1llalati k\u00e9pz\u00e9sek. Nem feln\u0151ttk\u00e9pz\u00e9s azonban a p\u00e9ld\u00e1ul a konferencia, a workshop, a coaching \u00e9s a tan\u00e1csad\u00e1s, a szakk\u00f6r \u00e9s a betan\u00edt\u00e1s, illetve kiker\u00fclt a t\u00f6rv\u00e9ny hat\u00e1lya al\u00f3l a t\u0171z- \u00e9s munkav\u00e9delmi oktat\u00e1s is.<\/p>\n<\/div>\n                <\/div>\n\n        \n                <div class=\"faq_accordion-item\">\n                    <h3 class=\"faq_accordion-title\">Hogyan v\u00e9gezhet\u0151 feln\u0151ttk\u00e9pz\u00e9si tev\u00e9kenys\u00e9g?<span class=\"dashicons dashicons-arrow-right-alt2\"><\/span><\/h3>\n                    <div class=\"faq_accordion-content\"><p>Feln\u0151ttk\u00e9pz\u00e9s bejelent\u00e9s alapj\u00e1n vagy enged\u00e9ly birtok\u00e1ban v\u00e9gezhet\u0151. Feln\u0151ttk\u00e9pz\u00e9s bejelent\u00e9se \u00e9s az enged\u00e9lyez\u00e9si elj\u00e1r\u00e1s egyar\u00e1nt a Feln\u0151ttk\u00e9pz\u00e9si \u00c1llamigazgat\u00e1si Szervn\u00e9l kezdem\u00e9nyezhet\u0151 (a Feln\u0151ttk\u00e9pz\u00e9si Adatszolg\u00e1ltat\u00e1si Rendszerben), mely alapj\u00e1n a feln\u0151ttk\u00e9pz\u0151 \u2019bejelent\u00e9ses\u2019 \u00e9s \u2019enged\u00e9lyes\u2019 nyilv\u00e1ntart\u00e1si sz\u00e1mot kap.<\/p>\n<p>A Pannon Egyetem nyilv\u00e1ntart\u00e1si sz\u00e1mai: B\/2020\/000711 \u00e9s E\/2020\/000101.<\/p>\n<\/div>\n                <\/div>\n\n        \n                <div class=\"faq_accordion-item\">\n                    <h3 class=\"faq_accordion-title\">Mit jelent az enged\u00e9ly alapj\u00e1n folytathat\u00f3 k\u00e9pz\u00e9s?<span class=\"dashicons dashicons-arrow-right-alt2\"><\/span><\/h3>\n                    <div class=\"faq_accordion-content\"><p>Enged\u00e9ly alapj\u00e1n folytathat\u00f3 k\u00e9pz\u00e9sek:<\/p>\n<ul>\n<li>Szakk\u00e9pz\u0151 int\u00e9zm\u00e9nyen k\u00edv\u00fcl folytathat\u00f3 szakk\u00e9pz\u00e9s: r\u00e9szszakm\u00e1ra felk\u00e9sz\u00edt\u0151 szakmai oktat\u00e1s \u00e9s szakk\u00e9pes\u00edt\u00e9sre felk\u00e9sz\u00edt\u0151 szakmai k\u00e9pz\u00e9s;<\/li>\n<li>R\u00e9szben vagy eg\u00e9szben az \u00e1llamh\u00e1ztart\u00e1s terh\u00e9re ny\u00fajtott k\u00f6lts\u00e9gvet\u00e9si t\u00e1mogat\u00e1sb\u00f3l vagy eur\u00f3pai uni\u00f3s forr\u00e1sb\u00f3l megval\u00f3sul\u00f3 oktat\u00e1s vagy k\u00e9pz\u00e9s.<\/li>\n<\/ul>\n<\/div>\n                <\/div>\n\n        \n                <div class=\"faq_accordion-item\">\n                    <h3 class=\"faq_accordion-title\">Mit jelent a bejelent\u00e9s alapj\u00e1n folytathat\u00f3 k\u00e9pz\u00e9s?<span class=\"dashicons dashicons-arrow-right-alt2\"><\/span><\/h3>\n                    <div class=\"faq_accordion-content\"><p>Bejelent\u00e9s alapj\u00e1n v\u00e9gezhet\u0151 minden egy\u00e9b oktat\u00e1s, nyelvi \u00e9s fejleszt\u0151 k\u00e9pz\u00e9s, tr\u00e9ning stb.<\/p>\n<\/div>\n                <\/div>\n\n        \n                <div class=\"faq_accordion-item\">\n                    <h3 class=\"faq_accordion-title\">Milyen k\u00e9pz\u00e9sek szerepelnek a Pannon Egyetem k\u00edn\u00e1lat\u00e1ban?<span class=\"dashicons dashicons-arrow-right-alt2\"><\/span><\/h3>\n                    <div class=\"faq_accordion-content\"><p>A Pannon Egyetem feln\u0151ttk\u00e9pz\u00e9si k\u00edn\u00e1lata folyamatosan v\u00e1ltozik, rugalmasan igazodva a piaci ig\u00e9nyekhez. K\u00edn\u00e1lunk szakmai k\u00e9pz\u00e9st, jogszab\u00e1ly alapj\u00e1n folytatott k\u00e9pz\u00e9st (pl. pedag\u00f3gus-tov\u00e1bbk\u00e9pz\u00e9sek, m\u00e9rlegk\u00e9pes k\u00f6nyvel\u0151 k\u00e9pz\u00e9sek), \u00fczleti k\u00e9pz\u00e9seket (pl. ESG specialista), m\u0171szaki k\u00e9pz\u00e9seket (pl. CCNA, CCNP). Az aktu\u00e1lis k\u00edn\u00e1lat nyomon k\u00f6vethet\u0151 a Feln\u0151ttk\u00e9pz\u00e9si Int\u00e9zet honlapj\u00e1n (felnottkepzes.uni-pannon.hu), a shop.uni-pannon.hu oldalon, valamint a karok, szervezeti egys\u00e9gek honlapjain.<\/p>\n<\/div>\n                <\/div>\n\n        \n                <div class=\"faq_accordion-item\">\n                    <h3 class=\"faq_accordion-title\">Hogyan lehet jelentkezni a k\u00e9pz\u00e9sekre?<span class=\"dashicons dashicons-arrow-right-alt2\"><\/span><\/h3>\n                    <div class=\"faq_accordion-content\"><p>A shop.uni-pannon.hu oldalon megjelen\u0151 k\u00e9pz\u00e9sekre a k\u00e9pz\u00e9s kos\u00e1rba helyez\u00e9s\u00e9vel a fizet\u00e9ssel egyid\u0151ben, az adatok elk\u00fcld\u00e9s\u00e9vel t\u00f6rt\u00e9nik a jelentkez\u00e9s.<\/p>\n<p>A Feln\u0151ttk\u00e9pz\u00e9si Int\u00e9zet honlapj\u00e1n tal\u00e1lhat\u00f3 tov\u00e1bbi k\u00e9pz\u00e9sek eset\u00e9ben a K\u00e9pz\u00e9seink \u2013 \u2019Jelentkezem\u2019 men\u00fcpontj\u00e1ban tal\u00e1lhat\u00f3 \u0171rlap kit\u00f6lt\u00e9s\u00e9vel lehet jelentkezni a leg\u00f6rd\u00fcl\u0151 men\u00fcb\u0151l v\u00e1laszthat\u00f3 k\u00e9pz\u00e9sekre. A k\u00e9pz\u00e9sek megfelel\u0151 sz\u00e1m\u00fa jelentkez\u00e9s eset\u00e9n indulnak.<\/p>\n<\/div>\n                <\/div>\n\n        \n                <div class=\"faq_accordion-item\">\n                    <h3 class=\"faq_accordion-title\">Hogyan tehetek fel k\u00e9rd\u00e9seket egy k\u00e9pz\u00e9ssel kapcsolatban?<span class=\"dashicons dashicons-arrow-right-alt2\"><\/span><\/h3>\n                    <div class=\"faq_accordion-content\"><p>A shop.uni-pannon.hu oldalon megjelen\u0151 k\u00e9pz\u00e9sek eset\u00e9n az adott k\u00e9pz\u00e9sn\u00e9l megjelen\u0151 \u2019A k\u00e9pz\u00e9s szervez\u00e9s\u00e9vel kapcsolatos tov\u00e1bbi inform\u00e1ci\u00f3t k\u00e9rek\u2019 gombra kattintva fogalmazhat\u00f3 meg k\u00e9rd\u00e9s.<\/p>\n<p>A Feln\u0151ttk\u00e9pz\u00e9si Int\u00e9zet honlapj\u00e1n az \u2019\u00c9rdekl\u0151d\u00f6m\u2019 pont kiv\u00e1laszt\u00e1s\u00e1val lehet k\u00e9rd\u00e9st k\u00fcldeni egy adott k\u00e9pz\u00e9ssel kapcsolatban.<\/p>\n<p>Tov\u00e1bbi lehet\u0151s\u00e9gk\u00e9nt e-mailben is k\u00fcldhet\u0151 k\u00e9rd\u00e9s a felnottkepzes@uni-pannon.hu c\u00edmre.<\/p>\n<\/div>\n                <\/div>\n\n        \n                <div class=\"faq_accordion-item\">\n                    <h3 class=\"faq_accordion-title\">Milyen dokumentumot lehet szerezni egy k\u00e9pz\u00e9s elv\u00e9gz\u00e9s\u00e9vel?<span class=\"dashicons dashicons-arrow-right-alt2\"><\/span><\/h3>\n                    <div class=\"faq_accordion-content\"><p>A feln\u0151ttk\u00e9pz\u00e9s sikeres elv\u00e9gz\u00e9s\u00e9vel szerezhet\u0151 dokumentum a tan\u00fas\u00edtv\u00e1ny. Szakmai k\u00e9pz\u00e9s eset\u00e9n ezen tan\u00fas\u00edtv\u00e1ny birtok\u00e1ban lehet f\u00fcggetlen vizsgak\u00f6zpontokban k\u00e9pes\u00edt\u0151 vizsg\u00e1ra jelentkezni. A tan\u00fas\u00edtv\u00e1nyt a feln\u0151ttk\u00e9pz\u0151 a Feln\u0151ttk\u00e9pz\u00e9si Adatszolg\u00e1ltat\u00e1si Rendszerben (FAR) \u00e1ll\u00edtja ki a k\u00e9pz\u00e9sben r\u00e9sztvev\u0151 el\u0151zetes nyilatkozata alapj\u00e1n: pap\u00edr alapon vagy elektronikusan, illetve csak magyar, magyar-angol, vagy magyar-n\u00e9met nyelven. A ki\u00e1ll\u00edtott tan\u00fas\u00edtv\u00e1ny form\u00e1ja \u00e9s nyelve ut\u00f3lag nem m\u00f3dos\u00edthat\u00f3.<\/p>\n<\/div>\n                <\/div>\n\n        \n                <div class=\"faq_accordion-item\">\n                    <h3 class=\"faq_accordion-title\">Milyen t\u00edpus\u00fa feln\u0151ttk\u00e9pz\u00e9st k\u00edn\u00e1l a Pannon Egyetem?<span class=\"dashicons dashicons-arrow-right-alt2\"><\/span><\/h3>\n                    <div class=\"faq_accordion-content\"><p>Legt\u00e1gabb \u00e9rtelemben minden fels\u0151oktat\u00e1si k\u00e9pz\u00e9s is feln\u0151ttk\u00e9pz\u00e9s, azonban a feln\u0151ttk\u00e9pz\u00e9si t\u00f6rv\u00e9ny hat\u00e1lya al\u00e1 az al\u00e1bbi k\u00e9pz\u00e9sek esnek:<\/p>\n<ul>\n<li>szakmai k\u00e9pz\u00e9sek: c\u00e9ljuk egy adott szakma gyakorl\u00e1s\u00e1hoz sz\u00fcks\u00e9ges elm\u00e9leti \u00e9s gyakorlati tud\u00e1s elsaj\u00e1t\u00edt\u00e1sa. A feln\u0151ttk\u00e9pz\u00e9sben kiadott tan\u00fas\u00edtv\u00e1ny birtok\u00e1ban f\u00fcggetlen vizsgak\u00f6zpontban lehet k\u00e9pes\u00edt\u0151 vizsg\u00e1t tenni.<\/li>\n<li>\u00fczleti k\u00e9pz\u00e9sek: a v\u00e1llalkoz\u00e1sok \u00e9s a munkaer\u0151piac ig\u00e9nyeihez igazodva k\u00edn\u00e1lnak ismereteket a menedzsment, marketing, p\u00e9nz\u00fcgy, IT vagy m\u00e1s v\u00e1llalati ter\u00fcletek sz\u00e1m\u00e1ra.<\/li>\n<li>kompetenciafejleszt\u0151 k\u00e9pz\u00e9sek: informatikai, szaknyelvi, szem\u00e9lyes fejl\u0151d\u00e9st el\u0151seg\u00edt\u0151 k\u00e9pz\u00e9sek.<\/li>\n<\/ul>\n<\/div>\n                <\/div>\n\n        \n                <div class=\"faq_accordion-item\">\n                    <h3 class=\"faq_accordion-title\">Mennyibe ker\u00fcl egy k\u00e9pz\u00e9s? <span class=\"dashicons dashicons-arrow-right-alt2\"><\/span><\/h3>\n                    <div class=\"faq_accordion-content\"><p>A feln\u0151ttk\u00e9pz\u00e9s alapesetben \u00f6nk\u00f6lts\u00e9ges, azaz a r\u00e9sztvev\u0151 fizeti a k\u00e9pz\u00e9s d\u00edj\u00e1t \u00e9s viseli az egy\u00e9b k\u00f6lts\u00e9geket (pl. utaz\u00e1s). A k\u00e9pz\u00e9s d\u00edja a k\u00e9pz\u00e9s t\u00e1j\u00e9koztat\u00f3j\u00e1ban tal\u00e1lhat\u00f3. A k\u00f6lts\u00e9gek cs\u00f6kkent\u00e9s\u00e9re az al\u00e1bbi esetekben van m\u00f3d:<\/p>\n<ul>\n<li>a munk\u00e1ltat\u00f3 \u00e1tv\u00e1llalja a k\u00e9pz\u00e9s k\u00f6lts\u00e9geit<\/li>\n<li>egyes k\u00e9pz\u00e9sek \u00e1llami t\u00e1mogat\u00e1ssal val\u00f3sulhatnak meg (\u00edgy p\u00e9ld\u00e1ul a munka\u00fcgyi k\u00f6zpont \u00e1ltal t\u00e1mogatott k\u00e9pz\u00e9sek vagy az Eur\u00f3pai Uni\u00f3s p\u00e1ly\u00e1zatokb\u00f3l megval\u00f3sul\u00f3 k\u00e9pz\u00e9sek)<\/li>\n<li>egyes szakmai k\u00e9pz\u00e9sekhez k\u00e9pz\u00e9si hitel vehet\u0151 ig\u00e9nybe, amelyr\u0151l itt tal\u00e1lhat\u00f3 inform\u00e1ci\u00f3: <a href=\"https:\/\/diakhitel.hu\/kepzesihitel\/\" target=\"_blank\" rel=\"noopener\">https:\/\/diakhitel.hu\/kepzesihitel\/<\/a>. K\u00e9pz\u00e9si hitel a legal\u00e1bb h\u00e1rom h\u00f3napos k\u00e9pz\u00e9si id\u0151t meghalad\u00f3 k\u00e9pz\u00e9shez vehet\u0151 ig\u00e9nybe, \u00e9s a k\u00e9pz\u00e9s eltelt\u00e9vel egyenl\u0151 r\u00e9szletekben visszafizetend\u0151.<\/li>\n<\/ul>\n<\/div>\n                <\/div>\n\n        \n                <div class=\"faq_accordion-item\">\n                    <h3 class=\"faq_accordion-title\">Mennyi id\u0151t vesz ig\u00e9nybe a feln\u0151ttk\u00e9pz\u00e9s?<span class=\"dashicons dashicons-arrow-right-alt2\"><\/span><\/h3>\n                    <div class=\"faq_accordion-content\"><p>A feln\u0151ttk\u00e9pz\u00e9s nem \u2019nappali\u2019 k\u00e9pz\u00e9s, az a feln\u0151ttek munkahelyi \u00e9s egy\u00e9b k\u00f6telezetts\u00e9geit figyelembe v\u00e9ve rugalmas m\u00f3don online, illetve jelenl\u00e9ti oktat\u00e1s eset\u00e9n d\u00e9lut\u00e1ni-esti id\u0151pontokban, esetenk\u00e9nt h\u00e9tv\u00e9g\u00e9n zajlik. A k\u00e9pz\u00e9s id\u0151tartama \u00e9s intenzit\u00e1sa a k\u00e9pz\u00e9st\u0151l f\u00fcgg\u0151en v\u00e1ltozik, err\u0151l a k\u00e9pz\u00e9si t\u00e1j\u00e9koztat\u00f3ban tal\u00e1lhat\u00f3 inform\u00e1ci\u00f3.<\/p>\n<\/div>\n                <\/div>\n\n        \n    <\/div>\n\n    <script type=\"text\/javascript\">\n        jQuery(document).ready(function($) {\n            $('.faq_accordion-content').hide();\n            $('.faq_accordion-item:first .faq_accordion-content').show();\n            $('.faq_accordion-item:first').addClass('active');\n\n            $('.faq_accordion-title').on('click', function() {\n                $('.faq_accordion-content').slideUp();\n                $('.faq_accordion-item').removeClass('active');\n\n                var parentItem = $(this).closest('.faq_accordion-item');\n                parentItem.addClass('active');\n                parentItem.find('.faq_accordion-content').stop(true, true).slideDown();\n            });\n        });\n    <\/script>\n\n    <style>\n        .faq_section {\n            display: flex;\n            flex-direction: column;\n            gap: 1rem;\n        }\n\n        .faq_accordion-title {\n            cursor: pointer;\n            display: flex;\n            justify-content: space-between;\n            align-items: center;\n            background: #00b0bd;\n            color: white;\n            padding: 1rem;\n            margin: 0;\n        }\n\n        .faq_accordion-item .dashicons {\n            transition: transform .3s ease;\n        }\n\n        .faq_accordion-item.active .dashicons {\n            transform: rotate(90deg);\n        }\n    <\/style>\n\n<\/div>","protected":false},"excerpt":{"rendered":"","protected":false},"author":4,"featured_media":0,"parent":0,"menu_order":0,"comment_status":"closed","ping_status":"closed","template":"","meta":{"_acf_changed":false,"footnotes":""},"tags":[],"class_list":["post-753","page","type-page","status-publish","hentry"],"acf":[],"_links":{"self":[{"href":"https:\/\/shop.uni-pannon.hu\/hu\/wp-json\/wp\/v2\/pages\/753","targetHints":{"allow":["GET"]}}],"collection":[{"href":"https:\/\/shop.uni-pannon.hu\/hu\/wp-json\/wp\/v2\/pages"}],"about":[{"href":"https:\/\/shop.uni-pannon.hu\/hu\/wp-json\/wp\/v2\/types\/page"}],"author":[{"embeddable":true,"href":"https:\/\/shop.uni-pannon.hu\/hu\/wp-json\/wp\/v2\/users\/4"}],"replies":[{"embeddable":true,"href":"https:\/\/shop.uni-pannon.hu\/hu\/wp-json\/wp\/v2\/comments?post=753"}],"version-history":[{"count":10,"href":"https:\/\/shop.uni-pannon.hu\/hu\/wp-json\/wp\/v2\/pages\/753\/revisions"}],"predecessor-version":[{"id":2391,"href":"https:\/\/shop.uni-pannon.hu\/hu\/wp-json\/wp\/v2\/pages\/753\/revisions\/2391"}],"wp:attachment":[{"href":"https:\/\/shop.uni-pannon.hu\/hu\/wp-json\/wp\/v2\/media?parent=753"}],"wp:term":[{"taxonomy":"post_tag","embeddable":true,"href":"https:\/\/shop.uni-pannon.hu\/hu\/wp-json\/wp\/v2\/tags?post=753"}],"curies":[{"name":"wp","href":"https:\/\/api.w.org\/{rel}","templated":true}]}}