{"id":714,"date":"2024-08-15T11:32:03","date_gmt":"2024-08-15T10:32:03","guid":{"rendered":"https:\/\/shop.uni-pannon.hu\/?page_id=714"},"modified":"2025-10-10T12:20:03","modified_gmt":"2025-10-10T11:20:03","slug":"pezek-tanfolyamok","status":"publish","type":"page","link":"https:\/\/shop.uni-pannon.hu\/hu\/pezek-tanfolyamok\/","title":{"rendered":"Pannon Egyetem Zalaegerszegi Egyetemi K\u00f6zpont k\u00e9pz\u00e9sek"},"content":{"rendered":"<div class=\"wp-block-group alignwide has-global-padding is-layout-constrained wp-container-core-group-is-layout-b099b7f6 wp-block-group-is-layout-constrained\">\n    <div class=\"uni-posts\">\n        <div class=\"custom-posts-wrapper\">\n                                <div class=\"custom-post\">\n                        <div class=\"upper-content\">\n                            <div class=\"custom-product-thumbnail\">\n                                <a href=\"https:\/\/shop.uni-pannon.hu\/hu\/termek\/eu-palyazatiro\/\">\n                                    <img loading=\"lazy\" decoding=\"async\" width=\"666\" height=\"536\" src=\"https:\/\/shop.uni-pannon.hu\/wp-content\/uploads\/2025\/10\/EU-palyazatiro-kep-AI.png\" class=\"attachment-full size-full\" alt=\"EU p\u00e1ly\u00e1zat\u00edr\u00f3\" srcset=\"https:\/\/shop.uni-pannon.hu\/wp-content\/uploads\/2025\/10\/EU-palyazatiro-kep-AI.png 666w, https:\/\/shop.uni-pannon.hu\/wp-content\/uploads\/2025\/10\/EU-palyazatiro-kep-AI-300x241.png 300w, https:\/\/shop.uni-pannon.hu\/wp-content\/uploads\/2025\/10\/EU-palyazatiro-kep-AI-15x12.png 15w, https:\/\/shop.uni-pannon.hu\/wp-content\/uploads\/2025\/10\/EU-palyazatiro-kep-AI-600x483.png 600w\" sizes=\"auto, (max-width: 666px) 100vw, 666px\" \/>                                <\/a>\n                            <\/div>\n                            <div class=\"custom-content\">\n                                <ul>\n                                    <li><a href=\"https:\/\/shop.uni-pannon.hu\/hu\/termekcimke\/hibrid\/\">Hibrid<\/a><\/li><li><a href=\"https:\/\/shop.uni-pannon.hu\/hu\/termekcimke\/online\/\">Online<\/a><\/li>                                <\/ul>\n                                <a class=\"custom-content-heading\" href=\"https:\/\/shop.uni-pannon.hu\/hu\/termek\/eu-palyazatiro\/\">\n                                    <h4>EU p\u00e1ly\u00e1zat\u00edr\u00f3<\/h4>\n                                <\/a>\n                                <p>A k\u00e9pz\u00e9s c\u00e9lja, hogy a r\u00e9sztvev\u0151k \u00f6n\u00e1ll\u00f3an k\u00e9pesek legyenek p\u00e1ly\u00e1zati forr\u00e1sokat felkutatni, ki\u00edr\u00e1sokat \u00e9rtelmezni, dokument\u00e1ci\u00f3t \u00f6ssze\u00e1ll\u00edtani, \u00e9s sikeres p\u00e1ly\u00e1zatokat beadni.<\/p>\n                            <\/div>\n                        <\/div>\n                        <div class=\"lower-content\">\n                            <span class=\"price\">80 000 HUF&nbsp;<span>+\u00c1FA<\/span><\/span>\n                            <span class=\"duration\">20 \u00f3ra<\/span>\n                                                    <\/div>\n                    <\/div>\n\n                                <div class=\"custom-post\">\n                        <div class=\"upper-content\">\n                            <div class=\"custom-product-thumbnail\">\n                                <a href=\"https:\/\/shop.uni-pannon.hu\/hu\/termek\/sikeres-penzugyi-elet\/\">\n                                    <img loading=\"lazy\" decoding=\"async\" width=\"605\" height=\"402\" src=\"https:\/\/shop.uni-pannon.hu\/wp-content\/uploads\/2025\/10\/ZEK_Sikeres-penzugyi-elet_AI_kep.png\" class=\"attachment-full size-full\" alt=\"Sikeres p\u00e9nz\u00fcgyi \u00e9let\" srcset=\"https:\/\/shop.uni-pannon.hu\/wp-content\/uploads\/2025\/10\/ZEK_Sikeres-penzugyi-elet_AI_kep.png 605w, https:\/\/shop.uni-pannon.hu\/wp-content\/uploads\/2025\/10\/ZEK_Sikeres-penzugyi-elet_AI_kep-300x199.png 300w, https:\/\/shop.uni-pannon.hu\/wp-content\/uploads\/2025\/10\/ZEK_Sikeres-penzugyi-elet_AI_kep-18x12.png 18w, https:\/\/shop.uni-pannon.hu\/wp-content\/uploads\/2025\/10\/ZEK_Sikeres-penzugyi-elet_AI_kep-600x399.png 600w\" sizes=\"auto, (max-width: 605px) 100vw, 605px\" \/>                                <\/a>\n                            <\/div>\n                            <div class=\"custom-content\">\n                                <ul>\n                                    <li><a href=\"https:\/\/shop.uni-pannon.hu\/hu\/termekcimke\/hybrid\/\">Hibrid<\/a><\/li>                                <\/ul>\n                                <a class=\"custom-content-heading\" href=\"https:\/\/shop.uni-pannon.hu\/hu\/termek\/sikeres-penzugyi-elet\/\">\n                                    <h4>Sikeres p\u00e9nz\u00fcgyi \u00e9let<\/h4>\n                                <\/a>\n                                <p>Mikrotan\u00fas\u00edtv\u00e1nyt ad\u00f3 k\u00e9pz\u00e9s, melynek sikeres elv\u00e9gz\u00e9se eset\u00e9n az Egyetem a r\u00e9sztvev\u0151 sz\u00e1m\u00e1ra mikrotan\u00fas\u00edtv\u00e1nyt \u00e1ll\u00edt ki az elektronikus tanulm\u00e1nyi rendszerben. A k\u00e9pz\u00e9s id\u0151tartam\u00e1ra a r\u00e9sztvev\u0151 hallgat\u00f3i jogviszonyba ker\u00fcl.<\/p>\n                            <\/div>\n                        <\/div>\n                        <div class=\"lower-content\">\n                            <span class=\"price\">50 000 HUF<\/span>\n                            <span class=\"duration\">40 \u00f3ra<\/span>\n                                                    <\/div>\n                    <\/div>\n\n                                <div class=\"custom-post\">\n                        <div class=\"upper-content\">\n                            <div class=\"custom-product-thumbnail\">\n                                <a href=\"https:\/\/shop.uni-pannon.hu\/hu\/termek\/szolgaltatasmenedzsment\/\">\n                                    <img loading=\"lazy\" decoding=\"async\" width=\"606\" height=\"406\" src=\"https:\/\/shop.uni-pannon.hu\/wp-content\/uploads\/2025\/10\/ZEK_Szolgaltatasmenedzsment_AI_kep.png\" class=\"attachment-full size-full\" alt=\"Szolg\u00e1ltat\u00e1smenedzsment\" srcset=\"https:\/\/shop.uni-pannon.hu\/wp-content\/uploads\/2025\/10\/ZEK_Szolgaltatasmenedzsment_AI_kep.png 606w, https:\/\/shop.uni-pannon.hu\/wp-content\/uploads\/2025\/10\/ZEK_Szolgaltatasmenedzsment_AI_kep-300x201.png 300w, https:\/\/shop.uni-pannon.hu\/wp-content\/uploads\/2025\/10\/ZEK_Szolgaltatasmenedzsment_AI_kep-18x12.png 18w, https:\/\/shop.uni-pannon.hu\/wp-content\/uploads\/2025\/10\/ZEK_Szolgaltatasmenedzsment_AI_kep-600x402.png 600w\" sizes=\"auto, (max-width: 606px) 100vw, 606px\" \/>                                <\/a>\n                            <\/div>\n                            <div class=\"custom-content\">\n                                <ul>\n                                    <li><a href=\"https:\/\/shop.uni-pannon.hu\/hu\/termekcimke\/in-person\/\">Szem\u00e9lyes jelenl\u00e9ttel<\/a><\/li>                                <\/ul>\n                                <a class=\"custom-content-heading\" href=\"https:\/\/shop.uni-pannon.hu\/hu\/termek\/szolgaltatasmenedzsment\/\">\n                                    <h4>Szolg\u00e1ltat\u00e1smenedzsment<\/h4>\n                                <\/a>\n                                <p>Mikrotan\u00fas\u00edtv\u00e1nyt ad\u00f3 k\u00e9pz\u00e9s, melynek sikeres elv\u00e9gz\u00e9se eset\u00e9n az Egyetem a r\u00e9sztvev\u0151 sz\u00e1m\u00e1ra mikrotan\u00fas\u00edtv\u00e1nyt \u00e1ll\u00edt ki az elektronikus tanulm\u00e1nyi rendszerben. A k\u00e9pz\u00e9s id\u0151tartam\u00e1ra a r\u00e9sztvev\u0151 hallgat\u00f3i jogviszonyba ker\u00fcl.<\/p>\n                            <\/div>\n                        <\/div>\n                        <div class=\"lower-content\">\n                            <span class=\"price\">50 000 HUF<\/span>\n                            <span class=\"duration\">40 \u00f3ra<\/span>\n                                                            <span class=\"registration\">\n                                    <span>Regisztr\u00e1ci\u00f3: <\/span>2026.08.31.                                <\/span>\n                                                    <\/div>\n                    <\/div>\n\n                                <div class=\"custom-post\">\n                        <div class=\"upper-content\">\n                            <div class=\"custom-product-thumbnail\">\n                                <a href=\"https:\/\/shop.uni-pannon.hu\/hu\/termek\/szemelyes-brandepites\/\">\n                                    <img loading=\"lazy\" decoding=\"async\" width=\"896\" height=\"600\" src=\"https:\/\/shop.uni-pannon.hu\/wp-content\/uploads\/2024\/12\/Szemelyes-brandepites.jpg\" class=\"attachment-full size-full\" alt=\"Szem\u00e9lyes brand\u00e9p\u00edt\u00e9s\" srcset=\"https:\/\/shop.uni-pannon.hu\/wp-content\/uploads\/2024\/12\/Szemelyes-brandepites.jpg 896w, https:\/\/shop.uni-pannon.hu\/wp-content\/uploads\/2024\/12\/Szemelyes-brandepites-300x201.jpg 300w, https:\/\/shop.uni-pannon.hu\/wp-content\/uploads\/2024\/12\/Szemelyes-brandepites-768x514.jpg 768w, https:\/\/shop.uni-pannon.hu\/wp-content\/uploads\/2024\/12\/Szemelyes-brandepites-50x33.jpg 50w, https:\/\/shop.uni-pannon.hu\/wp-content\/uploads\/2024\/12\/Szemelyes-brandepites-18x12.jpg 18w, https:\/\/shop.uni-pannon.hu\/wp-content\/uploads\/2024\/12\/Szemelyes-brandepites-600x402.jpg 600w\" sizes=\"auto, (max-width: 896px) 100vw, 896px\" \/>                                <\/a>\n                            <\/div>\n                            <div class=\"custom-content\">\n                                <ul>\n                                    <li><a href=\"https:\/\/shop.uni-pannon.hu\/hu\/termekcimke\/in-person\/\">Szem\u00e9lyes jelenl\u00e9ttel<\/a><\/li>                                <\/ul>\n                                <a class=\"custom-content-heading\" href=\"https:\/\/shop.uni-pannon.hu\/hu\/termek\/szemelyes-brandepites\/\">\n                                    <h4>Szem\u00e9lyes brand\u00e9p\u00edt\u00e9s<\/h4>\n                                <\/a>\n                                <p>A k\u00e9pz\u00e9s c\u00e9lja, hogy a jelentkez\u0151k saj\u00e1t maguk alapos megismer\u00e9se, c\u00e9ljaik felt\u00e9rk\u00e9pez\u00e9se ut\u00e1n elinduljanak a szem\u00e9lyes brand\u00e9p\u00edt\u00e9s \u00fatj\u00e1n.<\/p>\n                            <\/div>\n                        <\/div>\n                        <div class=\"lower-content\">\n                            <span class=\"price\">80 000 HUF&nbsp;<span>+\u00c1FA<\/span><\/span>\n                            <span class=\"duration\">30 \u00f3ra<\/span>\n                                                    <\/div>\n                    <\/div>\n\n                                <div class=\"custom-post\">\n                        <div class=\"upper-content\">\n                            <div class=\"custom-product-thumbnail\">\n                                <a href=\"https:\/\/shop.uni-pannon.hu\/hu\/termek\/olvass-a-merlegbol\/\">\n                                    <img loading=\"lazy\" decoding=\"async\" width=\"2560\" height=\"1686\" src=\"https:\/\/shop.uni-pannon.hu\/wp-content\/uploads\/2025\/03\/Olvass_a_merlegbol-scaled.jpg\" class=\"attachment-full size-full\" alt=\"Olvass a m\u00e9rlegb\u0151l!\" srcset=\"https:\/\/shop.uni-pannon.hu\/wp-content\/uploads\/2025\/03\/Olvass_a_merlegbol-scaled.jpg 2560w, https:\/\/shop.uni-pannon.hu\/wp-content\/uploads\/2025\/03\/Olvass_a_merlegbol-300x198.jpg 300w, https:\/\/shop.uni-pannon.hu\/wp-content\/uploads\/2025\/03\/Olvass_a_merlegbol-1024x675.jpg 1024w, https:\/\/shop.uni-pannon.hu\/wp-content\/uploads\/2025\/03\/Olvass_a_merlegbol-768x506.jpg 768w, https:\/\/shop.uni-pannon.hu\/wp-content\/uploads\/2025\/03\/Olvass_a_merlegbol-50x33.jpg 50w, https:\/\/shop.uni-pannon.hu\/wp-content\/uploads\/2025\/03\/Olvass_a_merlegbol-1600x1054.jpg 1600w, https:\/\/shop.uni-pannon.hu\/wp-content\/uploads\/2025\/03\/Olvass_a_merlegbol-1536x1012.jpg 1536w, https:\/\/shop.uni-pannon.hu\/wp-content\/uploads\/2025\/03\/Olvass_a_merlegbol-2048x1349.jpg 2048w, https:\/\/shop.uni-pannon.hu\/wp-content\/uploads\/2025\/03\/Olvass_a_merlegbol-18x12.jpg 18w, https:\/\/shop.uni-pannon.hu\/wp-content\/uploads\/2025\/03\/Olvass_a_merlegbol-600x395.jpg 600w\" sizes=\"auto, (max-width: 2560px) 100vw, 2560px\" \/>                                <\/a>\n                            <\/div>\n                            <div class=\"custom-content\">\n                                <ul>\n                                    <li><a href=\"https:\/\/shop.uni-pannon.hu\/hu\/termekcimke\/online\/\">Online<\/a><\/li>                                <\/ul>\n                                <a class=\"custom-content-heading\" href=\"https:\/\/shop.uni-pannon.hu\/hu\/termek\/olvass-a-merlegbol\/\">\n                                    <h4>Olvass a m\u00e9rlegb\u0151l!<\/h4>\n                                <\/a>\n                                <p>A k\u00e9pz\u00e9s c\u00e9lja, hogy a r\u00e9sztvev\u0151k megismerj\u00e9k az \u00e9ves \u00e9s az egyszer\u0171s\u00edtett \u00e9ves besz\u00e1mol\u00f3 tartalm\u00e1t, illetve azt, hogy ebb\u0151l milyen t\u00f6bbletinform\u00e1ci\u00f3k nyerhet\u0151k, milyen \u00f6sszef\u00fcgg\u00e9sek vizsg\u00e1lata lehets\u00e9ges a d\u00f6nt\u00e9shozatal el\u0151seg\u00edt\u00e9se \u00e9rdek\u00e9ben.<\/p>\n                            <\/div>\n                        <\/div>\n                        <div class=\"lower-content\">\n                            <span class=\"price\">60 000 HUF&nbsp;<span>+\u00c1FA<\/span><\/span>\n                            <span class=\"duration\">15 \u00f3ra<\/span>\n                                                    <\/div>\n                    <\/div>\n\n                    <\/div>\n        <div class=\"uni-posts-pagination\">\n                    <\/div>\n            <\/div>\n\n<\/div>","protected":false},"excerpt":{"rendered":"","protected":false},"author":4,"featured_media":0,"parent":0,"menu_order":0,"comment_status":"closed","ping_status":"closed","template":"","meta":{"_acf_changed":false,"footnotes":""},"tags":[],"class_list":["post-714","page","type-page","status-publish","hentry"],"acf":[],"_links":{"self":[{"href":"https:\/\/shop.uni-pannon.hu\/hu\/wp-json\/wp\/v2\/pages\/714","targetHints":{"allow":["GET"]}}],"collection":[{"href":"https:\/\/shop.uni-pannon.hu\/hu\/wp-json\/wp\/v2\/pages"}],"about":[{"href":"https:\/\/shop.uni-pannon.hu\/hu\/wp-json\/wp\/v2\/types\/page"}],"author":[{"embeddable":true,"href":"https:\/\/shop.uni-pannon.hu\/hu\/wp-json\/wp\/v2\/users\/4"}],"replies":[{"embeddable":true,"href":"https:\/\/shop.uni-pannon.hu\/hu\/wp-json\/wp\/v2\/comments?post=714"}],"version-history":[{"count":10,"href":"https:\/\/shop.uni-pannon.hu\/hu\/wp-json\/wp\/v2\/pages\/714\/revisions"}],"predecessor-version":[{"id":2819,"href":"https:\/\/shop.uni-pannon.hu\/hu\/wp-json\/wp\/v2\/pages\/714\/revisions\/2819"}],"wp:attachment":[{"href":"https:\/\/shop.uni-pannon.hu\/hu\/wp-json\/wp\/v2\/media?parent=714"}],"wp:term":[{"taxonomy":"post_tag","embeddable":true,"href":"https:\/\/shop.uni-pannon.hu\/hu\/wp-json\/wp\/v2\/tags?post=714"}],"curies":[{"name":"wp","href":"https:\/\/api.w.org\/{rel}","templated":true}]}}