{"id":712,"date":"2024-08-15T11:31:30","date_gmt":"2024-08-15T10:31:30","guid":{"rendered":"https:\/\/shop.uni-pannon.hu\/?page_id=712"},"modified":"2025-10-10T12:19:54","modified_gmt":"2025-10-10T11:19:54","slug":"pen-tanfolyamok","status":"publish","type":"page","link":"https:\/\/shop.uni-pannon.hu\/hu\/pen-tanfolyamok\/","title":{"rendered":"Pannon Egyetem Nagykanizsa - K\u00f6rforg\u00e1sos Gazdas\u00e1g Egyetemi K\u00f6zpont"},"content":{"rendered":"<div class=\"wp-block-group alignwide has-global-padding is-layout-constrained wp-container-core-group-is-layout-b099b7f6 wp-block-group-is-layout-constrained\">\n    <div class=\"uni-posts\">\n        <div class=\"custom-posts-wrapper\">\n                                <div class=\"custom-post\">\n                        <div class=\"upper-content\">\n                            <div class=\"custom-product-thumbnail\">\n                                <a href=\"https:\/\/shop.uni-pannon.hu\/hu\/termek\/digitalis-es-korforgasos-gazdasag\/\">\n                                    <img loading=\"lazy\" decoding=\"async\" width=\"605\" height=\"407\" src=\"https:\/\/shop.uni-pannon.hu\/wp-content\/uploads\/2025\/10\/PEN_Digit-es-korforgasos-gazdasag_AI_kep.png\" class=\"attachment-full size-full\" alt=\"Digit\u00e1lis \u00e9s k\u00f6rforg\u00e1sos gazdas\u00e1g\" srcset=\"https:\/\/shop.uni-pannon.hu\/wp-content\/uploads\/2025\/10\/PEN_Digit-es-korforgasos-gazdasag_AI_kep.png 605w, https:\/\/shop.uni-pannon.hu\/wp-content\/uploads\/2025\/10\/PEN_Digit-es-korforgasos-gazdasag_AI_kep-300x202.png 300w, https:\/\/shop.uni-pannon.hu\/wp-content\/uploads\/2025\/10\/PEN_Digit-es-korforgasos-gazdasag_AI_kep-18x12.png 18w, https:\/\/shop.uni-pannon.hu\/wp-content\/uploads\/2025\/10\/PEN_Digit-es-korforgasos-gazdasag_AI_kep-600x404.png 600w\" sizes=\"auto, (max-width: 605px) 100vw, 605px\" \/>                                <\/a>\n                            <\/div>\n                            <div class=\"custom-content\">\n                                <ul>\n                                    <li><a href=\"https:\/\/shop.uni-pannon.hu\/hu\/termekcimke\/hybrid\/\">Hibrid<\/a><\/li>                                <\/ul>\n                                <a class=\"custom-content-heading\" href=\"https:\/\/shop.uni-pannon.hu\/hu\/termek\/digitalis-es-korforgasos-gazdasag\/\">\n                                    <h4>Digit\u00e1lis \u00e9s k\u00f6rforg\u00e1sos gazdas\u00e1g<\/h4>\n                                <\/a>\n                                <p>Mikrotan\u00fas\u00edtv\u00e1nyt ad\u00f3 k\u00e9pz\u00e9s, melynek sikeres elv\u00e9gz\u00e9se eset\u00e9n az Egyetem a r\u00e9sztvev\u0151 sz\u00e1m\u00e1ra mikrotan\u00fas\u00edtv\u00e1nyt \u00e1ll\u00edt ki az elektronikus tanulm\u00e1nyi rendszerben. A k\u00e9pz\u00e9s id\u0151tartam\u00e1ra a r\u00e9sztvev\u0151 hallgat\u00f3i jogviszonyba ker\u00fcl.<\/p>\n                            <\/div>\n                        <\/div>\n                        <div class=\"lower-content\">\n                            <span class=\"price\">120 000 HUF<\/span>\n                            <span class=\"duration\">45 \u00f3ra<\/span>\n                                                            <span class=\"registration\">\n                                    <span>Regisztr\u00e1ci\u00f3: <\/span>2026.09.30.                                <\/span>\n                                                    <\/div>\n                    <\/div>\n\n                                <div class=\"custom-post\">\n                        <div class=\"upper-content\">\n                            <div class=\"custom-product-thumbnail\">\n                                <a href=\"https:\/\/shop.uni-pannon.hu\/hu\/termek\/korforgasos-turizmus\/\">\n                                    <img loading=\"lazy\" decoding=\"async\" width=\"1132\" height=\"716\" src=\"https:\/\/shop.uni-pannon.hu\/wp-content\/uploads\/2025\/03\/Korforgasos_turizmus.jpg\" class=\"attachment-full size-full\" alt=\"Bevezet\u00e9s a k\u00f6rforg\u00e1sos gazdas\u00e1gba - a k\u00f6rforg\u00e1sos gazdas\u00e1g jelent\u0151s\u00e9ge a turizmusban\" srcset=\"https:\/\/shop.uni-pannon.hu\/wp-content\/uploads\/2025\/03\/Korforgasos_turizmus.jpg 1132w, https:\/\/shop.uni-pannon.hu\/wp-content\/uploads\/2025\/03\/Korforgasos_turizmus-300x190.jpg 300w, https:\/\/shop.uni-pannon.hu\/wp-content\/uploads\/2025\/03\/Korforgasos_turizmus-1024x648.jpg 1024w, https:\/\/shop.uni-pannon.hu\/wp-content\/uploads\/2025\/03\/Korforgasos_turizmus-768x486.jpg 768w, https:\/\/shop.uni-pannon.hu\/wp-content\/uploads\/2025\/03\/Korforgasos_turizmus-50x32.jpg 50w, https:\/\/shop.uni-pannon.hu\/wp-content\/uploads\/2025\/03\/Korforgasos_turizmus-18x12.jpg 18w, https:\/\/shop.uni-pannon.hu\/wp-content\/uploads\/2025\/03\/Korforgasos_turizmus-600x380.jpg 600w\" sizes=\"auto, (max-width: 1132px) 100vw, 1132px\" \/>                                <\/a>\n                            <\/div>\n                            <div class=\"custom-content\">\n                                <ul>\n                                    <li><a href=\"https:\/\/shop.uni-pannon.hu\/hu\/termekcimke\/in-person\/\">Szem\u00e9lyes jelenl\u00e9ttel<\/a><\/li>                                <\/ul>\n                                <a class=\"custom-content-heading\" href=\"https:\/\/shop.uni-pannon.hu\/hu\/termek\/korforgasos-turizmus\/\">\n                                    <h4>Bevezet\u00e9s a k\u00f6rforg\u00e1sos gazdas\u00e1gba &#8211; a k\u00f6rforg\u00e1sos gazdas\u00e1g jelent\u0151s\u00e9ge a turizmusban<\/h4>\n                                <\/a>\n                                <p>A k\u00e9pz\u00e9s c\u00e9lja a v\u00e1llalati, int\u00e9zm\u00e9nyi d\u00f6nt\u00e9shoz\u00f3k sz\u00e1m\u00e1ra a k\u00f6rforg\u00e1sos gazdas\u00e1gi modellhez kapcsol\u00f3d\u00f3 tud\u00e1s megalapoz\u00e1sa. A kurzus komplex m\u00f3don foglalja \u00f6ssze a napjainkban form\u00e1l\u00f3d\u00f3 t\u00e9mak\u00f6r legfontosabb elm\u00e9leti \u00e9s gyakorlati k\u00e9rd\u00e9seit, k\u00fcl\u00f6n kitekint\u00e9ssel a turizmus ter\u00fclet\u00e9re.<\/p>\n                            <\/div>\n                        <\/div>\n                        <div class=\"lower-content\">\n                            <span class=\"price\">40 000 HUF&nbsp;<span>+\u00c1FA<\/span><\/span>\n                            <span class=\"duration\">8 \u00f3ra<\/span>\n                                                            <span class=\"registration\">\n                                    <span>Regisztr\u00e1ci\u00f3: <\/span>2026.04.30.                                <\/span>\n                                                    <\/div>\n                    <\/div>\n\n                                <div class=\"custom-post\">\n                        <div class=\"upper-content\">\n                            <div class=\"custom-product-thumbnail\">\n                                <a href=\"https:\/\/shop.uni-pannon.hu\/hu\/termek\/bevezetes-a-korforgasos-gazdasagba\/\">\n                                    <img loading=\"lazy\" decoding=\"async\" width=\"1060\" height=\"614\" src=\"https:\/\/shop.uni-pannon.hu\/wp-content\/uploads\/2025\/03\/Bevezetes-a-korforg.gazdasagba.jpg\" class=\"attachment-full size-full\" alt=\"Bevezet\u00e9s a k\u00f6rforg\u00e1sos gazdas\u00e1gba\" srcset=\"https:\/\/shop.uni-pannon.hu\/wp-content\/uploads\/2025\/03\/Bevezetes-a-korforg.gazdasagba.jpg 1060w, https:\/\/shop.uni-pannon.hu\/wp-content\/uploads\/2025\/03\/Bevezetes-a-korforg.gazdasagba-300x174.jpg 300w, https:\/\/shop.uni-pannon.hu\/wp-content\/uploads\/2025\/03\/Bevezetes-a-korforg.gazdasagba-1024x593.jpg 1024w, https:\/\/shop.uni-pannon.hu\/wp-content\/uploads\/2025\/03\/Bevezetes-a-korforg.gazdasagba-768x445.jpg 768w, https:\/\/shop.uni-pannon.hu\/wp-content\/uploads\/2025\/03\/Bevezetes-a-korforg.gazdasagba-50x29.jpg 50w, https:\/\/shop.uni-pannon.hu\/wp-content\/uploads\/2025\/03\/Bevezetes-a-korforg.gazdasagba-18x10.jpg 18w, https:\/\/shop.uni-pannon.hu\/wp-content\/uploads\/2025\/03\/Bevezetes-a-korforg.gazdasagba-600x348.jpg 600w\" sizes=\"auto, (max-width: 1060px) 100vw, 1060px\" \/>                                <\/a>\n                            <\/div>\n                            <div class=\"custom-content\">\n                                <ul>\n                                    <li><a href=\"https:\/\/shop.uni-pannon.hu\/hu\/termekcimke\/hybrid\/\">Hibrid<\/a><\/li>                                <\/ul>\n                                <a class=\"custom-content-heading\" href=\"https:\/\/shop.uni-pannon.hu\/hu\/termek\/bevezetes-a-korforgasos-gazdasagba\/\">\n                                    <h4>Bevezet\u00e9s a k\u00f6rforg\u00e1sos gazdas\u00e1gba<\/h4>\n                                <\/a>\n                                <p>A k\u00e9pz\u00e9s c\u00e9lja a v\u00e1llalati, int\u00e9zm\u00e9nyi d\u00f6nt\u00e9shoz\u00f3k sz\u00e1m\u00e1ra a k\u00f6rforg\u00e1sos gazdas\u00e1gi modellhez kapcsol\u00f3d\u00f3 tud\u00e1s megalapoz\u00e1sa. A kurzus komplex m\u00f3don foglalja \u00f6ssze a napjainkban form\u00e1l\u00f3d\u00f3 t\u00e9mak\u00f6r legfontosabb elm\u00e9leti \u00e9s gyakorlati k\u00e9rd\u00e9seit.<\/p>\n                            <\/div>\n                        <\/div>\n                        <div class=\"lower-content\">\n                            <span class=\"price\">90 000 HUF&nbsp;<span>+\u00c1FA<\/span><\/span>\n                            <span class=\"duration\">15 \u00f3ra<\/span>\n                                                            <span class=\"registration\">\n                                    <span>Regisztr\u00e1ci\u00f3: <\/span>2026.04.30.                                <\/span>\n                                                    <\/div>\n                    <\/div>\n\n                                <div class=\"custom-post\">\n                        <div class=\"upper-content\">\n                            <div class=\"custom-product-thumbnail\">\n                                <a href=\"https:\/\/shop.uni-pannon.hu\/hu\/termek\/az-informatika-alapjai-a-vallalati-strukturaban-ipar-4-0\/\">\n                                    <img loading=\"lazy\" decoding=\"async\" width=\"1028\" height=\"657\" src=\"https:\/\/shop.uni-pannon.hu\/wp-content\/uploads\/2025\/03\/Ipar-4.0-kep.jpg\" class=\"attachment-full size-full\" alt=\"Basics of Information Technology in Corporate Structure (Industry 4.0)\" srcset=\"https:\/\/shop.uni-pannon.hu\/wp-content\/uploads\/2025\/03\/Ipar-4.0-kep.jpg 1028w, https:\/\/shop.uni-pannon.hu\/wp-content\/uploads\/2025\/03\/Ipar-4.0-kep-300x192.jpg 300w, https:\/\/shop.uni-pannon.hu\/wp-content\/uploads\/2025\/03\/Ipar-4.0-kep-1024x654.jpg 1024w, https:\/\/shop.uni-pannon.hu\/wp-content\/uploads\/2025\/03\/Ipar-4.0-kep-768x491.jpg 768w, https:\/\/shop.uni-pannon.hu\/wp-content\/uploads\/2025\/03\/Ipar-4.0-kep-50x32.jpg 50w, https:\/\/shop.uni-pannon.hu\/wp-content\/uploads\/2025\/03\/Ipar-4.0-kep-18x12.jpg 18w, https:\/\/shop.uni-pannon.hu\/wp-content\/uploads\/2025\/03\/Ipar-4.0-kep-600x383.jpg 600w\" sizes=\"auto, (max-width: 1028px) 100vw, 1028px\" \/>                                <\/a>\n                            <\/div>\n                            <div class=\"custom-content\">\n                                <ul>\n                                    <li><a href=\"https:\/\/shop.uni-pannon.hu\/hu\/termekcimke\/online\/\">Online<\/a><\/li>                                <\/ul>\n                                <a class=\"custom-content-heading\" href=\"https:\/\/shop.uni-pannon.hu\/hu\/termek\/az-informatika-alapjai-a-vallalati-strukturaban-ipar-4-0\/\">\n                                    <h4>Az informatika alapjai a v\u00e1llalati strukt\u00far\u00e1ban (Ipar 4.0)<\/h4>\n                                <\/a>\n                                <p>A k\u00e9pz\u00e9ssorozat c\u00e9lja, hogy \u00e9rthet\u0151en bemutassa a negyedik ipari forradalom alapjait, el\u0151nyeit \u00e9s m\u0171k\u00f6d\u00e9si felt\u00e9teleit, mik\u00f6zben informatikai modulokon kereszt\u00fcl gyakorlati tud\u00e1st ny\u00fajt a webfejleszt\u00e9s, programoz\u00e1s, adatkezel\u00e9s \u00e9s ipari teljes\u00edtm\u00e9nysz\u00e1m\u00edt\u00e1s ter\u00e9n. A modulok rugalmasan, egym\u00e1sra \u00e9p\u00fclve is elv\u00e9gezhet\u0151k, \u00edgy a k\u00e9pz\u00e9s azonnal alkalmazhat\u00f3 ismereteket k\u00edn\u00e1l a r\u00e9sztvev\u0151knek.<\/p>\n                            <\/div>\n                        <\/div>\n                        <div class=\"lower-content\">\n                            <span class=\"price\">132 000 HUF&nbsp;<span>+\u00c1FA<\/span><\/span>\n                            <span class=\"duration\">60 \u00f3ra<\/span>\n                                                            <span class=\"registration\">\n                                    <span>Regisztr\u00e1ci\u00f3: <\/span>2026.09.30.                                <\/span>\n                                                    <\/div>\n                    <\/div>\n\n                    <\/div>\n        <div class=\"uni-posts-pagination\">\n                    <\/div>\n            <\/div>\n\n<\/div>","protected":false},"excerpt":{"rendered":"","protected":false},"author":4,"featured_media":0,"parent":0,"menu_order":0,"comment_status":"closed","ping_status":"closed","template":"","meta":{"_acf_changed":false,"footnotes":""},"tags":[],"class_list":["post-712","page","type-page","status-publish","hentry"],"acf":[],"_links":{"self":[{"href":"https:\/\/shop.uni-pannon.hu\/hu\/wp-json\/wp\/v2\/pages\/712","targetHints":{"allow":["GET"]}}],"collection":[{"href":"https:\/\/shop.uni-pannon.hu\/hu\/wp-json\/wp\/v2\/pages"}],"about":[{"href":"https:\/\/shop.uni-pannon.hu\/hu\/wp-json\/wp\/v2\/types\/page"}],"author":[{"embeddable":true,"href":"https:\/\/shop.uni-pannon.hu\/hu\/wp-json\/wp\/v2\/users\/4"}],"replies":[{"embeddable":true,"href":"https:\/\/shop.uni-pannon.hu\/hu\/wp-json\/wp\/v2\/comments?post=712"}],"version-history":[{"count":11,"href":"https:\/\/shop.uni-pannon.hu\/hu\/wp-json\/wp\/v2\/pages\/712\/revisions"}],"predecessor-version":[{"id":2818,"href":"https:\/\/shop.uni-pannon.hu\/hu\/wp-json\/wp\/v2\/pages\/712\/revisions\/2818"}],"wp:attachment":[{"href":"https:\/\/shop.uni-pannon.hu\/hu\/wp-json\/wp\/v2\/media?parent=712"}],"wp:term":[{"taxonomy":"post_tag","embeddable":true,"href":"https:\/\/shop.uni-pannon.hu\/hu\/wp-json\/wp\/v2\/tags?post=712"}],"curies":[{"name":"wp","href":"https:\/\/api.w.org\/{rel}","templated":true}]}}