{"id":710,"date":"2024-08-15T11:31:02","date_gmt":"2024-08-15T10:31:02","guid":{"rendered":"https:\/\/shop.uni-pannon.hu\/?page_id=710"},"modified":"2025-10-10T12:19:16","modified_gmt":"2025-10-10T11:19:16","slug":"mk-tanfolyamok","status":"publish","type":"page","link":"https:\/\/shop.uni-pannon.hu\/hu\/mk-tanfolyamok\/","title":{"rendered":"M\u00e9rn\u00f6ki Kar k\u00e9pz\u00e9sek"},"content":{"rendered":"<div class=\"wp-block-group alignwide has-global-padding is-layout-constrained wp-container-core-group-is-layout-b099b7f6 wp-block-group-is-layout-constrained\">\n    <div class=\"uni-posts\">\n        <div class=\"custom-posts-wrapper\">\n                                <div class=\"custom-post\">\n                        <div class=\"upper-content\">\n                            <div class=\"custom-product-thumbnail\">\n                                <a href=\"https:\/\/shop.uni-pannon.hu\/hu\/termek\/biotechnologiai-folyamatok-es-alkalmazasok\/\">\n                                    <img loading=\"lazy\" decoding=\"async\" width=\"600\" height=\"402\" src=\"https:\/\/shop.uni-pannon.hu\/wp-content\/uploads\/2025\/10\/MK_Biotechnologiai_folyamatok_AI_kep.png\" class=\"attachment-full size-full\" alt=\"Biotechnol\u00f3giai folyamatok \u00e9s alkalmaz\u00e1sok\" srcset=\"https:\/\/shop.uni-pannon.hu\/wp-content\/uploads\/2025\/10\/MK_Biotechnologiai_folyamatok_AI_kep.png 600w, https:\/\/shop.uni-pannon.hu\/wp-content\/uploads\/2025\/10\/MK_Biotechnologiai_folyamatok_AI_kep-300x201.png 300w, https:\/\/shop.uni-pannon.hu\/wp-content\/uploads\/2025\/10\/MK_Biotechnologiai_folyamatok_AI_kep-18x12.png 18w\" sizes=\"auto, (max-width: 600px) 100vw, 600px\" \/>                                <\/a>\n                            <\/div>\n                            <div class=\"custom-content\">\n                                <ul>\n                                    <li><a href=\"https:\/\/shop.uni-pannon.hu\/hu\/termekcimke\/hybrid\/\">Hibrid<\/a><\/li>                                <\/ul>\n                                <a class=\"custom-content-heading\" href=\"https:\/\/shop.uni-pannon.hu\/hu\/termek\/biotechnologiai-folyamatok-es-alkalmazasok\/\">\n                                    <h4>Biotechnol\u00f3giai folyamatok \u00e9s alkalmaz\u00e1sok<\/h4>\n                                <\/a>\n                                <p>Mikrotan\u00fas\u00edtv\u00e1nyt ad\u00f3 k\u00e9pz\u00e9s, melynek sikeres elv\u00e9gz\u00e9se eset\u00e9n az Egyetem a r\u00e9sztvev\u0151 sz\u00e1m\u00e1ra mikrotan\u00fas\u00edtv\u00e1nyt \u00e1ll\u00edt ki az elektronikus tanulm\u00e1nyi rendszerben. A k\u00e9pz\u00e9s id\u0151tartam\u00e1ra a r\u00e9sztvev\u0151 hallgat\u00f3i jogviszonyba ker\u00fcl.<\/p>\n                            <\/div>\n                        <\/div>\n                        <div class=\"lower-content\">\n                            <span class=\"price\">217 000 HUF<\/span>\n                            <span class=\"duration\">55 \u00f3ra<\/span>\n                                                    <\/div>\n                    <\/div>\n\n                                <div class=\"custom-post\">\n                        <div class=\"upper-content\">\n                            <div class=\"custom-product-thumbnail\">\n                                <a href=\"https:\/\/shop.uni-pannon.hu\/hu\/termek\/korszeru-reakciotechnika-es-kolloidkemia\/\">\n                                    <img loading=\"lazy\" decoding=\"async\" width=\"907\" height=\"753\" src=\"https:\/\/shop.uni-pannon.hu\/wp-content\/uploads\/2025\/10\/Korszeru_reakciotech-kolloidkemia_kep_uj.png\" class=\"attachment-full size-full\" alt=\"Korszer\u0171 reakci\u00f3technika \u00e9s kolloidk\u00e9mia\" srcset=\"https:\/\/shop.uni-pannon.hu\/wp-content\/uploads\/2025\/10\/Korszeru_reakciotech-kolloidkemia_kep_uj.png 907w, https:\/\/shop.uni-pannon.hu\/wp-content\/uploads\/2025\/10\/Korszeru_reakciotech-kolloidkemia_kep_uj-300x249.png 300w, https:\/\/shop.uni-pannon.hu\/wp-content\/uploads\/2025\/10\/Korszeru_reakciotech-kolloidkemia_kep_uj-768x638.png 768w, https:\/\/shop.uni-pannon.hu\/wp-content\/uploads\/2025\/10\/Korszeru_reakciotech-kolloidkemia_kep_uj-14x12.png 14w, https:\/\/shop.uni-pannon.hu\/wp-content\/uploads\/2025\/10\/Korszeru_reakciotech-kolloidkemia_kep_uj-600x498.png 600w\" sizes=\"auto, (max-width: 907px) 100vw, 907px\" \/>                                <\/a>\n                            <\/div>\n                            <div class=\"custom-content\">\n                                <ul>\n                                    <li><a href=\"https:\/\/shop.uni-pannon.hu\/hu\/termekcimke\/in-person\/\">Szem\u00e9lyes jelenl\u00e9ttel<\/a><\/li>                                <\/ul>\n                                <a class=\"custom-content-heading\" href=\"https:\/\/shop.uni-pannon.hu\/hu\/termek\/korszeru-reakciotechnika-es-kolloidkemia\/\">\n                                    <h4>Korszer\u0171 reakci\u00f3technika \u00e9s kolloidk\u00e9mia<\/h4>\n                                <\/a>\n                                <p>Mikrotan\u00fas\u00edtv\u00e1nyt ad\u00f3 k\u00e9pz\u00e9s, melynek sikeres elv\u00e9gz\u00e9se eset\u00e9n az Egyetem a r\u00e9sztvev\u0151 sz\u00e1m\u00e1ra mikrotan\u00fas\u00edtv\u00e1nyt \u00e1ll\u00edt ki az elektronikus tanulm\u00e1nyi rendszerben. A k\u00e9pz\u00e9s id\u0151tartam\u00e1ra a r\u00e9sztvev\u0151 hallgat\u00f3i jogviszonyba ker\u00fcl.<\/p>\n                            <\/div>\n                        <\/div>\n                        <div class=\"lower-content\">\n                            <span class=\"price\">200 000 HUF<\/span>\n                            <span class=\"duration\">45 \u00f3ra<\/span>\n                                                    <\/div>\n                    <\/div>\n\n                                <div class=\"custom-post\">\n                        <div class=\"upper-content\">\n                            <div class=\"custom-product-thumbnail\">\n                                <a href=\"https:\/\/shop.uni-pannon.hu\/hu\/termek\/digitalis-gyartas-es-modern-termelesi-rendszerek\/\">\n                                    <img loading=\"lazy\" decoding=\"async\" width=\"605\" height=\"407\" src=\"https:\/\/shop.uni-pannon.hu\/wp-content\/uploads\/2025\/10\/MK_Digitalis_gyartas_AI_kep.png\" class=\"attachment-full size-full\" alt=\"Digit\u00e1lis gy\u00e1rt\u00e1s \u00e9s modern termel\u00e9si rendszerek\" srcset=\"https:\/\/shop.uni-pannon.hu\/wp-content\/uploads\/2025\/10\/MK_Digitalis_gyartas_AI_kep.png 605w, https:\/\/shop.uni-pannon.hu\/wp-content\/uploads\/2025\/10\/MK_Digitalis_gyartas_AI_kep-300x202.png 300w, https:\/\/shop.uni-pannon.hu\/wp-content\/uploads\/2025\/10\/MK_Digitalis_gyartas_AI_kep-18x12.png 18w, https:\/\/shop.uni-pannon.hu\/wp-content\/uploads\/2025\/10\/MK_Digitalis_gyartas_AI_kep-600x404.png 600w\" sizes=\"auto, (max-width: 605px) 100vw, 605px\" \/>                                <\/a>\n                            <\/div>\n                            <div class=\"custom-content\">\n                                <ul>\n                                    <li><a href=\"https:\/\/shop.uni-pannon.hu\/hu\/termekcimke\/in-person\/\">Szem\u00e9lyes jelenl\u00e9ttel<\/a><\/li>                                <\/ul>\n                                <a class=\"custom-content-heading\" href=\"https:\/\/shop.uni-pannon.hu\/hu\/termek\/digitalis-gyartas-es-modern-termelesi-rendszerek\/\">\n                                    <h4>Digit\u00e1lis gy\u00e1rt\u00e1s \u00e9s modern termel\u00e9si rendszerek<\/h4>\n                                <\/a>\n                                <p>Mikrotan\u00fas\u00edtv\u00e1nyt ad\u00f3 k\u00e9pz\u00e9s, melynek sikeres elv\u00e9gz\u00e9se eset\u00e9n az Egyetem a r\u00e9sztvev\u0151 sz\u00e1m\u00e1ra mikrotan\u00fas\u00edtv\u00e1nyt \u00e1ll\u00edt ki az elektronikus tanulm\u00e1nyi rendszerben. A k\u00e9pz\u00e9s id\u0151tartam\u00e1ra a r\u00e9sztvev\u0151 hallgat\u00f3i jogviszonyba ker\u00fcl.<\/p>\n                            <\/div>\n                        <\/div>\n                        <div class=\"lower-content\">\n                            <span class=\"price\">162 500 HUF<\/span>\n                            <span class=\"duration\">50 \u00f3ra<\/span>\n                                                    <\/div>\n                    <\/div>\n\n                                <div class=\"custom-post\">\n                        <div class=\"upper-content\">\n                            <div class=\"custom-product-thumbnail\">\n                                <a href=\"https:\/\/shop.uni-pannon.hu\/hu\/termek\/nuklearis-technologiak-es-sugarvedelem\/\">\n                                    <img loading=\"lazy\" decoding=\"async\" width=\"603\" height=\"406\" src=\"https:\/\/shop.uni-pannon.hu\/wp-content\/uploads\/2025\/10\/MK_Nuklearis-technologiak_AI_kep.png\" class=\"attachment-full size-full\" alt=\"Nukle\u00e1ris technol\u00f3gi\u00e1k \u00e9s sug\u00e1rv\u00e9delem\" srcset=\"https:\/\/shop.uni-pannon.hu\/wp-content\/uploads\/2025\/10\/MK_Nuklearis-technologiak_AI_kep.png 603w, https:\/\/shop.uni-pannon.hu\/wp-content\/uploads\/2025\/10\/MK_Nuklearis-technologiak_AI_kep-300x202.png 300w, https:\/\/shop.uni-pannon.hu\/wp-content\/uploads\/2025\/10\/MK_Nuklearis-technologiak_AI_kep-18x12.png 18w, https:\/\/shop.uni-pannon.hu\/wp-content\/uploads\/2025\/10\/MK_Nuklearis-technologiak_AI_kep-600x404.png 600w\" sizes=\"auto, (max-width: 603px) 100vw, 603px\" \/>                                <\/a>\n                            <\/div>\n                            <div class=\"custom-content\">\n                                <ul>\n                                    <li><a href=\"https:\/\/shop.uni-pannon.hu\/hu\/termekcimke\/in-person\/\">Szem\u00e9lyes jelenl\u00e9ttel<\/a><\/li>                                <\/ul>\n                                <a class=\"custom-content-heading\" href=\"https:\/\/shop.uni-pannon.hu\/hu\/termek\/nuklearis-technologiak-es-sugarvedelem\/\">\n                                    <h4>Nukle\u00e1ris technol\u00f3gi\u00e1k \u00e9s sug\u00e1rv\u00e9delem<\/h4>\n                                <\/a>\n                                <p>Mikrotan\u00fas\u00edtv\u00e1nyt ad\u00f3 k\u00e9pz\u00e9s, melynek sikeres elv\u00e9gz\u00e9se eset\u00e9n az Egyetem a r\u00e9sztvev\u0151 sz\u00e1m\u00e1ra mikrotan\u00fas\u00edtv\u00e1nyt \u00e1ll\u00edt ki az elektronikus tanulm\u00e1nyi rendszerben. A k\u00e9pz\u00e9s id\u0151tartam\u00e1ra a r\u00e9sztvev\u0151 hallgat\u00f3i jogviszonyba ker\u00fcl.<\/p>\n                            <\/div>\n                        <\/div>\n                        <div class=\"lower-content\">\n                            <span class=\"price\">200 000 HUF<\/span>\n                            <span class=\"duration\">40 \u00f3ra<\/span>\n                                                    <\/div>\n                    <\/div>\n\n                                <div class=\"custom-post\">\n                        <div class=\"upper-content\">\n                            <div class=\"custom-product-thumbnail\">\n                                <a href=\"https:\/\/shop.uni-pannon.hu\/hu\/termek\/adattudomany-es-gepi-tanulas\/\">\n                                    <img loading=\"lazy\" decoding=\"async\" width=\"605\" height=\"407\" src=\"https:\/\/shop.uni-pannon.hu\/wp-content\/uploads\/2025\/09\/MK_Adattudomany_gepi.tanulas_AI_kep.png\" class=\"attachment-full size-full\" alt=\"Adattudom\u00e1ny \u00e9s g\u00e9pi tanul\u00e1s\" srcset=\"https:\/\/shop.uni-pannon.hu\/wp-content\/uploads\/2025\/09\/MK_Adattudomany_gepi.tanulas_AI_kep.png 605w, https:\/\/shop.uni-pannon.hu\/wp-content\/uploads\/2025\/09\/MK_Adattudomany_gepi.tanulas_AI_kep-300x202.png 300w, https:\/\/shop.uni-pannon.hu\/wp-content\/uploads\/2025\/09\/MK_Adattudomany_gepi.tanulas_AI_kep-18x12.png 18w, https:\/\/shop.uni-pannon.hu\/wp-content\/uploads\/2025\/09\/MK_Adattudomany_gepi.tanulas_AI_kep-600x404.png 600w\" sizes=\"auto, (max-width: 605px) 100vw, 605px\" \/>                                <\/a>\n                            <\/div>\n                            <div class=\"custom-content\">\n                                <ul>\n                                    <li><a href=\"https:\/\/shop.uni-pannon.hu\/hu\/termekcimke\/online\/\">Online<\/a><\/li>                                <\/ul>\n                                <a class=\"custom-content-heading\" href=\"https:\/\/shop.uni-pannon.hu\/hu\/termek\/adattudomany-es-gepi-tanulas\/\">\n                                    <h4>Adattudom\u00e1ny \u00e9s g\u00e9pi tanul\u00e1s<\/h4>\n                                <\/a>\n                                <p>Mikrotan\u00fas\u00edtv\u00e1nyt ad\u00f3 k\u00e9pz\u00e9s, melynek sikeres elv\u00e9gz\u00e9se eset\u00e9n az Egyetem a r\u00e9sztvev\u0151 sz\u00e1m\u00e1ra mikrotan\u00fas\u00edtv\u00e1nyt \u00e1ll\u00edt ki az elektronikus tanulm\u00e1nyi rendszerben. A k\u00e9pz\u00e9s id\u0151tartam\u00e1ra a r\u00e9sztvev\u0151 hallgat\u00f3i jogviszonyba ker\u00fcl.<\/p>\n                            <\/div>\n                        <\/div>\n                        <div class=\"lower-content\">\n                            <span class=\"price\">250 000 HUF<\/span>\n                            <span class=\"duration\">50 \u00f3ra<\/span>\n                                                    <\/div>\n                    <\/div>\n\n                                <div class=\"custom-post\">\n                        <div class=\"upper-content\">\n                            <div class=\"custom-product-thumbnail\">\n                                <a href=\"https:\/\/shop.uni-pannon.hu\/hu\/termek\/hobbi-hegeszto\/\">\n                                    <img loading=\"lazy\" decoding=\"async\" width=\"805\" height=\"578\" src=\"https:\/\/shop.uni-pannon.hu\/wp-content\/uploads\/2025\/03\/Hobbi-hegeszto.jpg\" class=\"attachment-full size-full\" alt=\"Hobbi hegeszt\u0151\" srcset=\"https:\/\/shop.uni-pannon.hu\/wp-content\/uploads\/2025\/03\/Hobbi-hegeszto.jpg 805w, https:\/\/shop.uni-pannon.hu\/wp-content\/uploads\/2025\/03\/Hobbi-hegeszto-300x215.jpg 300w, https:\/\/shop.uni-pannon.hu\/wp-content\/uploads\/2025\/03\/Hobbi-hegeszto-768x551.jpg 768w, https:\/\/shop.uni-pannon.hu\/wp-content\/uploads\/2025\/03\/Hobbi-hegeszto-50x36.jpg 50w, https:\/\/shop.uni-pannon.hu\/wp-content\/uploads\/2025\/03\/Hobbi-hegeszto-18x12.jpg 18w, https:\/\/shop.uni-pannon.hu\/wp-content\/uploads\/2025\/03\/Hobbi-hegeszto-600x431.jpg 600w\" sizes=\"auto, (max-width: 805px) 100vw, 805px\" \/>                                <\/a>\n                            <\/div>\n                            <div class=\"custom-content\">\n                                <ul>\n                                    <li><a href=\"https:\/\/shop.uni-pannon.hu\/hu\/termekcimke\/in-person\/\">Szem\u00e9lyes jelenl\u00e9ttel<\/a><\/li>                                <\/ul>\n                                <a class=\"custom-content-heading\" href=\"https:\/\/shop.uni-pannon.hu\/hu\/termek\/hobbi-hegeszto\/\">\n                                    <h4>Hobbi hegeszt\u0151<\/h4>\n                                <\/a>\n                                <p>A k\u00e9pz\u00e9s c\u00e9lja alapvet\u0151 hegeszt\u0151i ismeretek \u00e1tad\u00e1sa, begyakorl\u00e1sa, gyakorlati ismeretek elsaj\u00e1t\u00edt\u00e1sa.<\/p>\n                            <\/div>\n                        <\/div>\n                        <div class=\"lower-content\">\n                            <span class=\"price\">180 000 HUF&nbsp;<span>+\u00c1FA<\/span><\/span>\n                            <span class=\"duration\">30 \u00f3ra<\/span>\n                                                    <\/div>\n                    <\/div>\n\n                                <div class=\"custom-post\">\n                        <div class=\"upper-content\">\n                            <div class=\"custom-product-thumbnail\">\n                                <a href=\"https:\/\/shop.uni-pannon.hu\/hu\/termek\/cad-cam-programozo\/\">\n                                    <img loading=\"lazy\" decoding=\"async\" width=\"1009\" height=\"681\" src=\"https:\/\/shop.uni-pannon.hu\/wp-content\/uploads\/2025\/03\/CAD-CAM-kep.jpg\" class=\"attachment-full size-full\" alt=\"CAD-CAM programoz\u00f3\" srcset=\"https:\/\/shop.uni-pannon.hu\/wp-content\/uploads\/2025\/03\/CAD-CAM-kep.jpg 1009w, https:\/\/shop.uni-pannon.hu\/wp-content\/uploads\/2025\/03\/CAD-CAM-kep-300x202.jpg 300w, https:\/\/shop.uni-pannon.hu\/wp-content\/uploads\/2025\/03\/CAD-CAM-kep-768x518.jpg 768w, https:\/\/shop.uni-pannon.hu\/wp-content\/uploads\/2025\/03\/CAD-CAM-kep-50x34.jpg 50w, https:\/\/shop.uni-pannon.hu\/wp-content\/uploads\/2025\/03\/CAD-CAM-kep-18x12.jpg 18w, https:\/\/shop.uni-pannon.hu\/wp-content\/uploads\/2025\/03\/CAD-CAM-kep-600x405.jpg 600w\" sizes=\"auto, (max-width: 1009px) 100vw, 1009px\" \/>                                <\/a>\n                            <\/div>\n                            <div class=\"custom-content\">\n                                <ul>\n                                    <li><a href=\"https:\/\/shop.uni-pannon.hu\/hu\/termekcimke\/in-person\/\">Szem\u00e9lyes jelenl\u00e9ttel<\/a><\/li>                                <\/ul>\n                                <a class=\"custom-content-heading\" href=\"https:\/\/shop.uni-pannon.hu\/hu\/termek\/cad-cam-programozo\/\">\n                                    <h4>CAD-CAM programoz\u00f3<\/h4>\n                                <\/a>\n                                <p>CAD alap\u00fa konstrukci\u00f3s tervez\u0151i ismeretek megszerz\u00e9se, CAM alap\u00fa gy\u00e1rt\u00e1stervez\u00e9si strukt\u00far\u00e1k elsaj\u00e1t\u00edt\u00e1sa, CAM programoz\u00e1s megval\u00f3s\u00edt\u00e1sa.<\/p>\n                            <\/div>\n                        <\/div>\n                        <div class=\"lower-content\">\n                            <span class=\"price\">350 000 HUF&nbsp;<span>+\u00c1FA<\/span><\/span>\n                            <span class=\"duration\">120 \u00f3ra<\/span>\n                                                    <\/div>\n                    <\/div>\n\n                                <div class=\"custom-post\">\n                        <div class=\"upper-content\">\n                            <div class=\"custom-product-thumbnail\">\n                                <a href=\"https:\/\/shop.uni-pannon.hu\/hu\/termek\/fenntarthato-gumiipari-technologiak\/\">\n                                    <img loading=\"lazy\" decoding=\"async\" width=\"1054\" height=\"658\" src=\"https:\/\/shop.uni-pannon.hu\/wp-content\/uploads\/2025\/03\/Fenntarthato-gumiipari-technologiak.jpg\" class=\"attachment-full size-full\" alt=\"Fenntarthat\u00f3 gumiipari technol\u00f3gi\u00e1k\" srcset=\"https:\/\/shop.uni-pannon.hu\/wp-content\/uploads\/2025\/03\/Fenntarthato-gumiipari-technologiak.jpg 1054w, https:\/\/shop.uni-pannon.hu\/wp-content\/uploads\/2025\/03\/Fenntarthato-gumiipari-technologiak-300x187.jpg 300w, https:\/\/shop.uni-pannon.hu\/wp-content\/uploads\/2025\/03\/Fenntarthato-gumiipari-technologiak-1024x639.jpg 1024w, https:\/\/shop.uni-pannon.hu\/wp-content\/uploads\/2025\/03\/Fenntarthato-gumiipari-technologiak-768x479.jpg 768w, https:\/\/shop.uni-pannon.hu\/wp-content\/uploads\/2025\/03\/Fenntarthato-gumiipari-technologiak-50x31.jpg 50w, https:\/\/shop.uni-pannon.hu\/wp-content\/uploads\/2025\/03\/Fenntarthato-gumiipari-technologiak-18x12.jpg 18w, https:\/\/shop.uni-pannon.hu\/wp-content\/uploads\/2025\/03\/Fenntarthato-gumiipari-technologiak-600x375.jpg 600w\" sizes=\"auto, (max-width: 1054px) 100vw, 1054px\" \/>                                <\/a>\n                            <\/div>\n                            <div class=\"custom-content\">\n                                <ul>\n                                    <li><a href=\"https:\/\/shop.uni-pannon.hu\/hu\/termekcimke\/hybrid\/\">Hibrid<\/a><\/li><li><a href=\"https:\/\/shop.uni-pannon.hu\/hu\/termekcimke\/in-person\/\">Szem\u00e9lyes jelenl\u00e9ttel<\/a><\/li>                                <\/ul>\n                                <a class=\"custom-content-heading\" href=\"https:\/\/shop.uni-pannon.hu\/hu\/termek\/fenntarthato-gumiipari-technologiak\/\">\n                                    <h4>Fenntarthat\u00f3 gumiipari technol\u00f3gi\u00e1k<\/h4>\n                                <\/a>\n                                <p>A k\u00e9pz\u00e9s c\u00e9lja a fenntarthat\u00f3s\u00e1gi gumiipari technol\u00f3gi\u00e1khoz \u00e9s gumiipari alapanyagok kiv\u00e1laszt\u00e1s\u00e1hoz magas szinten \u00e9rt\u0151 szakemberek k\u00e9pz\u00e9se.<\/p>\n                            <\/div>\n                        <\/div>\n                        <div class=\"lower-content\">\n                            <span class=\"price\">360 000 HUF&nbsp;<span>+\u00c1FA<\/span><\/span>\n                            <span class=\"duration\">120 \u00f3ra<\/span>\n                                                    <\/div>\n                    <\/div>\n\n                                <div class=\"custom-post\">\n                        <div class=\"upper-content\">\n                            <div class=\"custom-product-thumbnail\">\n                                <a href=\"https:\/\/shop.uni-pannon.hu\/hu\/termek\/plc-programozas\/\">\n                                    <img loading=\"lazy\" decoding=\"async\" width=\"873\" height=\"557\" src=\"https:\/\/shop.uni-pannon.hu\/wp-content\/uploads\/2025\/03\/PLC_kep.jpg\" class=\"attachment-full size-full\" alt=\"PLC programoz\u00e1s\" srcset=\"https:\/\/shop.uni-pannon.hu\/wp-content\/uploads\/2025\/03\/PLC_kep.jpg 873w, https:\/\/shop.uni-pannon.hu\/wp-content\/uploads\/2025\/03\/PLC_kep-300x191.jpg 300w, https:\/\/shop.uni-pannon.hu\/wp-content\/uploads\/2025\/03\/PLC_kep-768x490.jpg 768w, https:\/\/shop.uni-pannon.hu\/wp-content\/uploads\/2025\/03\/PLC_kep-50x32.jpg 50w, https:\/\/shop.uni-pannon.hu\/wp-content\/uploads\/2025\/03\/PLC_kep-18x12.jpg 18w, https:\/\/shop.uni-pannon.hu\/wp-content\/uploads\/2025\/03\/PLC_kep-600x383.jpg 600w\" sizes=\"auto, (max-width: 873px) 100vw, 873px\" \/>                                <\/a>\n                            <\/div>\n                            <div class=\"custom-content\">\n                                <ul>\n                                    <li><a href=\"https:\/\/shop.uni-pannon.hu\/hu\/termekcimke\/in-person\/\">Szem\u00e9lyes jelenl\u00e9ttel<\/a><\/li>                                <\/ul>\n                                <a class=\"custom-content-heading\" href=\"https:\/\/shop.uni-pannon.hu\/hu\/termek\/plc-programozas\/\">\n                                    <h4>PLC programoz\u00e1s<\/h4>\n                                <\/a>\n                                <p>PLC-k m\u0171k\u00f6dtet\u00e9s\u00e9hez sz\u00fcks\u00e9ges hardver \u00e9s szoftver ismeretek elsaj\u00e1t\u00edt\u00e1sa.<\/p>\n                            <\/div>\n                        <\/div>\n                        <div class=\"lower-content\">\n                            <span class=\"price\">350 000 HUF&nbsp;<span>+\u00c1FA<\/span><\/span>\n                            <span class=\"duration\">120 \u00f3ra<\/span>\n                                                    <\/div>\n                    <\/div>\n\n                    <\/div>\n        <div class=\"uni-posts-pagination\">\n            <span aria-label=\"Page 1\" aria-current=\"page\" class=\"page-numbers current\">1<\/span>\n<a aria-label=\"Page 2\" class=\"page-numbers\" href=\"https:\/\/shop.uni-pannon.hu\/hu\/wp-json\/wp\/v2\/pages\/710\/page\/2\/\">2<\/a>\n<a class=\"next page-numbers\" href=\"https:\/\/shop.uni-pannon.hu\/hu\/wp-json\/wp\/v2\/pages\/710\/page\/2\/\">K\u00f6vetkez\u0151<\/a>        <\/div>\n            <\/div>\n\n<\/div>","protected":false},"excerpt":{"rendered":"","protected":false},"author":4,"featured_media":0,"parent":0,"menu_order":0,"comment_status":"closed","ping_status":"closed","template":"","meta":{"_acf_changed":false,"footnotes":""},"tags":[],"class_list":["post-710","page","type-page","status-publish","hentry"],"acf":[],"_links":{"self":[{"href":"https:\/\/shop.uni-pannon.hu\/hu\/wp-json\/wp\/v2\/pages\/710","targetHints":{"allow":["GET"]}}],"collection":[{"href":"https:\/\/shop.uni-pannon.hu\/hu\/wp-json\/wp\/v2\/pages"}],"about":[{"href":"https:\/\/shop.uni-pannon.hu\/hu\/wp-json\/wp\/v2\/types\/page"}],"author":[{"embeddable":true,"href":"https:\/\/shop.uni-pannon.hu\/hu\/wp-json\/wp\/v2\/users\/4"}],"replies":[{"embeddable":true,"href":"https:\/\/shop.uni-pannon.hu\/hu\/wp-json\/wp\/v2\/comments?post=710"}],"version-history":[{"count":12,"href":"https:\/\/shop.uni-pannon.hu\/hu\/wp-json\/wp\/v2\/pages\/710\/revisions"}],"predecessor-version":[{"id":2815,"href":"https:\/\/shop.uni-pannon.hu\/hu\/wp-json\/wp\/v2\/pages\/710\/revisions\/2815"}],"wp:attachment":[{"href":"https:\/\/shop.uni-pannon.hu\/hu\/wp-json\/wp\/v2\/media?parent=710"}],"wp:term":[{"taxonomy":"post_tag","embeddable":true,"href":"https:\/\/shop.uni-pannon.hu\/hu\/wp-json\/wp\/v2\/tags?post=710"}],"curies":[{"name":"wp","href":"https:\/\/api.w.org\/{rel}","templated":true}]}}