{"id":708,"date":"2024-08-15T11:30:41","date_gmt":"2024-08-15T10:30:41","guid":{"rendered":"https:\/\/shop.uni-pannon.hu\/?page_id=708"},"modified":"2025-10-10T12:19:42","modified_gmt":"2025-10-10T11:19:42","slug":"mik-tanfolyamok","status":"publish","type":"page","link":"https:\/\/shop.uni-pannon.hu\/hu\/mik-tanfolyamok\/","title":{"rendered":"M\u0171szaki Informatikai Kar k\u00e9pz\u00e9sek"},"content":{"rendered":"<div class=\"wp-block-group alignwide has-global-padding is-layout-constrained wp-container-core-group-is-layout-b099b7f6 wp-block-group-is-layout-constrained\">\n    <div class=\"uni-posts\">\n        <div class=\"custom-posts-wrapper\">\n                                <div class=\"custom-post\">\n                        <div class=\"upper-content\">\n                            <div class=\"custom-product-thumbnail\">\n                                <a href=\"https:\/\/shop.uni-pannon.hu\/hu\/termek\/bevezetes-a-wordpress-alapu-weboldalkeszitesbe\/\">\n                                    <img loading=\"lazy\" decoding=\"async\" width=\"1124\" height=\"577\" src=\"https:\/\/shop.uni-pannon.hu\/wp-content\/uploads\/2026\/03\/WordPress_weboldalkeszites-1.png\" class=\"attachment-full size-full\" alt=\"Bevezet\u00e9s a WordPress-alap\u00fa weboldalk\u00e9sz\u00edt\u00e9sbe\" srcset=\"https:\/\/shop.uni-pannon.hu\/wp-content\/uploads\/2026\/03\/WordPress_weboldalkeszites-1.png 1124w, https:\/\/shop.uni-pannon.hu\/wp-content\/uploads\/2026\/03\/WordPress_weboldalkeszites-1-300x154.png 300w, https:\/\/shop.uni-pannon.hu\/wp-content\/uploads\/2026\/03\/WordPress_weboldalkeszites-1-1024x526.png 1024w, https:\/\/shop.uni-pannon.hu\/wp-content\/uploads\/2026\/03\/WordPress_weboldalkeszites-1-768x394.png 768w, https:\/\/shop.uni-pannon.hu\/wp-content\/uploads\/2026\/03\/WordPress_weboldalkeszites-1-18x9.png 18w, https:\/\/shop.uni-pannon.hu\/wp-content\/uploads\/2026\/03\/WordPress_weboldalkeszites-1-600x308.png 600w\" sizes=\"auto, (max-width: 1124px) 100vw, 1124px\" \/>                                <\/a>\n                            <\/div>\n                            <div class=\"custom-content\">\n                                <ul>\n                                    <li><a href=\"https:\/\/shop.uni-pannon.hu\/hu\/termekcimke\/hibrid\/\">Hibrid<\/a><\/li><li><a href=\"https:\/\/shop.uni-pannon.hu\/hu\/termekcimke\/in-person\/\">Szem\u00e9lyes jelenl\u00e9ttel<\/a><\/li><li><a href=\"https:\/\/shop.uni-pannon.hu\/hu\/termekcimke\/online\/\">Online<\/a><\/li>                                <\/ul>\n                                <a class=\"custom-content-heading\" href=\"https:\/\/shop.uni-pannon.hu\/hu\/termek\/bevezetes-a-wordpress-alapu-weboldalkeszitesbe\/\">\n                                    <h4>Bevezet\u00e9s a WordPress-alap\u00fa weboldalk\u00e9sz\u00edt\u00e9sbe<\/h4>\n                                <\/a>\n                                <p>A k\u00e9pz\u00e9s gyakorlati m\u00f3don mutatja be a WordPress-alap\u00fa weboldalak telep\u00edt\u00e9s\u00e9t, szerkeszt\u00e9s\u00e9t \u00e9s karbantart\u00e1s\u00e1t az alapokt\u00f3l a magabiztos \u00f6n\u00e1ll\u00f3 haszn\u00e1latig.<\/p>\n                            <\/div>\n                        <\/div>\n                        <div class=\"lower-content\">\n                            <span class=\"price\">62 205 HUF&nbsp;<span>+\u00c1FA<\/span><\/span>\n                            <span class=\"duration\">24 \u00f3ra<\/span>\n                                                    <\/div>\n                    <\/div>\n\n                                <div class=\"custom-post\">\n                        <div class=\"upper-content\">\n                            <div class=\"custom-product-thumbnail\">\n                                <a href=\"https:\/\/shop.uni-pannon.hu\/hu\/termek\/ai-nyelvi-modellek-alapszintu-hasznalata-az-irodai-munkaban\/\">\n                                    <img loading=\"lazy\" decoding=\"async\" width=\"953\" height=\"525\" src=\"https:\/\/shop.uni-pannon.hu\/wp-content\/uploads\/2025\/12\/AI-nyelvi-modellek-az-irodaban-kep.png\" class=\"attachment-full size-full\" alt=\"AI nyelvi modellek alapszint\u0171 haszn\u00e1lata az irodai munk\u00e1ban\" srcset=\"https:\/\/shop.uni-pannon.hu\/wp-content\/uploads\/2025\/12\/AI-nyelvi-modellek-az-irodaban-kep.png 953w, https:\/\/shop.uni-pannon.hu\/wp-content\/uploads\/2025\/12\/AI-nyelvi-modellek-az-irodaban-kep-300x165.png 300w, https:\/\/shop.uni-pannon.hu\/wp-content\/uploads\/2025\/12\/AI-nyelvi-modellek-az-irodaban-kep-768x423.png 768w, https:\/\/shop.uni-pannon.hu\/wp-content\/uploads\/2025\/12\/AI-nyelvi-modellek-az-irodaban-kep-18x10.png 18w, https:\/\/shop.uni-pannon.hu\/wp-content\/uploads\/2025\/12\/AI-nyelvi-modellek-az-irodaban-kep-600x331.png 600w\" sizes=\"auto, (max-width: 953px) 100vw, 953px\" \/>                                <\/a>\n                            <\/div>\n                            <div class=\"custom-content\">\n                                <ul>\n                                    <li><a href=\"https:\/\/shop.uni-pannon.hu\/hu\/termekcimke\/in-person\/\">Szem\u00e9lyes jelenl\u00e9ttel<\/a><\/li>                                <\/ul>\n                                <a class=\"custom-content-heading\" href=\"https:\/\/shop.uni-pannon.hu\/hu\/termek\/ai-nyelvi-modellek-alapszintu-hasznalata-az-irodai-munkaban\/\">\n                                    <h4>AI nyelvi modellek alapszint\u0171 haszn\u00e1lata az irodai munk\u00e1ban<\/h4>\n                                <\/a>\n                                <p>Egyalkalmas r\u00f6vid k\u00e9pz\u00e9s AI nyelvi modellek hasznos\u00edt\u00e1s\u00e1ra az irodai munka sor\u00e1n, gyakorlati p\u00e9ld\u00e1kkal.<\/p>\n                            <\/div>\n                        <\/div>\n                        <div class=\"lower-content\">\n                            <span class=\"price\">50 000 HUF&nbsp;<span>+\u00c1FA<\/span><\/span>\n                            <span class=\"duration\">3 \u00f3ra<\/span>\n                                                    <\/div>\n                    <\/div>\n\n                                <div class=\"custom-post\">\n                        <div class=\"upper-content\">\n                            <div class=\"custom-product-thumbnail\">\n                                <a href=\"https:\/\/shop.uni-pannon.hu\/hu\/termek\/nagy-nyelvi-modellek-llms-lehetosegek-es-korlatok\/\">\n                                    <img loading=\"lazy\" decoding=\"async\" width=\"732\" height=\"487\" src=\"https:\/\/shop.uni-pannon.hu\/wp-content\/uploads\/2025\/12\/Nagy-nyelvi-modellek-LLMs-kep.png\" class=\"attachment-full size-full\" alt=\"Nagy nyelvi modellek (LLMs) - lehet\u0151s\u00e9gek \u00e9s korl\u00e1tok\" srcset=\"https:\/\/shop.uni-pannon.hu\/wp-content\/uploads\/2025\/12\/Nagy-nyelvi-modellek-LLMs-kep.png 732w, https:\/\/shop.uni-pannon.hu\/wp-content\/uploads\/2025\/12\/Nagy-nyelvi-modellek-LLMs-kep-300x200.png 300w, https:\/\/shop.uni-pannon.hu\/wp-content\/uploads\/2025\/12\/Nagy-nyelvi-modellek-LLMs-kep-18x12.png 18w, https:\/\/shop.uni-pannon.hu\/wp-content\/uploads\/2025\/12\/Nagy-nyelvi-modellek-LLMs-kep-600x399.png 600w\" sizes=\"auto, (max-width: 732px) 100vw, 732px\" \/>                                <\/a>\n                            <\/div>\n                            <div class=\"custom-content\">\n                                <ul>\n                                    <li><a href=\"https:\/\/shop.uni-pannon.hu\/hu\/termekcimke\/in-person\/\">Szem\u00e9lyes jelenl\u00e9ttel<\/a><\/li>                                <\/ul>\n                                <a class=\"custom-content-heading\" href=\"https:\/\/shop.uni-pannon.hu\/hu\/termek\/nagy-nyelvi-modellek-llms-lehetosegek-es-korlatok\/\">\n                                    <h4>Nagy nyelvi modellek (LLMs) &#8211; lehet\u0151s\u00e9gek \u00e9s korl\u00e1tok<\/h4>\n                                <\/a>\n                                <p>A k\u00e9pz\u00e9s gyakorlati m\u00f3don mutatja be a nagy nyelvi modellek m\u0171k\u00f6d\u00e9s\u00e9nek h\u00e9tter\u00e9nek azon m\u00e9lys\u00e9geit, amelyek meghat\u00e1rozz\u00e1k mindennapi hat\u00e9kony haszn\u00e1latuk lehet\u0151s\u00e9geit \u00e9s ezen lehet\u0151s\u00e9gek hat\u00e1rait.<\/p>\n                            <\/div>\n                        <\/div>\n                        <div class=\"lower-content\">\n                            <span class=\"price\">300 000 HUF&nbsp;<span>+\u00c1FA<\/span><\/span>\n                            <span class=\"duration\">24 \u00f3ra<\/span>\n                                                    <\/div>\n                    <\/div>\n\n                                <div class=\"custom-post\">\n                        <div class=\"upper-content\">\n                            <div class=\"custom-product-thumbnail\">\n                                <a href=\"https:\/\/shop.uni-pannon.hu\/hu\/termek\/bevezetes-a-felugyelt-gepi-tanulasba\/\">\n                                    <img loading=\"lazy\" decoding=\"async\" width=\"887\" height=\"547\" src=\"https:\/\/shop.uni-pannon.hu\/wp-content\/uploads\/2025\/12\/Bev.-a-felugyelt-gepi-tanulasba-kep.png\" class=\"attachment-full size-full\" alt=\"Bevezet\u00e9s a fel\u00fcgyelt g\u00e9pi tanul\u00e1sba\" srcset=\"https:\/\/shop.uni-pannon.hu\/wp-content\/uploads\/2025\/12\/Bev.-a-felugyelt-gepi-tanulasba-kep.png 887w, https:\/\/shop.uni-pannon.hu\/wp-content\/uploads\/2025\/12\/Bev.-a-felugyelt-gepi-tanulasba-kep-300x185.png 300w, https:\/\/shop.uni-pannon.hu\/wp-content\/uploads\/2025\/12\/Bev.-a-felugyelt-gepi-tanulasba-kep-768x474.png 768w, https:\/\/shop.uni-pannon.hu\/wp-content\/uploads\/2025\/12\/Bev.-a-felugyelt-gepi-tanulasba-kep-18x12.png 18w, https:\/\/shop.uni-pannon.hu\/wp-content\/uploads\/2025\/12\/Bev.-a-felugyelt-gepi-tanulasba-kep-600x370.png 600w\" sizes=\"auto, (max-width: 887px) 100vw, 887px\" \/>                                <\/a>\n                            <\/div>\n                            <div class=\"custom-content\">\n                                <ul>\n                                    <li><a href=\"https:\/\/shop.uni-pannon.hu\/hu\/termekcimke\/in-person\/\">Szem\u00e9lyes jelenl\u00e9ttel<\/a><\/li>                                <\/ul>\n                                <a class=\"custom-content-heading\" href=\"https:\/\/shop.uni-pannon.hu\/hu\/termek\/bevezetes-a-felugyelt-gepi-tanulasba\/\">\n                                    <h4>Bevezet\u00e9s a fel\u00fcgyelt g\u00e9pi tanul\u00e1sba<\/h4>\n                                <\/a>\n                                <p>Gyakorlati alapok a predikt\u00edv modellek k\u00e9sz\u00edt\u00e9s\u00e9hez Python programoz\u00e1si nyelven.<\/p>\n                            <\/div>\n                        <\/div>\n                        <div class=\"lower-content\">\n                            <span class=\"price\">300 000 HUF&nbsp;<span>+\u00c1FA<\/span><\/span>\n                            <span class=\"duration\">24 \u00f3ra<\/span>\n                                                    <\/div>\n                    <\/div>\n\n                                <div class=\"custom-post\">\n                        <div class=\"upper-content\">\n                            <div class=\"custom-product-thumbnail\">\n                                <a href=\"https:\/\/shop.uni-pannon.hu\/hu\/termek\/halozatok\/\">\n                                    <img loading=\"lazy\" decoding=\"async\" width=\"605\" height=\"405\" src=\"https:\/\/shop.uni-pannon.hu\/wp-content\/uploads\/2025\/10\/MIK_Halozatok_AI_kep.png\" class=\"attachment-full size-full\" alt=\"H\u00e1l\u00f3zatok\" srcset=\"https:\/\/shop.uni-pannon.hu\/wp-content\/uploads\/2025\/10\/MIK_Halozatok_AI_kep.png 605w, https:\/\/shop.uni-pannon.hu\/wp-content\/uploads\/2025\/10\/MIK_Halozatok_AI_kep-300x201.png 300w, https:\/\/shop.uni-pannon.hu\/wp-content\/uploads\/2025\/10\/MIK_Halozatok_AI_kep-18x12.png 18w, https:\/\/shop.uni-pannon.hu\/wp-content\/uploads\/2025\/10\/MIK_Halozatok_AI_kep-600x402.png 600w\" sizes=\"auto, (max-width: 605px) 100vw, 605px\" \/>                                <\/a>\n                            <\/div>\n                            <div class=\"custom-content\">\n                                <ul>\n                                    <li><a href=\"https:\/\/shop.uni-pannon.hu\/hu\/termekcimke\/hybrid\/\">Hibrid<\/a><\/li>                                <\/ul>\n                                <a class=\"custom-content-heading\" href=\"https:\/\/shop.uni-pannon.hu\/hu\/termek\/halozatok\/\">\n                                    <h4>H\u00e1l\u00f3zatok<\/h4>\n                                <\/a>\n                                <p>Mikrotan\u00fas\u00edtv\u00e1nyt ad\u00f3 k\u00e9pz\u00e9s, melynek sikeres elv\u00e9gz\u00e9se eset\u00e9n az Egyetem a r\u00e9sztvev\u0151 sz\u00e1m\u00e1ra mikrotan\u00fas\u00edtv\u00e1nyt \u00e1ll\u00edt ki az elektronikus tanulm\u00e1nyi rendszerben. A k\u00e9pz\u00e9s id\u0151tartam\u00e1ra a r\u00e9sztvev\u0151 hallgat\u00f3i jogviszonyba ker\u00fcl.<\/p>\n                            <\/div>\n                        <\/div>\n                        <div class=\"lower-content\">\n                            <span class=\"price\">216 000 HUF<\/span>\n                            <span class=\"duration\">72 \u00f3ra<\/span>\n                                                            <span class=\"registration\">\n                                    <span>Regisztr\u00e1ci\u00f3: <\/span>2026.08.31.                                <\/span>\n                                                    <\/div>\n                    <\/div>\n\n                                <div class=\"custom-post\">\n                        <div class=\"upper-content\">\n                            <div class=\"custom-product-thumbnail\">\n                                <a href=\"https:\/\/shop.uni-pannon.hu\/hu\/termek\/adatbazis-kezeles\/\">\n                                    <img loading=\"lazy\" decoding=\"async\" width=\"836\" height=\"562\" src=\"https:\/\/shop.uni-pannon.hu\/wp-content\/uploads\/2025\/10\/MIK_Adatbazis-kezeles_freepik-1.png\" class=\"attachment-full size-full\" alt=\"Adatb\u00e1zis-kezel\u00e9s\" srcset=\"https:\/\/shop.uni-pannon.hu\/wp-content\/uploads\/2025\/10\/MIK_Adatbazis-kezeles_freepik-1.png 836w, https:\/\/shop.uni-pannon.hu\/wp-content\/uploads\/2025\/10\/MIK_Adatbazis-kezeles_freepik-1-300x202.png 300w, https:\/\/shop.uni-pannon.hu\/wp-content\/uploads\/2025\/10\/MIK_Adatbazis-kezeles_freepik-1-768x516.png 768w, https:\/\/shop.uni-pannon.hu\/wp-content\/uploads\/2025\/10\/MIK_Adatbazis-kezeles_freepik-1-18x12.png 18w, https:\/\/shop.uni-pannon.hu\/wp-content\/uploads\/2025\/10\/MIK_Adatbazis-kezeles_freepik-1-600x403.png 600w\" sizes=\"auto, (max-width: 836px) 100vw, 836px\" \/>                                <\/a>\n                            <\/div>\n                            <div class=\"custom-content\">\n                                <ul>\n                                    <li><a href=\"https:\/\/shop.uni-pannon.hu\/hu\/termekcimke\/hybrid\/\">Hibrid<\/a><\/li>                                <\/ul>\n                                <a class=\"custom-content-heading\" href=\"https:\/\/shop.uni-pannon.hu\/hu\/termek\/adatbazis-kezeles\/\">\n                                    <h4>Adatb\u00e1zis-kezel\u00e9s<\/h4>\n                                <\/a>\n                                <p>Mikrotan\u00fas\u00edtv\u00e1nyt ad\u00f3 k\u00e9pz\u00e9s, melynek sikeres elv\u00e9gz\u00e9se eset\u00e9n az Egyetem a r\u00e9sztvev\u0151 sz\u00e1m\u00e1ra mikrotan\u00fas\u00edtv\u00e1nyt \u00e1ll\u00edt ki az elektronikus tanulm\u00e1nyi rendszerben. A k\u00e9pz\u00e9s id\u0151tartam\u00e1ra a r\u00e9sztvev\u0151 hallgat\u00f3i jogviszonyba ker\u00fcl.<\/p>\n                            <\/div>\n                        <\/div>\n                        <div class=\"lower-content\">\n                            <span class=\"price\">126 000 HUF<\/span>\n                            <span class=\"duration\">36 \u00f3ra<\/span>\n                                                            <span class=\"registration\">\n                                    <span>Regisztr\u00e1ci\u00f3: <\/span>2027.01.31.                                <\/span>\n                                                    <\/div>\n                    <\/div>\n\n                                <div class=\"custom-post\">\n                        <div class=\"upper-content\">\n                            <div class=\"custom-product-thumbnail\">\n                                <a href=\"https:\/\/shop.uni-pannon.hu\/hu\/termek\/mesterseges-intelligencia-es-adatvizualizacio\/\">\n                                    <img loading=\"lazy\" decoding=\"async\" width=\"606\" height=\"405\" src=\"https:\/\/shop.uni-pannon.hu\/wp-content\/uploads\/2025\/08\/MIK_MI_es_adatvizualizacio_AI_kep.png\" class=\"attachment-full size-full\" alt=\"Mesters\u00e9ges intelligencia \u00e9s adatvizualiz\u00e1ci\u00f3\" srcset=\"https:\/\/shop.uni-pannon.hu\/wp-content\/uploads\/2025\/08\/MIK_MI_es_adatvizualizacio_AI_kep.png 606w, https:\/\/shop.uni-pannon.hu\/wp-content\/uploads\/2025\/08\/MIK_MI_es_adatvizualizacio_AI_kep-300x200.png 300w, https:\/\/shop.uni-pannon.hu\/wp-content\/uploads\/2025\/08\/MIK_MI_es_adatvizualizacio_AI_kep-18x12.png 18w, https:\/\/shop.uni-pannon.hu\/wp-content\/uploads\/2025\/08\/MIK_MI_es_adatvizualizacio_AI_kep-600x401.png 600w\" sizes=\"auto, (max-width: 606px) 100vw, 606px\" \/>                                <\/a>\n                            <\/div>\n                            <div class=\"custom-content\">\n                                <ul>\n                                    <li><a href=\"https:\/\/shop.uni-pannon.hu\/hu\/termekcimke\/hybrid\/\">Hibrid<\/a><\/li>                                <\/ul>\n                                <a class=\"custom-content-heading\" href=\"https:\/\/shop.uni-pannon.hu\/hu\/termek\/mesterseges-intelligencia-es-adatvizualizacio\/\">\n                                    <h4>Mesters\u00e9ges intelligencia \u00e9s adatvizualiz\u00e1ci\u00f3<\/h4>\n                                <\/a>\n                                <p>Mikrotan\u00fas\u00edtv\u00e1nyt ad\u00f3 k\u00e9pz\u00e9s, melynek sikeres elv\u00e9gz\u00e9se eset\u00e9n az Egyetem a r\u00e9sztvev\u0151 sz\u00e1m\u00e1ra mikrotan\u00fas\u00edtv\u00e1nyt \u00e1ll\u00edt ki az elektronikus tanulm\u00e1nyi rendszerben. A k\u00e9pz\u00e9s id\u0151tartam\u00e1ra a r\u00e9sztvev\u0151 hallgat\u00f3i jogviszonyba ker\u00fcl.<\/p>\n                            <\/div>\n                        <\/div>\n                        <div class=\"lower-content\">\n                            <span class=\"price\">150 000 HUF<\/span>\n                            <span class=\"duration\">42 \u00f3ra<\/span>\n                                                            <span class=\"registration\">\n                                    <span>Regisztr\u00e1ci\u00f3: <\/span>2026.08.31.                                <\/span>\n                                                    <\/div>\n                    <\/div>\n\n                                <div class=\"custom-post\">\n                        <div class=\"upper-content\">\n                            <div class=\"custom-product-thumbnail\">\n                                <a href=\"https:\/\/shop.uni-pannon.hu\/hu\/termek\/ccna-1-3-halozattervezesi-es-uzemeltetesi-alapismeretek\/\">\n                                    <img loading=\"lazy\" decoding=\"async\" width=\"1112\" height=\"694\" src=\"https:\/\/shop.uni-pannon.hu\/wp-content\/uploads\/2025\/03\/CCNA-1-3.jpg\" class=\"attachment-full size-full\" alt=\"CCNA 1-3\" srcset=\"https:\/\/shop.uni-pannon.hu\/wp-content\/uploads\/2025\/03\/CCNA-1-3.jpg 1112w, https:\/\/shop.uni-pannon.hu\/wp-content\/uploads\/2025\/03\/CCNA-1-3-300x187.jpg 300w, https:\/\/shop.uni-pannon.hu\/wp-content\/uploads\/2025\/03\/CCNA-1-3-1024x639.jpg 1024w, https:\/\/shop.uni-pannon.hu\/wp-content\/uploads\/2025\/03\/CCNA-1-3-768x479.jpg 768w, https:\/\/shop.uni-pannon.hu\/wp-content\/uploads\/2025\/03\/CCNA-1-3-50x31.jpg 50w, https:\/\/shop.uni-pannon.hu\/wp-content\/uploads\/2025\/03\/CCNA-1-3-18x12.jpg 18w, https:\/\/shop.uni-pannon.hu\/wp-content\/uploads\/2025\/03\/CCNA-1-3-600x374.jpg 600w\" sizes=\"auto, (max-width: 1112px) 100vw, 1112px\" \/>                                <\/a>\n                            <\/div>\n                            <div class=\"custom-content\">\n                                <ul>\n                                    <li><a href=\"https:\/\/shop.uni-pannon.hu\/hu\/termekcimke\/hybrid\/\">Hibrid<\/a><\/li><li><a href=\"https:\/\/shop.uni-pannon.hu\/hu\/termekcimke\/in-person\/\">Szem\u00e9lyes jelenl\u00e9ttel<\/a><\/li>                                <\/ul>\n                                <a class=\"custom-content-heading\" href=\"https:\/\/shop.uni-pannon.hu\/hu\/termek\/ccna-1-3-halozattervezesi-es-uzemeltetesi-alapismeretek\/\">\n                                    <h4>CCNA 1-3 &#8211; H\u00e1l\u00f3zattervez\u00e9si \u00e9s -\u00fczemeltet\u00e9si alapismeretek<\/h4>\n                                <\/a>\n                                <p>A CCNA kurzusok \u00e1tfog\u00f3 ismereteket ny\u00fajtanak a sz\u00e1m\u00edt\u00f3g\u00e9pes h\u00e1l\u00f3zatok tervez\u00e9s\u00e9hez, v\u00e9delm\u00e9hez, \u00fczemeltet\u00e9s\u00e9hez \u00e9s hibaelh\u00e1r\u00edt\u00e1s\u00e1hoz, kiemelve a gyakorlati tanul\u00e1st \u00e9s a karrierhez sz\u00fcks\u00e9ges k\u00e9szs\u00e9geket, p\u00e9ld\u00e1ul a probl\u00e9mamegold\u00e1st \u00e9s a csoportmunk\u00e1t<\/p>\n<p>.<\/p>\n                            <\/div>\n                        <\/div>\n                        <div class=\"lower-content\">\n                            <span class=\"price\">450 000 HUF&nbsp;<span>+\u00c1FA<\/span><\/span>\n                            <span class=\"duration\">120 \u00f3ra<\/span>\n                                                    <\/div>\n                    <\/div>\n\n                                <div class=\"custom-post\">\n                        <div class=\"upper-content\">\n                            <div class=\"custom-product-thumbnail\">\n                                <a href=\"https:\/\/shop.uni-pannon.hu\/hu\/termek\/network-security\/\">\n                                    <img loading=\"lazy\" decoding=\"async\" width=\"1030\" height=\"671\" src=\"https:\/\/shop.uni-pannon.hu\/wp-content\/uploads\/2025\/03\/Network_Security_kep.jpg\" class=\"attachment-full size-full\" alt=\"Network Security\" srcset=\"https:\/\/shop.uni-pannon.hu\/wp-content\/uploads\/2025\/03\/Network_Security_kep.jpg 1030w, https:\/\/shop.uni-pannon.hu\/wp-content\/uploads\/2025\/03\/Network_Security_kep-300x195.jpg 300w, https:\/\/shop.uni-pannon.hu\/wp-content\/uploads\/2025\/03\/Network_Security_kep-1024x667.jpg 1024w, https:\/\/shop.uni-pannon.hu\/wp-content\/uploads\/2025\/03\/Network_Security_kep-768x500.jpg 768w, https:\/\/shop.uni-pannon.hu\/wp-content\/uploads\/2025\/03\/Network_Security_kep-50x33.jpg 50w, https:\/\/shop.uni-pannon.hu\/wp-content\/uploads\/2025\/03\/Network_Security_kep-18x12.jpg 18w, https:\/\/shop.uni-pannon.hu\/wp-content\/uploads\/2025\/03\/Network_Security_kep-600x391.jpg 600w\" sizes=\"auto, (max-width: 1030px) 100vw, 1030px\" \/>                                <\/a>\n                            <\/div>\n                            <div class=\"custom-content\">\n                                <ul>\n                                    <li><a href=\"https:\/\/shop.uni-pannon.hu\/hu\/termekcimke\/hybrid\/\">Hibrid<\/a><\/li><li><a href=\"https:\/\/shop.uni-pannon.hu\/hu\/termekcimke\/in-person\/\">Szem\u00e9lyes jelenl\u00e9ttel<\/a><\/li>                                <\/ul>\n                                <a class=\"custom-content-heading\" href=\"https:\/\/shop.uni-pannon.hu\/hu\/termek\/network-security\/\">\n                                    <h4>Network Security - H\u00e1l\u00f3zatbiztons\u00e1gi alapismeretek<\/h4>\n                                <\/a>\n                                <p>A k\u00e9pz\u00e9s a h\u00e1l\u00f3zati biztons\u00e1g alapjait mutatja be, k\u00fcl\u00f6n\u00f6s hangs\u00falyt fektetve a h\u00e1l\u00f3zati fenyeget\u00e9sek \u00e9s sebezhet\u0151s\u00e9gek elleni v\u00e9dekez\u00e9si m\u00f3dszerekre, valamint az eszk\u00f6z\u00f6k \u00e9s h\u00e1l\u00f3zatok v\u00e9delm\u00e9re. A program a Cisco H\u00e1l\u00f3zati Akad\u00e9mia tananyag\u00e1ra \u00e9p\u00fcl, \u00e9s oktat\u00e1si k\u00e9pes\u00edt\u00e9st is biztos\u00edt a r\u00e9sztvev\u0151k sz\u00e1m\u00e1ra.<\/p>\n                            <\/div>\n                        <\/div>\n                        <div class=\"lower-content\">\n                            <span class=\"price\">225 000 HUF&nbsp;<span>+\u00c1FA<\/span><\/span>\n                            <span class=\"duration\">40 \u00f3ra<\/span>\n                                                    <\/div>\n                    <\/div>\n\n                    <\/div>\n        <div class=\"uni-posts-pagination\">\n            <span aria-label=\"Page 1\" aria-current=\"page\" class=\"page-numbers current\">1<\/span>\n<a aria-label=\"Page 2\" class=\"page-numbers\" href=\"https:\/\/shop.uni-pannon.hu\/hu\/wp-json\/wp\/v2\/pages\/708\/page\/2\/\">2<\/a>\n<a class=\"next page-numbers\" href=\"https:\/\/shop.uni-pannon.hu\/hu\/wp-json\/wp\/v2\/pages\/708\/page\/2\/\">K\u00f6vetkez\u0151<\/a>        <\/div>\n            <\/div>\n\n<\/div>","protected":false},"excerpt":{"rendered":"","protected":false},"author":4,"featured_media":0,"parent":0,"menu_order":0,"comment_status":"closed","ping_status":"closed","template":"","meta":{"_acf_changed":false,"footnotes":""},"tags":[],"class_list":["post-708","page","type-page","status-publish","hentry"],"acf":[],"_links":{"self":[{"href":"https:\/\/shop.uni-pannon.hu\/hu\/wp-json\/wp\/v2\/pages\/708","targetHints":{"allow":["GET"]}}],"collection":[{"href":"https:\/\/shop.uni-pannon.hu\/hu\/wp-json\/wp\/v2\/pages"}],"about":[{"href":"https:\/\/shop.uni-pannon.hu\/hu\/wp-json\/wp\/v2\/types\/page"}],"author":[{"embeddable":true,"href":"https:\/\/shop.uni-pannon.hu\/hu\/wp-json\/wp\/v2\/users\/4"}],"replies":[{"embeddable":true,"href":"https:\/\/shop.uni-pannon.hu\/hu\/wp-json\/wp\/v2\/comments?post=708"}],"version-history":[{"count":9,"href":"https:\/\/shop.uni-pannon.hu\/hu\/wp-json\/wp\/v2\/pages\/708\/revisions"}],"predecessor-version":[{"id":2817,"href":"https:\/\/shop.uni-pannon.hu\/hu\/wp-json\/wp\/v2\/pages\/708\/revisions\/2817"}],"wp:attachment":[{"href":"https:\/\/shop.uni-pannon.hu\/hu\/wp-json\/wp\/v2\/media?parent=708"}],"wp:term":[{"taxonomy":"post_tag","embeddable":true,"href":"https:\/\/shop.uni-pannon.hu\/hu\/wp-json\/wp\/v2\/tags?post=708"}],"curies":[{"name":"wp","href":"https:\/\/api.w.org\/{rel}","templated":true}]}}