{"id":684,"date":"2024-08-13T08:39:12","date_gmt":"2024-08-13T07:39:12","guid":{"rendered":"https:\/\/shop.uni-pannon.hu\/?page_id=684"},"modified":"2025-10-10T12:18:51","modified_gmt":"2025-10-10T11:18:51","slug":"gtk-tanfolyamok","status":"publish","type":"page","link":"https:\/\/shop.uni-pannon.hu\/hu\/gtk-tanfolyamok\/","title":{"rendered":"Gazdas\u00e1gtudom\u00e1nyi Kar k\u00e9pz\u00e9sek"},"content":{"rendered":"<div class=\"wp-block-group alignwide has-global-padding is-layout-constrained wp-container-core-group-is-layout-b099b7f6 wp-block-group-is-layout-constrained\">\n    <div class=\"uni-posts\">\n        <div class=\"custom-posts-wrapper\">\n                                <div class=\"custom-post\">\n                        <div class=\"upper-content\">\n                            <div class=\"custom-product-thumbnail\">\n                                <a href=\"https:\/\/shop.uni-pannon.hu\/hu\/termek\/esg-tanacsado\/\">\n                                    <img loading=\"lazy\" decoding=\"async\" width=\"733\" height=\"461\" src=\"https:\/\/shop.uni-pannon.hu\/wp-content\/uploads\/2025\/03\/ESG_kep.jpg\" class=\"attachment-full size-full\" alt=\"ESG tan\u00e1csad\u00f3\" srcset=\"https:\/\/shop.uni-pannon.hu\/wp-content\/uploads\/2025\/03\/ESG_kep.jpg 733w, https:\/\/shop.uni-pannon.hu\/wp-content\/uploads\/2025\/03\/ESG_kep-300x189.jpg 300w, https:\/\/shop.uni-pannon.hu\/wp-content\/uploads\/2025\/03\/ESG_kep-50x31.jpg 50w, https:\/\/shop.uni-pannon.hu\/wp-content\/uploads\/2025\/03\/ESG_kep-18x12.jpg 18w, https:\/\/shop.uni-pannon.hu\/wp-content\/uploads\/2025\/03\/ESG_kep-600x377.jpg 600w\" sizes=\"auto, (max-width: 733px) 100vw, 733px\" \/>                                <\/a>\n                            <\/div>\n                            <div class=\"custom-content\">\n                                <ul>\n                                    <li><a href=\"https:\/\/shop.uni-pannon.hu\/hu\/termekcimke\/in-person\/\">Szem\u00e9lyes jelenl\u00e9ttel<\/a><\/li><li><a href=\"https:\/\/shop.uni-pannon.hu\/hu\/termekcimke\/online\/\">Online<\/a><\/li>                                <\/ul>\n                                <a class=\"custom-content-heading\" href=\"https:\/\/shop.uni-pannon.hu\/hu\/termek\/esg-tanacsado\/\">\n                                    <h4>ESG tan\u00e1csad\u00f3<\/h4>\n                                <\/a>\n                                <p>Mikrotan\u00fas\u00edtv\u00e1nyt ad\u00f3 k\u00e9pz\u00e9s, melynek sikeres elv\u00e9gz\u00e9se eset\u00e9n az Egyetem a r\u00e9sztvev\u0151 sz\u00e1m\u00e1ra mikrotan\u00fas\u00edtv\u00e1nyt \u00e1ll\u00edt ki az elektronikus tanulm\u00e1nyi rendszerben. A k\u00e9pz\u00e9s id\u0151tartam\u00e1ra a r\u00e9sztvev\u0151 hallgat\u00f3i jogviszonyba ker\u00fcl.<\/p>\n                            <\/div>\n                        <\/div>\n                        <div class=\"lower-content\">\n                            <span class=\"price\">750 000 HUF<\/span>\n                            <span class=\"duration\">200 \u00f3ra<\/span>\n                                                    <\/div>\n                    <\/div>\n\n                                <div class=\"custom-post\">\n                        <div class=\"upper-content\">\n                            <div class=\"custom-product-thumbnail\">\n                                <a href=\"https:\/\/shop.uni-pannon.hu\/hu\/termek\/projekttervezes-ms-project-2019-szoftverrel\/\">\n                                    <img loading=\"lazy\" decoding=\"async\" width=\"1304\" height=\"682\" src=\"https:\/\/shop.uni-pannon.hu\/wp-content\/uploads\/2025\/04\/Projekttervezes-MS-projekt.jpg\" class=\"attachment-full size-full\" alt=\"Projekttervez\u00e9s MS Project 2019 szoftverrel\" srcset=\"https:\/\/shop.uni-pannon.hu\/wp-content\/uploads\/2025\/04\/Projekttervezes-MS-projekt.jpg 1304w, https:\/\/shop.uni-pannon.hu\/wp-content\/uploads\/2025\/04\/Projekttervezes-MS-projekt-300x157.jpg 300w, https:\/\/shop.uni-pannon.hu\/wp-content\/uploads\/2025\/04\/Projekttervezes-MS-projekt-1024x536.jpg 1024w, https:\/\/shop.uni-pannon.hu\/wp-content\/uploads\/2025\/04\/Projekttervezes-MS-projekt-768x402.jpg 768w, https:\/\/shop.uni-pannon.hu\/wp-content\/uploads\/2025\/04\/Projekttervezes-MS-projekt-50x26.jpg 50w, https:\/\/shop.uni-pannon.hu\/wp-content\/uploads\/2025\/04\/Projekttervezes-MS-projekt-18x9.jpg 18w, https:\/\/shop.uni-pannon.hu\/wp-content\/uploads\/2025\/04\/Projekttervezes-MS-projekt-600x314.jpg 600w\" sizes=\"auto, (max-width: 1304px) 100vw, 1304px\" \/>                                <\/a>\n                            <\/div>\n                            <div class=\"custom-content\">\n                                <ul>\n                                    <li><a href=\"https:\/\/shop.uni-pannon.hu\/hu\/termekcimke\/in-person\/\">Szem\u00e9lyes jelenl\u00e9ttel<\/a><\/li>                                <\/ul>\n                                <a class=\"custom-content-heading\" href=\"https:\/\/shop.uni-pannon.hu\/hu\/termek\/projekttervezes-ms-project-2019-szoftverrel\/\">\n                                    <h4>Projekttervez\u00e9s MS Project 2019 szoftverrel<\/h4>\n                                <\/a>\n                                <p>K\u00e9pz\u00e9s az MS Project szoftver asztali verzi\u00f3ja felhaszn\u00e1l\u00e1si lehet\u0151s\u00e9geinek bemutat\u00e1s\u00e1ra, gyakorlatban t\u00f6rt\u00e9n\u0151 elsaj\u00e1t\u00edt\u00e1s\u00e1ra.<\/p>\n                            <\/div>\n                        <\/div>\n                        <div class=\"lower-content\">\n                            <span class=\"price\">50 000 HUF&nbsp;<span>+\u00c1FA<\/span><\/span>\n                            <span class=\"duration\">8 \u00f3ra<\/span>\n                                                    <\/div>\n                    <\/div>\n\n                                <div class=\"custom-post\">\n                        <div class=\"upper-content\">\n                            <div class=\"custom-product-thumbnail\">\n                                <a href=\"https:\/\/shop.uni-pannon.hu\/hu\/termek\/vallalatvezetes\/\">\n                                    <img loading=\"lazy\" decoding=\"async\" width=\"817\" height=\"537\" src=\"https:\/\/shop.uni-pannon.hu\/wp-content\/uploads\/2025\/08\/Vallalatvezetes.png\" class=\"attachment-full size-full\" alt=\"V\u00e1llalatvezet\u00e9s\" srcset=\"https:\/\/shop.uni-pannon.hu\/wp-content\/uploads\/2025\/08\/Vallalatvezetes.png 817w, https:\/\/shop.uni-pannon.hu\/wp-content\/uploads\/2025\/08\/Vallalatvezetes-300x197.png 300w, https:\/\/shop.uni-pannon.hu\/wp-content\/uploads\/2025\/08\/Vallalatvezetes-768x505.png 768w, https:\/\/shop.uni-pannon.hu\/wp-content\/uploads\/2025\/08\/Vallalatvezetes-18x12.png 18w, https:\/\/shop.uni-pannon.hu\/wp-content\/uploads\/2025\/08\/Vallalatvezetes-600x394.png 600w\" sizes=\"auto, (max-width: 817px) 100vw, 817px\" \/>                                <\/a>\n                            <\/div>\n                            <div class=\"custom-content\">\n                                <ul>\n                                    <li><a href=\"https:\/\/shop.uni-pannon.hu\/hu\/termekcimke\/in-person\/\">Szem\u00e9lyes jelenl\u00e9ttel<\/a><\/li><li><a href=\"https:\/\/shop.uni-pannon.hu\/hu\/termekcimke\/online\/\">Online<\/a><\/li>                                <\/ul>\n                                <a class=\"custom-content-heading\" href=\"https:\/\/shop.uni-pannon.hu\/hu\/termek\/vallalatvezetes\/\">\n                                    <h4>V\u00e1llalatvezet\u00e9s<\/h4>\n                                <\/a>\n                                <p>A k\u00e9pz\u00e9s c\u00e9lja a vezet\u0151i tev\u00e9kenys\u00e9gek bemutat\u00e1sa a vezet\u0151i funkci\u00f3kon \u00e9s tipikus vezet\u0151i feladatokon kereszt\u00fcl.<\/p>\n                            <\/div>\n                        <\/div>\n                        <div class=\"lower-content\">\n                            <span class=\"price\">95 000 HUF&nbsp;<span>+\u00c1FA<\/span><\/span>\n                            <span class=\"duration\">15 \u00f3ra<\/span>\n                                                    <\/div>\n                    <\/div>\n\n                                <div class=\"custom-post\">\n                        <div class=\"upper-content\">\n                            <div class=\"custom-product-thumbnail\">\n                                <a href=\"https:\/\/shop.uni-pannon.hu\/hu\/termek\/korforgasos-gazdasag-menedzser\/\">\n                                    <img loading=\"lazy\" decoding=\"async\" width=\"820\" height=\"542\" src=\"https:\/\/shop.uni-pannon.hu\/wp-content\/uploads\/2025\/08\/Korforgasos-gazdasag-management.png\" class=\"attachment-full size-full\" alt=\"K\u00f6rforg\u00e1sos gazdas\u00e1g menedzser\" srcset=\"https:\/\/shop.uni-pannon.hu\/wp-content\/uploads\/2025\/08\/Korforgasos-gazdasag-management.png 820w, https:\/\/shop.uni-pannon.hu\/wp-content\/uploads\/2025\/08\/Korforgasos-gazdasag-management-300x198.png 300w, https:\/\/shop.uni-pannon.hu\/wp-content\/uploads\/2025\/08\/Korforgasos-gazdasag-management-768x508.png 768w, https:\/\/shop.uni-pannon.hu\/wp-content\/uploads\/2025\/08\/Korforgasos-gazdasag-management-18x12.png 18w, https:\/\/shop.uni-pannon.hu\/wp-content\/uploads\/2025\/08\/Korforgasos-gazdasag-management-600x397.png 600w\" sizes=\"auto, (max-width: 820px) 100vw, 820px\" \/>                                <\/a>\n                            <\/div>\n                            <div class=\"custom-content\">\n                                <ul>\n                                    <li><a href=\"https:\/\/shop.uni-pannon.hu\/hu\/termekcimke\/hibrid\/\">Hibrid<\/a><\/li>                                <\/ul>\n                                <a class=\"custom-content-heading\" href=\"https:\/\/shop.uni-pannon.hu\/hu\/termek\/korforgasos-gazdasag-menedzser\/\">\n                                    <h4>K\u00f6rforg\u00e1sos gazdas\u00e1g menedzser<\/h4>\n                                <\/a>\n                                <p>A k\u00f6rforg\u00e1sos gazdas\u00e1g alapjainak, eszk\u00f6zeinek \u00e9s m\u00f3dszereinek gyakorlatias elsaj\u00e1t\u00edt\u00e1sa.<\/p>\n                            <\/div>\n                        <\/div>\n                        <div class=\"lower-content\">\n                            <span class=\"price\">100 000 HUF&nbsp;<span>+\u00c1FA<\/span><\/span>\n                            <span class=\"duration\">15 \u00f3ra<\/span>\n                                                    <\/div>\n                    <\/div>\n\n                                <div class=\"custom-post\">\n                        <div class=\"upper-content\">\n                            <div class=\"custom-product-thumbnail\">\n                                <a href=\"https:\/\/shop.uni-pannon.hu\/hu\/termek\/esg-specialista-kepzes\/\">\n                                    <img loading=\"lazy\" decoding=\"async\" width=\"733\" height=\"461\" src=\"https:\/\/shop.uni-pannon.hu\/wp-content\/uploads\/2025\/03\/ESG_kep.jpg\" class=\"attachment-full size-full\" alt=\"ESG specialista\" srcset=\"https:\/\/shop.uni-pannon.hu\/wp-content\/uploads\/2025\/03\/ESG_kep.jpg 733w, https:\/\/shop.uni-pannon.hu\/wp-content\/uploads\/2025\/03\/ESG_kep-300x189.jpg 300w, https:\/\/shop.uni-pannon.hu\/wp-content\/uploads\/2025\/03\/ESG_kep-50x31.jpg 50w, https:\/\/shop.uni-pannon.hu\/wp-content\/uploads\/2025\/03\/ESG_kep-18x12.jpg 18w, https:\/\/shop.uni-pannon.hu\/wp-content\/uploads\/2025\/03\/ESG_kep-600x377.jpg 600w\" sizes=\"auto, (max-width: 733px) 100vw, 733px\" \/>                                <\/a>\n                            <\/div>\n                            <div class=\"custom-content\">\n                                <ul>\n                                    <li><a href=\"https:\/\/shop.uni-pannon.hu\/hu\/termekcimke\/online\/\">Online<\/a><\/li>                                <\/ul>\n                                <a class=\"custom-content-heading\" href=\"https:\/\/shop.uni-pannon.hu\/hu\/termek\/esg-specialista-kepzes\/\">\n                                    <h4>ESG specialista<\/h4>\n                                <\/a>\n                                <p>K\u00e9pz\u00e9s a v\u00e1llalati fenntarthat\u00f3s\u00e1ggal kapcsolatos tev\u00e9kenys\u00e9gekr\u0151l, az ESG megfelel\u00e9s\u00e9rt.<\/p>\n                            <\/div>\n                        <\/div>\n                        <div class=\"lower-content\">\n                            <span class=\"price\">412 500 HUF&nbsp;<span>+\u00c1FA<\/span><\/span>\n                            <span class=\"duration\">100 \u00f3ra<\/span>\n                                                    <\/div>\n                    <\/div>\n\n                    <\/div>\n        <div class=\"uni-posts-pagination\">\n                    <\/div>\n            <\/div>\n\n<\/div>","protected":false},"excerpt":{"rendered":"","protected":false},"author":4,"featured_media":0,"parent":0,"menu_order":0,"comment_status":"closed","ping_status":"closed","template":"","meta":{"_acf_changed":false,"footnotes":""},"tags":[],"class_list":["post-684","page","type-page","status-publish","hentry"],"acf":[],"_links":{"self":[{"href":"https:\/\/shop.uni-pannon.hu\/hu\/wp-json\/wp\/v2\/pages\/684","targetHints":{"allow":["GET"]}}],"collection":[{"href":"https:\/\/shop.uni-pannon.hu\/hu\/wp-json\/wp\/v2\/pages"}],"about":[{"href":"https:\/\/shop.uni-pannon.hu\/hu\/wp-json\/wp\/v2\/types\/page"}],"author":[{"embeddable":true,"href":"https:\/\/shop.uni-pannon.hu\/hu\/wp-json\/wp\/v2\/users\/4"}],"replies":[{"embeddable":true,"href":"https:\/\/shop.uni-pannon.hu\/hu\/wp-json\/wp\/v2\/comments?post=684"}],"version-history":[{"count":26,"href":"https:\/\/shop.uni-pannon.hu\/hu\/wp-json\/wp\/v2\/pages\/684\/revisions"}],"predecessor-version":[{"id":2814,"href":"https:\/\/shop.uni-pannon.hu\/hu\/wp-json\/wp\/v2\/pages\/684\/revisions\/2814"}],"wp:attachment":[{"href":"https:\/\/shop.uni-pannon.hu\/hu\/wp-json\/wp\/v2\/media?parent=684"}],"wp:term":[{"taxonomy":"post_tag","embeddable":true,"href":"https:\/\/shop.uni-pannon.hu\/hu\/wp-json\/wp\/v2\/tags?post=684"}],"curies":[{"name":"wp","href":"https:\/\/api.w.org\/{rel}","templated":true}]}}