{"id":2434,"date":"2025-04-17T08:52:21","date_gmt":"2025-04-17T07:52:21","guid":{"rendered":"https:\/\/shop.uni-pannon.hu\/?page_id=2434"},"modified":"2025-04-22T13:19:36","modified_gmt":"2025-04-22T12:19:36","slug":"fakultativ-programok","status":"publish","type":"page","link":"https:\/\/shop.uni-pannon.hu\/hu\/fakultativ-programok\/","title":{"rendered":"K\u00e9pz\u00e9seink mell\u00e9 k\u00edn\u00e1lt fakultat\u00edv programok"},"content":{"rendered":"<div class=\"wp-block-group alignwide has-global-padding is-layout-constrained wp-container-core-group-is-layout-b099b7f6 wp-block-group-is-layout-constrained\">\n    <div class=\"uni-posts\">\n        <div class=\"custom-posts-wrapper\">\n                                <div class=\"custom-post\">\n                        <div class=\"upper-content\">\n                            <div class=\"custom-product-thumbnail\">\n                                <a href=\"https:\/\/shop.uni-pannon.hu\/hu\/termek\/tour-to-zalahalap-tapolca-sumeg-optional-program-offer-nagykanizsa\/\">\n                                    <img loading=\"lazy\" decoding=\"async\" width=\"1216\" height=\"717\" src=\"https:\/\/shop.uni-pannon.hu\/wp-content\/uploads\/2025\/05\/Sumeg.jpg\" class=\"attachment-full size-full\" alt=\"Tour to Zalahal\u00e1p, Tapolca &amp; S\u00fcmeg - optional program offer (Nagykanizsa)\" srcset=\"https:\/\/shop.uni-pannon.hu\/wp-content\/uploads\/2025\/05\/Sumeg.jpg 1216w, https:\/\/shop.uni-pannon.hu\/wp-content\/uploads\/2025\/05\/Sumeg-300x177.jpg 300w, https:\/\/shop.uni-pannon.hu\/wp-content\/uploads\/2025\/05\/Sumeg-1024x604.jpg 1024w, https:\/\/shop.uni-pannon.hu\/wp-content\/uploads\/2025\/05\/Sumeg-768x453.jpg 768w, https:\/\/shop.uni-pannon.hu\/wp-content\/uploads\/2025\/05\/Sumeg-18x12.jpg 18w, https:\/\/shop.uni-pannon.hu\/wp-content\/uploads\/2025\/05\/Sumeg-600x354.jpg 600w\" sizes=\"auto, (max-width: 1216px) 100vw, 1216px\" \/>                                <\/a>\n                            <\/div>\n                            <div class=\"custom-content\">\n                                <ul>\n                                                                    <\/ul>\n                                <a class=\"custom-content-heading\" href=\"https:\/\/shop.uni-pannon.hu\/hu\/termek\/tour-to-zalahalap-tapolca-sumeg-optional-program-offer-nagykanizsa\/\">\n                                    <h4>Tour to Zalahal\u00e1p, Tapolca &amp; S\u00fcmeg &#8211; optional program offer (Nagykanizsa)<\/h4>\n                                <\/a>\n                                <p>Kir\u00e1ndul\u00e1s Zalahal\u00e1pra, Tapolc\u00e1ra \u00e9s S\u00fcmegre, v\u00e1rl\u00e1togat\u00e1ssal \u00e9s tapolcai Malom-tavi s\u00e9t\u00e1val.<\/p>\n                            <\/div>\n                        <\/div>\n                        <div class=\"lower-content\">\n                            <span class=\"price\">19 500 HUF&nbsp;<span>+\u00c1FA<\/span><\/span>\n                            <span class=\"duration\">Egynapos program<\/span>\n                                                    <\/div>\n                    <\/div>\n\n                                <div class=\"custom-post\">\n                        <div class=\"upper-content\">\n                            <div class=\"custom-product-thumbnail\">\n                                <a href=\"https:\/\/shop.uni-pannon.hu\/hu\/termek\/tour-to-zalahalap-tapolca-sumeg-optional-program-offer-zalaegerszeg\/\">\n                                    <img loading=\"lazy\" decoding=\"async\" width=\"1216\" height=\"717\" src=\"https:\/\/shop.uni-pannon.hu\/wp-content\/uploads\/2025\/05\/Sumeg.jpg\" class=\"attachment-full size-full\" alt=\"Tour to Zalahal\u00e1p, Tapolca &amp; S\u00fcmeg - optional program offer (Zalaegerszeg)\" srcset=\"https:\/\/shop.uni-pannon.hu\/wp-content\/uploads\/2025\/05\/Sumeg.jpg 1216w, https:\/\/shop.uni-pannon.hu\/wp-content\/uploads\/2025\/05\/Sumeg-300x177.jpg 300w, https:\/\/shop.uni-pannon.hu\/wp-content\/uploads\/2025\/05\/Sumeg-1024x604.jpg 1024w, https:\/\/shop.uni-pannon.hu\/wp-content\/uploads\/2025\/05\/Sumeg-768x453.jpg 768w, https:\/\/shop.uni-pannon.hu\/wp-content\/uploads\/2025\/05\/Sumeg-18x12.jpg 18w, https:\/\/shop.uni-pannon.hu\/wp-content\/uploads\/2025\/05\/Sumeg-600x354.jpg 600w\" sizes=\"auto, (max-width: 1216px) 100vw, 1216px\" \/>                                <\/a>\n                            <\/div>\n                            <div class=\"custom-content\">\n                                <ul>\n                                                                    <\/ul>\n                                <a class=\"custom-content-heading\" href=\"https:\/\/shop.uni-pannon.hu\/hu\/termek\/tour-to-zalahalap-tapolca-sumeg-optional-program-offer-zalaegerszeg\/\">\n                                    <h4>Tour to Zalahal\u00e1p, Tapolca &amp; S\u00fcmeg &#8211; optional program offer (Zalaegerszeg)<\/h4>\n                                <\/a>\n                                <p>Kir\u00e1ndul\u00e1s Zalahal\u00e1pra, Tapolc\u00e1ra \u00e9s S\u00fcmegre, v\u00e1rl\u00e1togat\u00e1ssal \u00e9s tapolcai Malom-tavi s\u00e9t\u00e1val.<\/p>\n                            <\/div>\n                        <\/div>\n                        <div class=\"lower-content\">\n                            <span class=\"price\">18 400 HUF&nbsp;<span>+\u00c1FA<\/span><\/span>\n                            <span class=\"duration\">Egynapos program<\/span>\n                                                    <\/div>\n                    <\/div>\n\n                                <div class=\"custom-post\">\n                        <div class=\"upper-content\">\n                            <div class=\"custom-product-thumbnail\">\n                                <a href=\"https:\/\/shop.uni-pannon.hu\/hu\/termek\/tour-of-the-abbeys-optional-program-offer-nagykanizsa\/\">\n                                    <img loading=\"lazy\" decoding=\"async\" width=\"714\" height=\"397\" src=\"https:\/\/shop.uni-pannon.hu\/wp-content\/uploads\/2025\/05\/Tour-of-the-Abbeys.jpg\" class=\"attachment-full size-full\" alt=\"Tour of the Abbeys - optional program offer (Nagykanizsa)\" srcset=\"https:\/\/shop.uni-pannon.hu\/wp-content\/uploads\/2025\/05\/Tour-of-the-Abbeys.jpg 714w, https:\/\/shop.uni-pannon.hu\/wp-content\/uploads\/2025\/05\/Tour-of-the-Abbeys-300x167.jpg 300w, https:\/\/shop.uni-pannon.hu\/wp-content\/uploads\/2025\/05\/Tour-of-the-Abbeys-18x10.jpg 18w, https:\/\/shop.uni-pannon.hu\/wp-content\/uploads\/2025\/05\/Tour-of-the-Abbeys-600x334.jpg 600w\" sizes=\"auto, (max-width: 714px) 100vw, 714px\" \/>                                <\/a>\n                            <\/div>\n                            <div class=\"custom-content\">\n                                <ul>\n                                                                    <\/ul>\n                                <a class=\"custom-content-heading\" href=\"https:\/\/shop.uni-pannon.hu\/hu\/termek\/tour-of-the-abbeys-optional-program-offer-nagykanizsa\/\">\n                                    <h4>Tour of the Abbeys &#8211; optional program offer (Nagykanizsa)<\/h4>\n                                <\/a>\n                                <p>L\u00e1togasd meg a Balatont\u00f3l \u00e9szakra fekv\u0151 Bakony hegyvid\u00e9k k\u00e9t legjelent\u0151sebb katolikus ap\u00e1ts\u00e1g\u00e1t.<\/p>\n                            <\/div>\n                        <\/div>\n                        <div class=\"lower-content\">\n                            <span class=\"price\">20 600 HUF&nbsp;<span>+\u00c1FA<\/span><\/span>\n                            <span class=\"duration\">Egynapos program<\/span>\n                                                    <\/div>\n                    <\/div>\n\n                                <div class=\"custom-post\">\n                        <div class=\"upper-content\">\n                            <div class=\"custom-product-thumbnail\">\n                                <a href=\"https:\/\/shop.uni-pannon.hu\/hu\/termek\/tour-of-the-abbeys-optional-program-offer-zalaegerszeg\/\">\n                                    <img loading=\"lazy\" decoding=\"async\" width=\"714\" height=\"397\" src=\"https:\/\/shop.uni-pannon.hu\/wp-content\/uploads\/2025\/05\/Tour-of-the-Abbeys.jpg\" class=\"attachment-full size-full\" alt=\"Tour of the Abbeys - optional program offer (Zalaegerszeg)\" srcset=\"https:\/\/shop.uni-pannon.hu\/wp-content\/uploads\/2025\/05\/Tour-of-the-Abbeys.jpg 714w, https:\/\/shop.uni-pannon.hu\/wp-content\/uploads\/2025\/05\/Tour-of-the-Abbeys-300x167.jpg 300w, https:\/\/shop.uni-pannon.hu\/wp-content\/uploads\/2025\/05\/Tour-of-the-Abbeys-18x10.jpg 18w, https:\/\/shop.uni-pannon.hu\/wp-content\/uploads\/2025\/05\/Tour-of-the-Abbeys-600x334.jpg 600w\" sizes=\"auto, (max-width: 714px) 100vw, 714px\" \/>                                <\/a>\n                            <\/div>\n                            <div class=\"custom-content\">\n                                <ul>\n                                                                    <\/ul>\n                                <a class=\"custom-content-heading\" href=\"https:\/\/shop.uni-pannon.hu\/hu\/termek\/tour-of-the-abbeys-optional-program-offer-zalaegerszeg\/\">\n                                    <h4>Tour of the Abbeys &#8211; optional program offer (Zalaegerszeg)<\/h4>\n                                <\/a>\n                                <p>L\u00e1togasd meg a Balatont\u00f3l \u00e9szakra fekv\u0151 Bakony hegyvid\u00e9k k\u00e9t legjelent\u0151sebb katolikus ap\u00e1ts\u00e1g\u00e1t.<\/p>\n                            <\/div>\n                        <\/div>\n                        <div class=\"lower-content\">\n                            <span class=\"price\">19 500 HUF&nbsp;<span>+\u00c1FA<\/span><\/span>\n                            <span class=\"duration\">Egynapos program<\/span>\n                                                    <\/div>\n                    <\/div>\n\n                                <div class=\"custom-post\">\n                        <div class=\"upper-content\">\n                            <div class=\"custom-product-thumbnail\">\n                                <a href=\"https:\/\/shop.uni-pannon.hu\/hu\/termek\/forts-castles-of-the-balaton-uplands-optional-program-offer-nagykanizsa\/\">\n                                    <img loading=\"lazy\" decoding=\"async\" width=\"716\" height=\"401\" src=\"https:\/\/shop.uni-pannon.hu\/wp-content\/uploads\/2025\/05\/Forts-and-Castles.jpg\" class=\"attachment-full size-full\" alt=\"Forts &amp; castles of the Balaton Uplands - optional program offer (Nagykanizsa)\" srcset=\"https:\/\/shop.uni-pannon.hu\/wp-content\/uploads\/2025\/05\/Forts-and-Castles.jpg 716w, https:\/\/shop.uni-pannon.hu\/wp-content\/uploads\/2025\/05\/Forts-and-Castles-300x168.jpg 300w, https:\/\/shop.uni-pannon.hu\/wp-content\/uploads\/2025\/05\/Forts-and-Castles-18x10.jpg 18w, https:\/\/shop.uni-pannon.hu\/wp-content\/uploads\/2025\/05\/Forts-and-Castles-600x336.jpg 600w\" sizes=\"auto, (max-width: 716px) 100vw, 716px\" \/>                                <\/a>\n                            <\/div>\n                            <div class=\"custom-content\">\n                                <ul>\n                                                                    <\/ul>\n                                <a class=\"custom-content-heading\" href=\"https:\/\/shop.uni-pannon.hu\/hu\/termek\/forts-castles-of-the-balaton-uplands-optional-program-offer-nagykanizsa\/\">\n                                    <h4>Forts &amp; castles of the Balaton Uplands &#8211; optional program offer (Nagykanizsa)<\/h4>\n                                <\/a>\n                                <p>Kir\u00e1ndul\u00e1s Szigligetre \u00e9s Keszthelyre, v\u00e1r- \u00e9s kast\u00e9lyl\u00e1togat\u00e1ssal.<\/p>\n                            <\/div>\n                        <\/div>\n                        <div class=\"lower-content\">\n                            <span class=\"price\">19 500 HUF&nbsp;<span>+\u00c1FA<\/span><\/span>\n                            <span class=\"duration\">Egynapos program<\/span>\n                                                    <\/div>\n                    <\/div>\n\n                                <div class=\"custom-post\">\n                        <div class=\"upper-content\">\n                            <div class=\"custom-product-thumbnail\">\n                                <a href=\"https:\/\/shop.uni-pannon.hu\/hu\/termek\/forts-castles-of-the-balaton-uplands-optional-program-offer-zalaegerszeg\/\">\n                                    <img loading=\"lazy\" decoding=\"async\" width=\"716\" height=\"401\" src=\"https:\/\/shop.uni-pannon.hu\/wp-content\/uploads\/2025\/05\/Forts-and-Castles.jpg\" class=\"attachment-full size-full\" alt=\"Forts &amp; castles of the Balaton Uplands - optional program offer (Zalaegerszeg)\" srcset=\"https:\/\/shop.uni-pannon.hu\/wp-content\/uploads\/2025\/05\/Forts-and-Castles.jpg 716w, https:\/\/shop.uni-pannon.hu\/wp-content\/uploads\/2025\/05\/Forts-and-Castles-300x168.jpg 300w, https:\/\/shop.uni-pannon.hu\/wp-content\/uploads\/2025\/05\/Forts-and-Castles-18x10.jpg 18w, https:\/\/shop.uni-pannon.hu\/wp-content\/uploads\/2025\/05\/Forts-and-Castles-600x336.jpg 600w\" sizes=\"auto, (max-width: 716px) 100vw, 716px\" \/>                                <\/a>\n                            <\/div>\n                            <div class=\"custom-content\">\n                                <ul>\n                                                                    <\/ul>\n                                <a class=\"custom-content-heading\" href=\"https:\/\/shop.uni-pannon.hu\/hu\/termek\/forts-castles-of-the-balaton-uplands-optional-program-offer-zalaegerszeg\/\">\n                                    <h4>Forts &amp; castles of the Balaton Uplands &#8211; optional program offer (Zalaegerszeg)<\/h4>\n                                <\/a>\n                                <p>Kir\u00e1ndul\u00e1s Szigligetre \u00e9s Keszthelyre, v\u00e1r- \u00e9s kast\u00e9lyl\u00e1togat\u00e1ssal.<\/p>\n                            <\/div>\n                        <\/div>\n                        <div class=\"lower-content\">\n                            <span class=\"price\">18 400 HUF&nbsp;<span>+\u00c1FA<\/span><\/span>\n                            <span class=\"duration\">Egynapos program<\/span>\n                                                    <\/div>\n                    <\/div>\n\n                                <div class=\"custom-post\">\n                        <div class=\"upper-content\">\n                            <div class=\"custom-product-thumbnail\">\n                                <a href=\"https:\/\/shop.uni-pannon.hu\/hu\/termek\/veszprem-on-foot-optional-program-offer\/\">\n                                    <img loading=\"lazy\" decoding=\"async\" width=\"754\" height=\"456\" src=\"https:\/\/shop.uni-pannon.hu\/wp-content\/uploads\/2025\/05\/Veszprem.jpg\" class=\"attachment-full size-full\" alt=\"Veszpr\u00e9m on foot - optional program offer\" srcset=\"https:\/\/shop.uni-pannon.hu\/wp-content\/uploads\/2025\/05\/Veszprem.jpg 754w, https:\/\/shop.uni-pannon.hu\/wp-content\/uploads\/2025\/05\/Veszprem-300x181.jpg 300w, https:\/\/shop.uni-pannon.hu\/wp-content\/uploads\/2025\/05\/Veszprem-18x12.jpg 18w, https:\/\/shop.uni-pannon.hu\/wp-content\/uploads\/2025\/05\/Veszprem-600x363.jpg 600w\" sizes=\"auto, (max-width: 754px) 100vw, 754px\" \/>                                <\/a>\n                            <\/div>\n                            <div class=\"custom-content\">\n                                <ul>\n                                                                    <\/ul>\n                                <a class=\"custom-content-heading\" href=\"https:\/\/shop.uni-pannon.hu\/hu\/termek\/veszprem-on-foot-optional-program-offer\/\">\n                                    <h4>Veszpr\u00e9m on foot \u2013 fakultat\u00edv programaj\u00e1nlat<\/h4>\n                                <\/a>\n                                <p>Fedezd fel a kir\u00e1lyn\u00e9k v\u00e1ros\u00e1nak, Veszpr\u00e9mnek a nevezetess\u00e9geit egy izgalmas gyalogos s\u00e9ta kert\u00e9ben!<\/p>\n                            <\/div>\n                        <\/div>\n                        <div class=\"lower-content\">\n                            <span class=\"price\">7 000 HUF&nbsp;<span>+\u00c1FA<\/span><\/span>\n                            <span class=\"duration\">Egynapos program<\/span>\n                                                    <\/div>\n                    <\/div>\n\n                                <div class=\"custom-post\">\n                        <div class=\"upper-content\">\n                            <div class=\"custom-product-thumbnail\">\n                                <a href=\"https:\/\/shop.uni-pannon.hu\/hu\/termek\/tour-to-zalahalap-tapolca-sumeg-optional-program-offer-veszprem\/\">\n                                    <img loading=\"lazy\" decoding=\"async\" width=\"1216\" height=\"717\" src=\"https:\/\/shop.uni-pannon.hu\/wp-content\/uploads\/2025\/05\/Sumeg.jpg\" class=\"attachment-full size-full\" alt=\"Tour to Zalahal\u00e1p, Tapolca &amp; S\u00fcmeg - optional program offer (Veszpr\u00e9m)\" srcset=\"https:\/\/shop.uni-pannon.hu\/wp-content\/uploads\/2025\/05\/Sumeg.jpg 1216w, https:\/\/shop.uni-pannon.hu\/wp-content\/uploads\/2025\/05\/Sumeg-300x177.jpg 300w, https:\/\/shop.uni-pannon.hu\/wp-content\/uploads\/2025\/05\/Sumeg-1024x604.jpg 1024w, https:\/\/shop.uni-pannon.hu\/wp-content\/uploads\/2025\/05\/Sumeg-768x453.jpg 768w, https:\/\/shop.uni-pannon.hu\/wp-content\/uploads\/2025\/05\/Sumeg-18x12.jpg 18w, https:\/\/shop.uni-pannon.hu\/wp-content\/uploads\/2025\/05\/Sumeg-600x354.jpg 600w\" sizes=\"auto, (max-width: 1216px) 100vw, 1216px\" \/>                                <\/a>\n                            <\/div>\n                            <div class=\"custom-content\">\n                                <ul>\n                                                                    <\/ul>\n                                <a class=\"custom-content-heading\" href=\"https:\/\/shop.uni-pannon.hu\/hu\/termek\/tour-to-zalahalap-tapolca-sumeg-optional-program-offer-veszprem\/\">\n                                    <h4>Kir\u00e1ndul\u00e1s Zalahal\u00e1pra, Tapolc\u00e1ra \u00e9s S\u00fcmegre \u2013 fakultat\u00edv programaj\u00e1nlat (Veszpr\u00e9m)<\/h4>\n                                <\/a>\n                                <p>Kir\u00e1ndul\u00e1s Zalahal\u00e1pra, Tapolc\u00e1ra \u00e9s S\u00fcmegre, v\u00e1rl\u00e1togat\u00e1ssal \u00e9s tapolcai Malom-tavi s\u00e9t\u00e1val.<\/p>\n                            <\/div>\n                        <\/div>\n                        <div class=\"lower-content\">\n                            <span class=\"price\">15 100 HUF&nbsp;<span>+\u00c1FA<\/span><\/span>\n                            <span class=\"duration\">Egynapos program<\/span>\n                                                    <\/div>\n                    <\/div>\n\n                                <div class=\"custom-post\">\n                        <div class=\"upper-content\">\n                            <div class=\"custom-product-thumbnail\">\n                                <a href=\"https:\/\/shop.uni-pannon.hu\/hu\/termek\/tour-of-the-abbeys-optional-program-offer-veszprem\/\">\n                                    <img loading=\"lazy\" decoding=\"async\" width=\"714\" height=\"397\" src=\"https:\/\/shop.uni-pannon.hu\/wp-content\/uploads\/2025\/05\/Tour-of-the-Abbeys.jpg\" class=\"attachment-full size-full\" alt=\"Tour of the Abbeys - optional program offer (Veszpr\u00e9m)\" srcset=\"https:\/\/shop.uni-pannon.hu\/wp-content\/uploads\/2025\/05\/Tour-of-the-Abbeys.jpg 714w, https:\/\/shop.uni-pannon.hu\/wp-content\/uploads\/2025\/05\/Tour-of-the-Abbeys-300x167.jpg 300w, https:\/\/shop.uni-pannon.hu\/wp-content\/uploads\/2025\/05\/Tour-of-the-Abbeys-18x10.jpg 18w, https:\/\/shop.uni-pannon.hu\/wp-content\/uploads\/2025\/05\/Tour-of-the-Abbeys-600x334.jpg 600w\" sizes=\"auto, (max-width: 714px) 100vw, 714px\" \/>                                <\/a>\n                            <\/div>\n                            <div class=\"custom-content\">\n                                <ul>\n                                                                    <\/ul>\n                                <a class=\"custom-content-heading\" href=\"https:\/\/shop.uni-pannon.hu\/hu\/termek\/tour-of-the-abbeys-optional-program-offer-veszprem\/\">\n                                    <h4>Tour of the Abbeys &#8211; optional program offer (Veszpr\u00e9m)<\/h4>\n                                <\/a>\n                                <p>L\u00e1togasd meg a Balatont\u00f3l \u00e9szakra fekv\u0151 Bakony hegyvid\u00e9k k\u00e9t legjelent\u0151sebb katolikus ap\u00e1ts\u00e1g\u00e1t.<\/p>\n                            <\/div>\n                        <\/div>\n                        <div class=\"lower-content\">\n                            <span class=\"price\">16 200 HUF&nbsp;<span>+\u00c1FA<\/span><\/span>\n                            <span class=\"duration\">Egynapos program<\/span>\n                                                    <\/div>\n                    <\/div>\n\n                    <\/div>\n        <div class=\"uni-posts-pagination\">\n            <span aria-label=\"Page 1\" aria-current=\"page\" class=\"page-numbers current\">1<\/span>\n<a aria-label=\"Page 2\" class=\"page-numbers\" href=\"https:\/\/shop.uni-pannon.hu\/hu\/wp-json\/wp\/v2\/pages\/2434\/page\/2\/\">2<\/a>\n<a class=\"next page-numbers\" href=\"https:\/\/shop.uni-pannon.hu\/hu\/wp-json\/wp\/v2\/pages\/2434\/page\/2\/\">K\u00f6vetkez\u0151<\/a>        <\/div>\n            <\/div>\n\n<\/div>","protected":false},"excerpt":{"rendered":"","protected":false},"author":40,"featured_media":0,"parent":0,"menu_order":0,"comment_status":"closed","ping_status":"closed","template":"","meta":{"_acf_changed":false,"footnotes":""},"tags":[],"class_list":["post-2434","page","type-page","status-publish","hentry"],"acf":[],"_links":{"self":[{"href":"https:\/\/shop.uni-pannon.hu\/hu\/wp-json\/wp\/v2\/pages\/2434","targetHints":{"allow":["GET"]}}],"collection":[{"href":"https:\/\/shop.uni-pannon.hu\/hu\/wp-json\/wp\/v2\/pages"}],"about":[{"href":"https:\/\/shop.uni-pannon.hu\/hu\/wp-json\/wp\/v2\/types\/page"}],"author":[{"embeddable":true,"href":"https:\/\/shop.uni-pannon.hu\/hu\/wp-json\/wp\/v2\/users\/40"}],"replies":[{"embeddable":true,"href":"https:\/\/shop.uni-pannon.hu\/hu\/wp-json\/wp\/v2\/comments?post=2434"}],"version-history":[{"count":4,"href":"https:\/\/shop.uni-pannon.hu\/hu\/wp-json\/wp\/v2\/pages\/2434\/revisions"}],"predecessor-version":[{"id":2442,"href":"https:\/\/shop.uni-pannon.hu\/hu\/wp-json\/wp\/v2\/pages\/2434\/revisions\/2442"}],"wp:attachment":[{"href":"https:\/\/shop.uni-pannon.hu\/hu\/wp-json\/wp\/v2\/media?parent=2434"}],"wp:term":[{"taxonomy":"post_tag","embeddable":true,"href":"https:\/\/shop.uni-pannon.hu\/hu\/wp-json\/wp\/v2\/tags?post=2434"}],"curies":[{"name":"wp","href":"https:\/\/api.w.org\/{rel}","templated":true}]}}