{"id":2469,"date":"2025-05-13T14:53:22","date_gmt":"2025-05-13T13:53:22","guid":{"rendered":"https:\/\/shop.uni-pannon.hu\/?post_type=product&#038;p=2469"},"modified":"2025-10-06T09:21:48","modified_gmt":"2025-10-06T08:21:48","slug":"tour-to-zalahalap-tapolca-sumeg-optional-program-offer-veszprem","status":"publish","type":"product","link":"https:\/\/shop.uni-pannon.hu\/en\/termek\/tour-to-zalahalap-tapolca-sumeg-optional-program-offer-veszprem\/","title":{"rendered":"Tour to Zalahal\u00e1p, Tapolca &amp; S\u00fcmeg &#8211; optional program offer (Veszpr\u00e9m)"},"content":{"rendered":"\n<h2 class=\"wp-block-heading\">Recommended for<\/h2>\n\n\n\n<p>The program can be purchased as an additional offer to our training courses by any participant. We especially recommend it to participants of multy-day courses who would like to get acquainted with the beauties of the Balaton region.<\/p>\n\n\n\n<h2 class=\"wp-block-heading\">The program includes<\/h2>\n\n\n\n<ul class=\"wp-block-list\">\n<li>English speaking guide<\/li>\n\n\n\n<li>Door-to-door ride in a private van<\/li>\n\n\n\n<li>Entrance to S\u00fcmeg castle (1500 HUF)<\/li>\n\n\n\n<li>Option: Knights\u2019 tournament (4000 HUF, to be paid individually)<\/li>\n<\/ul>\n\n\n\n<p><\/p>\n\n\n\n<h2 class=\"wp-block-heading\">Time frame<\/h2>\n\n\n\n<p>One day<\/p>\n\n\n\n<p><\/p>\n","protected":false},"excerpt":{"rendered":"<p>Recommended for The program can be purchased as an additional offer to our training courses by any participant. We especially recommend it to participants of multy-day courses who would like to get acquainted with the beauties of the Balaton region. The program includes Time frame One day<\/p>\n","protected":false},"featured_media":2470,"template":"","meta":{"_acf_changed":true},"product_brand":[],"product_cat":[67,68,70],"product_tag":[],"class_list":{"0":"post-2469","1":"product","2":"type-product","3":"status-publish","4":"has-post-thumbnail","6":"product_cat-english","7":"product_cat-hungarian","8":"product_cat-program","10":"first","11":"instock","12":"virtual","13":"sold-individually","14":"taxable","15":"purchasable","16":"product-type-simple"},"acf":[],"_links":{"self":[{"href":"https:\/\/shop.uni-pannon.hu\/en\/wp-json\/wp\/v2\/product\/2469","targetHints":{"allow":["GET"]}}],"collection":[{"href":"https:\/\/shop.uni-pannon.hu\/en\/wp-json\/wp\/v2\/product"}],"about":[{"href":"https:\/\/shop.uni-pannon.hu\/en\/wp-json\/wp\/v2\/types\/product"}],"wp:featuredmedia":[{"embeddable":true,"href":"https:\/\/shop.uni-pannon.hu\/en\/wp-json\/wp\/v2\/media\/2470"}],"wp:attachment":[{"href":"https:\/\/shop.uni-pannon.hu\/en\/wp-json\/wp\/v2\/media?parent=2469"}],"wp:term":[{"taxonomy":"product_brand","embeddable":true,"href":"https:\/\/shop.uni-pannon.hu\/en\/wp-json\/wp\/v2\/product_brand?post=2469"},{"taxonomy":"product_cat","embeddable":true,"href":"https:\/\/shop.uni-pannon.hu\/en\/wp-json\/wp\/v2\/product_cat?post=2469"},{"taxonomy":"product_tag","embeddable":true,"href":"https:\/\/shop.uni-pannon.hu\/en\/wp-json\/wp\/v2\/product_tag?post=2469"}],"curies":[{"name":"wp","href":"https:\/\/api.w.org\/{rel}","templated":true}]}}